{"id":1511,"date":"2024-04-07T02:55:34","date_gmt":"2024-04-07T02:55:34","guid":{"rendered":"https:\/\/nfc-readers.com\/?post_type=product&#038;p=1511"},"modified":"2024-10-16T08:11:19","modified_gmt":"2024-10-16T08:11:19","slug":"acr1311u-n2-nfc-bluetooth-reader","status":"publish","type":"product","link":"https:\/\/nfc-readers.com\/az\/ic-reader\/acr1311u-n2-nfc-bluetooth-reader\/","title":{"rendered":"ACR1311U-N2 NFC Bluetooth oxuyucusu"},"content":{"rendered":"<h1>ACR1311U-N2 NFC Bluetooth oxuyucusu<\/h1>\n<p>ACR1311U-N2 uy\u011funla\u015fa bil\u0259n v\u0259 s\u0259m\u0259r\u0259li NFC oxuyucu Bluetooth cihaz\u0131n\u0131 n\u00fcmun\u0259 g\u00f6st\u0259rir. Onun bir ne\u00e7\u0259 smart kart v\u0259 NFC standartlar\u0131 il\u0259 geni\u015f uy\u011funlu\u011fu, istifad\u0259\u00e7i dostu, t\u0259kmill\u0259\u015fdiril\u0259 bil\u0259n proqram t\u0259minat\u0131 il\u0259 birlikd\u0259 onun m\u00fcxt\u0259lif RFID v\u0259 NFC t\u0259tbiql\u0259ri \u00fc\u00e7\u00fcn uy\u011fun g\u0259l\u0259c\u0259y\u0259 davaml\u0131 v\u0259 \u00e7oxfunksiyal\u0131 al\u0259t kimi se\u00e7ilm\u0259sini t\u0259min edir.<\/p>\n<ul>\n<li><iframe loading=\"lazy\" title=\"ACR1311 Bluetooth NFC Reader Yaz\u0131\u00e7\u0131s\u0131\" width=\"1020\" height=\"574\" src=\"https:\/\/www.youtube.com\/embed\/gTAp1gC83Q8?feature=oembed\" frameborder=\"0\" allow=\"accelerometer; autoplay; clipboard-write; encrypted-media; gyroscope; picture-in-picture; web-share\" referrerpolicy=\"strict-origin-when-cross-origin\" allowfullscreen><\/iframe>\n<p>Bluetooth\u00ae interfeysi<\/li>\n<li>\n<h2>USB 2.0 Tam S\u00fcr\u0259tli \u0130nterfeys<\/h2>\n<\/li>\n<li>\n<h2>G\u00fcc m\u0259nb\u0259yi:<\/h2>\n<ul>\n<li>\n<h3>Batareya il\u0259 i\u015fl\u0259yir (USB Mini-B portu vasit\u0259sil\u0259 doldurula bil\u0259n Litium-ion batareyas\u0131 daxildir)<\/h3>\n<\/li>\n<li>\n<h3>USB il\u0259 t\u0259chiz edilmi\u015fdir (komp\u00fcterl\u0259 \u0259laq\u0259li rejim vasit\u0259sil\u0259)<\/h3>\n<\/li>\n<\/ul>\n<\/li>\n<li>\n<h2>CCID Uy\u011funlu\u011fu<\/h2>\n<\/li>\n<li>\n<h2>A\u011f\u0131ll\u0131 kart oxuyucusu:<\/h2>\n<ul>\n<li>\n<h3>Kontakts\u0131z interfeys:<\/h3>\n<ul>\n<li>\n<h4>424 kbps-\u0259 q\u0259d\u0259r oxuma\/yazma s\u00fcr\u0259ti<\/h4>\n<\/li>\n<li>\n<h4>60 mm-\u0259 q\u0259d\u0259r kart oxumaq m\u0259saf\u0259si il\u0259 t\u0259mass\u0131z etiket\u0259 daxil olmaq \u00fc\u00e7\u00fcn qura\u015fd\u0131r\u0131lm\u0131\u015f antenna (etiket n\u00f6v\u00fcnd\u0259n as\u0131l\u0131 olaraq)<\/h4>\n<\/li>\n<li>\n<h4>ISO 14443 Tip A v\u0259 B kartlar\u0131, MIFARE, FeliCa v\u0259 b\u00fct\u00fcn 4 n\u00f6v NFC (ISO\/IEC 18092) teql\u0259rini d\u0259st\u0259kl\u0259yir<\/h4>\n<\/li>\n<li>\n<h4>Daxili anti-toqqu\u015fma x\u00fcsusiyy\u0259ti (ist\u0259nil\u0259n vaxt yaln\u0131z 1 etiket\u0259 daxil olmaq m\u00fcmk\u00fcnd\u00fcr)<\/h4>\n<\/li>\n<li>\n<h4>NFC d\u0259st\u0259yi<\/h4>\n<\/li>\n<li>\n<h4>Kart oxuyucu\/yaz\u0131\u00e7\u0131 rejimi<\/h4>\n<\/li>\n<\/ul>\n<\/li>\n<\/ul>\n<\/li>\n<li>\n<h2>Daxili periferik qur\u011fular:<\/h2>\n<ul>\n<li>\n<h3>\u0130ki istifad\u0259\u00e7i t\u0259r\u0259find\u0259n idar\u0259 olunan iki r\u0259ngli LED<\/h3>\n<\/li>\n<li>\n<h3>\u0130stifad\u0259\u00e7i t\u0259r\u0259find\u0259n idar\u0259 olunan s\u0259s siqnal\u0131<\/h3>\n<\/li>\n<\/ul>\n<\/li>\n<li>\n<h2>T\u0259tbiq Proqramla\u015fd\u0131rma \u0130nterfeysi:<\/h2>\n<ul>\n<li>\n<h3>PC\/SC d\u0259st\u0259kl\u0259yir<\/h3>\n<\/li>\n<li>\n<h3>CT-API-ni d\u0259st\u0259kl\u0259yir (PC\/SC-nin \u00fcst\u00fcnd\u0259ki sar\u011f\u0131 vasit\u0259sil\u0259)<\/h3>\n<\/li>\n<\/ul>\n<\/li>\n<li>\n<h2>USB proqram t\u0259minat\u0131n\u0131n t\u0259kmill\u0259\u015fdirilm\u0259si<\/h2>\n<\/li>\n<li>\n<h2>Android\u2122 4.3 v\u0259 sonrak\u0131 versiyalar\u0131 d\u0259st\u0259kl\u0259yir<\/h2>\n<\/li>\n<li>\n<h2>iOS 8.0 v\u0259 sonrak\u0131 versiyalar\u0131 d\u0259st\u0259kl\u0259yir<\/h2>\n<\/li>\n<\/ul>\n<p><iframe loading=\"lazy\" title=\"Simsiz NFC Kart Oxucu Yaz\u0131\u00e7\u0131s\u0131 | ACR1311U N2\" width=\"1020\" height=\"574\" src=\"https:\/\/www.youtube.com\/embed\/mSzbe8xRJLQ?feature=oembed\" frameborder=\"0\" allow=\"accelerometer; autoplay; clipboard-write; encrypted-media; gyroscope; picture-in-picture; web-share\" referrerpolicy=\"strict-origin-when-cross-origin\" allowfullscreen><\/iframe><\/p>\n<ul>\n<li>\n<table style=\"height: 1029px;\" width=\"722\">\n<tbody>\n<tr>\n<td colspan=\"2\" width=\"775\">Fiziki x\u00fcsusiyy\u0259tl\u0259r<\/td>\n<\/tr>\n<tr>\n<td width=\"382\">\u00d6l\u00e7\u00fcl\u0259r (mm)<\/td>\n<td width=\"393\">60 mm (U) \u00d7 47,98 mm (W) \u00d7 12 mm (Y)<\/td>\n<\/tr>\n<tr>\n<td width=\"382\">\u00c7\u0259ki (q)<\/td>\n<td width=\"393\">30q<\/td>\n<\/tr>\n<tr>\n<td colspan=\"2\" width=\"775\">Bluetooth interfeysi<\/td>\n<\/tr>\n<tr>\n<td width=\"382\">Protokol<\/td>\n<td width=\"393\">Bluetooth\u00ae (Bluetooth 4.0)<\/td>\n<\/tr>\n<tr>\n<td width=\"382\">G\u00fcc m\u0259nb\u0259yi<\/td>\n<td width=\"393\">Yenid\u0259n doldurulan Litium-ion Batareya (USB vasit\u0259sil\u0259 doldurulur)<\/td>\n<\/tr>\n<tr>\n<td width=\"382\">S\u00fcr\u0259t<\/td>\n<td width=\"393\">1 Mbps<\/td>\n<\/tr>\n<tr>\n<td colspan=\"2\" width=\"775\">USB interfeysi<\/td>\n<\/tr>\n<tr>\n<td width=\"382\">Protokol<\/td>\n<td width=\"393\">USB CCID<\/td>\n<\/tr>\n<tr>\n<td width=\"382\">Ba\u011flay\u0131c\u0131 n\u00f6v\u00fc<\/td>\n<td width=\"393\">USB mikro<\/td>\n<\/tr>\n<tr>\n<td width=\"382\">G\u00fcc m\u0259nb\u0259yi<\/td>\n<td width=\"393\">USB portundan<\/td>\n<\/tr>\n<tr>\n<td width=\"382\">S\u00fcr\u0259t<\/td>\n<td width=\"393\">USB Tam S\u00fcr\u0259t (12 Mbps)<\/td>\n<\/tr>\n<tr>\n<td width=\"382\">Kabel uzunlu\u011fu<\/td>\n<td width=\"393\">1 m, S\u00f6k\u00fcl\u0259 bil\u0259n<\/td>\n<\/tr>\n<tr>\n<td colspan=\"2\" width=\"775\">Kontakts\u0131z Smart Kart interfeysi<\/td>\n<\/tr>\n<tr>\n<td width=\"382\">Standart<\/td>\n<td width=\"393\">ISO 14443 Tip A v\u0259 B, MIFARE, DESFire<\/td>\n<\/tr>\n<tr>\n<td width=\"382\">Protokol<\/td>\n<td width=\"393\">ISO 14443 ISO14443-4 uy\u011fun kartlar \u00fc\u00e7\u00fcn T=CL v\u0259 MIFARE Classic 1K\/4K v\u0259 NFC teql\u0259ri \u00fc\u00e7\u00fcn T=CL Emulyasiyas\u0131<\/td>\n<\/tr>\n<tr>\n<td colspan=\"2\" width=\"775\">Daxili periferik qur\u011fular<\/td>\n<\/tr>\n<tr>\n<td width=\"382\">LED<\/td>\n<td width=\"393\">2 iki r\u0259ng: Q\u0131rm\u0131z\u0131 v\u0259 Mavi, Q\u0131rm\u0131z\u0131 v\u0259 Ya\u015f\u0131l<\/td>\n<\/tr>\n<tr>\n<td width=\"382\">Buzzer<\/td>\n<td width=\"393\">Monoton<\/td>\n<\/tr>\n<tr>\n<td colspan=\"2\" width=\"775\">Dig\u0259r X\u00fcsusiyy\u0259tl\u0259r<\/td>\n<\/tr>\n<tr>\n<td width=\"382\">Mikroproqram\u0131n t\u0259kmill\u0259\u015fdirilm\u0259si<\/td>\n<td width=\"393\">D\u0259st\u0259kl\u0259nir<\/td>\n<\/tr>\n<tr>\n<td colspan=\"2\" width=\"775\">Sertifikatlar\/Uy\u011funluq<\/td>\n<\/tr>\n<tr>\n<td rowspan=\"9\" width=\"382\">Sertifikatlar\/Uy\u011funluq<\/td>\n<td>EN 60950\/IEC 60950<\/td>\n<\/tr>\n<tr>\n<td>ISO 14443<\/td>\n<\/tr>\n<tr>\n<td>USB Tam S\u00fcr\u0259t<\/td>\n<\/tr>\n<tr>\n<td>Bluetooth\u00ae<\/td>\n<\/tr>\n<tr>\n<td>PC\/SC<\/td>\n<\/tr>\n<tr>\n<td>CCID<\/td>\n<\/tr>\n<tr>\n<td>RoHS2<\/td>\n<\/tr>\n<tr>\n<td>REACH<\/td>\n<\/tr>\n<tr>\n<td>Microsoft\u00ae WHQL<\/td>\n<\/tr>\n<tr>\n<td colspan=\"2\" width=\"775\">Cihaz S\u00fcr\u00fcc\u00fcs\u00fc \u018fm\u0259liyyat Sistemi D\u0259st\u0259yi<\/td>\n<\/tr>\n<tr>\n<td rowspan=\"5\" width=\"382\">Cihaz S\u00fcr\u00fcc\u00fcs\u00fc \u018fm\u0259liyyat Sistemi D\u0259st\u0259yi<\/td>\n<td width=\"393\">Windows\u00ae<\/td>\n<\/tr>\n<tr>\n<td width=\"393\">Linux\u00ae<\/td>\n<\/tr>\n<tr>\n<td width=\"393\">MAC OS\u00ae 10.7 v\u0259 sonrak\u0131<\/td>\n<\/tr>\n<tr>\n<td width=\"393\">Android\u2122 4.3 v\u0259 daha sonra<\/td>\n<\/tr>\n<tr>\n<td width=\"393\">iOS 8.0 v\u0259 sonrak\u0131<\/td>\n<\/tr>\n<\/tbody>\n<\/table>\n<\/li>\n<\/ul>","protected":false},"excerpt":{"rendered":"<p>ACR1311U-N2, giri\u015f\u0259 n\u0259zar\u0259t v\u0259 inventar idar\u0259etm\u0259 \u00fc\u00e7\u00fcn RFID proqramlar\u0131n\u0131 d\u0259st\u0259kl\u0259y\u0259n \u00e7ox y\u00f6nl\u00fc Bluetooth NFC Secure Readerdir.<\/p>","protected":false},"featured_media":1507,"template":"","meta":[],"product_brand":[],"product_cat":[38,40],"product_tag":[],"class_list":{"0":"post-1511","1":"product","2":"type-product","3":"status-publish","4":"has-post-thumbnail","6":"product_cat-mobile-ble-nfc-reader","7":"product_cat-rfid-nfc-reader","9":"first","10":"instock","11":"shipping-taxable","12":"product-type-simple"},"_links":{"self":[{"href":"https:\/\/nfc-readers.com\/az\/wp-json\/wp\/v2\/product\/1511","targetHints":{"allow":["GET"]}}],"collection":[{"href":"https:\/\/nfc-readers.com\/az\/wp-json\/wp\/v2\/product"}],"about":[{"href":"https:\/\/nfc-readers.com\/az\/wp-json\/wp\/v2\/types\/product"}],"wp:featuredmedia":[{"embeddable":true,"href":"https:\/\/nfc-readers.com\/az\/wp-json\/wp\/v2\/media\/1507"}],"wp:attachment":[{"href":"https:\/\/nfc-readers.com\/az\/wp-json\/wp\/v2\/media?parent=1511"}],"wp:term":[{"taxonomy":"product_brand","embeddable":true,"href":"https:\/\/nfc-readers.com\/az\/wp-json\/wp\/v2\/product_brand?post=1511"},{"taxonomy":"product_cat","embeddable":true,"href":"https:\/\/nfc-readers.com\/az\/wp-json\/wp\/v2\/product_cat?post=1511"},{"taxonomy":"product_tag","embeddable":true,"href":"https:\/\/nfc-readers.com\/az\/wp-json\/wp\/v2\/product_tag?post=1511"}],"curies":[{"name":"wp","href":"https:\/\/api.w.org\/{rel}","templated":true}]}}