{"id":1532,"date":"2024-04-07T04:16:02","date_gmt":"2024-04-07T04:16:02","guid":{"rendered":"https:\/\/nfc-readers.com\/?post_type=product&#038;p=1532"},"modified":"2024-10-16T08:01:13","modified_gmt":"2024-10-16T08:01:13","slug":"acr39u-nd-pocketmate-ii-micro-usb-smart-card-reader","status":"publish","type":"product","link":"https:\/\/nfc-readers.com\/az\/ic-reader\/acr39u-nd-pocketmate-ii-micro-usb-smart-card-reader\/","title":{"rendered":"ACR39U-ND PocketMate II (Micro-USB) Smart Card Reader"},"content":{"rendered":"<div>\n<h1>ACR39U-ND PocketMate II (Micro-USB) A\u011f\u0131ll\u0131 Kart oxuyucusu<\/h1>\n<p>Micro-USB konnektoru il\u0259 t\u0259chiz edilmi\u015f ACR39 Pocketmate II sad\u0259 f\u0131rlanma h\u0259r\u0259k\u0259ti il\u0259 dahiyan\u0259 \u015f\u0259kild\u0259 tam \u00f6l\u00e7\u00fcl\u00fc kontaktl\u0131 Smart Card Reader-\u0259 \u00e7evrilir. A\u00e7ar z\u0259ncirin\u0259 s\u0131\u011fd\u0131rmaq \u00fc\u00e7\u00fcn kifay\u0259t q\u0259d\u0259r y\u0131\u011fcam olan bu cihaz m\u00fcr\u0259kk\u0259b smart kart t\u0259tbiql\u0259rini s\u0259m\u0259r\u0259li \u015f\u0259kild\u0259 d\u0259st\u0259kl\u0259m\u0259y\u0259 haz\u0131rd\u0131r. Bu portativ oxuyucu ISO 7816 Sinif A, B v\u0259 C (5 V, 3 V v\u0259 1,8 V) uy\u011fun smart kartlar\u0131 m\u0259har\u0259tl\u0259 yerl\u0259\u015fdirir. , h\u0259m T=0, h\u0259m d\u0259 T=1 protokollar\u0131nda i\u015fl\u0259y\u0259n mikroprosessor kartlar\u0131 il\u0259 birlikd\u0259. Onun \u00e7ox y\u00f6nl\u00fc olmas\u0131 M\u00fcdafi\u0259 Nazirliyinin \u00dcmumi Giri\u015f (CAC) v\u0259 SIPRNET t\u0259r\u0259find\u0259n istifad\u0259 edil\u0259nl\u0259r d\u0259 daxil olmaqla bir s\u0131ra yadda\u015f kartlar\u0131na \u015famil edilir. ACR39U PocketMate II m\u00fcxt\u0259lif ssenaril\u0259rd\u0259, o c\u00fcml\u0259d\u0259n \u015e\u0259xsi \u015e\u0259xsiyy\u0259t Do\u011frulamas\u0131, giri\u015f n\u0259zar\u0259tl\u0259ri, r\u0259q\u0259msal imzalar v\u0259 t\u0259hl\u00fck\u0259siz onlayn \u0259m\u0259liyyatlar \u00fczr\u0259 inki\u015faf edir. Micro-USB variant\u0131 ACR39U Pocketmate II-nin ACR39U seriyas\u0131n\u0131n b\u00fct\u00fcn tan\u0131nm\u0131\u015f x\u00fcsusiyy\u0259tl\u0259rini saxlamas\u0131n\u0131 t\u0259min edir, eyni zamanda \u0259ks uy\u011funlu\u011fu t\u0259min edir. v\u0259 oriyentasiya asanl\u0131\u011f\u0131. Masa\u00fcst\u00fc v\u0259 mobil inteqrasiyalara yax\u015f\u0131 uy\u011funla\u015fd\u0131r\u0131lm\u0131\u015f onun s\u00fcr\u00fcc\u00fcl\u0259ri Windows\u00ae, Linux\u00ae, Solaris v\u0259 Mac OS\u00ae kimi \u00e7oxsayl\u0131 \u0259m\u0259liyyat sisteml\u0259ri il\u0259 uy\u011funla\u015f\u0131r. Bundan \u0259lav\u0259, ACR39U PocketMate II yard\u0131m proqram\u0131n\u0131 3.1 v\u0259 ya daha y\u00fcks\u0259k versiya il\u0259 i\u015fl\u0259y\u0259n Android\u2122 cihazlar\u0131na geni\u015fl\u0259ndirdi.<\/p>\n<ul>\n<li>\n<h2>USB 2.0 Tam S\u00fcr\u0259tli \u0130nterfeys<\/h2>\n<\/li>\n<li>\n<h2>USB Micro-USB konnektoru<\/h2>\n<\/li>\n<li>\n<h2>Plug and Play \u2013 CCID d\u0259st\u0259yi maksimum h\u0259r\u0259k\u0259tlilik g\u0259tirir<\/h2>\n<\/li>\n<li>\n<h2>F\u0131rlanan H\u0259r\u0259k\u0259t Dizayn\u0131<\/h2>\n<\/li>\n<li>\n<h2>A\u011f\u0131ll\u0131 kart oxuyucusu:<\/h2>\n<ul>\n<li>\n<h3>ISO 7816 Class A, B v\u0259 C (5 V, 3 V, 1.8 V) kartlar\u0131 d\u0259st\u0259kl\u0259yir<\/h3>\n<\/li>\n<li>\n<h3>CAC-\u0131 d\u0259st\u0259kl\u0259yir<\/h3>\n<\/li>\n<li>\n<h3>SIPRNET Kart\u0131n\u0131 d\u0259st\u0259kl\u0259yir<\/h3>\n<\/li>\n<li>\n<h3>J-LIS Kart\u0131n\u0131 d\u0259st\u0259kl\u0259yir<\/h3>\n<\/li>\n<li>\n<h3>Mykad Kart\u0131n\u0131 d\u0259st\u0259kl\u0259yir<\/h3>\n<\/li>\n<li>\n<h3>T=0 v\u0259 ya T=1 protokolu olan mikroprosessor kartlar\u0131n\u0131 d\u0259st\u0259kl\u0259yir<\/h3>\n<\/li>\n<li>\n<h3>Yadda\u015f kartlar\u0131n\u0131 d\u0259st\u0259kl\u0259yir<\/h3>\n<\/li>\n<li>\n<h3>PPS (Protokol v\u0259 Parametr se\u00e7imi) d\u0259st\u0259kl\u0259yir<\/h3>\n<\/li>\n<li>\n<h3>Q\u0131saqapanmadan qorunma x\u00fcsusiyy\u0259tl\u0259ri<\/h3>\n<\/li>\n<\/ul>\n<\/li>\n<li>\n<h2>T\u0259tbiq Proqramla\u015fd\u0131rma \u0130nterfeysi:<\/h2>\n<ul>\n<li>\n<h3>PC\/SC d\u0259st\u0259kl\u0259yir<\/h3>\n<\/li>\n<li>\n<h3>CT-API CT-API-ni d\u0259st\u0259kl\u0259yir (PC\/SC-nin \u00fcst\u00fcnd\u0259ki sar\u011f\u0131 vasit\u0259sil\u0259)<\/h3>\n<\/li>\n<\/ul>\n<\/li>\n<li>\n<h2>Android\u2122 3.1 v\u0259 sonrak\u0131 versiyalar\u0131 d\u0259st\u0259kl\u0259yir<\/h2>\n<\/li>\n<li>\n<table width=\"719\">\n<tbody>\n<tr>\n<td colspan=\"2\" width=\"719\">Fiziki x\u00fcsusiyy\u0259tl\u0259r<\/td>\n<\/tr>\n<tr>\n<td width=\"326\">\u00d6l\u00e7\u00fcl\u0259r (mm)<\/td>\n<td width=\"393\">58,0 mm (U) x 20,0 mm (W) x 13,7 mm (Y)<\/td>\n<\/tr>\n<tr>\n<td width=\"326\">\u00c7\u0259ki (q)<\/td>\n<td width=\"393\">9,7 q<\/td>\n<\/tr>\n<tr>\n<td colspan=\"2\" width=\"719\">USB interfeysi<\/td>\n<\/tr>\n<tr>\n<td width=\"326\">Protokol<\/td>\n<td width=\"393\">USB CCID<\/td>\n<\/tr>\n<tr>\n<td width=\"326\">Ba\u011flay\u0131c\u0131 n\u00f6v\u00fc<\/td>\n<td width=\"393\">Mikro-USB<\/td>\n<\/tr>\n<tr>\n<td width=\"326\">G\u00fcc m\u0259nb\u0259yi<\/td>\n<td width=\"393\">USB portundan<\/td>\n<\/tr>\n<tr>\n<td width=\"326\">S\u00fcr\u0259t<\/td>\n<td width=\"393\">USB Tam S\u00fcr\u0259t (12 Mbps)<\/td>\n<\/tr>\n<tr>\n<td colspan=\"2\" width=\"719\">Smart Card Interface il\u0259 \u0259laq\u0259 saxlay\u0131n<\/td>\n<\/tr>\n<tr>\n<td width=\"326\">Slotlar\u0131n say\u0131<\/td>\n<td width=\"393\">1 Tam \u00f6l\u00e7\u00fcl\u00fc Kart Yuvas\u0131<\/td>\n<\/tr>\n<tr>\n<td width=\"326\">Standart<\/td>\n<td width=\"393\">ISO 7816 Hiss\u0259 1-3, Sinif A, B, C (5 V, 3 V, 1,8 V)<\/td>\n<\/tr>\n<tr>\n<td width=\"326\">Protokol<\/td>\n<td width=\"393\">T=0; T=1; Yadda\u015f Kart\u0131 D\u0259st\u0259yi<\/td>\n<\/tr>\n<tr>\n<td width=\"326\">Dig\u0259rl\u0259ri<\/td>\n<td width=\"393\">CAC, PIV, SIPRNET, J-LIS Smart Kartlar\u0131<\/td>\n<\/tr>\n<tr>\n<td colspan=\"2\" width=\"719\">Sertifikatlar\/Uy\u011funluq<\/td>\n<\/tr>\n<tr>\n<td rowspan=\"16\" width=\"326\">Sertifikatlar\/Uy\u011funluq<\/td>\n<td>EN 60950\/IEC 60950<\/td>\n<\/tr>\n<tr>\n<td>ISO 7816<\/td>\n<\/tr>\n<tr>\n<td>USB Tam S\u00fcr\u0259t<\/td>\n<\/tr>\n<tr>\n<td>EMV\u2122 S\u0259viyy\u0259 1 (\u018flaq\u0259)<\/td>\n<\/tr>\n<tr>\n<td>PC\/SC<\/td>\n<\/tr>\n<tr>\n<td>CCID<\/td>\n<\/tr>\n<tr>\n<td>TAA (AB\u015e)<\/td>\n<\/tr>\n<tr>\n<td>VCCI (Yaponiya)<\/td>\n<\/tr>\n<tr>\n<td>J-LIS (Yaponiya)<\/td>\n<\/tr>\n<tr>\n<td>PBOC (\u00c7in)<\/td>\n<\/tr>\n<tr>\n<td>CE<\/td>\n<\/tr>\n<tr>\n<td>FCC<\/td>\n<\/tr>\n<tr>\n<td>WEEE<\/td>\n<\/tr>\n<tr>\n<td>RoHS 2<\/td>\n<\/tr>\n<tr>\n<td>REACH<\/td>\n<\/tr>\n<tr>\n<td>Microsoft\u00ae WHQL<\/td>\n<\/tr>\n<tr>\n<td colspan=\"2\" width=\"719\">Cihaz S\u00fcr\u00fcc\u00fcs\u00fc \u018fm\u0259liyyat Sistemi D\u0259st\u0259yi<\/td>\n<\/tr>\n<tr>\n<td rowspan=\"5\" width=\"326\">Cihaz S\u00fcr\u00fcc\u00fcs\u00fc \u018fm\u0259liyyat Sistemi D\u0259st\u0259yi<\/td>\n<td>Windows\u00ae<\/td>\n<\/tr>\n<tr>\n<td>Linux\u00ae<\/td>\n<\/tr>\n<tr>\n<td>MAC OS\u00ae<\/td>\n<\/tr>\n<tr>\n<td>Solaris<\/td>\n<\/tr>\n<tr>\n<td>Android\u2122 3.1 v\u0259 daha sonra<\/td>\n<\/tr>\n<\/tbody>\n<\/table>\n<\/li>\n<\/ul>\n<\/div>\n<div><\/div>","protected":false},"excerpt":{"rendered":"<p>ACR39U Pocketmate II m\u00fcxt\u0259lif smart kart proqramlar\u0131 \u00fc\u00e7\u00fcn y\u00fcks\u0259k s\u00fcr\u0259tli d\u0259st\u0259k t\u0259klif ed\u0259n kompakt USB Secure Readerdir.<\/p>","protected":false},"featured_media":1534,"template":"","meta":[],"product_brand":[],"product_cat":[39],"product_tag":[],"class_list":{"0":"post-1532","1":"product","2":"type-product","3":"status-publish","4":"has-post-thumbnail","6":"product_cat-usb-ic-smartcard-reader","8":"first","9":"instock","10":"shipping-taxable","11":"product-type-simple"},"_links":{"self":[{"href":"https:\/\/nfc-readers.com\/az\/wp-json\/wp\/v2\/product\/1532","targetHints":{"allow":["GET"]}}],"collection":[{"href":"https:\/\/nfc-readers.com\/az\/wp-json\/wp\/v2\/product"}],"about":[{"href":"https:\/\/nfc-readers.com\/az\/wp-json\/wp\/v2\/types\/product"}],"wp:featuredmedia":[{"embeddable":true,"href":"https:\/\/nfc-readers.com\/az\/wp-json\/wp\/v2\/media\/1534"}],"wp:attachment":[{"href":"https:\/\/nfc-readers.com\/az\/wp-json\/wp\/v2\/media?parent=1532"}],"wp:term":[{"taxonomy":"product_brand","embeddable":true,"href":"https:\/\/nfc-readers.com\/az\/wp-json\/wp\/v2\/product_brand?post=1532"},{"taxonomy":"product_cat","embeddable":true,"href":"https:\/\/nfc-readers.com\/az\/wp-json\/wp\/v2\/product_cat?post=1532"},{"taxonomy":"product_tag","embeddable":true,"href":"https:\/\/nfc-readers.com\/az\/wp-json\/wp\/v2\/product_tag?post=1532"}],"curies":[{"name":"wp","href":"https:\/\/api.w.org\/{rel}","templated":true}]}}