{"id":1537,"date":"2024-04-07T06:01:23","date_gmt":"2024-04-07T06:01:23","guid":{"rendered":"https:\/\/nfc-readers.com\/?post_type=product&#038;p=1537"},"modified":"2024-10-16T07:57:49","modified_gmt":"2024-10-16T07:57:49","slug":"acr3901u-s1-bluetooth-smart-card-reader-writer","status":"publish","type":"product","link":"https:\/\/nfc-readers.com\/az\/ic-reader\/acr3901u-s1-bluetooth-smart-card-reader-writer\/","title":{"rendered":"ACR3901U-S1 Bluetooth\u00ae Smart Card Reader \u2013 Yaz\u0131\u00e7\u0131"},"content":{"rendered":"<h1>ACR3901U-S1 Bluetooth\u00ae Smart Card Reader \u2013 Yaz\u0131\u00e7\u0131<\/h1>\n<p>ACR3901U-S1 \u00f6z\u00fcn\u00fc y\u00fcks\u0259k texnologiyal\u0131, nfc oxuyucu bluetooth kimi t\u0259qdim edir, m\u00fcasir texnologiyadan x\u0259b\u0259rdar olan f\u0259rd \u00fc\u00e7\u00fcn uy\u011fundur. O, smart kartlar v\u0259 \u015f\u0259xsi cihazlarla geni\u015f uy\u011funlu\u011fu t\u0259min edir, s\u00fcr\u0259tli m\u0259lumat \u00f6t\u00fcrm\u0259 s\u00fcr\u0259tl\u0259rini da\u015f\u0131ma qabiliyy\u0259ti il\u0259 birl\u0259\u015fdir\u0259r\u0259k, simsiz Bluetooth imkanlar\u0131 il\u0259 y\u00fcks\u0259lir v\u0259 onu t\u0259hl\u00fck\u0259siz v\u0259 \u00e7evik smart kart \u0259m\u0259liyyatlar\u0131 t\u0259l\u0259b ed\u0259nl\u0259r \u00fc\u00e7\u00fcn \u0259v\u0259zedilm\u0259z al\u0259t\u0259 \u00e7evirir.<\/p>\n<ul>\n<li>\n<h2>Bluetooth\u00ae interfeysi<\/h2>\n<\/li>\n<li>\n<h2>USB 2.0 Tam S\u00fcr\u0259tli \u0130nterfeys<\/h2>\n<\/li>\n<li>\n<h2>G\u00fcc m\u0259nb\u0259yi<\/h2>\n<ul>\n<li>\n<h3>Batareya il\u0259 i\u015fl\u0259yir (Micro-USB portu vasit\u0259sil\u0259 doldurula bil\u0259n Litium-ion batareyas\u0131 daxildir)<\/h3>\n<\/li>\n<li>\n<h3>USB il\u0259 t\u0259chiz edilmi\u015fdir (komp\u00fcterl\u0259 \u0259laq\u0259li rejim vasit\u0259sil\u0259)<\/h3>\n<\/li>\n<\/ul>\n<\/li>\n<li>\n<h2>CCID Uy\u011funlu\u011fu<\/h2>\n<\/li>\n<li>\n<h2>A\u011f\u0131ll\u0131 kart oxuyucusu:<\/h2>\n<ul>\n<li>\n<h3>\u018flaq\u0259 interfeysi:<\/h3>\n<ul>\n<li>\n<h4>ISO 7816 Class A, B v\u0259 C (5 V, 3 V, 1.8 V) kartlar\u0131 d\u0259st\u0259kl\u0259yir<\/h4>\n<\/li>\n<li>\n<h4>T=0 v\u0259 ya T=1 protokolu olan mikroprosessor kartlar\u0131n\u0131 d\u0259st\u0259kl\u0259yir<\/h4>\n<\/li>\n<li>\n<h4>Yadda\u015f kartlar\u0131n\u0131 d\u0259st\u0259kl\u0259yir<\/h4>\n<\/li>\n<li>\n<h4>PPS (Protokol v\u0259 Parametr se\u00e7imi) d\u0259st\u0259kl\u0259yir<\/h4>\n<\/li>\n<li>\n<h4>Q\u0131saqapanmadan qorunma x\u00fcsusiyy\u0259tl\u0259ri<\/h4>\n<\/li>\n<li>\n<h4>AES-128 \u015fifr\u0259l\u0259m\u0259 alqoritmini d\u0259st\u0259kl\u0259yir<\/h4>\n<\/li>\n<\/ul>\n<\/li>\n<\/ul>\n<\/li>\n<li>\n<h2>Daxili periferik:<\/h2>\n<ul>\n<li>\n<h3>\u00dc\u00e7 t\u0259k r\u0259ngli LED<\/h3>\n<\/li>\n<\/ul>\n<\/li>\n<li>\n<h2>T\u0259tbiq Proqramla\u015fd\u0131rma \u0130nterfeysi:<\/h2>\n<ul>\n<li>\n<h3>PC\/SC d\u0259st\u0259kl\u0259yir<\/h3>\n<\/li>\n<li>\n<h3>CT-API-ni d\u0259st\u0259kl\u0259yir (PC\/SC-nin \u00fcst\u00fcnd\u0259ki sar\u011f\u0131 vasit\u0259sil\u0259)<\/h3>\n<\/li>\n<\/ul>\n<\/li>\n<li>\n<h2>USB proqram t\u0259minat\u0131n\u0131n t\u0259kmill\u0259\u015fdirilm\u0259si<\/h2>\n<\/li>\n<li>\n<h2>Android\u2122 4.3 v\u0259 sonrak\u0131 versiyalar\u0131 d\u0259st\u0259kl\u0259yir<\/h2>\n<\/li>\n<li>\n<h2>iOS 8.0 v\u0259 sonrak\u0131 versiyalar\u0131 d\u0259st\u0259kl\u0259yir<\/h2>\n<\/li>\n<li>\n<div>\n<table width=\"556\">\n<tbody>\n<tr>\n<td colspan=\"2\" width=\"556\">Fiziki x\u00fcsusiyy\u0259tl\u0259r<\/td>\n<\/tr>\n<tr>\n<td width=\"190\">\u00d6l\u00e7\u00fcl\u0259r (mm)<\/td>\n<td width=\"366\">94 mm (U) \u00d7 60 mm (W) \u00d7 12 mm (Y)<\/td>\n<\/tr>\n<tr>\n<td width=\"190\">\u00c7\u0259ki (q)<\/td>\n<td width=\"366\">30,8 q (59,7 q kabel \u00b1 5 q d\u00f6z\u00fcml\u00fcl\u00fck il\u0259)<\/td>\n<\/tr>\n<tr>\n<td colspan=\"2\" width=\"556\">Bluetooth interfeysi<\/td>\n<\/tr>\n<tr>\n<td width=\"190\">Protokol<\/td>\n<td width=\"366\">Bluetooth\u00ae (Bluetooth A\u015fa\u011f\u0131 Enerji \/ Bluetooth 4.0)<\/td>\n<\/tr>\n<tr>\n<td width=\"190\">G\u00fcc m\u0259nb\u0259yi<\/td>\n<td width=\"366\">Yenid\u0259n doldurulan Litium-ion Batareya (USB vasit\u0259sil\u0259 doldurulur)<\/td>\n<\/tr>\n<tr>\n<td width=\"190\">S\u00fcr\u0259t<\/td>\n<td width=\"366\">1 Mbps<\/td>\n<\/tr>\n<tr>\n<td colspan=\"2\" width=\"556\">USB interfeysi<\/td>\n<\/tr>\n<tr>\n<td width=\"190\">Protokol<\/td>\n<td width=\"366\">USB CCID<\/td>\n<\/tr>\n<tr>\n<td width=\"190\">Ba\u011flay\u0131c\u0131 n\u00f6v\u00fc<\/td>\n<td width=\"366\">Mikro-USB<\/td>\n<\/tr>\n<tr>\n<td width=\"190\">G\u00fcc m\u0259nb\u0259yi<\/td>\n<td width=\"366\">USB portundan<\/td>\n<\/tr>\n<tr>\n<td width=\"190\">S\u00fcr\u0259t<\/td>\n<td width=\"366\">USB Tam S\u00fcr\u0259t (12 Mbps)<\/td>\n<\/tr>\n<tr>\n<td width=\"190\">Kabel uzunlu\u011fu<\/td>\n<td width=\"366\">1 m, S\u00f6k\u00fcl\u0259 bil\u0259n<\/td>\n<\/tr>\n<tr>\n<td colspan=\"2\" width=\"556\">Smart Card Interface il\u0259 \u0259laq\u0259 saxlay\u0131n<\/td>\n<\/tr>\n<tr>\n<td width=\"190\">Slotlar\u0131n say\u0131<\/td>\n<td width=\"366\">1 Tam \u00f6l\u00e7\u00fcl\u00fc Kart Yuvas\u0131<\/td>\n<\/tr>\n<tr>\n<td width=\"190\">Standart<\/td>\n<td width=\"366\">ISO 7816 Hiss\u0259 1-4, Sinif A, B, C (5 V, 3 V, 1,8 V)<\/td>\n<\/tr>\n<tr>\n<td width=\"190\">Protokol<\/td>\n<td width=\"366\">T=0; T=1; Yadda\u015f Kart\u0131 D\u0259st\u0259yi<\/td>\n<\/tr>\n<tr>\n<td colspan=\"2\" width=\"556\">Daxili periferik qur\u011fular<\/td>\n<\/tr>\n<tr>\n<td width=\"190\">LED<\/td>\n<td width=\"366\">3 t\u0259k r\u0259ng: Q\u0131rm\u0131z\u0131, Mavi v\u0259 Ya\u015f\u0131l<\/td>\n<\/tr>\n<tr>\n<td colspan=\"2\" width=\"556\">Dig\u0259r X\u00fcsusiyy\u0259tl\u0259r<\/td>\n<\/tr>\n<tr>\n<td width=\"190\">\u015eifr\u0259l\u0259m\u0259<\/td>\n<td width=\"366\">Cihazdaxili AES \u015fifr\u0259l\u0259m\u0259 alqoritmi<\/td>\n<\/tr>\n<tr>\n<td width=\"190\">Mikroproqram\u0131n t\u0259kmill\u0259\u015fdirilm\u0259si<\/td>\n<td width=\"366\">D\u0259st\u0259kl\u0259nir<\/td>\n<\/tr>\n<tr>\n<td colspan=\"2\" width=\"556\">Sertifikatlar\/Uy\u011funluq<\/td>\n<\/tr>\n<tr>\n<td rowspan=\"14\" width=\"190\">Sertifikatlar\/Uy\u011funluq<\/td>\n<td width=\"366\">EN 60950\/IEC 60950<\/td>\n<\/tr>\n<tr>\n<td width=\"366\">ISO 7816<\/td>\n<\/tr>\n<tr>\n<td width=\"366\">USB Tam S\u00fcr\u0259t<\/td>\n<\/tr>\n<tr>\n<td width=\"366\">Bluetooth\u00ae<\/td>\n<\/tr>\n<tr>\n<td width=\"366\">EMV\u2122 S\u0259viyy\u0259 1 (\u018flaq\u0259)<\/td>\n<\/tr>\n<tr>\n<td width=\"366\">PC\/SC<\/td>\n<\/tr>\n<tr>\n<td width=\"366\">CCID<\/td>\n<\/tr>\n<tr>\n<td width=\"366\">CE<\/td>\n<\/tr>\n<tr>\n<td width=\"366\">FCC<\/td>\n<\/tr>\n<tr>\n<td width=\"366\">RoHS<\/td>\n<\/tr>\n<tr>\n<td width=\"366\">REACH<\/td>\n<\/tr>\n<tr>\n<td width=\"366\">VCCI (Yaponiya)<\/td>\n<\/tr>\n<tr>\n<td width=\"366\">MIC (Yaponiya)<\/td>\n<\/tr>\n<tr>\n<td width=\"366\">Microsoft\u00ae WHQL<\/td>\n<\/tr>\n<tr>\n<td colspan=\"2\" width=\"556\">Cihaz S\u00fcr\u00fcc\u00fcs\u00fc \u018fm\u0259liyyat Sistemi D\u0259st\u0259yi<\/td>\n<\/tr>\n<tr>\n<td rowspan=\"5\" width=\"190\">Cihaz S\u00fcr\u00fcc\u00fcs\u00fc \u018fm\u0259liyyat Sistemi D\u0259st\u0259yi<\/td>\n<td width=\"366\">Windows\u00ae<\/td>\n<\/tr>\n<tr>\n<td width=\"366\">Linux\u00ae<\/td>\n<\/tr>\n<tr>\n<td width=\"366\">MAC OS\u00ae 10.7 v\u0259 sonrak\u0131<\/td>\n<\/tr>\n<tr>\n<td width=\"366\">Android\u2122 4.3 v\u0259 daha sonra<\/td>\n<\/tr>\n<tr>\n<td width=\"366\">iOS 8.0 v\u0259 sonrak\u0131<\/td>\n<\/tr>\n<\/tbody>\n<\/table>\n<\/div>\n<\/li>\n<\/ul>","protected":false},"excerpt":{"rendered":"<p>ACR3901U-S1 portativ USB T\u0259hl\u00fck\u0259siz Oxucu v\u0259 Bluetooth\u00ae Kontakt Oxucusu olub, yolda smart kart t\u0259tbiql\u0259ri \u00fc\u00e7\u00fcn y\u00fcks\u0259k s\u00fcr\u0259tli performans t\u0259klif edir.<\/p>","protected":false},"featured_media":1538,"template":"","meta":[],"product_brand":[],"product_cat":[39],"product_tag":[],"class_list":{"0":"post-1537","1":"product","2":"type-product","3":"status-publish","4":"has-post-thumbnail","6":"product_cat-usb-ic-smartcard-reader","8":"first","9":"instock","10":"shipping-taxable","11":"product-type-simple"},"_links":{"self":[{"href":"https:\/\/nfc-readers.com\/az\/wp-json\/wp\/v2\/product\/1537","targetHints":{"allow":["GET"]}}],"collection":[{"href":"https:\/\/nfc-readers.com\/az\/wp-json\/wp\/v2\/product"}],"about":[{"href":"https:\/\/nfc-readers.com\/az\/wp-json\/wp\/v2\/types\/product"}],"wp:featuredmedia":[{"embeddable":true,"href":"https:\/\/nfc-readers.com\/az\/wp-json\/wp\/v2\/media\/1538"}],"wp:attachment":[{"href":"https:\/\/nfc-readers.com\/az\/wp-json\/wp\/v2\/media?parent=1537"}],"wp:term":[{"taxonomy":"product_brand","embeddable":true,"href":"https:\/\/nfc-readers.com\/az\/wp-json\/wp\/v2\/product_brand?post=1537"},{"taxonomy":"product_cat","embeddable":true,"href":"https:\/\/nfc-readers.com\/az\/wp-json\/wp\/v2\/product_cat?post=1537"},{"taxonomy":"product_tag","embeddable":true,"href":"https:\/\/nfc-readers.com\/az\/wp-json\/wp\/v2\/product_tag?post=1537"}],"curies":[{"name":"wp","href":"https:\/\/api.w.org\/{rel}","templated":true}]}}