{"id":1545,"date":"2024-04-07T06:11:51","date_gmt":"2024-04-07T06:11:51","guid":{"rendered":"https:\/\/nfc-readers.com\/?post_type=product&#038;p=1545"},"modified":"2024-10-16T06:54:40","modified_gmt":"2024-10-16T06:54:40","slug":"acr1251u-nfc-reader-writer","status":"publish","type":"product","link":"https:\/\/nfc-readers.com\/az\/ic-reader\/acr1251u-nfc-reader-writer\/","title":{"rendered":"ACR1251U NFC oxuyucusu\/yaz\u0131\u00e7\u0131s\u0131"},"content":{"rendered":"<h1>ACR1251U NFC oxuyucusu\/yaz\u0131\u00e7\u0131s\u0131<\/h1>\n<p>ACR1251U-A1 yeni n\u0259sil Kontakts\u0131z NFC Oxucusu olaraq ortaya \u00e7\u0131x\u0131r v\u0259 proqram t\u0259minat\u0131n\u0131n t\u0259kmill\u0259\u015fdirilm\u0259si, SAM (T\u0259hl\u00fck\u0259siz Giri\u015f Modulu) yuvas\u0131 v\u0259 NFC teql\u0259ri v\u0259 cihazlar\u0131 il\u0259 qar\u015f\u0131l\u0131ql\u0131 \u0259laq\u0259 qurma qabiliyy\u0259ti kimi x\u00fcsusiyy\u0259tl\u0259rl\u0259 istifad\u0259\u00e7i t\u0259cr\u00fcb\u0259sini art\u0131r\u0131r. O, \u0259lav\u0259 t\u0259hl\u00fck\u0259sizlik qat\u0131n\u0131 t\u0259klif ed\u0259r\u0259k t\u0259mass\u0131z funksiyalar sah\u0259sind\u0259 f\u0259rql\u0259nir. SAM say\u0259sind\u0259 o, \u0259sas \u015fax\u0259l\u0259ndirm\u0259ni v\u0259 qar\u015f\u0131l\u0131ql\u0131 autentifikasiyan\u0131 h\u0259yata ke\u00e7ir\u0259 bil\u0259r, \u0259sas m\u0259ruz qalman\u0131 k\u0259skin \u015f\u0259kild\u0259 azald\u0131r v\u0259 a\u00e7ar\u0131n kompromis riskini minimuma endirir, bel\u0259likl\u0259, t\u0259mass\u0131z \u0259m\u0259liyyatlar\u0131n t\u0259hl\u00fck\u0259sizliyini g\u00fccl\u0259ndirir. M\u00fcxt\u0259lif kontakts\u0131z smart kart m\u0259qs\u0259dl\u0259ri \u00fc\u00e7\u00fcn n\u0259z\u0259rd\u0259 tutulmu\u015f ACR1251U-A1 uy\u011fun g\u0259lir. \u015f\u0259xsi \u015f\u0259xsiyy\u0259tin identifikasiyas\u0131, \u015f\u0259b\u0259k\u0259y\u0259 giri\u015f, e-bank\u00e7\u0131l\u0131q v\u0259 ki\u00e7ik miqyasl\u0131 \u0259m\u0259liyyatlar kimi t\u0259tbiql\u0259r \u00fc\u00e7\u00fcn. Onun qabaqc\u0131l NFC x\u00fcsusiyy\u0259tl\u0259ri onu NFC uy\u011fun smartfonlar\u0131n geni\u015f spektri il\u0259 reklam v\u0259 \u00fcnsiyy\u0259t \u00fc\u00e7\u00fcn A\u011f\u0131ll\u0131 Plakatlar kimi innovativ istifad\u0259l\u0259r \u00fc\u00e7\u00fcn d\u0259 yax\u015f\u0131 uy\u011funla\u015fd\u0131r\u0131r. PC\/SC il\u0259 uy\u011funluq r\u0259van \u00e7arpaz platforma, t\u0259tbiq miqyas\u0131nda inteqrasiyan\u0131 t\u0259min edir. ACR1251U-A1, fiziki avadanl\u0131q d\u0259yi\u015fiklikl\u0259rin\u0259 ehtiyacdan yay\u0131naraq, yerl\u0259\u015fdirm\u0259d\u0259n sonra uzaqdan proqram t\u0259minat\u0131 yenil\u0259m\u0259l\u0259rini daha da d\u0259st\u0259kl\u0259yir. Onun parlaq, kosmosa uy\u011fun dizayn\u0131 v\u0259 h\u0259rt\u0259r\u0259fli funksionall\u0131\u011f\u0131 ACR1251U-A1-i NFC texnologiyas\u0131n\u0131n tam \u00fcst\u00fcnl\u00fckl\u0259rini axtaran h\u0259r k\u0259s \u00fc\u00e7\u00fcn \u0259sas al\u0259t\u0259 \u00e7evirir.<\/p>\n<p><iframe loading=\"lazy\" title=\"ACR1251U C1 NFC OXUYUCU\" width=\"1020\" height=\"574\" src=\"https:\/\/www.youtube.com\/embed\/8QiOKOoec6k?feature=oembed\" frameborder=\"0\" allow=\"accelerometer; autoplay; clipboard-write; encrypted-media; gyroscope; picture-in-picture; web-share\" referrerpolicy=\"strict-origin-when-cross-origin\" allowfullscreen><\/iframe><\/p>\n<ul>\n<li>\n<h2>USB Tam S\u00fcr\u0259tli \u0130nterfeys<\/h2>\n<\/li>\n<li>\n<h2>CCID Uy\u011funlu\u011fu<\/h2>\n<\/li>\n<li>\n<h2>A\u011f\u0131ll\u0131 kart oxuyucusu:<\/h2>\n<ul>\n<li>\n<h3>Kontakts\u0131z interfeys:<\/h3>\n<ul>\n<li>\n<h4>424 kbps-\u0259 q\u0259d\u0259r oxuma\/yazma s\u00fcr\u0259ti<\/h4>\n<\/li>\n<li>\n<h4>30 mm-\u0259 q\u0259d\u0259r kart oxuma m\u0259saf\u0259si il\u0259 t\u0259mass\u0131z etiket giri\u015fi \u00fc\u00e7\u00fcn qura\u015fd\u0131r\u0131lm\u0131\u015f antenna (etiket n\u00f6v\u00fcnd\u0259n as\u0131l\u0131 olaraq)<\/h4>\n<\/li>\n<li>\n<h4>ISO 14443 Tip A v\u0259 B kartlar\u0131, MIFARE\u00ae, FeliCa v\u0259 b\u00fct\u00fcn 4 n\u00f6v NFC (ISO\/IEC 18092) teql\u0259rini d\u0259st\u0259kl\u0259yir<\/h4>\n<\/li>\n<li>\n<h4>Daxili anti-toqqu\u015fma x\u00fcsusiyy\u0259ti (ist\u0259nil\u0259n vaxt yaln\u0131z 1 etiket\u0259 daxil olmaq m\u00fcmk\u00fcnd\u00fcr)<\/h4>\n<\/li>\n<li>\n<h4>NFC d\u0259st\u0259yi<\/h4>\n<\/li>\n<li>\n<h4>Kart oxuyucu\/yaz\u0131\u00e7\u0131 rejimi<\/h4>\n<\/li>\n<\/ul>\n<\/li>\n<\/ul>\n<\/li>\n<li>\n<h2>Daxili periferik qur\u011fular:<\/h2>\n<ul>\n<li>\n<h3>LEDl\u0259r:<\/h3>\n<ul>\n<li>\n<h4>\u0130stifad\u0259\u00e7i t\u0259r\u0259find\u0259n idar\u0259 olunan iki r\u0259ngli LED<\/h4>\n<\/li>\n<\/ul>\n<\/li>\n<\/ul>\n<\/li>\n<li>\n<h2>T\u0259tbiq Proqramla\u015fd\u0131rma \u0130nterfeysi:<\/h2>\n<ul>\n<li>\n<h3>PC\/SC d\u0259st\u0259kl\u0259yir<\/h3>\n<\/li>\n<li>\n<h3>CT-API-ni d\u0259st\u0259kl\u0259yir (PC\/SC-nin \u00fcst\u00fcnd\u0259ki sar\u011f\u0131 vasit\u0259sil\u0259)<\/h3>\n<\/li>\n<\/ul>\n<\/li>\n<li>\n<h2>USB proqram t\u0259minat\u0131n\u0131n t\u0259kmill\u0259\u015fdirilm\u0259si<\/h2>\n<\/li>\n<li>\n<h2>Android\u2122 3.1 v\u0259 sonrak\u0131 versiyalar\u0131 d\u0259st\u0259kl\u0259yir<\/h2>\n<\/li>\n<li>\n<div>\n<table width=\"843\">\n<tbody>\n<tr>\n<td colspan=\"2\" width=\"843\">Fiziki x\u00fcsusiyy\u0259tl\u0259r<\/td>\n<\/tr>\n<tr>\n<td width=\"450\">\u00d6l\u00e7\u00fcl\u0259r (mm)<\/td>\n<td width=\"393\">98,0 mm (U) x 65,0 mm (W) x 12,8 mm (Y)<\/td>\n<\/tr>\n<tr>\n<td width=\"450\">\u00c7\u0259ki (q)<\/td>\n<td width=\"393\">70 q<\/td>\n<\/tr>\n<tr>\n<td colspan=\"2\" width=\"843\">USB interfeysi<\/td>\n<\/tr>\n<tr>\n<td width=\"450\">Protokol<\/td>\n<td width=\"393\">USB CCID<\/td>\n<\/tr>\n<tr>\n<td width=\"450\">G\u00fcc m\u0259nb\u0259yi<\/td>\n<td width=\"393\">USB portundan<\/td>\n<\/tr>\n<tr>\n<td width=\"450\">S\u00fcr\u0259t<\/td>\n<td width=\"393\">USB Tam S\u00fcr\u0259t (12 Mbps)<\/td>\n<\/tr>\n<tr>\n<td width=\"450\">Kabel uzunlu\u011fu<\/td>\n<td width=\"393\">1.0 m, Sabit<\/td>\n<\/tr>\n<tr>\n<td colspan=\"2\" width=\"843\">Kontakts\u0131z Smart Kart interfeysi<\/td>\n<\/tr>\n<tr>\n<td width=\"450\">Standart<\/td>\n<td width=\"393\">ISO\/IEC 18092 NFC, ISO 14443 Tip A v\u0259 B, MIFARE\u00ae, FeliCa<\/td>\n<\/tr>\n<tr>\n<td rowspan=\"4\" width=\"450\">Protokol<\/td>\n<td width=\"393\">ISO 14443-4 Uy\u011fun Kart, T=CL<\/td>\n<\/tr>\n<tr>\n<td width=\"393\">MIFARE\u00ae Klassik Kart, T=CL<\/td>\n<\/tr>\n<tr>\n<td width=\"393\">ISO18092, NFC etiketl\u0259ri<\/td>\n<\/tr>\n<tr>\n<td width=\"393\">FeliCa<\/td>\n<\/tr>\n<tr>\n<td colspan=\"2\" width=\"843\">Daxili periferik qur\u011fular<\/td>\n<\/tr>\n<tr>\n<td width=\"450\">LED<\/td>\n<td width=\"393\">1 ikir\u0259ng: Q\u0131rm\u0131z\u0131 v\u0259 Ya\u015f\u0131l<\/td>\n<\/tr>\n<tr>\n<td width=\"450\">Buzzer<\/td>\n<td width=\"393\">Monoton<\/td>\n<\/tr>\n<tr>\n<td colspan=\"2\" width=\"843\">Sertifikatlar\/Uy\u011funluq<\/td>\n<\/tr>\n<tr>\n<td rowspan=\"13\" width=\"450\">Sertifikatlar\/Uy\u011funluq<\/td>\n<td width=\"393\">EN 60950\/IEC 60950<\/td>\n<\/tr>\n<tr>\n<td width=\"393\">ISO 18092<\/td>\n<\/tr>\n<tr>\n<td width=\"393\">ISO 14443<\/td>\n<\/tr>\n<tr>\n<td width=\"393\">USB Tam S\u00fcr\u0259t<\/td>\n<\/tr>\n<tr>\n<td width=\"393\">PC\/SC<\/td>\n<\/tr>\n<tr>\n<td width=\"393\">CCID<\/td>\n<\/tr>\n<tr>\n<td width=\"393\">VCCI (Yaponiya)<\/td>\n<\/tr>\n<tr>\n<td width=\"393\">KC (Koreya)<\/td>\n<\/tr>\n<tr>\n<td width=\"393\">Microsoft\u00ae WHQL<\/td>\n<\/tr>\n<tr>\n<td width=\"393\">CE<\/td>\n<\/tr>\n<tr>\n<td width=\"393\">FCC<\/td>\n<\/tr>\n<tr>\n<td width=\"393\">RoHS 2<\/td>\n<\/tr>\n<tr>\n<td width=\"393\">REACH<\/td>\n<\/tr>\n<tr>\n<td colspan=\"2\" width=\"843\">Cihaz S\u00fcr\u00fcc\u00fcs\u00fc \u018fm\u0259liyyat Sistemi D\u0259st\u0259yi<\/td>\n<\/tr>\n<tr>\n<td rowspan=\"6\" width=\"450\">Cihaz S\u00fcr\u00fcc\u00fcs\u00fc \u018fm\u0259liyyat Sistemi D\u0259st\u0259yi<\/td>\n<td width=\"393\">Windows\u00ae CE<\/td>\n<\/tr>\n<tr>\n<td width=\"393\">Windows\u00ae<\/td>\n<\/tr>\n<tr>\n<td width=\"393\">Linux\u00ae<\/td>\n<\/tr>\n<tr>\n<td width=\"393\">MAC OS\u00ae<\/td>\n<\/tr>\n<tr>\n<td width=\"393\">Solaris<\/td>\n<\/tr>\n<tr>\n<td width=\"393\">Android\u2122<\/td>\n<\/tr>\n<\/tbody>\n<\/table>\n<\/div>\n<\/li>\n<\/ul>","protected":false},"excerpt":{"rendered":"<p>ACR1251U-A1 m\u00fcxt\u0259lif kontakts\u0131z t\u0259tbiql\u0259r \u00fc\u00e7\u00fcn g\u00fccl\u0259ndirilmi\u015f t\u0259hl\u00fck\u0259sizlik v\u0259 \u00e7ox y\u00f6nl\u00fcl\u00fck t\u0259klif ed\u0259n SAM yuvas\u0131 olan \u0259n m\u00fcasir USB NFC Readerdir.<\/p>","protected":false},"featured_media":1549,"template":"","meta":[],"product_brand":[],"product_cat":[45,40],"product_tag":[],"class_list":{"0":"post-1545","1":"product","2":"type-product","3":"status-publish","4":"has-post-thumbnail","6":"product_cat-contactless-nfc-reader","7":"product_cat-rfid-nfc-reader","9":"first","10":"instock","11":"shipping-taxable","12":"product-type-simple"},"_links":{"self":[{"href":"https:\/\/nfc-readers.com\/az\/wp-json\/wp\/v2\/product\/1545","targetHints":{"allow":["GET"]}}],"collection":[{"href":"https:\/\/nfc-readers.com\/az\/wp-json\/wp\/v2\/product"}],"about":[{"href":"https:\/\/nfc-readers.com\/az\/wp-json\/wp\/v2\/types\/product"}],"wp:featuredmedia":[{"embeddable":true,"href":"https:\/\/nfc-readers.com\/az\/wp-json\/wp\/v2\/media\/1549"}],"wp:attachment":[{"href":"https:\/\/nfc-readers.com\/az\/wp-json\/wp\/v2\/media?parent=1545"}],"wp:term":[{"taxonomy":"product_brand","embeddable":true,"href":"https:\/\/nfc-readers.com\/az\/wp-json\/wp\/v2\/product_brand?post=1545"},{"taxonomy":"product_cat","embeddable":true,"href":"https:\/\/nfc-readers.com\/az\/wp-json\/wp\/v2\/product_cat?post=1545"},{"taxonomy":"product_tag","embeddable":true,"href":"https:\/\/nfc-readers.com\/az\/wp-json\/wp\/v2\/product_tag?post=1545"}],"curies":[{"name":"wp","href":"https:\/\/api.w.org\/{rel}","templated":true}]}}