{"id":1550,"date":"2024-04-07T06:15:08","date_gmt":"2024-04-07T06:15:08","guid":{"rendered":"https:\/\/nfc-readers.com\/?post_type=product&#038;p=1550"},"modified":"2024-10-16T06:43:39","modified_gmt":"2024-10-16T06:43:39","slug":"acr1281u-c1-usb-dual-interface-reader","status":"publish","type":"product","link":"https:\/\/nfc-readers.com\/az\/ic-reader\/acr1281u-c1-usb-dual-interface-reader\/","title":{"rendered":"ACR1281U-C1 usb ikili interfeysli oxuyucu"},"content":{"rendered":"<h1>ACR1281U-C1 usb ikili interfeysli oxuyucu<\/h1>\n<p>ACR1281U-C1 DualBoost II ACR128 DualBoost Reader-in t\u0259kmill\u0259\u015fdirilmi\u015f versiyas\u0131d\u0131r. Smart Card Reader kimi xidm\u0259t ed\u0259r\u0259k, ISO 7816 v\u0259 ISO 14443 standartlar\u0131na uy\u011fun g\u0259l\u0259n ist\u0259nil\u0259n smart kartlarla \u0259laq\u0259 qura bil\u0259n s\u0259m\u0259r\u0259li ikili interfeys t\u0259min edir. Bu ikinci n\u0259sil DualBoost II \u0259n\u0259n\u0259vi olaraq f\u0259rqli kontakt v\u0259 t\u0259mass\u0131z smart kart \u0259m\u0259liyyatlar\u0131n\u0131 vahid, vahid vahidd\u0259 birl\u0259\u015fdir\u0259r\u0259k m\u00fcxt\u0259lif t\u0259tbiql\u0259r \u00fc\u00e7\u00fcn bir kart\u0131n istifad\u0259sin\u0259 imkan verir. Onun faydas\u0131 e-ticar\u0259td\u0259 parlay\u0131r, kredit kartlar\u0131 vasit\u0259sil\u0259 onlayn \u00f6d\u0259ni\u015fl\u0259rin t\u0259hl\u00fck\u0259siz emal\u0131n\u0131 t\u0259min edir v\u0259 ictimai n\u0259qliyyatda \u0259sas rol oynay\u0131r, avtomatla\u015fd\u0131r\u0131lm\u0131\u015f gedi\u015f haqq\u0131 sisteml\u0259ri daxilind\u0259 kontakts\u0131z kartlar\u0131n doldurulmas\u0131na k\u00f6m\u0259k edir. O, says\u0131z-hesabs\u0131z smart kart funksiyalar\u0131n\u0131n bir karta birl\u0259\u015fdirildiyi bir kart h\u0259lli g\u00f6rm\u0259 qabiliyy\u0259tini t\u0259c\u0259ss\u00fcm etdirir. T\u0259kmill\u0259\u015fdirilmi\u015f DualBoost Seriyas\u0131 h\u0259m kontakt, h\u0259m d\u0259 kontakts\u0131z interfeysl\u0259rl\u0259 q\u00fcsursuz qar\u015f\u0131l\u0131ql\u0131 \u0259laq\u0259 \u00fc\u00e7\u00fcn tam PC\/SC-y\u0259 uy\u011fundur. Portativ NFC oxuyucusu olaraq, y\u00fcks\u0259k performans t\u0259l\u0259b ed\u0259n qabaqc\u0131l proqramlar\u0131 t\u0259min ed\u0259r\u0259k, t\u0259mass\u0131z kartlar \u00fc\u00e7\u00fcn rabit\u0259ni 848 kbps-\u0259 q\u0259d\u0259r s\u00fcr\u0259tl\u0259ndirir. Oxucu h\u0259m\u00e7inin hibrid v\u0259 kombi kartlar\u0131 idar\u0259 etm\u0259k \u00fc\u00e7\u00fcn a\u011f\u0131ll\u0131 mexanizml\u0259rl\u0259 t\u0259chiz olunub v\u0259 kontakt kart\u0131 yuvas\u0131na s\u0259hv daxil edilmi\u015f kontakts\u0131z kartlar\u0131 m\u00fc\u0259yy\u0259n etm\u0259k imkan\u0131 t\u0259klif edir. Dizayn\u0131n\u0131n ayr\u0131lmaz hiss\u0259si h\u0259r iki interfeysd\u0259 t\u0259hl\u00fck\u0259sizliyi g\u00fccl\u0259ndir\u0259n SAM yuvas\u0131d\u0131r. USB vasit\u0259sil\u0259 mikroproqram\u0131 t\u0259kmill\u0259\u015fdirm\u0259k imkan\u0131, kontakt yadda\u015f kartlar\u0131 il\u0259 uy\u011funluq v\u0259 geni\u015fl\u0259ndirilmi\u015f APDU \u0259mrl\u0259ri \u00fc\u00e7\u00fcn d\u0259st\u0259k kimi t\u0259kmill\u0259\u015fdirilmi\u015f x\u00fcsusiyy\u0259tl\u0259r ACR1281U-C1 DualBoost II-ni bir x\u0259rc kimi vur\u011fulay\u0131r. \u00e7oxsayl\u0131 smart kart sisteml\u0259ri daxilind\u0259 rahatl\u0131\u011f\u0131 v\u0259 \u00e7ox y\u00f6nl\u00fcl\u00fcy\u00fcn\u00fc y\u00fcks\u0259ld\u0259n effektiv v\u0259 g\u00fccl\u00fc h\u0259r \u015feyi \u0259hat\u0259 ed\u0259n al\u0259tdir.<\/p>\n<p><iframe loading=\"lazy\" title=\"ACR1281U C1 Kontakt v\u0259 Kontakts\u0131z A\u011f\u0131ll\u0131 Kart Oxucusu\" width=\"1020\" height=\"574\" src=\"https:\/\/www.youtube.com\/embed\/dABTVMG9dvI?feature=oembed\" frameborder=\"0\" allow=\"accelerometer; autoplay; clipboard-write; encrypted-media; gyroscope; picture-in-picture; web-share\" referrerpolicy=\"strict-origin-when-cross-origin\" allowfullscreen><\/iframe><\/p>\n<ul>\n<li>\n<h2>USB 2.0 Tam S\u00fcr\u0259tli \u0130nterfeys<\/h2>\n<\/li>\n<li>\n<h2>CCID Uy\u011funlu\u011fu<\/h2>\n<\/li>\n<li>\n<h2>Kontakts\u0131z A\u011f\u0131ll\u0131 Kart Oxuyucu:<\/h2>\n<ul>\n<li>\n<h3>848 kbps-\u0259 q\u0259d\u0259r oxuma\/yazma s\u00fcr\u0259ti<\/h3>\n<\/li>\n<li>\n<h3>50 mm-\u0259 q\u0259d\u0259r kart oxuma m\u0259saf\u0259si il\u0259 t\u0259mass\u0131z etiket\u0259 daxil olmaq \u00fc\u00e7\u00fcn qura\u015fd\u0131r\u0131lm\u0131\u015f antenna (etiket n\u00f6v\u00fcnd\u0259n as\u0131l\u0131 olaraq)<\/h3>\n<\/li>\n<li>\n<h3>ISO 14443 Part 4 Tip A v\u0259 B kartlar\u0131 v\u0259 MIFARE\u00ae seriyas\u0131n\u0131 d\u0259st\u0259kl\u0259yir<\/h3>\n<\/li>\n<li>\n<h3>Daxili anti-toqqu\u015fma x\u00fcsusiyy\u0259ti (ist\u0259nil\u0259n vaxt yaln\u0131z bir etiket\u0259 daxil olur)<\/h3>\n<\/li>\n<li>\n<h3>Geni\u015fl\u0259ndirilmi\u015f APDU-nu d\u0259st\u0259kl\u0259yir (maks. 64 kbayt)<\/h3>\n<\/li>\n<\/ul>\n<\/li>\n<li>\n<h2>Smart Card Reader il\u0259 \u0259laq\u0259 saxlay\u0131n:<\/h2>\n<ul>\n<li>\n<h3>ISO 7816 Class A, B v\u0259 C d\u0259st\u0259kl\u0259yir (5 V, 3V v\u0259 1.8 V)<\/h3>\n<\/li>\n<li>\n<h3>CAC (\u00dcmumi Giri\u015f Kart\u0131) d\u0259st\u0259kl\u0259yir<\/h3>\n<\/li>\n<li>\n<h3>PIV (Personal Identity Verification Card) d\u0259st\u0259kl\u0259yir<\/h3>\n<\/li>\n<li>\n<h3>T=0 v\u0259 ya T=1 protokolu olan mikroprosessor kartlar\u0131n\u0131 d\u0259st\u0259kl\u0259yir<\/h3>\n<\/li>\n<li>\n<h3>Yadda\u015f kartlar\u0131n\u0131 d\u0259st\u0259kl\u0259yir<\/h3>\n<\/li>\n<li>\n<h3>ISO 7816 uy\u011fun SAM yuvas\u0131<\/h3>\n<\/li>\n<\/ul>\n<\/li>\n<li>\n<h2>T\u0259tbiq Proqramla\u015fd\u0131rma \u0130nterfeysi:<\/h2>\n<ul>\n<li>\n<h3>PC\/SC d\u0259st\u0259kl\u0259yir<\/h3>\n<\/li>\n<li>\n<h3>CT-API-ni d\u0259st\u0259kl\u0259yir (PC\/SC-nin \u00fcst\u00fcnd\u0259ki sar\u011f\u0131 vasit\u0259sil\u0259)<\/h3>\n<\/li>\n<\/ul>\n<\/li>\n<li>\n<h2>Daxili periferik qur\u011fular:<\/h2>\n<ul>\n<li>\n<h3>\u0130stifad\u0259\u00e7i t\u0259r\u0259find\u0259n idar\u0259 olunan iki LED<\/h3>\n<\/li>\n<li>\n<h3>\u0130stifad\u0259\u00e7i t\u0259r\u0259find\u0259n idar\u0259 olunan s\u0259s siqnal\u0131<\/h3>\n<\/li>\n<\/ul>\n<\/li>\n<li>\n<h2>USB proqram t\u0259minat\u0131n\u0131n t\u0259kmill\u0259\u015fdirilm\u0259si<\/h2>\n<\/li>\n<li>\n<div>\n<table width=\"551\">\n<tbody>\n<tr>\n<td colspan=\"2\" width=\"551\">Fiziki x\u00fcsusiyy\u0259tl\u0259r<\/td>\n<\/tr>\n<tr>\n<td width=\"230\">\u00d6l\u00e7\u00fcl\u0259r (mm)<\/td>\n<td width=\"321\">120,5 mm (U) x 72,0 mm (W) x 20,4 mm (Y)<\/td>\n<\/tr>\n<tr>\n<td width=\"230\">\u00c7\u0259ki (q)<\/td>\n<td width=\"321\">140 q<\/td>\n<\/tr>\n<tr>\n<td colspan=\"2\" width=\"551\">USB interfeysi<\/td>\n<\/tr>\n<tr>\n<td width=\"230\">Protokol<\/td>\n<td width=\"321\">USB CCID<\/td>\n<\/tr>\n<tr>\n<td width=\"230\">Ba\u011flay\u0131c\u0131 n\u00f6v\u00fc<\/td>\n<td width=\"321\">Standart tip A<\/td>\n<\/tr>\n<tr>\n<td width=\"230\">G\u00fcc m\u0259nb\u0259yi<\/td>\n<td width=\"321\">USB portundan<\/td>\n<\/tr>\n<tr>\n<td width=\"230\">S\u00fcr\u0259t<\/td>\n<td width=\"321\">USB Tam S\u00fcr\u0259t (12 Mbps)<\/td>\n<\/tr>\n<tr>\n<td width=\"230\">Kabel uzunlu\u011fu<\/td>\n<td width=\"321\">2.0 m, Sabit<\/td>\n<\/tr>\n<tr>\n<td colspan=\"2\" width=\"551\">Smart Card Interface il\u0259 \u0259laq\u0259 saxlay\u0131n<\/td>\n<\/tr>\n<tr>\n<td width=\"230\">Slotlar\u0131n say\u0131<\/td>\n<td width=\"321\">1 Tam \u00f6l\u00e7\u00fcl\u00fc Kart Yuvas\u0131<\/td>\n<\/tr>\n<tr>\n<td width=\"230\">Standart<\/td>\n<td width=\"321\">ISO 7816 Sinif A, B, C (5 V, 3 V, 1,8 V)<\/td>\n<\/tr>\n<tr>\n<td width=\"230\">Protokol<\/td>\n<td width=\"321\">T=0; T=1<\/td>\n<\/tr>\n<tr>\n<td colspan=\"2\" width=\"551\">Kontakts\u0131z Smart Kart interfeysi<\/td>\n<\/tr>\n<tr>\n<td width=\"230\">Standart<\/td>\n<td width=\"321\">ISO 14443 A &amp; B Hiss\u0259l\u0259ri 1-4<\/td>\n<\/tr>\n<tr>\n<td rowspan=\"2\" width=\"230\">Protokol<\/td>\n<td width=\"321\">ISO 14443-4 Uy\u011fun Kart, T=CL<\/td>\n<\/tr>\n<tr>\n<td width=\"321\">MIFARE\u00ae Klassik Kart, T=CL<\/td>\n<\/tr>\n<tr>\n<td colspan=\"2\" width=\"551\">SAM Kart interfeysi<\/td>\n<\/tr>\n<tr>\n<td width=\"230\">Slotlar\u0131n say\u0131<\/td>\n<td width=\"321\">1 Standart S\u0130M \u00f6l\u00e7\u00fcl\u00fc Kart Yuvas\u0131<\/td>\n<\/tr>\n<tr>\n<td width=\"230\">Standart<\/td>\n<td width=\"321\">ISO 7816 Sinif A (5 V)<\/td>\n<\/tr>\n<tr>\n<td width=\"230\">Protokol<\/td>\n<td width=\"321\">T=0; T=1<\/td>\n<\/tr>\n<tr>\n<td colspan=\"2\" width=\"551\">Daxili periferik qur\u011fular<\/td>\n<\/tr>\n<tr>\n<td width=\"230\">LED<\/td>\n<td width=\"321\">2 t\u0259k r\u0259ngli: Q\u0131rm\u0131z\u0131 v\u0259 Ya\u015f\u0131l<\/td>\n<\/tr>\n<tr>\n<td width=\"230\">Buzzer<\/td>\n<td width=\"321\">Monoton<\/td>\n<\/tr>\n<tr>\n<td colspan=\"2\" width=\"551\">Dig\u0259r X\u00fcsusiyy\u0259tl\u0259r<\/td>\n<\/tr>\n<tr>\n<td width=\"230\">Mikroproqram\u0131n t\u0259kmill\u0259\u015fdirilm\u0259si<\/td>\n<td width=\"321\">D\u0259st\u0259kl\u0259nir<\/td>\n<\/tr>\n<tr>\n<td colspan=\"2\" width=\"551\">Sertifikatlar\/Uy\u011funluq<\/td>\n<\/tr>\n<tr>\n<td rowspan=\"10\" width=\"230\">Sertifikatlar\/Uy\u011funluq<\/td>\n<td width=\"321\">ISO 14443<\/td>\n<\/tr>\n<tr>\n<td width=\"321\">ISO 7816<\/td>\n<\/tr>\n<tr>\n<td width=\"321\">USB Tam S\u00fcr\u0259t<\/td>\n<\/tr>\n<tr>\n<td width=\"321\">PC\/SC<\/td>\n<\/tr>\n<tr>\n<td width=\"321\">CCID<\/td>\n<\/tr>\n<tr>\n<td width=\"321\">Microsoft\u00ae WHQL<\/td>\n<\/tr>\n<tr>\n<td width=\"321\">CE<\/td>\n<\/tr>\n<tr>\n<td width=\"321\">FCC<\/td>\n<\/tr>\n<tr>\n<td width=\"321\">RoHS<\/td>\n<\/tr>\n<tr>\n<td width=\"321\">REACH<\/td>\n<\/tr>\n<tr>\n<td colspan=\"2\" width=\"551\">Cihaz S\u00fcr\u00fcc\u00fcs\u00fc \u018fm\u0259liyyat Sistemi D\u0259st\u0259yi<\/td>\n<\/tr>\n<tr>\n<td rowspan=\"5\" width=\"230\">Cihaz S\u00fcr\u00fcc\u00fcs\u00fc \u018fm\u0259liyyat Sistemi D\u0259st\u0259yi<\/td>\n<td width=\"321\">Windows\u00ae<\/td>\n<\/tr>\n<tr>\n<td width=\"321\">Linux\u00ae<\/td>\n<\/tr>\n<tr>\n<td width=\"321\">MAC OS\u00ae<\/td>\n<\/tr>\n<tr>\n<td width=\"321\">Solaris<\/td>\n<\/tr>\n<tr>\n<td width=\"321\">Android\u2122<\/td>\n<\/tr>\n<\/tbody>\n<\/table>\n<\/div>\n<\/li>\n<\/ul>","protected":false},"excerpt":{"rendered":"<p>ACR1281U-C1, smart kart t\u0259tbiql\u0259rind\u0259 t\u0259kmill\u0259\u015fdirilmi\u015f performans \u00fc\u00e7\u00fcn SAM yuvas\u0131 v\u0259 portativ NFC imkanlar\u0131na malik \u00e7ox y\u00f6nl\u00fc USB kontakt\u0131 v\u0259 kontakts\u0131z Oxucudur.<\/p>","protected":false},"featured_media":1557,"template":"","meta":[],"product_brand":[],"product_cat":[45],"product_tag":[],"class_list":{"0":"post-1550","1":"product","2":"type-product","3":"status-publish","4":"has-post-thumbnail","6":"product_cat-contactless-nfc-reader","8":"first","9":"instock","10":"shipping-taxable","11":"product-type-simple"},"_links":{"self":[{"href":"https:\/\/nfc-readers.com\/az\/wp-json\/wp\/v2\/product\/1550","targetHints":{"allow":["GET"]}}],"collection":[{"href":"https:\/\/nfc-readers.com\/az\/wp-json\/wp\/v2\/product"}],"about":[{"href":"https:\/\/nfc-readers.com\/az\/wp-json\/wp\/v2\/types\/product"}],"wp:featuredmedia":[{"embeddable":true,"href":"https:\/\/nfc-readers.com\/az\/wp-json\/wp\/v2\/media\/1557"}],"wp:attachment":[{"href":"https:\/\/nfc-readers.com\/az\/wp-json\/wp\/v2\/media?parent=1550"}],"wp:term":[{"taxonomy":"product_brand","embeddable":true,"href":"https:\/\/nfc-readers.com\/az\/wp-json\/wp\/v2\/product_brand?post=1550"},{"taxonomy":"product_cat","embeddable":true,"href":"https:\/\/nfc-readers.com\/az\/wp-json\/wp\/v2\/product_cat?post=1550"},{"taxonomy":"product_tag","embeddable":true,"href":"https:\/\/nfc-readers.com\/az\/wp-json\/wp\/v2\/product_tag?post=1550"}],"curies":[{"name":"wp","href":"https:\/\/api.w.org\/{rel}","templated":true}]}}