{"id":1555,"date":"2024-04-07T06:18:18","date_gmt":"2024-04-07T06:18:18","guid":{"rendered":"https:\/\/nfc-readers.com\/?post_type=product&#038;p=1555"},"modified":"2024-10-16T06:39:36","modified_gmt":"2024-10-16T06:39:36","slug":"acr1281s-c1-dualboost-ii-serial-reader","status":"publish","type":"product","link":"https:\/\/nfc-readers.com\/az\/ic-reader\/acr1281s-c1-dualboost-ii-serial-reader\/","title":{"rendered":"ACR1281S-C1 DualBoost II Serial oxucu"},"content":{"rendered":"<h1>ACR1281S-C1 DualBoost II Serial oxucu<\/h1>\n<p>ACR1281S-C1 DualBoost II, m\u00fcvafiq olaraq ISO 7816 v\u0259 ISO 14443 standartlar\u0131na uy\u011fun olaraq h\u0259m kontakt, h\u0259m d\u0259 kontakts\u0131z smart kartlarla qar\u015f\u0131l\u0131ql\u0131 \u0259laq\u0259ni asanla\u015fd\u0131ran \u00e7ox\u015fax\u0259li oxucudur. Bu ikili interfeysli oxuyucu diskret sisteml\u0259rd\u0259 \u0259n\u0259n\u0259vi olaraq tap\u0131lan funksiyalar\u0131 h\u0259m kontakt, h\u0259m d\u0259 kontakts\u0131z kartlar\u0131 \u00f6z\u00fcnd\u0259 c\u0259ml\u0259\u015fdir\u0259n t\u0259k bir vahidd\u0259 m\u00fck\u0259mm\u0259l birl\u0259\u015fdirir. O, kredit kartlar\u0131ndan istifad\u0259 etm\u0259kl\u0259 e-ticar\u0259t v\u0259 bank sektorlar\u0131nda \u00f6d\u0259ni\u015fl\u0259rin hesablanmas\u0131 v\u0259 ya t\u0259yin olunmu\u015f \u0259razil\u0259r\u0259 v\u0259 ya sisteml\u0259r\u0259 t\u0259hl\u00fck\u0259siz giri\u015f \u00fc\u00e7\u00fcn t\u0259mass\u0131z kartlar\u0131n t\u0259sdiql\u0259nm\u0259sind\u0259n as\u0131l\u0131 olmayaraq m\u00fcxt\u0259lif \u0259m\u0259liyyatlar\u0131 asanla\u015fd\u0131r\u0131r. Bu, \u00e7oxsayl\u0131 smart kart funksiyalar\u0131n\u0131 vahid fiziki \u015f\u0259xsd\u0259 birl\u0259\u015fdir\u0259n universal smart kart konsepsiyas\u0131 il\u0259 yax\u015f\u0131 birl\u0259\u015fir. Qo\u015f v\u0259 oynatma cihazlar\u0131n\u0131n xarakterik olan ACR1281S-C1 m\u00fcr\u0259kk\u0259b s\u00fcr\u00fcc\u00fc qura\u015fd\u0131rmalar\u0131n\u0131 t\u0259l\u0259b etmir. O, h\u0259m t\u0259mas, h\u0259m d\u0259 t\u0259mass\u0131z qar\u015f\u0131l\u0131ql\u0131 \u0259laq\u0259d\u0259 t\u0259hl\u00fck\u0259sizliyi g\u00fccl\u0259ndir\u0259n SAM (T\u0259hl\u00fck\u0259siz Giri\u015f Modulu) yuvas\u0131n\u0131 \u00f6z\u00fcnd\u0259 birl\u0259\u015fdirir. Cihaz\u0131n s\u00fcr\u0259tli rabit\u0259 tutumu t\u0259mass\u0131z kartlarla i\u015fl\u0259y\u0259rk\u0259n 848 kbps-\u0259 \u00e7at\u0131r, bu da onun y\u00fcks\u0259k performansl\u0131 v\u0259 intensiv t\u0259tbiql\u0259r \u00fc\u00e7\u00fcn uy\u011funlu\u011funu t\u0259min edir. ACR1281S-C1 Serial DualBoost II q\u0259na\u0259tcil v\u0259 m\u00f6hk\u0259m h\u0259lli t\u0259msil edir. O, geni\u015f spektrli smart kart proqramlar\u0131nda rahatl\u0131q v\u0259 uy\u011funla\u015fman\u0131n ikili \u00fcst\u00fcnl\u00fcy\u00fcn\u00fc t\u0259qdim edir.<\/p>\n<ul>\n<li>\n<h2>Serial RS232 interfeysi<\/h2>\n<\/li>\n<li>\n<h2>Enerji t\u0259chizat\u0131 \u00fc\u00e7\u00fcn USB interfeysi<\/h2>\n<\/li>\n<li>\n<h2>CCID kimi \u00e7\u0259r\u00e7iv\u0259 format\u0131 (ikili format)<\/h2>\n<\/li>\n<li>\n<h2>Kontakts\u0131z A\u011f\u0131ll\u0131 Kart Oxuyucu:<\/h2>\n<ul>\n<li>\n<h3>848 kbps-\u0259 q\u0259d\u0259r oxuma\/yazma s\u00fcr\u0259ti<\/h3>\n<\/li>\n<li>\n<h3>50 mm-\u0259 q\u0259d\u0259r kart oxuma m\u0259saf\u0259si il\u0259 t\u0259mass\u0131z etiket\u0259 daxil olmaq \u00fc\u00e7\u00fcn qura\u015fd\u0131r\u0131lm\u0131\u015f antenna (etiket n\u00f6v\u00fcnd\u0259n as\u0131l\u0131 olaraq)<\/h3>\n<\/li>\n<li>\n<h3>ISO 14443 Part 4 Tip A v\u0259 B kartlar\u0131 v\u0259 MIFARE\u00ae seriyas\u0131n\u0131 d\u0259st\u0259kl\u0259yir<\/h3>\n<\/li>\n<li>\n<h3>Daxili anti-toqqu\u015fma x\u00fcsusiyy\u0259ti (ist\u0259nil\u0259n vaxt yaln\u0131z bir etiket\u0259 daxil olur)<\/h3>\n<\/li>\n<li>\n<h3>Geni\u015fl\u0259ndirilmi\u015f APDU-nu d\u0259st\u0259kl\u0259yir (maks. 64 kbayt)<\/h3>\n<\/li>\n<\/ul>\n<\/li>\n<li>\n<h2>Smart Card Reader il\u0259 \u0259laq\u0259 saxlay\u0131n:<\/h2>\n<ul>\n<li>\n<h3>ISO 7816 Class A, B v\u0259 C d\u0259st\u0259kl\u0259yir (5 V, 3V v\u0259 1.8 V)<\/h3>\n<\/li>\n<li>\n<h3>T=0 v\u0259 ya T=1 protokolu olan mikroprosessor kartlar\u0131n\u0131 d\u0259st\u0259kl\u0259yir<\/h3>\n<\/li>\n<li>\n<h3>Yadda\u015f kartlar\u0131n\u0131 d\u0259st\u0259kl\u0259yir<\/h3>\n<\/li>\n<li>\n<h3>ISO 7816 uy\u011fun SAM yuvas\u0131<\/h3>\n<\/li>\n<\/ul>\n<\/li>\n<li>\n<h2>Daxili periferik qur\u011fular:<\/h2>\n<ul>\n<li>\n<h3>\u0130stifad\u0259\u00e7i t\u0259r\u0259find\u0259n idar\u0259 olunan iki LED<\/h3>\n<\/li>\n<li>\n<h3>\u0130stifad\u0259\u00e7i t\u0259r\u0259find\u0259n idar\u0259 olunan s\u0259s siqnal\u0131<\/h3>\n<\/li>\n<\/ul>\n<\/li>\n<li>\n<h2>USB proqram t\u0259minat\u0131n\u0131n t\u0259kmill\u0259\u015fdirilm\u0259si<\/h2>\n<\/li>\n<li>\n<div>\n<table width=\"500\">\n<tbody>\n<tr>\n<td colspan=\"2\" width=\"500\">Fiziki x\u00fcsusiyy\u0259tl\u0259r<\/td>\n<\/tr>\n<tr>\n<td width=\"181\">\u00d6l\u00e7\u00fcl\u0259r (mm)<\/td>\n<td width=\"319\">120,5 mm (U) x 72,0 mm (W) x 20,4 mm (Y)<\/td>\n<\/tr>\n<tr>\n<td width=\"181\">\u00c7\u0259ki (q)<\/td>\n<td width=\"319\">150 q<\/td>\n<\/tr>\n<tr>\n<td colspan=\"2\" width=\"500\">Serial interfeysi<\/td>\n<\/tr>\n<tr>\n<td width=\"181\">Protokol<\/td>\n<td width=\"319\">RS-232<\/td>\n<\/tr>\n<tr>\n<td width=\"181\">Ba\u011flay\u0131c\u0131 n\u00f6v\u00fc<\/td>\n<td width=\"319\">DB-9 birl\u0259\u015fdiricisi<\/td>\n<\/tr>\n<tr>\n<td width=\"181\">G\u00fcc m\u0259nb\u0259yi<\/td>\n<td width=\"319\">USB portundan<\/td>\n<\/tr>\n<tr>\n<td width=\"181\">Kabel uzunlu\u011fu<\/td>\n<td width=\"319\">1,5 m, Sabit (DB9 + USB)<\/td>\n<\/tr>\n<tr>\n<td colspan=\"2\" width=\"500\">Smart Card Interface il\u0259 \u0259laq\u0259 saxlay\u0131n<\/td>\n<\/tr>\n<tr>\n<td width=\"181\">Slotlar\u0131n say\u0131<\/td>\n<td width=\"319\">1 Tam \u00f6l\u00e7\u00fcl\u00fc Kart Yuvas\u0131<\/td>\n<\/tr>\n<tr>\n<td width=\"181\">Standart<\/td>\n<td width=\"319\">ISO 7816 Sinif A, B, C (5 V, 3 V, 1,8 V)<\/td>\n<\/tr>\n<tr>\n<td width=\"181\">Protokol<\/td>\n<td width=\"319\">T=0; T=1<\/td>\n<\/tr>\n<tr>\n<td colspan=\"2\" width=\"500\">Kontakts\u0131z Smart Kart interfeysi<\/td>\n<\/tr>\n<tr>\n<td width=\"181\">Standart<\/td>\n<td width=\"319\">ISO 14443 A &amp; B Hiss\u0259l\u0259ri 1-4<\/td>\n<\/tr>\n<tr>\n<td rowspan=\"2\" width=\"181\">Protokol<\/td>\n<td width=\"319\">ISO 14443-4 Uy\u011fun Kart, T=CL<\/td>\n<\/tr>\n<tr>\n<td width=\"319\">MIFARE\u00ae Klassik Kart, T=CL<\/td>\n<\/tr>\n<tr>\n<td colspan=\"2\" width=\"500\">SAM Kart interfeysi<\/td>\n<\/tr>\n<tr>\n<td width=\"181\">Slotlar\u0131n say\u0131<\/td>\n<td width=\"319\">1 Standart S\u0130M \u00f6l\u00e7\u00fcl\u00fc Kart Yuvas\u0131<\/td>\n<\/tr>\n<tr>\n<td width=\"181\">Standart<\/td>\n<td width=\"319\">ISO 7816 Sinif A (5 V)<\/td>\n<\/tr>\n<tr>\n<td width=\"181\">Protokol<\/td>\n<td width=\"319\">T=0; T=1<\/td>\n<\/tr>\n<tr>\n<td colspan=\"2\" width=\"500\">Daxili periferik qur\u011fular<\/td>\n<\/tr>\n<tr>\n<td width=\"181\">LED<\/td>\n<td width=\"319\">2 t\u0259k r\u0259ngli: Q\u0131rm\u0131z\u0131 v\u0259 Ya\u015f\u0131l<\/td>\n<\/tr>\n<tr>\n<td width=\"181\">Buzzer<\/td>\n<td width=\"319\">Monoton<\/td>\n<\/tr>\n<tr>\n<td colspan=\"2\" width=\"500\">Dig\u0259r X\u00fcsusiyy\u0259tl\u0259r<\/td>\n<\/tr>\n<tr>\n<td width=\"181\">Mikroproqram\u0131n t\u0259kmill\u0259\u015fdirilm\u0259si<\/td>\n<td width=\"319\">D\u0259st\u0259kl\u0259nir<\/td>\n<\/tr>\n<tr>\n<td colspan=\"2\" width=\"500\">Sertifikatlar\/Uy\u011funluq<\/td>\n<\/tr>\n<tr>\n<td rowspan=\"5\" width=\"181\">Sertifikatlar\/Uy\u011funluq<\/td>\n<td width=\"319\">ISO 14443<\/td>\n<\/tr>\n<tr>\n<td width=\"319\">ISO 7816<\/td>\n<\/tr>\n<tr>\n<td width=\"319\">CE<\/td>\n<\/tr>\n<tr>\n<td width=\"319\">FCC<\/td>\n<\/tr>\n<tr>\n<td width=\"319\">RoHS<\/td>\n<\/tr>\n<tr>\n<td colspan=\"2\" width=\"500\">Cihaz S\u00fcr\u00fcc\u00fcs\u00fc \u018fm\u0259liyyat Sistemi D\u0259st\u0259yi<\/td>\n<\/tr>\n<tr>\n<td rowspan=\"2\" width=\"181\">Cihaz S\u00fcr\u00fcc\u00fcs\u00fc \u018fm\u0259liyyat Sistemi D\u0259st\u0259yi<\/td>\n<td width=\"319\">Windows\u00ae<\/td>\n<\/tr>\n<tr>\n<td width=\"319\">Linux\u00ae<\/td>\n<\/tr>\n<\/tbody>\n<\/table>\n<\/div>\n<\/li>\n<\/ul>","protected":false},"excerpt":{"rendered":"<p>ACR1281S-C1 ikifunksiyal\u0131 kontakt v\u0259 kontakts\u0131z Oxucudur, smart kart t\u0259tbiql\u0259rind\u0259 g\u00fccl\u0259ndirilmi\u015f t\u0259hl\u00fck\u0259sizlik v\u0259 y\u00fcks\u0259k s\u00fcr\u0259tli performans \u00fc\u00e7\u00fcn SAM yuvas\u0131na malikdir.<\/p>","protected":false},"featured_media":1556,"template":"","meta":[],"product_brand":[],"product_cat":[45],"product_tag":[],"class_list":{"0":"post-1555","1":"product","2":"type-product","3":"status-publish","4":"has-post-thumbnail","6":"product_cat-contactless-nfc-reader","8":"first","9":"instock","10":"shipping-taxable","11":"product-type-simple"},"_links":{"self":[{"href":"https:\/\/nfc-readers.com\/az\/wp-json\/wp\/v2\/product\/1555","targetHints":{"allow":["GET"]}}],"collection":[{"href":"https:\/\/nfc-readers.com\/az\/wp-json\/wp\/v2\/product"}],"about":[{"href":"https:\/\/nfc-readers.com\/az\/wp-json\/wp\/v2\/types\/product"}],"wp:featuredmedia":[{"embeddable":true,"href":"https:\/\/nfc-readers.com\/az\/wp-json\/wp\/v2\/media\/1556"}],"wp:attachment":[{"href":"https:\/\/nfc-readers.com\/az\/wp-json\/wp\/v2\/media?parent=1555"}],"wp:term":[{"taxonomy":"product_brand","embeddable":true,"href":"https:\/\/nfc-readers.com\/az\/wp-json\/wp\/v2\/product_brand?post=1555"},{"taxonomy":"product_cat","embeddable":true,"href":"https:\/\/nfc-readers.com\/az\/wp-json\/wp\/v2\/product_cat?post=1555"},{"taxonomy":"product_tag","embeddable":true,"href":"https:\/\/nfc-readers.com\/az\/wp-json\/wp\/v2\/product_tag?post=1555"}],"curies":[{"name":"wp","href":"https:\/\/api.w.org\/{rel}","templated":true}]}}