{"id":1558,"date":"2024-04-07T06:20:55","date_gmt":"2024-04-07T06:20:55","guid":{"rendered":"https:\/\/nfc-readers.com\/?post_type=product&#038;p=1558"},"modified":"2024-10-16T06:35:34","modified_gmt":"2024-10-16T06:35:34","slug":"nfc-reader-with-lcd-acr1222l","status":"publish","type":"product","link":"https:\/\/nfc-readers.com\/az\/ic-reader\/nfc-reader-with-lcd-acr1222l\/","title":{"rendered":"LCD il\u0259 NFC Reader\/Writer | ACR1222L"},"content":{"rendered":"<h1>LCD il\u0259 NFC Reader\/Writer | ACR1222L<\/h1>\n<p>ACR1222L \u00e7ox y\u00f6nl\u00fc v\u0259 istifad\u0259\u00e7i dostu NFC Smart Card Reader kimi se\u00e7ilir, elektron \u00f6d\u0259ni\u015f, loyall\u0131q proqramlar\u0131 v\u0259 giri\u015f\u0259 n\u0259zar\u0259t daxil olmaqla t\u0259tbiql\u0259r \u00fc\u00e7\u00fcn ideald\u0131r. Onun LCD v\u0259 \u00e7oxdilli d\u0259st\u0259yi, \u00fc\u00e7 SAM yuvas\u0131 il\u0259 g\u00fccl\u00fc t\u0259hl\u00fck\u0259sizlik x\u00fcsusiyy\u0259tl\u0259ri il\u0259 yana\u015f\u0131, x\u00fcsusiyy\u0259tl\u0259r v\u0259 nfc oxuyucu qiym\u0259ti aras\u0131ndak\u0131 tarazl\u0131\u011f\u0131 n\u0259z\u0259r\u0259 alaraq onu y\u00fcks\u0259k d\u0259y\u0259rli t\u0259klif kimi yerl\u0259\u015fdirir.<\/p>\n<p><iframe loading=\"lazy\" title=\"ACR1222L NFC oxuyucusu\" width=\"1020\" height=\"765\" src=\"https:\/\/www.youtube.com\/embed\/i-7zrKP8WJo?feature=oembed\" frameborder=\"0\" allow=\"accelerometer; autoplay; clipboard-write; encrypted-media; gyroscope; picture-in-picture; web-share\" referrerpolicy=\"strict-origin-when-cross-origin\" allowfullscreen><\/iframe><\/p>\n<h2>LCD il\u0259 NFC Reader | ACR1222L<\/h2>\n<ul>\n<li data-sider-select-id=\"cbe5159f-0e15-4e91-8597-4873bf6b4e88\">\n<h2>USB 2.0 Tam S\u00fcr\u0259tli \u0130nterfeys<\/h2>\n<\/li>\n<li>\n<h2>CCID Uy\u011funlu\u011fu<\/h2>\n<\/li>\n<li>\n<h2>A\u011f\u0131ll\u0131 kart oxuyucusu:<\/h2>\n<ul>\n<li>\n<h3>424 kbps-\u0259 q\u0259d\u0259r oxuma\/yazma s\u00fcr\u0259ti<\/h3>\n<\/li>\n<li>\n<h3>50 mm-\u0259 q\u0259d\u0259r kart oxuma m\u0259saf\u0259si il\u0259 t\u0259mass\u0131z etiket\u0259 daxil olmaq \u00fc\u00e7\u00fcn qura\u015fd\u0131r\u0131lm\u0131\u015f antenna (etiket n\u00f6v\u00fcnd\u0259n as\u0131l\u0131 olaraq)<\/h3>\n<\/li>\n<li>\n<h3>ISO 14443 Tip A v\u0259 B kartlar\u0131, MIFARE\u00ae, FeliCa v\u0259 b\u00fct\u00fcn 4 n\u00f6v NFC (ISO\/IEC 18092) teql\u0259rini d\u0259st\u0259kl\u0259yir<\/h3>\n<\/li>\n<li>\n<h3>Daxili anti-toqqu\u015fma x\u00fcsusiyy\u0259ti (ist\u0259nil\u0259n vaxt yaln\u0131z bir etiket\u0259 daxil olur)<\/h3>\n<\/li>\n<li>\n<h3>\u00dc\u00e7 ISO 7816 uy\u011fun SAM yuvas\u0131<\/h3>\n<\/li>\n<\/ul>\n<\/li>\n<li>\n<h2>Daxili periferik qur\u011fular:<\/h2>\n<ul>\n<li>\n<h3>\u0130nteraktiv i\u015fl\u0259m\u0259 qabiliyy\u0259ti (y\u0259ni yuxar\u0131 v\u0259 a\u015fa\u011f\u0131, sola v\u0259 sa\u011fa s\u00fcr\u00fc\u015fd\u00fcrm\u0259 v\u0259 s.) v\u0259 \u00e7oxdilli d\u0259st\u0259k (y\u0259ni \u00c7in, \u0130ngilis, Yapon v\u0259 bir ne\u00e7\u0259 Avropa dill\u0259ri) il\u0259 iki s\u0259tirli qrafik LCD.<\/h3>\n<\/li>\n<li>\n<h3>\u0130stifad\u0259\u00e7i t\u0259r\u0259find\u0259n idar\u0259 olunan d\u00f6rd LED<\/h3>\n<\/li>\n<li>\n<h3>\u0130stifad\u0259\u00e7i t\u0259r\u0259find\u0259n idar\u0259 olunan s\u0259s siqnal\u0131<\/h3>\n<\/li>\n<\/ul>\n<\/li>\n<li>\n<h2>USB proqram t\u0259minat\u0131n\u0131n t\u0259kmill\u0259\u015fdirilm\u0259si<\/h2>\n<\/li>\n<\/ul>\n<div>\n<h2 data-sider-select-id=\"d4706cbf-1e8e-448d-9503-dfee41ca8b25\"><strong>ACR1222L NFC kontakts\u0131z oxuyucunun x\u00fcsusiyy\u0259tl\u0259ri v\u0259 funksiyalar\u0131:<\/strong><\/h2>\n<ul>\n<li>\n<h3><strong>\u0130nnovativ Texnologiya \u0130nteqrasiyas\u0131<\/strong><\/h3>\n<p>ACR1222L LCD texnologiyas\u0131n\u0131 PC-Link NFC imkanlar\u0131 il\u0259 q\u00fcsursuz \u015f\u0259kild\u0259 birl\u0259\u015fdirir v\u0259 asanl\u0131qla qar\u015f\u0131l\u0131ql\u0131 \u0259laq\u0259 \u00fc\u00e7\u00fcn istifad\u0259\u00e7i dostu interfeys t\u0259klif edir.<\/li>\n<li>\n<h3><strong>H\u0259rt\u0259r\u0259fli Uy\u011funluq<\/strong><\/h3>\n<p>13,56 MHz RFID texnologiyas\u0131 v\u0259 ISO\/IEC 18092 standart\u0131 \u0259sas\u0131nda qurulan ACR1222L ISO14443 Tip A v\u0259 B kartlar\u0131, MIFARE, FeliCa v\u0259 b\u00fct\u00fcn d\u00f6rd n\u00f6v NFC teql\u0259ri il\u0259 geni\u015f uy\u011funlu\u011fa malikdir.<\/li>\n<li>\n<h3><strong>T\u0259kmill\u0259\u015fdirilmi\u015f \u0130stifad\u0259\u00e7i T\u0259cr\u00fcb\u0259si<\/strong><\/h3>\n<\/li>\n<\/ul>\n<p style=\"text-align: left; padding-left: 40px;\"><span style=\"color: #555555; font-size: 14.4px;\">PC\/SC uy\u011funlu\u011fu il\u0259 ACR1222L, t\u0259kmill\u0259\u015fdirilmi\u015f funksiyalar v\u0259 qar\u015f\u0131l\u0131ql\u0131 \u0259laq\u0259 axtaran istifad\u0259\u00e7il\u0259r \u00fc\u00e7\u00fcn problemsiz ke\u00e7idi t\u0259min ed\u0259r\u0259k, smart kart proqramlar\u0131n\u0131n asan t\u0259kmill\u0259\u015fdirilm\u0259sini asanla\u015fd\u0131r\u0131r.<\/span><\/p>\n<ul>\n<li>\n<h3><strong>\u0130ntuitiv interfeys<\/strong><\/h3>\n<\/li>\n<\/ul>\n<p style=\"text-align: left; padding-left: 40px;\">\u00a04 LED, s\u0259s siqnal\u0131 v\u0259 \u00e7oxdilli LCD displey il\u0259 t\u0259chiz edilmi\u015f ACR1222L oxucu v\u0259 t\u0259tbiq statuslar\u0131n\u0131n ayd\u0131n g\u00f6st\u0259ricil\u0259rini t\u0259qdim ed\u0259r\u0259k, istifad\u0259\u00e7inin ba\u015fa d\u00fc\u015f\u00fclm\u0259sini v\u0259 \u0259laq\u0259sini art\u0131r\u0131r.<\/p>\n<ul>\n<li>\n<h3><strong>\u00c7oxdilli D\u0259st\u0259k<\/strong><\/h3>\n<p>2 s\u0259tirli qrafik LCD \u00e7oxlu dill\u0259ri, o c\u00fcml\u0259d\u0259n \u00c7in, \u0130ngilis, Yapon v\u0259 se\u00e7ilmi\u015f Avropa dill\u0259rini d\u0259st\u0259kl\u0259yir v\u0259 m\u00fcxt\u0259lif istifad\u0259\u00e7i bazas\u0131na cihazla asanl\u0131qla qar\u015f\u0131l\u0131ql\u0131 \u0259laq\u0259 yaratma\u011fa imkan verir.<\/li>\n<li>\n<h3><strong>\u0130nteraktiv \u0259m\u0259liyyat<\/strong><\/h3>\n<p>LCD s\u00fcr\u00fc\u015fd\u00fcrm\u0259 kimi interaktiv \u0259m\u0259liyyatlara imkan verir, istifad\u0259\u00e7i rahatl\u0131\u011f\u0131n\u0131 v\u0259 \u0259l\u00e7atanl\u0131\u011f\u0131 daha da art\u0131r\u0131r.<\/li>\n<li>\n<h3><strong>Qabaqc\u0131l T\u0259hl\u00fck\u0259sizlik X\u00fcsusiyy\u0259tl\u0259ri<\/strong><\/h3>\n<p>\u00dc\u00e7 daxili SAM yuvas\u0131na malik olan ACR1222L kontakts\u0131z \u0259m\u0259liyyatlar zaman\u0131 g\u00fccl\u0259ndirilmi\u015f t\u0259hl\u00fck\u0259sizliyi t\u0259min edir, h\u0259ssas m\u0259lumatlar\u0131 v\u0259 \u0259m\u0259liyyatlar\u0131 qoruyur.<\/li>\n<\/ul>\n<\/div>\n<div><\/div>\n<div>\n<table width=\"702\">\n<tbody>\n<tr>\n<td colspan=\"2\" width=\"702\">Fiziki x\u00fcsusiyy\u0259tl\u0259r<\/td>\n<\/tr>\n<tr>\n<td rowspan=\"2\" width=\"250\">\u00d6l\u00e7\u00fcl\u0259r (mm)<\/td>\n<td width=\"452\">\u018fsas g\u00f6vd\u0259: 133,5 mm (U) x 88,5 mm (W) x 21,0 mm (H)<\/td>\n<\/tr>\n<tr>\n<td width=\"452\">Stendl\u0259: 158.0 mm (U) x 95.0 mm (W) x 95.0 mm (Y)<\/td>\n<\/tr>\n<tr>\n<td rowspan=\"2\" width=\"250\">\u00c7\u0259ki (q)<\/td>\n<td width=\"452\">\u018fsas b\u0259d\u0259n \u00e7\u0259kisi: 173 q<\/td>\n<\/tr>\n<tr>\n<td width=\"452\">Stendl\u0259: 415 q<\/td>\n<\/tr>\n<tr>\n<td colspan=\"2\" width=\"702\">USB interfeysi<\/td>\n<\/tr>\n<tr>\n<td width=\"250\">Protokol<\/td>\n<td width=\"452\">USB CCID<\/td>\n<\/tr>\n<tr>\n<td width=\"250\">Ba\u011flay\u0131c\u0131 n\u00f6v\u00fc<\/td>\n<td width=\"452\">Standart tip A<\/td>\n<\/tr>\n<tr>\n<td width=\"250\">G\u00fcc m\u0259nb\u0259yi<\/td>\n<td width=\"452\">USB portundan<\/td>\n<\/tr>\n<tr>\n<td width=\"250\">S\u00fcr\u0259t<\/td>\n<td width=\"452\">USB Tam S\u00fcr\u0259t (12 Mbps)<\/td>\n<\/tr>\n<tr>\n<td width=\"250\">Kabel uzunlu\u011fu<\/td>\n<td width=\"452\">1,5 m, Sabit<\/td>\n<\/tr>\n<tr>\n<td colspan=\"2\" width=\"702\">Kontakts\u0131z Smart Kart interfeysi<\/td>\n<\/tr>\n<tr>\n<td width=\"250\">Standart<\/td>\n<td width=\"452\">ISO\/IEC 18092 NFC, ISO 14443 Tip A v\u0259 B, MIFARE\u00ae, FeliCa<\/td>\n<\/tr>\n<tr>\n<td rowspan=\"4\" width=\"250\">Protokol<\/td>\n<td width=\"452\">ISO 14443-4 Uy\u011fun Kart, T=CL<\/td>\n<\/tr>\n<tr>\n<td width=\"452\">MIFARE\u00ae Klassik Kart, T=CL<\/td>\n<\/tr>\n<tr>\n<td width=\"452\">ISO18092, NFC etiketl\u0259ri<\/td>\n<\/tr>\n<tr>\n<td width=\"452\">FeliCa<\/td>\n<\/tr>\n<tr>\n<td colspan=\"2\" width=\"702\">SAM Kart interfeysi<\/td>\n<\/tr>\n<tr>\n<td width=\"250\">Slotlar\u0131n say\u0131<\/td>\n<td width=\"452\">3 Standart S\u0130M \u00f6l\u00e7\u00fcl\u00fc Kart Yuvas\u0131<\/td>\n<\/tr>\n<tr>\n<td width=\"250\">Standart<\/td>\n<td width=\"452\">ISO 7816 Sinif A (5 V)<\/td>\n<\/tr>\n<tr>\n<td width=\"250\">Protokol<\/td>\n<td width=\"452\">T=0; T=1<\/td>\n<\/tr>\n<tr>\n<td colspan=\"2\" width=\"702\">Daxili periferik qur\u011fular<\/td>\n<\/tr>\n<tr>\n<td rowspan=\"3\" width=\"250\">LCD<\/td>\n<td width=\"452\">Sar\u0131-ya\u015f\u0131l arxa i\u015f\u0131ql\u0131 qrafik LCD<\/td>\n<\/tr>\n<tr>\n<td width=\"452\">\u00c7\u00f6z\u00fcn\u00fcrl\u00fck: 128 x 32 piksel<\/td>\n<\/tr>\n<tr>\n<td width=\"452\">Simvollar\u0131n say\u0131: 16 simvol x 2 s\u0259tir<\/td>\n<\/tr>\n<tr>\n<td width=\"250\">LED<\/td>\n<td width=\"452\">4 t\u0259k r\u0259ngli: Ya\u015f\u0131l, Mavi, Nar\u0131nc\u0131 v\u0259 Q\u0131rm\u0131z\u0131<\/td>\n<\/tr>\n<tr>\n<td width=\"250\">Buzzer<\/td>\n<td width=\"452\">Monoton<\/td>\n<\/tr>\n<tr>\n<td colspan=\"2\" width=\"702\">Dig\u0259r X\u00fcsusiyy\u0259tl\u0259r<\/td>\n<\/tr>\n<tr>\n<td width=\"250\">Mikroproqram\u0131n t\u0259kmill\u0259\u015fdirilm\u0259si<\/td>\n<td width=\"452\">D\u0259st\u0259kl\u0259nir<\/td>\n<\/tr>\n<tr>\n<td colspan=\"2\" width=\"702\">Sertifikatlar\/Uy\u011funluq<\/td>\n<\/tr>\n<tr>\n<td rowspan=\"13\" width=\"250\">Sertifikatlar\/Uy\u011funluq<\/td>\n<td width=\"452\">ISO 18092<\/td>\n<\/tr>\n<tr>\n<td width=\"452\">ISO 14443<\/td>\n<\/tr>\n<tr>\n<td width=\"452\">ISO 7816 (SAM Yuvas\u0131)<\/td>\n<\/tr>\n<tr>\n<td width=\"452\">USB Tam S\u00fcr\u0259t<\/td>\n<\/tr>\n<tr>\n<td width=\"452\">PC\/SC<\/td>\n<\/tr>\n<tr>\n<td width=\"452\">CCID<\/td>\n<\/tr>\n<tr>\n<td width=\"452\">VCCI (Yaponiya)<\/td>\n<\/tr>\n<tr>\n<td width=\"452\">KC (Koreya)<\/td>\n<\/tr>\n<tr>\n<td width=\"452\">Microsoft\u00ae WHQL<\/td>\n<\/tr>\n<tr>\n<td width=\"452\">CE<\/td>\n<\/tr>\n<tr>\n<td width=\"452\">FCC<\/td>\n<\/tr>\n<tr>\n<td width=\"452\">RoHS<\/td>\n<\/tr>\n<tr>\n<td width=\"452\">REACH<\/td>\n<\/tr>\n<tr>\n<td colspan=\"2\" width=\"702\">Cihaz S\u00fcr\u00fcc\u00fcs\u00fc \u018fm\u0259liyyat Sistemi D\u0259st\u0259yi<\/td>\n<\/tr>\n<tr>\n<td rowspan=\"5\" width=\"250\">Cihaz S\u00fcr\u00fcc\u00fcs\u00fc \u018fm\u0259liyyat Sistemi D\u0259st\u0259yi<\/td>\n<td width=\"452\">Windows\u00ae<\/td>\n<\/tr>\n<tr>\n<td width=\"452\">Linux\u00ae<\/td>\n<\/tr>\n<tr>\n<td width=\"452\">MAC OS\u00ae<\/td>\n<\/tr>\n<tr>\n<td width=\"452\">Solaris<\/td>\n<\/tr>\n<tr>\n<td width=\"452\">Android\u2122<\/td>\n<\/tr>\n<\/tbody>\n<\/table>\n<\/div>\n<div><\/div>\n<div><\/div>\n<div><\/div>\n<div><\/div>","protected":false},"excerpt":{"rendered":"<p>ACR1222L, RFID NFC texnologiyas\u0131n\u0131 d\u0259st\u0259kl\u0259y\u0259n v\u0259 smart kart t\u0259tbiql\u0259ri \u00fc\u00e7\u00fcn g\u00fccl\u0259ndirilmi\u015f t\u0259hl\u00fck\u0259sizlik t\u0259klif ed\u0259n LCD displeyli \u00e7ox y\u00f6nl\u00fc USB t\u0259mass\u0131z oxuyucudur.<\/p>","protected":false},"featured_media":1563,"template":"","meta":[],"product_brand":[],"product_cat":[45,40],"product_tag":[],"class_list":{"0":"post-1558","1":"product","2":"type-product","3":"status-publish","4":"has-post-thumbnail","6":"product_cat-contactless-nfc-reader","7":"product_cat-rfid-nfc-reader","9":"first","10":"instock","11":"shipping-taxable","12":"product-type-simple"},"_links":{"self":[{"href":"https:\/\/nfc-readers.com\/az\/wp-json\/wp\/v2\/product\/1558","targetHints":{"allow":["GET"]}}],"collection":[{"href":"https:\/\/nfc-readers.com\/az\/wp-json\/wp\/v2\/product"}],"about":[{"href":"https:\/\/nfc-readers.com\/az\/wp-json\/wp\/v2\/types\/product"}],"wp:featuredmedia":[{"embeddable":true,"href":"https:\/\/nfc-readers.com\/az\/wp-json\/wp\/v2\/media\/1563"}],"wp:attachment":[{"href":"https:\/\/nfc-readers.com\/az\/wp-json\/wp\/v2\/media?parent=1558"}],"wp:term":[{"taxonomy":"product_brand","embeddable":true,"href":"https:\/\/nfc-readers.com\/az\/wp-json\/wp\/v2\/product_brand?post=1558"},{"taxonomy":"product_cat","embeddable":true,"href":"https:\/\/nfc-readers.com\/az\/wp-json\/wp\/v2\/product_cat?post=1558"},{"taxonomy":"product_tag","embeddable":true,"href":"https:\/\/nfc-readers.com\/az\/wp-json\/wp\/v2\/product_tag?post=1558"}],"curies":[{"name":"wp","href":"https:\/\/api.w.org\/{rel}","templated":true}]}}