{"id":1566,"date":"2024-04-07T06:26:05","date_gmt":"2024-04-07T06:26:05","guid":{"rendered":"https:\/\/nfc-readers.com\/?post_type=product&#038;p=1566"},"modified":"2024-10-16T06:20:36","modified_gmt":"2024-10-16T06:20:36","slug":"acm1281s-c7-serial-contactless-reader-module-with-sam-slot","status":"publish","type":"product","link":"https:\/\/nfc-readers.com\/az\/ic-reader\/acm1281s-c7-serial-contactless-reader-module-with-sam-slot\/","title":{"rendered":"SAM yuvas\u0131 olan ACM1281S-C7 Serial Kontakts\u0131z Oxucu Modulu"},"content":{"rendered":"<h1>SAM yuvas\u0131 olan ACM1281S-C7 Serial Kontakts\u0131z Oxucu Modulu<\/h1>\n<p>ACM1281S-C7 s\u00fcr\u0259tli, etibarl\u0131 v\u0259 t\u0259hl\u00fck\u0259siz qar\u015f\u0131l\u0131ql\u0131 \u0259laq\u0259 t\u0259l\u0259b ed\u0259n \u00e7oxlu proqramlar \u00fc\u00e7\u00fcn uy\u011fun olan y\u00fcks\u0259k s\u00fcr\u0259tli v\u0259 portativ atributlara malik qabaqc\u0131l Serial Kontakts\u0131z A\u011f\u0131ll\u0131 Kart oxuyucusunu t\u0259msil edir. Geni\u015fl\u0259ndirilmi\u015f APDU-nu d\u0259st\u0259kl\u0259m\u0259k qabiliyy\u0259ti v\u0259 istifad\u0259si asanl\u0131\u011f\u0131 bu oxucunu h\u0259m mobil, h\u0259m d\u0259 sabit m\u00fchitl\u0259r \u00fc\u00e7\u00fcn m\u00f6hk\u0259m h\u0259ll edir.<\/p>\n<ul>\n<li>\n<h2>Serial RS232 interfeysi<\/h2>\n<\/li>\n<li>\n<h2>Enerji t\u0259chizat\u0131 \u00fc\u00e7\u00fcn USB interfeysi<\/h2>\n<\/li>\n<li>\n<h2>CCID kimi \u00e7\u0259r\u00e7iv\u0259 format\u0131 (ikili format)<\/h2>\n<\/li>\n<li>\n<h2>USB proqram t\u0259minat\u0131n\u0131n t\u0259kmill\u0259\u015fdirilm\u0259si<\/h2>\n<\/li>\n<li>\n<h2>A\u011f\u0131ll\u0131 kart oxuyucusu:<\/h2>\n<ul>\n<li>\n<h3>Kontakts\u0131z interfeys:<\/h3>\n<ul>\n<li>\n<h4>848 kbps-\u0259 q\u0259d\u0259r oxuma\/yazma s\u00fcr\u0259ti<\/h4>\n<\/li>\n<li>\n<h4>50 mm-\u0259 q\u0259d\u0259r kart oxuma m\u0259saf\u0259si il\u0259 t\u0259mass\u0131z etiket\u0259 daxil olmaq \u00fc\u00e7\u00fcn qura\u015fd\u0131r\u0131lm\u0131\u015f antenna (etiket n\u00f6v\u00fcnd\u0259n as\u0131l\u0131 olaraq)<\/h4>\n<\/li>\n<li>\n<h4>ISO 14443 Part 4 Tip A v\u0259 B kartlar\u0131 v\u0259 MIFARE\u00ae Classic seriyas\u0131n\u0131 d\u0259st\u0259kl\u0259yir<\/h4>\n<\/li>\n<li>\n<h4>Daxili anti-toqqu\u015fma x\u00fcsusiyy\u0259ti (ist\u0259nil\u0259n vaxt yaln\u0131z 1 etiket\u0259 daxil olmaq m\u00fcmk\u00fcnd\u00fcr)<\/h4>\n<\/li>\n<li>\n<h4>Geni\u015fl\u0259ndirilmi\u015f APDU-nu d\u0259st\u0259kl\u0259yir (maks. 64 kbayt)<\/h4>\n<\/li>\n<\/ul>\n<\/li>\n<li>\n<h3>SAM interfeysi:<\/h3>\n<ul>\n<li>\n<h4>ISO 7816 uy\u011fun SAM yuvas\u0131, Sinif A (5V)<\/h4>\n<\/li>\n<\/ul>\n<\/li>\n<\/ul>\n<\/li>\n<li>\n<h2>Periferik qur\u011fular:<\/h2>\n<ul>\n<li>\n<h3>\u0130stifad\u0259\u00e7i t\u0259r\u0259find\u0259n idar\u0259 olunan iki r\u0259ngli LED<\/h3>\n<\/li>\n<li>\n<h3>\u0130stifad\u0259\u00e7i t\u0259r\u0259find\u0259n idar\u0259 olunan s\u0259s siqnal\u0131<\/h3>\n<\/li>\n<li>\n<div>\n<table width=\"551\">\n<tbody>\n<tr>\n<td colspan=\"2\" width=\"551\">Fiziki x\u00fcsusiyy\u0259tl\u0259r<\/td>\n<\/tr>\n<tr>\n<td width=\"226\">\u00d6l\u00e7\u00fcl\u0259r (mm)<\/td>\n<td width=\"325\">106,6 mm (U) x 67,0 q (W) x 16,0 q (Y)<\/td>\n<\/tr>\n<tr>\n<td width=\"226\">\u00c7\u0259ki (q)<\/td>\n<td width=\"325\">20,8 q<\/td>\n<\/tr>\n<tr>\n<td colspan=\"2\" width=\"551\">Serial interfeysi<\/td>\n<\/tr>\n<tr>\n<td width=\"226\">Protokol<\/td>\n<td width=\"325\">RS-232<\/td>\n<\/tr>\n<tr>\n<td width=\"226\">Ba\u011flay\u0131c\u0131 n\u00f6v\u00fc<\/td>\n<td width=\"325\">DB-9 birl\u0259\u015fdiricisi<\/td>\n<\/tr>\n<tr>\n<td width=\"226\">G\u00fcc m\u0259nb\u0259yi<\/td>\n<td width=\"325\">USB kabel vasit\u0259sil\u0259<\/td>\n<\/tr>\n<tr>\n<td width=\"226\">Kabel uzunlu\u011fu<\/td>\n<td width=\"325\">1,5 m, S\u00f6k\u00fcl\u0259 bil\u0259n (\u0130st\u0259y\u0259 g\u00f6r\u0259)<\/td>\n<\/tr>\n<tr>\n<td colspan=\"2\" width=\"551\">Kontakts\u0131z Smart Kart interfeysi<\/td>\n<\/tr>\n<tr>\n<td width=\"226\">Standart<\/td>\n<td width=\"325\">ISO 14443 A v\u0259 B Hiss\u0259l\u0259ri 1-4<\/td>\n<\/tr>\n<tr>\n<td rowspan=\"2\" width=\"226\">Protokol<\/td>\n<td width=\"325\">ISO14443-4 Uy\u011fun Kartlar, T=CL<\/td>\n<\/tr>\n<tr>\n<td width=\"325\">MIFARE\u00ae Klassik Kart Protokolu, T=CL<\/td>\n<\/tr>\n<tr>\n<td width=\"226\">Antena<\/td>\n<td width=\"325\">65 mm x 60 mm<\/td>\n<\/tr>\n<tr>\n<td colspan=\"2\" width=\"551\">SAM Kart interfeysi<\/td>\n<\/tr>\n<tr>\n<td width=\"226\">Slotlar\u0131n say\u0131<\/td>\n<td width=\"325\">1<\/td>\n<\/tr>\n<tr>\n<td width=\"226\">Standart<\/td>\n<td width=\"325\">ISO 7816 Hiss\u0259 1-3, Sinfi A (5 V)<\/td>\n<\/tr>\n<tr>\n<td width=\"226\">Protokol<\/td>\n<td width=\"325\">T=0; T=1<\/td>\n<\/tr>\n<tr>\n<td colspan=\"2\" width=\"551\">Daxili periferik qur\u011fular<\/td>\n<\/tr>\n<tr>\n<td width=\"226\">LED<\/td>\n<td width=\"325\">2 t\u0259k r\u0259ngli: Q\u0131rm\u0131z\u0131 v\u0259 Ya\u015f\u0131l<\/td>\n<\/tr>\n<tr>\n<td width=\"226\">Buzzer<\/td>\n<td width=\"325\">Monoton<\/td>\n<\/tr>\n<tr>\n<td colspan=\"2\" width=\"551\">Dig\u0259r X\u00fcsusiyy\u0259tl\u0259r<\/td>\n<\/tr>\n<tr>\n<td width=\"226\">Mikroproqram\u0131n t\u0259kmill\u0259\u015fdirilm\u0259si<\/td>\n<td width=\"325\">D\u0259st\u0259kl\u0259nir<\/td>\n<\/tr>\n<tr>\n<td colspan=\"2\" width=\"551\">Sertifikatlar\/Uy\u011funluq<\/td>\n<\/tr>\n<tr>\n<td rowspan=\"6\" width=\"226\">Sertifikatlar\/Uy\u011funluq<\/td>\n<td width=\"325\">ISO 7816 (SAM Yuvas\u0131)<\/td>\n<\/tr>\n<tr>\n<td width=\"325\">ISO 14443<\/td>\n<\/tr>\n<tr>\n<td width=\"325\">CE<\/td>\n<\/tr>\n<tr>\n<td width=\"325\">FCC<\/td>\n<\/tr>\n<tr>\n<td width=\"325\">RoHS<\/td>\n<\/tr>\n<tr>\n<td width=\"325\">REACH<\/td>\n<\/tr>\n<tr>\n<td colspan=\"2\" width=\"551\">Cihaz S\u00fcr\u00fcc\u00fcs\u00fc \u018fm\u0259liyyat Sistemi D\u0259st\u0259yi<\/td>\n<\/tr>\n<tr>\n<td rowspan=\"2\" width=\"226\">Cihaz S\u00fcr\u00fcc\u00fcs\u00fc \u018fm\u0259liyyat Sistemi D\u0259st\u0259yi<\/td>\n<td width=\"325\">Windows\u00ae<\/td>\n<\/tr>\n<tr>\n<td width=\"325\">Linux\u00ae<\/td>\n<\/tr>\n<\/tbody>\n<\/table>\n<\/div>\n<\/li>\n<\/ul>\n<\/li>\n<\/ul>","protected":false},"excerpt":{"rendered":"<p>ACM1281S-C7, m\u00fcxt\u0259lif qura\u015fd\u0131r\u0131lm\u0131\u015f proqramlar \u00fc\u00e7\u00fcn y\u00fcks\u0259k s\u00fcr\u0259tli performans v\u0259 asan inteqrasiya t\u0259klif ed\u0259n, SAM modulu il\u0259 y\u0131\u011fcam Serial Kontakts\u0131z Oxucudur.<\/p>","protected":false},"featured_media":1567,"template":"","meta":[],"product_brand":[],"product_cat":[45,41],"product_tag":[],"class_list":{"0":"post-1566","1":"product","2":"type-product","3":"status-publish","4":"has-post-thumbnail","6":"product_cat-contactless-nfc-reader","7":"product_cat-module-ic-reader","9":"first","10":"instock","11":"shipping-taxable","12":"product-type-simple"},"_links":{"self":[{"href":"https:\/\/nfc-readers.com\/az\/wp-json\/wp\/v2\/product\/1566","targetHints":{"allow":["GET"]}}],"collection":[{"href":"https:\/\/nfc-readers.com\/az\/wp-json\/wp\/v2\/product"}],"about":[{"href":"https:\/\/nfc-readers.com\/az\/wp-json\/wp\/v2\/types\/product"}],"wp:featuredmedia":[{"embeddable":true,"href":"https:\/\/nfc-readers.com\/az\/wp-json\/wp\/v2\/media\/1567"}],"wp:attachment":[{"href":"https:\/\/nfc-readers.com\/az\/wp-json\/wp\/v2\/media?parent=1566"}],"wp:term":[{"taxonomy":"product_brand","embeddable":true,"href":"https:\/\/nfc-readers.com\/az\/wp-json\/wp\/v2\/product_brand?post=1566"},{"taxonomy":"product_cat","embeddable":true,"href":"https:\/\/nfc-readers.com\/az\/wp-json\/wp\/v2\/product_cat?post=1566"},{"taxonomy":"product_tag","embeddable":true,"href":"https:\/\/nfc-readers.com\/az\/wp-json\/wp\/v2\/product_tag?post=1566"}],"curies":[{"name":"wp","href":"https:\/\/api.w.org\/{rel}","templated":true}]}}