{"id":1568,"date":"2024-04-07T06:30:24","date_gmt":"2024-04-07T06:30:24","guid":{"rendered":"https:\/\/nfc-readers.com\/?post_type=product&#038;p=1568"},"modified":"2024-10-16T06:16:19","modified_gmt":"2024-10-16T06:16:19","slug":"acm1252u-y3-usb-nfc-reader-module-with-detachable-antenna-board","status":"publish","type":"product","link":"https:\/\/nfc-readers.com\/az\/ic-reader\/acm1252u-y3-usb-nfc-reader-module-with-detachable-antenna-board\/","title":{"rendered":"ACM1252U-Y3 USB NFC Oxucu Modulu, \u00c7\u0131xar\u0131lan Antenna l\u00f6vh\u0259si il\u0259"},"content":{"rendered":"<h1>ACM1252U-Y3 USB NFC Oxucu Modulu, \u00c7\u0131xar\u0131lan Antenna l\u00f6vh\u0259si il\u0259<\/h1>\n<p>ACM1252U-Y3, qura\u015fd\u0131r\u0131lm\u0131\u015f NFC texnologiyas\u0131n\u0131 t\u0259l\u0259b ed\u0259n \u015fax\u0259l\u0259ndirilmi\u015f proqramlar \u00fc\u00e7\u00fcn \u0259sas olan \u0259n m\u00fcasir NFC Smart Card USB Reader Moduludur. Geni\u015f \u00e7e\u015fidli imkanlar\u0131, y\u00fcks\u0259k s\u00fcr\u0259tli m\u0259lumat \u00f6t\u00fcr\u00fclm\u0259si v\u0259 uy\u011funla\u015fma qabiliyy\u0259tini v\u0259 istifad\u0259\u00e7inin rahatl\u0131\u011f\u0131n\u0131 t\u0259\u015fviq ed\u0259n \u0259lav\u0259 x\u00fcsusiyy\u0259tl\u0259ri il\u0259 bu modul inteqrasiya olunmu\u015f sistem t\u0259tbiql\u0259rind\u0259 NFC \u0259m\u0259liyyatlar\u0131n\u0131 aktivl\u0259\u015fdirm\u0259k \u00fc\u00e7\u00fcn \u0259n yax\u015f\u0131 se\u00e7imdir.<\/p>\n<ul>\n<li>\n<h2>USB 2.0 Tam S\u00fcr\u0259tli \u0130nterfeys<\/h2>\n<\/li>\n<li>\n<h2>CCID Uy\u011funlu\u011fu<\/h2>\n<\/li>\n<li>\n<h2>USB proqram t\u0259minat\u0131n\u0131n t\u0259kmill\u0259\u015fdirilm\u0259si<\/h2>\n<\/li>\n<li>\n<h2>A\u011f\u0131ll\u0131 kart oxuyucusu:<\/h2>\n<ul>\n<li>\n<h3>Kontakts\u0131z interfeys:<\/h3>\n<ul>\n<li>\n<h4>424 kbps-\u0259 q\u0259d\u0259r oxuma\/yazma s\u00fcr\u0259ti<\/h4>\n<\/li>\n<li>\n<h4>50 mm-\u0259 q\u0259d\u0259r kart oxuma m\u0259saf\u0259si il\u0259 t\u0259mass\u0131z etiket\u0259 daxil olmaq \u00fc\u00e7\u00fcn qura\u015fd\u0131r\u0131lm\u0131\u015f antenna (etiket n\u00f6v\u00fcnd\u0259n as\u0131l\u0131 olaraq)<\/h4>\n<\/li>\n<li>\n<h4>ISO 14443 Tip A v\u0259 B, MIFARE\u00ae v\u0259 FeliCa kartlar\u0131 v\u0259 b\u00fct\u00fcn 4 n\u00f6v NFC (ISO\/IEC 18092) teql\u0259rini d\u0259st\u0259kl\u0259yir<\/h4>\n<\/li>\n<li>\n<h4>MIFARE\u00ae 7 bayt UID, MIFARE\u00ae Plus v\u0259 MIFARE\u00ae DESfire d\u0259st\u0259kl\u0259yir<\/h4>\n<\/li>\n<li>\n<h4>Daxili anti-toqqu\u015fma x\u00fcsusiyy\u0259ti (ist\u0259nil\u0259n vaxt yaln\u0131z 1 etiket\u0259 daxil olmaq m\u00fcmk\u00fcnd\u00fcr)<\/h4>\n<\/li>\n<li>\n<h4>NFC D\u0259st\u0259yi:<\/h4>\n<ul>\n<li>NFC Reader\/Writer Rejimi<\/li>\n<li>Peer-to-Peer Rejimi<\/li>\n<li>Kart\u0131n emulyasiyas\u0131 rejimi<\/li>\n<\/ul>\n<\/li>\n<\/ul>\n<\/li>\n<\/ul>\n<\/li>\n<li>\n<h2>T\u0259tbiq Proqramla\u015fd\u0131rma \u0130nterfeysi:<\/h2>\n<ul>\n<li>\n<h3>PC\/SC d\u0259st\u0259kl\u0259yir<\/h3>\n<\/li>\n<li>\n<h3>CT-API-ni d\u0259st\u0259kl\u0259yir (PC\/SC-nin \u00fcst\u00fcnd\u0259ki sar\u011f\u0131 vasit\u0259sil\u0259)<\/h3>\n<\/li>\n<\/ul>\n<\/li>\n<li>\n<h2>Periferik qur\u011fular:<\/h2>\n<ul>\n<li>\n<h3>\u0130stifad\u0259\u00e7i t\u0259r\u0259find\u0259n idar\u0259 olunan iki r\u0259ngli LED<\/h3>\n<\/li>\n<li>\n<h3>\u0130stifad\u0259\u00e7i t\u0259r\u0259find\u0259n idar\u0259 olunan s\u0259s siqnal\u0131<\/h3>\n<\/li>\n<li>\n<div>\n<table width=\"495\">\n<tbody>\n<tr>\n<td colspan=\"2\" width=\"495\">Fiziki x\u00fcsusiyy\u0259tl\u0259r<\/td>\n<\/tr>\n<tr>\n<td rowspan=\"2\" width=\"187\">\u00d6l\u00e7\u00fcl\u0259r (mm)<\/td>\n<td width=\"308\">\u018fsas l\u00f6vh\u0259: 55.0 mm (U) x 45.0 mm (W) x 5.1 mm (Y)<\/td>\n<\/tr>\n<tr>\n<td width=\"308\">Antena l\u00f6vh\u0259si: 91,0 mm (U) x 49,5 mm (W) x 5,1 mm (H)<\/td>\n<\/tr>\n<tr>\n<td width=\"187\">\u00c7\u0259ki (q)<\/td>\n<td width=\"308\">26,6 q<\/td>\n<\/tr>\n<tr>\n<td colspan=\"2\" width=\"495\">USB interfeysi<\/td>\n<\/tr>\n<tr>\n<td width=\"187\">Protokol<\/td>\n<td width=\"308\">USB CCID<\/td>\n<\/tr>\n<tr>\n<td width=\"187\">Ba\u011flay\u0131c\u0131 n\u00f6v\u00fc<\/td>\n<td width=\"308\">Standart tip A<\/td>\n<\/tr>\n<tr>\n<td width=\"187\">G\u00fcc m\u0259nb\u0259yi<\/td>\n<td width=\"308\">USB portundan<\/td>\n<\/tr>\n<tr>\n<td width=\"187\">S\u00fcr\u0259t<\/td>\n<td width=\"308\">USB Tam S\u00fcr\u0259t (12 Mbps)<\/td>\n<\/tr>\n<tr>\n<td width=\"187\">Kabel uzunlu\u011fu<\/td>\n<td width=\"308\">1,0 m, S\u00f6k\u00fcl\u0259 bil\u0259n (\u0130st\u0259y\u0259 g\u00f6r\u0259)<\/td>\n<\/tr>\n<tr>\n<td colspan=\"2\" width=\"495\">Kontakts\u0131z Smart Kart interfeysi<\/td>\n<\/tr>\n<tr>\n<td width=\"187\">Standart<\/td>\n<td width=\"308\">ISO\/IEC 18092 NFC, ISO 14443 Tip A v\u0259 B, MIFARE\u00ae, FeliCa<\/td>\n<\/tr>\n<tr>\n<td rowspan=\"4\" width=\"187\">Protokol<\/td>\n<td width=\"308\">ISO 14443-4 Uy\u011fun Kart, T=CL<\/td>\n<\/tr>\n<tr>\n<td width=\"308\">MIFARE\u00ae Klassik Kart, T=CL<\/td>\n<\/tr>\n<tr>\n<td width=\"308\">ISO18092, NFC etiketl\u0259ri<\/td>\n<\/tr>\n<tr>\n<td width=\"308\">FeliCa<\/td>\n<\/tr>\n<tr>\n<td width=\"187\">Antena<\/td>\n<td width=\"308\">77 mm x 49,5 mm<\/td>\n<\/tr>\n<tr>\n<td colspan=\"2\" width=\"495\">SAM Kart interfeysi<\/td>\n<\/tr>\n<tr>\n<td width=\"187\">Slotlar\u0131n say\u0131<\/td>\n<td width=\"308\">1 (\u0130st\u0259y\u0259 g\u00f6r\u0259)<\/td>\n<\/tr>\n<tr>\n<td colspan=\"2\" width=\"495\">Daxili periferik qur\u011fular<\/td>\n<\/tr>\n<tr>\n<td width=\"187\">LED<\/td>\n<td width=\"308\">1 ikir\u0259ng: Q\u0131rm\u0131z\u0131 v\u0259 Ya\u015f\u0131l<\/td>\n<\/tr>\n<tr>\n<td width=\"187\">Buzzer<\/td>\n<td width=\"308\">Monoton<\/td>\n<\/tr>\n<tr>\n<td colspan=\"2\" width=\"495\">Dig\u0259r X\u00fcsusiyy\u0259tl\u0259r<\/td>\n<\/tr>\n<tr>\n<td width=\"187\">Mikroproqram\u0131n t\u0259kmill\u0259\u015fdirilm\u0259si<\/td>\n<td width=\"308\">D\u0259st\u0259kl\u0259nir<\/td>\n<\/tr>\n<tr>\n<td colspan=\"2\" width=\"495\">Sertifikatlar\/Uy\u011funluq<\/td>\n<\/tr>\n<tr>\n<td rowspan=\"13\" width=\"187\">Sertifikatlar\/Uy\u011funluq<\/td>\n<td width=\"308\">EN 60950\/IEC 60950<\/td>\n<\/tr>\n<tr>\n<td width=\"308\">ISO 7816 (SAM Yuvas\u0131)<\/td>\n<\/tr>\n<tr>\n<td width=\"308\">ISO 14443<\/td>\n<\/tr>\n<tr>\n<td width=\"308\">ISO 18092<\/td>\n<\/tr>\n<tr>\n<td width=\"308\">USB Tam S\u00fcr\u0259t<\/td>\n<\/tr>\n<tr>\n<td width=\"308\">PC\/SC<\/td>\n<\/tr>\n<tr>\n<td width=\"308\">CCID<\/td>\n<\/tr>\n<tr>\n<td width=\"308\">VCCI (Yaponiya)<\/td>\n<\/tr>\n<tr>\n<td width=\"308\">CE<\/td>\n<\/tr>\n<tr>\n<td width=\"308\">FCC<\/td>\n<\/tr>\n<tr>\n<td width=\"308\">RoHS<\/td>\n<\/tr>\n<tr>\n<td width=\"308\">REACH<\/td>\n<\/tr>\n<tr>\n<td width=\"308\">Microsoft\u00ae WHQL<\/td>\n<\/tr>\n<tr>\n<td colspan=\"2\" width=\"495\">Cihaz S\u00fcr\u00fcc\u00fcs\u00fc \u018fm\u0259liyyat Sistemi D\u0259st\u0259yi<\/td>\n<\/tr>\n<tr>\n<td rowspan=\"5\" width=\"187\">Cihaz S\u00fcr\u00fcc\u00fcs\u00fc \u018fm\u0259liyyat Sistemi D\u0259st\u0259yi<\/td>\n<td width=\"308\">Windows\u00ae<\/td>\n<\/tr>\n<tr>\n<td width=\"308\">Linux\u00ae<\/td>\n<\/tr>\n<tr>\n<td width=\"308\">MAC OS\u00ae<\/td>\n<\/tr>\n<tr>\n<td width=\"308\">Solaris<\/td>\n<\/tr>\n<tr>\n<td width=\"308\">Android\u2122<\/td>\n<\/tr>\n<\/tbody>\n<\/table>\n<\/div>\n<\/li>\n<\/ul>\n<\/li>\n<\/ul>","protected":false},"excerpt":{"rendered":"<p>ACM1252U-Y3 13.56M texnologiyas\u0131ndan istifad\u0259 ed\u0259n, y\u00fcks\u0259k s\u00fcr\u0259tli m\u0259lumat m\u00fcbadil\u0259sini d\u0259st\u0259kl\u0259y\u0259n v\u0259 m\u00fcxt\u0259lif qura\u015fd\u0131r\u0131lm\u0131\u015f proqramlar \u00fc\u00e7\u00fcn ideal olan \u00e7ox y\u00f6nl\u00fc NFC USB moduludur.<\/p>","protected":false},"featured_media":1570,"template":"","meta":[],"product_brand":[],"product_cat":[45,41,40],"product_tag":[],"class_list":{"0":"post-1568","1":"product","2":"type-product","3":"status-publish","4":"has-post-thumbnail","6":"product_cat-contactless-nfc-reader","7":"product_cat-module-ic-reader","8":"product_cat-rfid-nfc-reader","10":"first","11":"instock","12":"shipping-taxable","13":"product-type-simple"},"_links":{"self":[{"href":"https:\/\/nfc-readers.com\/az\/wp-json\/wp\/v2\/product\/1568","targetHints":{"allow":["GET"]}}],"collection":[{"href":"https:\/\/nfc-readers.com\/az\/wp-json\/wp\/v2\/product"}],"about":[{"href":"https:\/\/nfc-readers.com\/az\/wp-json\/wp\/v2\/types\/product"}],"wp:featuredmedia":[{"embeddable":true,"href":"https:\/\/nfc-readers.com\/az\/wp-json\/wp\/v2\/media\/1570"}],"wp:attachment":[{"href":"https:\/\/nfc-readers.com\/az\/wp-json\/wp\/v2\/media?parent=1568"}],"wp:term":[{"taxonomy":"product_brand","embeddable":true,"href":"https:\/\/nfc-readers.com\/az\/wp-json\/wp\/v2\/product_brand?post=1568"},{"taxonomy":"product_cat","embeddable":true,"href":"https:\/\/nfc-readers.com\/az\/wp-json\/wp\/v2\/product_cat?post=1568"},{"taxonomy":"product_tag","embeddable":true,"href":"https:\/\/nfc-readers.com\/az\/wp-json\/wp\/v2\/product_tag?post=1568"}],"curies":[{"name":"wp","href":"https:\/\/api.w.org\/{rel}","templated":true}]}}