{"id":1572,"date":"2024-04-07T06:32:56","date_gmt":"2024-04-07T06:32:56","guid":{"rendered":"https:\/\/nfc-readers.com\/?post_type=product&#038;p=1572"},"modified":"2024-10-16T06:13:06","modified_gmt":"2024-10-16T06:13:06","slug":"acm1252u-z2-small-nfc-reader-module","status":"publish","type":"product","link":"https:\/\/nfc-readers.com\/az\/ic-reader\/acm1252u-z2-small-nfc-reader-module\/","title":{"rendered":"ACM1252U-Z2 Ki\u00e7ik NFC Oxucu Modulu"},"content":{"rendered":"<h1>ACM1252U-Z2 Ki\u00e7ik NFC Oxucu Modulu<\/h1>\n<p>ACM1252U-Z2 daxili sistem inteqrasiyas\u0131 \u00fc\u00e7\u00fcn haz\u0131rlanm\u0131\u015f \u00e7ox y\u00f6nl\u00fc v\u0259 m\u00f6hk\u0259m NFC oxuyucu moduludur v\u0259 geni\u015f protokol d\u0259st\u0259yi v\u0259 s\u0259m\u0259r\u0259li funksionall\u0131\u011f\u0131n d\u0259y\u0259rli qar\u0131\u015f\u0131\u011f\u0131n\u0131 t\u0259qdim edir. Onun anti-toqqu\u015fma x\u00fcsusiyy\u0259ti \u00e7ox kartl\u0131 ssenaril\u0259rd\u0259 faydal\u0131l\u0131q \u0259lav\u0259 ed\u0259r\u0259k, NFC texnologiyas\u0131n\u0131n m\u0259nz\u0259r\u0259sind\u0259 s\u0259rf\u0259li h\u0259ll kimi rolunu m\u00f6hk\u0259ml\u0259ndirir.<\/p>\n<ul>\n<li>\n<h2>USB 2.0 Tam S\u00fcr\u0259tli \u0130nterfeys<\/h2>\n<\/li>\n<li>\n<h2>CCID Uy\u011funlu\u011fu<\/h2>\n<\/li>\n<li>\n<h2>Kontakts\u0131z Kart D\u0259st\u0259yi:<\/h2>\n<ul>\n<li>\n<h3>424 kbps-\u0259 q\u0259d\u0259r oxuma\/yazma s\u00fcr\u0259ti<\/h3>\n<\/li>\n<li>\n<h3>30 mm-\u0259 q\u0259d\u0259r kart oxumaq m\u0259saf\u0259si il\u0259 t\u0259mass\u0131z etiket\u0259 daxil olmaq \u00fc\u00e7\u00fcn qura\u015fd\u0131r\u0131lm\u0131\u015f antenna (etiket n\u00f6v\u00fcnd\u0259n as\u0131l\u0131 olaraq)<\/h3>\n<\/li>\n<li>\n<h3>ISO 14443 Part 4 Tip A v\u0259 B kartlar\u0131, MIFARE\u00ae, FeliCa v\u0259 b\u00fct\u00fcn d\u00f6rd n\u00f6v NFC (ISO 18092 etiketl\u0259ri) d\u0259st\u0259kl\u0259yir<\/h3>\n<\/li>\n<li>\n<h3>Daxili anti-toqqu\u015fma x\u00fcsusiyy\u0259ti (ist\u0259nil\u0259n vaxt yaln\u0131z bir etiket\u0259 daxil olur)<\/h3>\n<\/li>\n<\/ul>\n<\/li>\n<li>\n<h2>T\u0259tbiq proqramla\u015fd\u0131rma interfeysi<\/h2>\n<ul>\n<li>\n<h3>PC\/SC d\u0259st\u0259kl\u0259yir<\/h3>\n<\/li>\n<\/ul>\n<\/li>\n<li>\n<h2>USB proqram t\u0259minat\u0131n\u0131n t\u0259kmill\u0259\u015fdirilm\u0259si<\/h2>\n<\/li>\n<li>\n<div>\n<table width=\"574\">\n<tbody>\n<tr>\n<td colspan=\"2\" width=\"574\">Fiziki x\u00fcsusiyy\u0259tl\u0259r<\/td>\n<\/tr>\n<tr>\n<td width=\"204\">\u00d6l\u00e7\u00fcl\u0259r (mm)<\/td>\n<td width=\"370\">52,0 mm (U) x 20,0 mm (W) x 6,0 mm (Y)<\/td>\n<\/tr>\n<tr>\n<td width=\"204\">\u00c7\u0259ki (q)<\/td>\n<td width=\"370\">3,65 q<\/td>\n<\/tr>\n<tr>\n<td colspan=\"2\" width=\"574\">USB interfeysi<\/td>\n<\/tr>\n<tr>\n<td width=\"204\">Protokol<\/td>\n<td width=\"370\">USB CCID<\/td>\n<\/tr>\n<tr>\n<td width=\"204\">Ba\u011flay\u0131c\u0131 n\u00f6v\u00fc<\/td>\n<td width=\"370\">Mikro USB<\/td>\n<\/tr>\n<tr>\n<td width=\"204\">G\u00fcc m\u0259nb\u0259yi<\/td>\n<td width=\"370\">USB portundan<\/td>\n<\/tr>\n<tr>\n<td width=\"204\">S\u00fcr\u0259t<\/td>\n<td width=\"370\">USB Tam S\u00fcr\u0259t (12 Mbps)<\/td>\n<\/tr>\n<tr>\n<td width=\"204\">Kabel uzunlu\u011fu<\/td>\n<td width=\"370\">1,0 m, S\u00f6k\u00fcl\u0259 bil\u0259n (\u0130st\u0259y\u0259 g\u00f6r\u0259)<\/td>\n<\/tr>\n<tr>\n<td colspan=\"2\" width=\"574\">Kontakts\u0131z Smart Kart interfeysi<\/td>\n<\/tr>\n<tr>\n<td width=\"204\">Standart<\/td>\n<td width=\"370\">ISO\/IEC 18092 NFC, ISO 14443 Tip A v\u0259 B, MIFARE\u00ae, FeliCa<\/td>\n<\/tr>\n<tr>\n<td rowspan=\"4\" width=\"204\">Protokol<\/td>\n<td width=\"370\">ISO14443-4 Uy\u011fun Kartlar, T=CL<\/td>\n<\/tr>\n<tr>\n<td width=\"370\">MIFARE\u00ae Klassik Kart Protokolu, T=CL<\/td>\n<\/tr>\n<tr>\n<td width=\"370\">ISO 18092, NFC Teql\u0259ri<\/td>\n<\/tr>\n<tr>\n<td width=\"370\">FeliCa<\/td>\n<\/tr>\n<tr>\n<td width=\"204\">Antena<\/td>\n<td width=\"370\">20 mm x 22 mm<\/td>\n<\/tr>\n<tr>\n<td colspan=\"2\" width=\"574\">Daxili periferik qur\u011fular<\/td>\n<\/tr>\n<tr>\n<td width=\"204\">LED<\/td>\n<td width=\"370\">1 ikir\u0259ng: Q\u0131rm\u0131z\u0131 v\u0259 Ya\u015f\u0131l<\/td>\n<\/tr>\n<tr>\n<td colspan=\"2\" width=\"574\">Dig\u0259r X\u00fcsusiyy\u0259tl\u0259r<\/td>\n<\/tr>\n<tr>\n<td width=\"204\">Mikroproqram\u0131n t\u0259kmill\u0259\u015fdirilm\u0259si<\/td>\n<td width=\"370\">D\u0259st\u0259kl\u0259nir<\/td>\n<\/tr>\n<tr>\n<td colspan=\"2\" width=\"574\">Sertifikatlar\/Uy\u011funluq<\/td>\n<\/tr>\n<tr>\n<td rowspan=\"10\" width=\"204\">Sertifikatlar\/Uy\u011funluq<\/td>\n<td width=\"370\">ISO 14443<\/td>\n<\/tr>\n<tr>\n<td width=\"370\">ISO 18092<\/td>\n<\/tr>\n<tr>\n<td width=\"370\">USB Tam S\u00fcr\u0259t<\/td>\n<\/tr>\n<tr>\n<td width=\"370\">PC\/SC<\/td>\n<\/tr>\n<tr>\n<td width=\"370\">CCID<\/td>\n<\/tr>\n<tr>\n<td width=\"370\">CE<\/td>\n<\/tr>\n<tr>\n<td width=\"370\">FCC<\/td>\n<\/tr>\n<tr>\n<td width=\"370\">RoHS<\/td>\n<\/tr>\n<tr>\n<td width=\"370\">REACH<\/td>\n<\/tr>\n<tr>\n<td width=\"370\">Microsoft\u00ae WHQL<\/td>\n<\/tr>\n<tr>\n<td colspan=\"2\" width=\"574\">Cihaz S\u00fcr\u00fcc\u00fcs\u00fc \u018fm\u0259liyyat Sistemi D\u0259st\u0259yi<\/td>\n<\/tr>\n<tr>\n<td rowspan=\"5\" width=\"204\">Cihaz S\u00fcr\u00fcc\u00fcs\u00fc \u018fm\u0259liyyat Sistemi D\u0259st\u0259yi<\/td>\n<td width=\"370\">Windows\u00ae<\/td>\n<\/tr>\n<tr>\n<td width=\"370\">Linux\u00ae<\/td>\n<\/tr>\n<tr>\n<td width=\"370\">MAC OS\u00ae<\/td>\n<\/tr>\n<tr>\n<td width=\"370\">Solaris<\/td>\n<\/tr>\n<tr>\n<td width=\"370\">Android\u2122<\/td>\n<\/tr>\n<\/tbody>\n<\/table>\n<\/div>\n<\/li>\n<\/ul>","protected":false},"excerpt":{"rendered":"<p>ACM1252U-Z2, 13,56M-d\u0259 i\u015fl\u0259y\u0259n, ISO 14443 v\u0259 18092-ni d\u0259st\u0259kl\u0259y\u0259n y\u00fcks\u0259k performansl\u0131 NFC USB moduludur v\u0259 onu daxili NFC proqramlar\u0131 \u00fc\u00e7\u00fcn ideal edir.<\/p>","protected":false},"featured_media":1573,"template":"","meta":[],"product_brand":[],"product_cat":[45,41,40],"product_tag":[],"class_list":{"0":"post-1572","1":"product","2":"type-product","3":"status-publish","4":"has-post-thumbnail","6":"product_cat-contactless-nfc-reader","7":"product_cat-module-ic-reader","8":"product_cat-rfid-nfc-reader","10":"first","11":"instock","12":"shipping-taxable","13":"product-type-simple"},"_links":{"self":[{"href":"https:\/\/nfc-readers.com\/az\/wp-json\/wp\/v2\/product\/1572","targetHints":{"allow":["GET"]}}],"collection":[{"href":"https:\/\/nfc-readers.com\/az\/wp-json\/wp\/v2\/product"}],"about":[{"href":"https:\/\/nfc-readers.com\/az\/wp-json\/wp\/v2\/types\/product"}],"wp:featuredmedia":[{"embeddable":true,"href":"https:\/\/nfc-readers.com\/az\/wp-json\/wp\/v2\/media\/1573"}],"wp:attachment":[{"href":"https:\/\/nfc-readers.com\/az\/wp-json\/wp\/v2\/media?parent=1572"}],"wp:term":[{"taxonomy":"product_brand","embeddable":true,"href":"https:\/\/nfc-readers.com\/az\/wp-json\/wp\/v2\/product_brand?post=1572"},{"taxonomy":"product_cat","embeddable":true,"href":"https:\/\/nfc-readers.com\/az\/wp-json\/wp\/v2\/product_cat?post=1572"},{"taxonomy":"product_tag","embeddable":true,"href":"https:\/\/nfc-readers.com\/az\/wp-json\/wp\/v2\/product_tag?post=1572"}],"curies":[{"name":"wp","href":"https:\/\/api.w.org\/{rel}","templated":true}]}}