{"id":1579,"date":"2024-04-07T06:47:40","date_gmt":"2024-04-07T06:47:40","guid":{"rendered":"https:\/\/nfc-readers.com\/?post_type=product&#038;p=1579"},"modified":"2024-10-16T03:17:58","modified_gmt":"2024-10-16T03:17:58","slug":"acm1252u-z6-small-nfc-reader-module","status":"publish","type":"product","link":"https:\/\/nfc-readers.com\/az\/ic-reader\/acm1252u-z6-small-nfc-reader-module\/","title":{"rendered":"ACM1252U-Z6 Ki\u00e7ik NFC Oxucu Modulu"},"content":{"rendered":"<h1>ACM1252U-Z6 Ki\u00e7ik NFC Oxucu Modulu<\/h1>\n<p>ACM1252U-Z6 modulu kompakt v\u0259 s\u0259m\u0259r\u0259li NFC kart oxuma texnologiyas\u0131n\u0131 t\u0259c\u0259ss\u00fcm etdirir, qura\u015fd\u0131r\u0131lm\u0131\u015f sisteml\u0259r\u0259 q\u00fcsursuz inteqrasiya \u00fc\u00e7\u00fcn uy\u011fundur, eyni zamanda t\u0259mass\u0131z rabit\u0259 ehtiyaclar\u0131 \u00fc\u00e7\u00fcn m\u00fck\u0259mm\u0259l h\u0259ll t\u0259qdim edir. O, kosmosa h\u0259ssas t\u0259tbiql\u0259rin t\u0259l\u0259b etdiyi praktiklik v\u0259 \u00e7eviklikl\u0259 birl\u0259\u015f\u0259n geni\u015f NFC-ni aktivl\u0259\u015fdir\u0259n cihazlarla uy\u011funlu\u011fu t\u0259min edir.<\/p>\n<ul>\n<li>\n<h2><span class=\"s1\">6 pinli FFC konnektoru vasit\u0259sil\u0259 tam s\u00fcr\u0259tli USB interfeysi<\/span><\/h2>\n<\/li>\n<li>\n<h2><span class=\"s1\">CCID Uy\u011funlu\u011fu<\/span><\/h2>\n<\/li>\n<li>\n<h2><span class=\"s1\">USB proqram t\u0259minat\u0131n\u0131n t\u0259kmill\u0259\u015fdirilm\u0259si<\/span><\/h2>\n<\/li>\n<li>\n<h2><span class=\"s1\">A\u011f\u0131ll\u0131 kart oxuyucusu:<\/span><\/h2>\n<ul>\n<li>\n<h3>Kontakts\u0131z interfeys:<\/h3>\n<ul>\n<li>\n<h4>424 kbps-\u0259 q\u0259d\u0259r oxuma\/yazma s\u00fcr\u0259ti<\/h4>\n<\/li>\n<li>\n<h4>30 mm-\u0259 q\u0259d\u0259r kart oxuma m\u0259saf\u0259si il\u0259 t\u0259mass\u0131z etiket giri\u015fi \u00fc\u00e7\u00fcn qura\u015fd\u0131r\u0131lm\u0131\u015f antenna (etiket n\u00f6v\u00fcnd\u0259n as\u0131l\u0131 olaraq)<\/h4>\n<\/li>\n<li>\n<h4>ISO 14443 Part 4 Tip A v\u0259 B kartlar\u0131, MIFARE\u00ae, FeliCa v\u0259 b\u00fct\u00fcn d\u00f6rd n\u00f6v NFC (ISO 18092 etiketl\u0259ri) d\u0259st\u0259kl\u0259yir<\/h4>\n<\/li>\n<li>\n<h4>Daxili anti-toqqu\u015fma x\u00fcsusiyy\u0259ti (ist\u0259nil\u0259n vaxt yaln\u0131z 1 etiket\u0259 daxil olmaq m\u00fcmk\u00fcnd\u00fcr)<\/h4>\n<\/li>\n<li>\n<h4>NFC D\u0259st\u0259yi:<\/h4>\n<ul>\n<li>\n<h5>Kart oxuyucu\/yaz\u0131\u00e7\u0131 rejimi<\/h5>\n<\/li>\n<li>\n<h5>Peer-to-Peer Rejimi<\/h5>\n<\/li>\n<li>\n<h5>Kart\u0131n emulyasiyas\u0131 rejimi<\/h5>\n<\/li>\n<\/ul>\n<\/li>\n<\/ul>\n<\/li>\n<\/ul>\n<\/li>\n<li>\n<h2>Daxili periferik qur\u011fular:<\/h2>\n<ul>\n<li>\n<h3><span class=\"s1\">\u0130stifad\u0259\u00e7i t\u0259r\u0259find\u0259n idar\u0259 olunan iki r\u0259ngli LED<\/span><\/h3>\n<\/li>\n<\/ul>\n<\/li>\n<li>\n<h2>T\u0259tbiq Proqramla\u015fd\u0131rma \u0130nterfeysi:<\/h2>\n<ul>\n<li>\n<h3><span class=\"s1\">PC\/SC d\u0259st\u0259kl\u0259yir<\/span><\/h3>\n<\/li>\n<li>\n<h3><span class=\"s1\">CT-API-ni d\u0259st\u0259kl\u0259yir (PC\/SC-nin \u00fcst\u00fcnd\u0259ki sar\u011f\u0131 vasit\u0259sil\u0259)<\/span><\/h3>\n<\/li>\n<\/ul>\n<\/li>\n<li>\n<h2>Android\u2122 3.1 v\u0259 sonrak\u0131 versiyalar\u0131 d\u0259st\u0259kl\u0259yir<\/h2>\n<\/li>\n<li>\n<div>\n<table width=\"536\">\n<tbody>\n<tr>\n<td colspan=\"2\" width=\"536\">Fiziki x\u00fcsusiyy\u0259tl\u0259r<\/td>\n<\/tr>\n<tr>\n<td width=\"182\">\u00d6l\u00e7\u00fcl\u0259r (mm)<\/td>\n<td width=\"354\">52,0 mm (U) x 20,0 mm (W) x 6,0 mm (Y)<\/td>\n<\/tr>\n<tr>\n<td width=\"182\">\u00c7\u0259ki (q)<\/td>\n<td width=\"354\">3,45 q<\/td>\n<\/tr>\n<tr>\n<td colspan=\"2\" width=\"536\">USB interfeysi<\/td>\n<\/tr>\n<tr>\n<td width=\"182\">Protokol<\/td>\n<td width=\"354\">USB CCID<\/td>\n<\/tr>\n<tr>\n<td width=\"182\">Ba\u011flay\u0131c\u0131 n\u00f6v\u00fc<\/td>\n<td width=\"354\">6 pinli FFC<\/td>\n<\/tr>\n<tr>\n<td width=\"182\">G\u00fcc m\u0259nb\u0259yi<\/td>\n<td width=\"354\">FFC Konnektorundan<\/td>\n<\/tr>\n<tr>\n<td width=\"182\">S\u00fcr\u0259t<\/td>\n<td width=\"354\">USB Tam S\u00fcr\u0259t (12 Mbps)<\/td>\n<\/tr>\n<tr>\n<td colspan=\"2\" width=\"536\">Kontakts\u0131z Smart Kart interfeysi<\/td>\n<\/tr>\n<tr>\n<td width=\"182\">Standart<\/td>\n<td width=\"354\">ISO\/IEC 18092 NFC, ISO 14443 Tip A v\u0259 B, MIFARE\u00ae, FeliCa<\/td>\n<\/tr>\n<tr>\n<td rowspan=\"4\" width=\"182\">Protokol<\/td>\n<td width=\"354\">ISO14443-4 Uy\u011fun Kartlar, T=CL<\/td>\n<\/tr>\n<tr>\n<td width=\"354\">MIFARE\u00ae Klassik Kart Protokolu, T=CL<\/td>\n<\/tr>\n<tr>\n<td width=\"354\">ISO 18092, NFC Teql\u0259ri<\/td>\n<\/tr>\n<tr>\n<td width=\"354\">FeliCa<\/td>\n<\/tr>\n<tr>\n<td width=\"182\">Antena<\/td>\n<td width=\"354\">20 mm x 22 mm<\/td>\n<\/tr>\n<tr>\n<td colspan=\"2\" width=\"536\">Daxili periferik qur\u011fular<\/td>\n<\/tr>\n<tr>\n<td width=\"182\">LED<\/td>\n<td width=\"354\">1 ikir\u0259ng: Q\u0131rm\u0131z\u0131 v\u0259 Ya\u015f\u0131l<\/td>\n<\/tr>\n<tr>\n<td colspan=\"2\" width=\"536\">Dig\u0259r X\u00fcsusiyy\u0259tl\u0259r<\/td>\n<\/tr>\n<tr>\n<td width=\"182\">Mikroproqram\u0131n t\u0259kmill\u0259\u015fdirilm\u0259si<\/td>\n<td width=\"354\">D\u0259st\u0259kl\u0259nir<\/td>\n<\/tr>\n<tr>\n<td colspan=\"2\" width=\"536\">Sertifikatlar\/Uy\u011funluq<\/td>\n<\/tr>\n<tr>\n<td rowspan=\"10\" width=\"182\">Sertifikatlar\/Uy\u011funluq<\/td>\n<td width=\"354\">ISO 18092<\/td>\n<\/tr>\n<tr>\n<td width=\"354\">ISO 14443<\/td>\n<\/tr>\n<tr>\n<td width=\"354\">USB Tam S\u00fcr\u0259t<\/td>\n<\/tr>\n<tr>\n<td width=\"354\">PC\/SC<\/td>\n<\/tr>\n<tr>\n<td width=\"354\">CCID<\/td>\n<\/tr>\n<tr>\n<td width=\"354\">CE<\/td>\n<\/tr>\n<tr>\n<td width=\"354\">FCC<\/td>\n<\/tr>\n<tr>\n<td width=\"354\">RoHS<\/td>\n<\/tr>\n<tr>\n<td width=\"354\">REACH<\/td>\n<\/tr>\n<tr>\n<td width=\"354\">Microsoft\u00ae WHQL<\/td>\n<\/tr>\n<tr>\n<td colspan=\"2\" width=\"536\">Cihaz S\u00fcr\u00fcc\u00fcs\u00fc \u018fm\u0259liyyat Sistemi D\u0259st\u0259yi<\/td>\n<\/tr>\n<tr>\n<td rowspan=\"5\" width=\"182\">Cihaz S\u00fcr\u00fcc\u00fcs\u00fc \u018fm\u0259liyyat Sistemi D\u0259st\u0259yi<\/td>\n<td width=\"354\">Windows\u00ae<\/td>\n<\/tr>\n<tr>\n<td width=\"354\">Linux\u00ae<\/td>\n<\/tr>\n<tr>\n<td width=\"354\">MAC OS\u00ae<\/td>\n<\/tr>\n<tr>\n<td width=\"354\">Solaris<\/td>\n<\/tr>\n<tr>\n<td width=\"354\">Android\u2122<\/td>\n<\/tr>\n<\/tbody>\n<\/table>\n<\/div>\n<\/li>\n<\/ul>","protected":false},"excerpt":{"rendered":"<p>ACM1252U-Z6 s\u0259m\u0259r\u0259li smart kart \u0259m\u0259liyyatlar\u0131 \u00fc\u00e7\u00fcn ISO 14443 v\u0259 18092 standartlar\u0131n\u0131 d\u0259st\u0259kl\u0259y\u0259n CCID v\u0259 PC\/SC il\u0259 uy\u011fun g\u0259l\u0259n \u00e7ox y\u00f6nl\u00fc NFC USB Reader v\u0259 RFID moduludur.<\/p>","protected":false},"featured_media":1580,"template":"","meta":[],"product_brand":[],"product_cat":[41,40],"product_tag":[],"class_list":{"0":"post-1579","1":"product","2":"type-product","3":"status-publish","4":"has-post-thumbnail","6":"product_cat-module-ic-reader","7":"product_cat-rfid-nfc-reader","9":"first","10":"instock","11":"shipping-taxable","12":"product-type-simple"},"_links":{"self":[{"href":"https:\/\/nfc-readers.com\/az\/wp-json\/wp\/v2\/product\/1579","targetHints":{"allow":["GET"]}}],"collection":[{"href":"https:\/\/nfc-readers.com\/az\/wp-json\/wp\/v2\/product"}],"about":[{"href":"https:\/\/nfc-readers.com\/az\/wp-json\/wp\/v2\/types\/product"}],"wp:featuredmedia":[{"embeddable":true,"href":"https:\/\/nfc-readers.com\/az\/wp-json\/wp\/v2\/media\/1580"}],"wp:attachment":[{"href":"https:\/\/nfc-readers.com\/az\/wp-json\/wp\/v2\/media?parent=1579"}],"wp:term":[{"taxonomy":"product_brand","embeddable":true,"href":"https:\/\/nfc-readers.com\/az\/wp-json\/wp\/v2\/product_brand?post=1579"},{"taxonomy":"product_cat","embeddable":true,"href":"https:\/\/nfc-readers.com\/az\/wp-json\/wp\/v2\/product_cat?post=1579"},{"taxonomy":"product_tag","embeddable":true,"href":"https:\/\/nfc-readers.com\/az\/wp-json\/wp\/v2\/product_tag?post=1579"}],"curies":[{"name":"wp","href":"https:\/\/api.w.org\/{rel}","templated":true}]}}