{"id":1598,"date":"2024-04-07T07:36:03","date_gmt":"2024-04-07T07:36:03","guid":{"rendered":"https:\/\/nfc-readers.com\/?post_type=product&#038;p=1598"},"modified":"2024-10-16T03:12:59","modified_gmt":"2024-10-16T03:12:59","slug":"acr1552u-m1-nfc-rfid-reader-writer","status":"publish","type":"product","link":"https:\/\/nfc-readers.com\/az\/ic-reader\/acr1552u-m1-nfc-rfid-reader-writer\/","title":{"rendered":"ACR1552U-M1 NFC rfid oxuyucusu\/yaz\u0131\u00e7\u0131s\u0131"},"content":{"rendered":"<h1>ACR1552U-M1 NFC rfid oxuyucusu\/yaz\u0131\u00e7\u0131s\u0131<\/h1>\n<p>ACR1552U-M1 USB-C NFC Reader \u00e7oxlu smart kart funksiyalar\u0131na cavab ver\u0259n g\u00fccl\u00fc, \u00e7ox y\u00f6nl\u00fc cihaz\u0131 \u0259hat\u0259 edir. T\u0259hl\u00fck\u0259sizliyi, uy\u011funla\u015fma qabiliyy\u0259tini v\u0259 h\u0259rt\u0259r\u0259fli smart kart uy\u011funlu\u011funu vur\u011fulayan qabaqc\u0131l x\u00fcsusiyy\u0259tl\u0259rl\u0259 istifad\u0259\u00e7il\u0259ri \u0259min edir v\u0259 onu bir s\u0131ra s\u0259nayel\u0259rd\u0259 \u0259v\u0259zolunmaz vasit\u0259y\u0259 \u00e7evirir.<\/p>\n<ul>\n<li>\n<h2>USB 2.0 Tam S\u00fcr\u0259tli \u0130nterfeys<\/h2>\n<\/li>\n<li>\n<h2>CCID Uy\u011funlu\u011fu<\/h2>\n<\/li>\n<li>\n<h2>Kontakts\u0131z A\u011f\u0131ll\u0131 Kart Oxuyucu:<\/h2>\n<ul>\n<li>\n<h3>848 kbps-\u0259 q\u0259d\u0259r oxuma\/yazma s\u00fcr\u0259ti<\/h3>\n<\/li>\n<li>\n<h3>70 mm-\u0259 q\u0259d\u0259r kart oxumaq m\u0259saf\u0259si il\u0259 t\u0259mass\u0131z etiket\u0259 daxil olmaq \u00fc\u00e7\u00fcn qura\u015fd\u0131r\u0131lm\u0131\u015f antenna (etiket n\u00f6v\u00fcnd\u0259n as\u0131l\u0131 olaraq)<\/h3>\n<\/li>\n<li>\n<h3>ISO 14443 Tip A v\u0259 B kartlar\u0131, ISO 15693 Kartlar\u0131 v\u0259 ISO18092 NFC-ni d\u0259st\u0259kl\u0259yir<\/h3>\n<\/li>\n<li>\n<h3>MIFARE\u00ae (T=CL), FeliCa, NFC teql\u0259ri, SRI\/SRIX, CTS, Innovatron, Picopass, Topaz Card-\u0131 d\u0259st\u0259kl\u0259yir<\/h3>\n<\/li>\n<li>\n<h3>Daxili toqqu\u015fma \u0259leyhin\u0259 x\u00fcsusiyy\u0259t<\/h3>\n<\/li>\n<li>\n<h3>Geni\u015fl\u0259ndirilmi\u015f APDU-nu d\u0259st\u0259kl\u0259yir (maks. 64 kbayt)<\/h3>\n<\/li>\n<li>\n<h3>Bir ISO7816 uy\u011fun SAM yuvas\u0131 (Sinif A)<\/h3>\n<\/li>\n<li>\n<h3>NFC d\u0259st\u0259yi<\/h3>\n<ul>\n<li>\n<h4>\u00a0 \u00a0Smart Card Reader\/Writer Rejimi<\/h4>\n<\/li>\n<li>\n<h4>\u00a0 \u00a0Kart\u0131n emulyasiyas\u0131 rejimi<\/h4>\n<\/li>\n<li>\n<h4>\u00a0 \u00a0Klaviatura emulyasiya rejimi<\/h4>\n<\/li>\n<\/ul>\n<\/li>\n<\/ul>\n<\/li>\n<li>\n<h2>T\u0259tbiq Proqramla\u015fd\u0131rma \u0130nterfeysi:<\/h2>\n<ul>\n<li>\n<h3>PC\/SC d\u0259st\u0259kl\u0259yir<\/h3>\n<\/li>\n<li>\n<h3>CT-API-ni d\u0259st\u0259kl\u0259yir (PC\/SC-nin \u00fcst\u00fcnd\u0259ki sar\u011f\u0131 vasit\u0259sil\u0259)<\/h3>\n<\/li>\n<\/ul>\n<\/li>\n<li>\n<h2>Periferik qur\u011fular:<\/h2>\n<ul>\n<li>\n<h3>\u0130stifad\u0259\u00e7i t\u0259r\u0259find\u0259n idar\u0259 olunan ikir\u0259ngli LED (Mavi v\u0259 Ya\u015f\u0131l)<\/h3>\n<\/li>\n<li>\n<h3>\u0130stifad\u0259\u00e7i t\u0259r\u0259find\u0259n idar\u0259 olunan s\u0259s siqnal\u0131 (Monoton)<\/h3>\n<\/li>\n<li>\n<h3>Bir SAM yuvas\u0131<\/h3>\n<\/li>\n<\/ul>\n<\/li>\n<li>\n<h2>USB proqram t\u0259minat\u0131n\u0131n t\u0259kmill\u0259\u015fdirilm\u0259si<\/h2>\n<\/li>\n<li>\n<div>\n<table width=\"528\">\n<tbody>\n<tr>\n<td colspan=\"2\" width=\"528\">Fiziki x\u00fcsusiyy\u0259tl\u0259r<\/td>\n<\/tr>\n<tr>\n<td rowspan=\"2\" width=\"215\">\u00d6l\u00e7\u00fcl\u0259r (mm)<\/td>\n<td width=\"313\">\u018fsas g\u00f6vd\u0259: 98 x 65 x 12,8 mm<\/td>\n<\/tr>\n<tr>\n<td width=\"313\">Antenan\u0131n \u00f6l\u00e7\u00fcs\u00fc: 50 x 40 mm<\/td>\n<\/tr>\n<tr>\n<td width=\"215\">\u00c7\u0259ki (q)<\/td>\n<td width=\"313\">89 q<\/td>\n<\/tr>\n<tr>\n<td colspan=\"2\" width=\"528\">USB interfeysi<\/td>\n<\/tr>\n<tr>\n<td width=\"215\">Protokol<\/td>\n<td width=\"313\">USB CCID<\/td>\n<\/tr>\n<tr>\n<td width=\"215\">Ba\u011flay\u0131c\u0131 n\u00f6v\u00fc<\/td>\n<td width=\"313\">USB Type-A (ACR1552U-M1), USB Type-C (ACR1552U-MF)<\/td>\n<\/tr>\n<tr>\n<td width=\"215\">G\u00fcc m\u0259nb\u0259yi<\/td>\n<td width=\"313\">USB portundan<\/td>\n<\/tr>\n<tr>\n<td width=\"215\">S\u00fcr\u0259t<\/td>\n<td width=\"313\">USB Tam S\u00fcr\u0259t (12 Mbps)<\/td>\n<\/tr>\n<tr>\n<td width=\"215\">Kabel uzunlu\u011fu<\/td>\n<td width=\"313\">1m, S\u00f6k\u00fclm\u0259z<\/td>\n<\/tr>\n<tr>\n<td colspan=\"2\" width=\"528\">Kontakts\u0131z Smart Kart interfeysi<\/td>\n<\/tr>\n<tr>\n<td width=\"215\">Standart<\/td>\n<td width=\"313\">ISO\/IEC 18092 NFC, ISO 14443 Tip A v\u0259 B, ISO 15693, MIFARE\u00ae, FeliCa<\/td>\n<\/tr>\n<tr>\n<td rowspan=\"5\" width=\"215\">Protokol<\/td>\n<td width=\"313\">ISO 14443-4 Uy\u011fun Kart, T=CL<\/td>\n<\/tr>\n<tr>\n<td width=\"313\">MIFARE\u00ae Klassik Kart, T=CL<\/td>\n<\/tr>\n<tr>\n<td width=\"313\">ISO 15693<\/td>\n<\/tr>\n<tr>\n<td width=\"313\">ISO 18092 NFC Teql\u0259ri<\/td>\n<\/tr>\n<tr>\n<td width=\"313\">FeliCa<\/td>\n<\/tr>\n<tr>\n<td colspan=\"2\" width=\"528\">SAM Kart interfeysi<\/td>\n<\/tr>\n<tr>\n<td width=\"215\">Slotlar\u0131n say\u0131<\/td>\n<td width=\"313\">1 Standart S\u0130M \u00f6l\u00e7\u00fcl\u00fc Kart Yuvas\u0131<\/td>\n<\/tr>\n<tr>\n<td width=\"215\">Standart<\/td>\n<td width=\"313\">ISO 7816 Sinif A (5V)<\/td>\n<\/tr>\n<tr>\n<td width=\"215\">Protokol<\/td>\n<td width=\"313\">T=0; T=1<\/td>\n<\/tr>\n<tr>\n<td colspan=\"2\" width=\"528\">Daxili periferik qur\u011fular<\/td>\n<\/tr>\n<tr>\n<td width=\"215\">LED<\/td>\n<td width=\"313\">1 ikir\u0259ng: Mavi v\u0259 Ya\u015f\u0131l<\/td>\n<\/tr>\n<tr>\n<td width=\"215\">Buzzer<\/td>\n<td width=\"313\">B\u0259li<\/td>\n<\/tr>\n<tr>\n<td colspan=\"2\" width=\"528\">Dig\u0259r X\u00fcsusiyy\u0259tl\u0259r<\/td>\n<\/tr>\n<tr>\n<td rowspan=\"4\" width=\"215\">Dig\u0259r X\u00fcsusiyy\u0259tl\u0259r<\/td>\n<td width=\"313\">D\u0259st\u0259kl\u0259n\u0259n Kart n\u00f6vl\u0259ri:<\/td>\n<\/tr>\n<tr>\n<td width=\"313\">ISO 14443 Tip A v\u0259 B Hiss\u0259l\u0259ri 1-4, ISO 15693, ISO 18092 NFC, MIFARE\u00ae, FeliCa, SRI\/SRIX, CTS, Innovatron, Picopass, Topaz Kart\u0131<\/td>\n<\/tr>\n<tr>\n<td width=\"313\">\u00a0 NFC X\u00fcsusiyy\u0259tl\u0259ri:<\/td>\n<\/tr>\n<tr>\n<td width=\"313\">Smart Card Reader\/Writer, Keyboard Emulation, Card Emulation<\/td>\n<\/tr>\n<tr>\n<td width=\"215\">Mikroproqram\u0131n t\u0259kmill\u0259\u015fdirilm\u0259si<\/td>\n<td width=\"313\">D\u0259st\u0259kl\u0259nir<\/td>\n<\/tr>\n<tr>\n<td colspan=\"2\" width=\"528\">Sertifikatlar\/Uy\u011funluq<\/td>\n<\/tr>\n<tr>\n<td rowspan=\"4\" width=\"215\">Sertifikatlar\/Uy\u011funluq<\/td>\n<td width=\"313\">Sertifikatlar:<\/td>\n<\/tr>\n<tr>\n<td width=\"313\">IEC\/EN 62368, CE, UKCA, FCC, VCCI, KC, J-LIS, RoHS, REACH, WEEE, Microsoft\u00ae WHQL<\/td>\n<\/tr>\n<tr>\n<td width=\"313\">Uy\u011funluq:<\/td>\n<\/tr>\n<tr>\n<td width=\"313\">USB CCID, PC\/SC<\/td>\n<\/tr>\n<tr>\n<td colspan=\"2\" width=\"528\">Cihaz S\u00fcr\u00fcc\u00fcs\u00fc \u018fm\u0259liyyat Sistemi D\u0259st\u0259yi<\/td>\n<\/tr>\n<tr>\n<td width=\"215\">Cihaz S\u00fcr\u00fcc\u00fcs\u00fc \u018fm\u0259liyyat Sistemi D\u0259st\u0259yi<\/td>\n<td width=\"313\">Windows\u00ae, Linux\u00ae, macOS, Android\u2122, iOS\/iPadOS (16 v\u0259 ya yuxar\u0131)<\/td>\n<\/tr>\n<\/tbody>\n<\/table>\n<\/div>\n<\/li>\n<\/ul>","protected":false},"excerpt":{"rendered":"<p>ACR1552U m\u00fcxt\u0259lif smart kart t\u0259tbiql\u0259ri \u00fc\u00e7\u00fcn ideal, ISO 14443 v\u0259 15693 standartlar\u0131n\u0131 d\u0259st\u0259kl\u0259y\u0259n CCID v\u0259 PC\/SC il\u0259 uy\u011fun y\u00fcks\u0259k s\u00fcr\u0259tli NFC USB Readerdir.<\/p>","protected":false},"featured_media":1599,"template":"","meta":[],"product_brand":[],"product_cat":[45,40],"product_tag":[],"class_list":{"0":"post-1598","1":"product","2":"type-product","3":"status-publish","4":"has-post-thumbnail","6":"product_cat-contactless-nfc-reader","7":"product_cat-rfid-nfc-reader","9":"first","10":"instock","11":"shipping-taxable","12":"product-type-simple"},"_links":{"self":[{"href":"https:\/\/nfc-readers.com\/az\/wp-json\/wp\/v2\/product\/1598","targetHints":{"allow":["GET"]}}],"collection":[{"href":"https:\/\/nfc-readers.com\/az\/wp-json\/wp\/v2\/product"}],"about":[{"href":"https:\/\/nfc-readers.com\/az\/wp-json\/wp\/v2\/types\/product"}],"wp:featuredmedia":[{"embeddable":true,"href":"https:\/\/nfc-readers.com\/az\/wp-json\/wp\/v2\/media\/1599"}],"wp:attachment":[{"href":"https:\/\/nfc-readers.com\/az\/wp-json\/wp\/v2\/media?parent=1598"}],"wp:term":[{"taxonomy":"product_brand","embeddable":true,"href":"https:\/\/nfc-readers.com\/az\/wp-json\/wp\/v2\/product_brand?post=1598"},{"taxonomy":"product_cat","embeddable":true,"href":"https:\/\/nfc-readers.com\/az\/wp-json\/wp\/v2\/product_cat?post=1598"},{"taxonomy":"product_tag","embeddable":true,"href":"https:\/\/nfc-readers.com\/az\/wp-json\/wp\/v2\/product_tag?post=1598"}],"curies":[{"name":"wp","href":"https:\/\/api.w.org\/{rel}","templated":true}]}}