{"id":1603,"date":"2024-04-07T07:42:37","date_gmt":"2024-04-07T07:42:37","guid":{"rendered":"https:\/\/nfc-readers.com\/?post_type=product&#038;p=1603"},"modified":"2024-10-16T02:49:08","modified_gmt":"2024-10-16T02:49:08","slug":"acr1581u-c1-15693-dualboost-iii-dual-interface-nfc-reader-writer","status":"publish","type":"product","link":"https:\/\/nfc-readers.com\/az\/ic-reader\/acr1581u-c1-15693-dualboost-iii-dual-interface-nfc-reader-writer\/","title":{"rendered":"ACR1581U-C1 15693 DualBoost III \u0130kili \u0130nterfeys NFC Oxucu Yaz\u0131\u00e7\u0131s\u0131"},"content":{"rendered":"<h1>ACR1581U-C1 15693 DualBoost III \u0130kili \u0130nterfeys NFC Oxucu Yaz\u0131\u00e7\u0131s\u0131<\/h1>\n<p>ACR1581U DualBoost III m\u00fcxt\u0259lif smart kart formatlar\u0131 \u00fc\u00e7\u00fcn geni\u015f d\u0259st\u0259yi il\u0259 bir dam alt\u0131nda kontakt v\u0259 t\u0259mass\u0131z texnologiyalar\u0131 s\u0259m\u0259r\u0259li \u015f\u0259kild\u0259 birl\u0259\u015fdir\u0259n qabaqc\u0131l universall\u0131q v\u0259 t\u0259hl\u00fck\u0259sizliyin t\u0259c\u0259ss\u00fcm\u00fcd\u00fcr. Ambisiyalar\u0131n\u0131z ist\u0259r texnoloji t\u0259r\u0259qqid\u0259, ist\u0259rs\u0259 d\u0259 smart kart funksiyalar\u0131 \u00fc\u00e7\u00fcn m\u00f6hk\u0259m t\u0259hl\u00fck\u0259sizlikd\u0259 olsun, ACR1581U smart kart oxuyucular\u0131 sah\u0259sind\u0259 etibarl\u0131l\u0131\u011f\u0131n b\u0259nz\u0259rsiz m\u00fcdafi\u0259\u00e7isidir.<\/p>\n<ul>\n<li>\n<h2>USB 2.0 Tam S\u00fcr\u0259tli \u0130nterfeys<\/h2>\n<\/li>\n<li>\n<h2>CCID Uy\u011funlu\u011fu<\/h2>\n<\/li>\n<li>\n<h2>Kontakts\u0131z A\u011f\u0131ll\u0131 Kart Oxuyucu:<\/h2>\n<ul>\n<li>\n<h3>848 kbps-\u0259 q\u0259d\u0259r ISO 14443A\/B oxu\/yazma s\u00fcr\u0259ti<\/h3>\n<\/li>\n<li>\n<h3>13,56 MHz-\u0259 q\u0259d\u0259r saat tezliyi<\/h3>\n<\/li>\n<li>\n<h3>70 mm-\u0259 q\u0259d\u0259r kart oxumaq m\u0259saf\u0259si il\u0259 t\u0259mass\u0131z etiket\u0259 daxil olmaq \u00fc\u00e7\u00fcn qura\u015fd\u0131r\u0131lm\u0131\u015f antenna (etiket n\u00f6v\u00fcnd\u0259n as\u0131l\u0131 olaraq)<\/h3>\n<\/li>\n<li>\n<h3>ISO 14443 Tip A v\u0259 B kartlar\u0131, ISO 15693 Kartlar\u0131n\u0131 d\u0259st\u0259kl\u0259yir<\/h3>\n<\/li>\n<li>\n<h3>MIFARE\u00ae, FeliCa, NFC teql\u0259ri, SRI\/SRIX, CTS, Innovatron, Picopass, Topaz Card-\u0131 d\u0259st\u0259kl\u0259yir<\/h3>\n<\/li>\n<\/ul>\n<\/li>\n<li>\n<h2>Geni\u015fl\u0259ndirilmi\u015f APDU-nu d\u0259st\u0259kl\u0259yir (maks. 64 kbayt)<\/h2>\n<\/li>\n<li>\n<h2><strong>Smart Card Reader il\u0259 \u0259laq\u0259 saxlay\u0131n<\/strong><\/h2>\n<ul>\n<li>\n<h3>ISO 7816 Class A, B v\u0259 C (5 V, 3V v\u0259 1.8 V) s\u00fcr\u0259tini 1250 kbps-\u0259 q\u0259d\u0259r d\u0259st\u0259kl\u0259yir<\/h3>\n<\/li>\n<li>\n<h3>CAC (\u00dcmumi Giri\u015f Kart\u0131) d\u0259st\u0259kl\u0259yir<\/h3>\n<\/li>\n<li>\n<h3>PIV (Personal Identity Verification Card) d\u0259st\u0259kl\u0259yir<\/h3>\n<\/li>\n<li>\n<h3>T=0 v\u0259 ya T=1 protokolu olan mikroprosessor kartlar\u0131n\u0131 d\u0259st\u0259kl\u0259yir<\/h3>\n<\/li>\n<li>\n<h3>Yadda\u015f kartlar\u0131n\u0131 d\u0259st\u0259kl\u0259yir<\/h3>\n<\/li>\n<li>\n<h3>ISO 7816 uy\u011fun SAM yuvas\u0131 (Sinif A)<\/h3>\n<\/li>\n<\/ul>\n<\/li>\n<li>\n<h2>T\u0259tbiq Proqramla\u015fd\u0131rma \u0130nterfeysi:<\/h2>\n<ul>\n<li>\n<h3>PC\/SC d\u0259st\u0259kl\u0259yir<\/h3>\n<\/li>\n<\/ul>\n<\/li>\n<li>\n<h2>Periferik qur\u011fular:<\/h2>\n<ul>\n<li>\n<h3>\u0130stifad\u0259\u00e7i t\u0259r\u0259find\u0259n idar\u0259 olunan ikir\u0259ngli LED (Mavi v\u0259 Ya\u015f\u0131l)<\/h3>\n<\/li>\n<li>\n<h3>\u0130stifad\u0259\u00e7i t\u0259r\u0259find\u0259n idar\u0259 olunan s\u0259s siqnal\u0131<\/h3>\n<\/li>\n<\/ul>\n<\/li>\n<li>\n<h2>USB proqram t\u0259minat\u0131n\u0131n t\u0259kmill\u0259\u015fdirilm\u0259si<\/h2>\n<\/li>\n<li>\n<div>\n<table width=\"483\">\n<tbody>\n<tr>\n<td colspan=\"2\" width=\"483\">Fiziki x\u00fcsusiyy\u0259tl\u0259r<\/td>\n<\/tr>\n<tr>\n<td width=\"188\">\u00d6l\u00e7\u00fcl\u0259r (mm)<\/td>\n<td width=\"295\">120,5 mm (U) x 72,0 mm (W) x 20,4 mm (Y)<\/td>\n<\/tr>\n<tr>\n<td width=\"188\">\u00c7\u0259ki (q)<\/td>\n<td width=\"295\">143 q<\/td>\n<\/tr>\n<tr>\n<td colspan=\"2\" width=\"483\">USB interfeysi<\/td>\n<\/tr>\n<tr>\n<td width=\"188\">Protokol<\/td>\n<td width=\"295\">USB CCID<\/td>\n<\/tr>\n<tr>\n<td width=\"188\">Ba\u011flay\u0131c\u0131 n\u00f6v\u00fc<\/td>\n<td width=\"295\">USB Type-A (ACR1581U-C1), USB Type-C (ACR1581U-CF)<\/td>\n<\/tr>\n<tr>\n<td width=\"188\">G\u00fcc m\u0259nb\u0259yi<\/td>\n<td width=\"295\">USB portundan<\/td>\n<\/tr>\n<tr>\n<td width=\"188\">S\u00fcr\u0259t<\/td>\n<td width=\"295\">USB Tam S\u00fcr\u0259t (12 Mbps)<\/td>\n<\/tr>\n<tr>\n<td width=\"188\">Kabel uzunlu\u011fu<\/td>\n<td width=\"295\">2m, S\u00f6k\u00fclm\u0259z<\/td>\n<\/tr>\n<tr>\n<td colspan=\"2\" width=\"483\">Smart Card Interface il\u0259 \u0259laq\u0259 saxlay\u0131n<\/td>\n<\/tr>\n<tr>\n<td width=\"188\">Slotlar\u0131n say\u0131<\/td>\n<td width=\"295\">1 Tam \u00f6l\u00e7\u00fcl\u00fc Kart Yuvas\u0131<\/td>\n<\/tr>\n<tr>\n<td width=\"188\">Standart<\/td>\n<td width=\"295\">ISO 7816 Sinif A, B, C (5 V, 3 V, 1,8 V)<\/td>\n<\/tr>\n<tr>\n<td width=\"188\">Protokol<\/td>\n<td width=\"295\">T=0; T=1<\/td>\n<\/tr>\n<tr>\n<td colspan=\"2\" width=\"483\">Kontakts\u0131z Smart Kart interfeysi<\/td>\n<\/tr>\n<tr>\n<td width=\"188\">Standart<\/td>\n<td width=\"295\">ISO 14443 Tip A v\u0259 B, ISO 15693, MIFARE\u00ae, FeliCa<\/td>\n<\/tr>\n<tr>\n<td rowspan=\"4\" width=\"188\">Protokol<\/td>\n<td width=\"295\">ISO 14443-4 Uy\u011fun Kart, T=CL<\/td>\n<\/tr>\n<tr>\n<td width=\"295\">ISO 15693<\/td>\n<\/tr>\n<tr>\n<td width=\"295\">MIFARE\u00ae Klassik Kart, T=CL<\/td>\n<\/tr>\n<tr>\n<td width=\"295\">FeliCa<\/td>\n<\/tr>\n<tr>\n<td colspan=\"2\" width=\"483\">SAM Kart interfeysi<\/td>\n<\/tr>\n<tr>\n<td width=\"188\">Slotlar\u0131n say\u0131<\/td>\n<td width=\"295\">1 Standart S\u0130M \u00f6l\u00e7\u00fcl\u00fc Kart Yuvas\u0131<\/td>\n<\/tr>\n<tr>\n<td width=\"188\">Standart<\/td>\n<td width=\"295\">ISO 7816 Sinif A (5V)<\/td>\n<\/tr>\n<tr>\n<td width=\"188\">Protokol<\/td>\n<td width=\"295\">T=0; T=1<\/td>\n<\/tr>\n<tr>\n<td colspan=\"2\" width=\"483\">Daxili periferik qur\u011fular<\/td>\n<\/tr>\n<tr>\n<td width=\"188\">LED<\/td>\n<td width=\"295\">2 t\u0259k r\u0259ng: Mavi v\u0259 Ya\u015f\u0131l<\/td>\n<\/tr>\n<tr>\n<td width=\"188\">Buzzer<\/td>\n<td width=\"295\">Monoton<\/td>\n<\/tr>\n<tr>\n<td colspan=\"2\" width=\"483\">Dig\u0259r X\u00fcsusiyy\u0259tl\u0259r<\/td>\n<\/tr>\n<tr>\n<td rowspan=\"5\" width=\"188\">Dig\u0259r X\u00fcsusiyy\u0259tl\u0259r<\/td>\n<td width=\"295\">D\u0259st\u0259kl\u0259n\u0259n Kart n\u00f6vl\u0259ri:<\/td>\n<\/tr>\n<tr>\n<td width=\"295\">ISO 14443 Tip A v\u0259 B Hiss\u0259l\u0259ri 1-4,<\/td>\n<\/tr>\n<tr>\n<td width=\"295\">ISO 15693, MIFARE\u00ae, FeliCa, NFC Teql\u0259ri, SRI\/SRIX, CTS, Innovatron, Picopass, Topaz Kart\u0131<\/td>\n<\/tr>\n<tr>\n<td width=\"295\">Dig\u0259r NFC X\u00fcsusiyy\u0259tl\u0259ri:<\/td>\n<\/tr>\n<tr>\n<td width=\"295\">Smart Card Reader\/Writer, Keyboard Emulation, Card Emulation<\/td>\n<\/tr>\n<tr>\n<td width=\"188\">Mikroproqram\u0131n t\u0259kmill\u0259\u015fdirilm\u0259si<\/td>\n<td width=\"295\">D\u0259st\u0259kl\u0259nir<\/td>\n<\/tr>\n<tr>\n<td colspan=\"2\" width=\"483\">Sertifikatlar\/Uy\u011funluq<\/td>\n<\/tr>\n<tr>\n<td rowspan=\"4\" width=\"188\">Sertifikatlar\/Uy\u011funluq<\/td>\n<td width=\"295\">Sertifikatlar:<\/td>\n<\/tr>\n<tr>\n<td width=\"295\">IEC\/EN 62368, CE, FCC, UKCA, VCCI, RoHS, REACH, WEEE<\/td>\n<\/tr>\n<tr>\n<td width=\"295\">Uy\u011funluqlar:<\/td>\n<\/tr>\n<tr>\n<td width=\"295\">USB CCID, PC\/SC<\/td>\n<\/tr>\n<tr>\n<td colspan=\"2\" width=\"483\">Cihaz S\u00fcr\u00fcc\u00fcs\u00fc \u018fm\u0259liyyat Sistemi D\u0259st\u0259yi<\/td>\n<\/tr>\n<tr>\n<td width=\"188\">Cihaz S\u00fcr\u00fcc\u00fcs\u00fc \u018fm\u0259liyyat Sistemi D\u0259st\u0259yi<\/td>\n<td width=\"295\">Windows\u00ae, Linux\u00ae, macOS, Android\u2122, iOS\/iPadOS (16 v\u0259 ya yuxar\u0131)<\/td>\n<\/tr>\n<\/tbody>\n<\/table>\n<\/div>\n<\/li>\n<\/ul>","protected":false},"excerpt":{"rendered":"<p>ACR1581U NFC v\u0259 ISO\/IEC 15693\uff0c14443 \u00fc\u00e7\u00fcn d\u0259st\u0259k t\u0259klif ed\u0259n y\u00fcks\u0259k s\u00fcr\u0259tli NFC Smart Card Readerdir.<\/p>","protected":false},"featured_media":1605,"template":"","meta":[],"product_brand":[],"product_cat":[45,40],"product_tag":[],"class_list":{"0":"post-1603","1":"product","2":"type-product","3":"status-publish","4":"has-post-thumbnail","6":"product_cat-contactless-nfc-reader","7":"product_cat-rfid-nfc-reader","9":"first","10":"instock","11":"shipping-taxable","12":"product-type-simple"},"_links":{"self":[{"href":"https:\/\/nfc-readers.com\/az\/wp-json\/wp\/v2\/product\/1603","targetHints":{"allow":["GET"]}}],"collection":[{"href":"https:\/\/nfc-readers.com\/az\/wp-json\/wp\/v2\/product"}],"about":[{"href":"https:\/\/nfc-readers.com\/az\/wp-json\/wp\/v2\/types\/product"}],"wp:featuredmedia":[{"embeddable":true,"href":"https:\/\/nfc-readers.com\/az\/wp-json\/wp\/v2\/media\/1605"}],"wp:attachment":[{"href":"https:\/\/nfc-readers.com\/az\/wp-json\/wp\/v2\/media?parent=1603"}],"wp:term":[{"taxonomy":"product_brand","embeddable":true,"href":"https:\/\/nfc-readers.com\/az\/wp-json\/wp\/v2\/product_brand?post=1603"},{"taxonomy":"product_cat","embeddable":true,"href":"https:\/\/nfc-readers.com\/az\/wp-json\/wp\/v2\/product_cat?post=1603"},{"taxonomy":"product_tag","embeddable":true,"href":"https:\/\/nfc-readers.com\/az\/wp-json\/wp\/v2\/product_tag?post=1603"}],"curies":[{"name":"wp","href":"https:\/\/api.w.org\/{rel}","templated":true}]}}