{"id":1608,"date":"2024-04-07T07:46:35","date_gmt":"2024-04-07T07:46:35","guid":{"rendered":"https:\/\/nfc-readers.com\/?post_type=product&#038;p=1608"},"modified":"2024-10-16T02:43:39","modified_gmt":"2024-10-16T02:43:39","slug":"acr1251t-usb-token-nfc-reader-ii","status":"publish","type":"product","link":"https:\/\/nfc-readers.com\/az\/ic-reader\/acr1251t-usb-token-nfc-reader-ii\/","title":{"rendered":"ACR1251T USB Token NFC Reader II"},"content":{"rendered":"<h1>ACR1251T USB Token NFC Reader II<\/h1>\n<p>ACR1251T inki\u015faf etmi\u015f v\u0259 y\u00fcks\u0259k s\u00fcr\u0259tli NFC Smart Card Readerdir, portativ v\u0259 s\u0259m\u0259r\u0259li h\u0259ll axtaran biznesl\u0259r \u00fc\u00e7\u00fcn ideald\u0131r. Anti-toqqu\u015fma funksionall\u0131\u011f\u0131, geni\u015f uy\u011funluq v\u0259 \u0259lav\u0259 istifad\u0259\u00e7i dostu x\u00fcsusiyy\u0259tl\u0259ri il\u0259 m\u00fcxt\u0259lif i\u015f m\u00fchitl\u0259rind\u0259 t\u0259hl\u00fck\u0259siz v\u0259 s\u00fcr\u0259tli NFC \u0259m\u0259liyyatlar\u0131 \u00fc\u00e7\u00fcn etibarl\u0131 se\u00e7im kimi dayan\u0131r.<\/p>\n<ul>\n<li>\n<h2>USB Tam S\u00fcr\u0259tli \u0130nterfeys<\/h2>\n<\/li>\n<li>\n<h2>CCID Uy\u011funlu\u011fu<\/h2>\n<\/li>\n<li>\n<h2>A\u011f\u0131ll\u0131 kart oxuyucusu:<\/h2>\n<ul>\n<li>\n<h3>Kontakts\u0131z interfeys:<\/h3>\n<ul>\n<li>424 kbps-\u0259 q\u0259d\u0259r oxuma\/yazma s\u00fcr\u0259ti<\/li>\n<li>30 mm-\u0259 q\u0259d\u0259r kart oxuma m\u0259saf\u0259si il\u0259 t\u0259mass\u0131z etiket giri\u015fi \u00fc\u00e7\u00fcn qura\u015fd\u0131r\u0131lm\u0131\u015f antenna (etiket n\u00f6v\u00fcnd\u0259n as\u0131l\u0131 olaraq)<\/li>\n<li>ISO 14443 Tip A v\u0259 B kartlar\u0131, MIFARE\u00ae, FeliCa v\u0259 b\u00fct\u00fcn 4 n\u00f6v NFC (ISO\/IEC 18092) teql\u0259rini d\u0259st\u0259kl\u0259yir<\/li>\n<li>Daxili anti-toqqu\u015fma x\u00fcsusiyy\u0259ti (ist\u0259nil\u0259n vaxt yaln\u0131z 1 etiket\u0259 daxil olmaq m\u00fcmk\u00fcnd\u00fcr)<\/li>\n<li>NFC d\u0259st\u0259yi<\/li>\n<li>Kart oxuyucu\/yaz\u0131\u00e7\u0131 rejimi<\/li>\n<\/ul>\n<\/li>\n<\/ul>\n<\/li>\n<li>\n<h2>Daxili periferik qur\u011fular:<\/h2>\n<ul>\n<li>\n<h3>LEDl\u0259r:<\/h3>\n<ul>\n<li>\u0130stifad\u0259\u00e7i t\u0259r\u0259find\u0259n idar\u0259 olunan iki r\u0259ngli LED<\/li>\n<\/ul>\n<\/li>\n<\/ul>\n<\/li>\n<li>\n<h2>T\u0259tbiq Proqramla\u015fd\u0131rma \u0130nterfeysi:<\/h2>\n<ul>\n<li>\n<h3>PC\/SC d\u0259st\u0259kl\u0259yir<\/h3>\n<\/li>\n<li>\n<h3>CT-API-ni d\u0259st\u0259kl\u0259yir (PC\/SC-nin \u00fcst\u00fcnd\u0259ki sar\u011f\u0131 vasit\u0259sil\u0259)<\/h3>\n<\/li>\n<\/ul>\n<\/li>\n<li>\n<h2>USB proqram t\u0259minat\u0131n\u0131n t\u0259kmill\u0259\u015fdirilm\u0259si<\/h2>\n<\/li>\n<li>\n<h2>Android\u2122 3.1 v\u0259 sonrak\u0131 versiyalar\u0131 d\u0259st\u0259kl\u0259yir<\/h2>\n<\/li>\n<li>\n<div>\n<table width=\"582\">\n<tbody>\n<tr>\n<td colspan=\"2\" width=\"582\">Fiziki x\u00fcsusiyy\u0259tl\u0259r<\/td>\n<\/tr>\n<tr>\n<td width=\"215\">\u00d6l\u00e7\u00fcl\u0259r (mm)<\/td>\n<td width=\"367\">75,0 mm (U) x 30,0 mm (W) x 12,7 mm (Y)<\/td>\n<\/tr>\n<tr>\n<td width=\"215\">\u00c7\u0259ki (q)<\/td>\n<td width=\"367\">15,8 q<\/td>\n<\/tr>\n<tr>\n<td colspan=\"2\" width=\"582\">USB interfeysi<\/td>\n<\/tr>\n<tr>\n<td width=\"215\">Protokol<\/td>\n<td width=\"367\">USB CCID<\/td>\n<\/tr>\n<tr>\n<td width=\"215\">Ba\u011flay\u0131c\u0131 n\u00f6v\u00fc<\/td>\n<td width=\"367\">Standart tip A<\/td>\n<\/tr>\n<tr>\n<td width=\"215\">G\u00fcc m\u0259nb\u0259yi<\/td>\n<td width=\"367\">USB portundan<\/td>\n<\/tr>\n<tr>\n<td width=\"215\">S\u00fcr\u0259t<\/td>\n<td width=\"367\">USB Tam S\u00fcr\u0259t (12 Mbps)<\/td>\n<\/tr>\n<tr>\n<td colspan=\"2\" width=\"582\">Kontakts\u0131z Smart Kart interfeysi<\/td>\n<\/tr>\n<tr>\n<td width=\"215\">Standart<\/td>\n<td width=\"367\">ISO\/IEC 18092 NFC, ISO 14443 Tip A v\u0259 B, MIFARE\u00ae, FeliCa<\/td>\n<\/tr>\n<tr>\n<td rowspan=\"4\" width=\"215\">Protokol<\/td>\n<td width=\"367\">ISO14443-4 Uy\u011fun Kartlar, T=CL<\/td>\n<\/tr>\n<tr>\n<td width=\"367\">MIFARE\u00ae Klassik Kart Protokolu, T=CL<\/td>\n<\/tr>\n<tr>\n<td width=\"367\">ISO 18092, NFC Teql\u0259ri<\/td>\n<\/tr>\n<tr>\n<td width=\"367\">FeliCa<\/td>\n<\/tr>\n<tr>\n<td colspan=\"2\" width=\"582\">Daxili periferik qur\u011fular<\/td>\n<\/tr>\n<tr>\n<td width=\"215\">LED<\/td>\n<td width=\"367\">1 \u0130kir\u0259ng: Ya\u015f\u0131l v\u0259 Q\u0131rm\u0131z\u0131<\/td>\n<\/tr>\n<tr>\n<td colspan=\"2\" width=\"582\">Dig\u0259r X\u00fcsusiyy\u0259tl\u0259r<\/td>\n<\/tr>\n<tr>\n<td width=\"215\">Mikroproqram\u0131n t\u0259kmill\u0259\u015fdirilm\u0259si<\/td>\n<td width=\"367\">D\u0259st\u0259kl\u0259nir<\/td>\n<\/tr>\n<tr>\n<td colspan=\"2\" width=\"582\">Sertifikatlar\/Uy\u011funluq<\/td>\n<\/tr>\n<tr>\n<td rowspan=\"13\" width=\"215\">Sertifikatlar\/Uy\u011funluq<\/td>\n<td width=\"367\">EN 60950\/IEC 60950<\/td>\n<\/tr>\n<tr>\n<td width=\"367\">ISO 18092<\/td>\n<\/tr>\n<tr>\n<td width=\"367\">ISO 14443<\/td>\n<\/tr>\n<tr>\n<td width=\"367\">USB Tam S\u00fcr\u0259t<\/td>\n<\/tr>\n<tr>\n<td width=\"367\">PC\/SC<\/td>\n<\/tr>\n<tr>\n<td width=\"367\">CCID<\/td>\n<\/tr>\n<tr>\n<td width=\"367\">VCCI (Yaponiya)<\/td>\n<\/tr>\n<tr>\n<td width=\"367\">MIC (Yaponiya)<\/td>\n<\/tr>\n<tr>\n<td width=\"367\">Microsoft\u00ae WHQL<\/td>\n<\/tr>\n<tr>\n<td width=\"367\">CE<\/td>\n<\/tr>\n<tr>\n<td width=\"367\">FCC<\/td>\n<\/tr>\n<tr>\n<td width=\"367\">RoHS<\/td>\n<\/tr>\n<tr>\n<td width=\"367\">REACH<\/td>\n<\/tr>\n<tr>\n<td colspan=\"2\" width=\"582\">Cihaz S\u00fcr\u00fcc\u00fcs\u00fc \u018fm\u0259liyyat Sistemi D\u0259st\u0259yi<\/td>\n<\/tr>\n<tr>\n<td rowspan=\"6\" width=\"215\">Cihaz S\u00fcr\u00fcc\u00fcs\u00fc \u018fm\u0259liyyat Sistemi D\u0259st\u0259yi<\/td>\n<td width=\"367\">Windows\u00ae CE<\/td>\n<\/tr>\n<tr>\n<td width=\"367\">Windows\u00ae<\/td>\n<\/tr>\n<tr>\n<td width=\"367\">Linux\u00ae<\/td>\n<\/tr>\n<tr>\n<td width=\"367\">MAC OS\u00ae 10.7 v\u0259 sonrak\u0131<\/td>\n<\/tr>\n<tr>\n<td width=\"367\">Solaris<\/td>\n<\/tr>\n<tr>\n<td width=\"367\">Android\u2122 3.1 v\u0259 daha sonra<\/td>\n<\/tr>\n<\/tbody>\n<\/table>\n<\/div>\n<\/li>\n<\/ul>","protected":false},"excerpt":{"rendered":"<p>ACR1251T y\u00fcks\u0259k s\u00fcr\u0259tli portativ NFC Smart Card Readerdir, NFC v\u0259 ISO\/IEC 18092 il\u0259 uy\u011fundur v\u0259 m\u00fcxt\u0259lif sisteml\u0259rd\u0259 kart\u0131n s\u0259m\u0259r\u0259li oxunmas\u0131n\u0131 t\u0259min edir.<\/p>","protected":false},"featured_media":1609,"template":"","meta":[],"product_brand":[],"product_cat":[45,40],"product_tag":[],"class_list":{"0":"post-1608","1":"product","2":"type-product","3":"status-publish","4":"has-post-thumbnail","6":"product_cat-contactless-nfc-reader","7":"product_cat-rfid-nfc-reader","9":"first","10":"instock","11":"shipping-taxable","12":"product-type-simple"},"_links":{"self":[{"href":"https:\/\/nfc-readers.com\/az\/wp-json\/wp\/v2\/product\/1608","targetHints":{"allow":["GET"]}}],"collection":[{"href":"https:\/\/nfc-readers.com\/az\/wp-json\/wp\/v2\/product"}],"about":[{"href":"https:\/\/nfc-readers.com\/az\/wp-json\/wp\/v2\/types\/product"}],"wp:featuredmedia":[{"embeddable":true,"href":"https:\/\/nfc-readers.com\/az\/wp-json\/wp\/v2\/media\/1609"}],"wp:attachment":[{"href":"https:\/\/nfc-readers.com\/az\/wp-json\/wp\/v2\/media?parent=1608"}],"wp:term":[{"taxonomy":"product_brand","embeddable":true,"href":"https:\/\/nfc-readers.com\/az\/wp-json\/wp\/v2\/product_brand?post=1608"},{"taxonomy":"product_cat","embeddable":true,"href":"https:\/\/nfc-readers.com\/az\/wp-json\/wp\/v2\/product_cat?post=1608"},{"taxonomy":"product_tag","embeddable":true,"href":"https:\/\/nfc-readers.com\/az\/wp-json\/wp\/v2\/product_tag?post=1608"}],"curies":[{"name":"wp","href":"https:\/\/api.w.org\/{rel}","templated":true}]}}