{"id":1615,"date":"2024-04-07T07:52:08","date_gmt":"2024-04-07T07:52:08","guid":{"rendered":"https:\/\/nfc-readers.com\/?post_type=product&#038;p=1615"},"modified":"2024-10-16T02:36:24","modified_gmt":"2024-10-16T02:36:24","slug":"acm1552u-z2-small-multi-iso-nfc-module-reader-writer","status":"publish","type":"product","link":"https:\/\/nfc-readers.com\/az\/ic-reader\/acm1552u-z2-small-multi-iso-nfc-module-reader-writer\/","title":{"rendered":"ACM1552U-Z2 - Ki\u00e7ik -\u00c7ox ISO NFC Modulu Oxucu\/Yaz\u0131c\u0131"},"content":{"rendered":"<h1>ACM1552U-Z2 - Ki\u00e7ik -\u00c7ox ISO NFC Modulu Oxucu\/Yaz\u0131c\u0131<\/h1>\n<p>ACM1552U-Z2 y\u00fcks\u0259k s\u00fcr\u0259tli NFC imkanlar\u0131 v\u0259 \u00e7oxsayl\u0131 standartlara uy\u011funluq t\u0259klif ed\u0259n y\u0131\u011fcam v\u0259 \u00e7ox y\u00f6nl\u00fc modul kimi se\u00e7ilir. \u018flav\u0259 t\u0259hl\u00fck\u0259sizlik v\u0259 enerjiy\u0259 q\u0259na\u0259t ed\u0259n x\u00fcsusiyy\u0259tl\u0259ri il\u0259, istifad\u0259\u00e7i dostu interfeysi il\u0259 birlikd\u0259, kompakt cihazlarda t\u0259mass\u0131z \u00fcnsiyy\u0259t \u00fc\u00e7\u00fcn m\u00fck\u0259mm\u0259l h\u0259lli t\u0259msil edir.<\/p>\n<ul>\n<li>\n<h2>USB 2.0 Tam S\u00fcr\u0259tli \u0130nterfeys<\/h2>\n<\/li>\n<li>\n<h2>CCID Uy\u011funlu\u011fu<\/h2>\n<\/li>\n<li>\n<h2>Kontakts\u0131z Smart Kart d\u0259st\u0259yi:<\/h2>\n<ul>\n<li>\n<h3>848 kbps-\u0259 q\u0259d\u0259r oxuma\/yazma s\u00fcr\u0259ti<\/h3>\n<\/li>\n<li>\n<h3>70 mm-\u0259 q\u0259d\u0259r kart oxumaq m\u0259saf\u0259si il\u0259 t\u0259mass\u0131z etiket\u0259 daxil olmaq \u00fc\u00e7\u00fcn qura\u015fd\u0131r\u0131lm\u0131\u015f antenna (etiket n\u00f6v\u00fcnd\u0259n as\u0131l\u0131 olaraq)<\/h3>\n<\/li>\n<li>\n<h3>ISO 14443 Tip A v\u0259 B kartlar\u0131, ISO 15693 Kartlar\u0131 v\u0259 ISO18092 NFC-ni d\u0259st\u0259kl\u0259yir<\/h3>\n<\/li>\n<li>\n<h3>MIFARE Classic\u00ae, MIFARE\u00ae, DESFire\u00ae, MIFARE Ultralight\u00ae, MIFARE Plus\u00ae, FeliCa v\u0259 Topaz-\u0131 d\u0259st\u0259kl\u0259yir<\/h3>\n<\/li>\n<li>\n<h3>Daxili toqqu\u015fma \u0259leyhin\u0259 x\u00fcsusiyy\u0259t<\/h3>\n<\/li>\n<li>\n<h3>Geni\u015fl\u0259ndirilmi\u015f APDU-nu d\u0259st\u0259kl\u0259yir (maks. 64 kbayt)<\/h3>\n<\/li>\n<\/ul>\n<\/li>\n<li>\n<h2>NFC D\u0259st\u0259yi:<\/h2>\n<ul>\n<li>\n<h3>Smart Card Reader\/Writer Rejimi<\/h3>\n<\/li>\n<li>\n<h3>Kart\u0131n emulyasiyas\u0131 rejimi<\/h3>\n<\/li>\n<li>\n<h3>Klaviatura emulyasiya rejimi<\/h3>\n<\/li>\n<\/ul>\n<\/li>\n<li>\n<h2>T\u0259tbiq Proqramla\u015fd\u0131rma \u0130nterfeysi:<\/h2>\n<ul>\n<li>\n<h3>PC\/SC d\u0259st\u0259kl\u0259yir<\/h3>\n<\/li>\n<li>\n<h3>CT-API-ni d\u0259st\u0259kl\u0259yir (PC\/SC-nin \u00fcst\u00fcnd\u0259ki sar\u011f\u0131 vasit\u0259sil\u0259)<\/h3>\n<\/li>\n<\/ul>\n<\/li>\n<li>\n<h2>Periferik qur\u011fular:<\/h2>\n<ul>\n<li>\n<h3>\u0130stifad\u0259\u00e7i t\u0259r\u0259find\u0259n idar\u0259 olunan ikir\u0259ngli LED (Mavi v\u0259 Ya\u015f\u0131l)<\/h3>\n<\/li>\n<\/ul>\n<\/li>\n<li>\n<h2>Kompakt \u00d6l\u00e7\u00fc<\/h2>\n<\/li>\n<li>\n<h2>USB proqram t\u0259minat\u0131n\u0131n t\u0259kmill\u0259\u015fdirilm\u0259si<\/h2>\n<\/li>\n<li>\n<div>\n<table width=\"545\">\n<tbody>\n<tr>\n<td colspan=\"2\" width=\"545\">Fiziki x\u00fcsusiyy\u0259tl\u0259r<\/td>\n<\/tr>\n<tr>\n<td width=\"228\">\u00d6l\u00e7\u00fcl\u0259r (mm)<\/td>\n<td width=\"317\">52,0 x 20,0 x 5,7<\/td>\n<\/tr>\n<tr>\n<td width=\"228\">\u00c7\u0259ki (q)<\/td>\n<td width=\"317\">3.4<\/td>\n<\/tr>\n<tr>\n<td colspan=\"2\" width=\"545\">USB interfeysi<\/td>\n<\/tr>\n<tr>\n<td width=\"228\">Protokol<\/td>\n<td width=\"317\">USB CCID<\/td>\n<\/tr>\n<tr>\n<td width=\"228\">Ba\u011flay\u0131c\u0131 n\u00f6v\u00fc<\/td>\n<td width=\"317\">5pin, 1mm meydan\u00e7a, JST SH seriyas\u0131na uy\u011fundur<\/td>\n<\/tr>\n<tr>\n<td width=\"228\">G\u00fcc m\u0259nb\u0259yi<\/td>\n<td width=\"317\">USB portundan<\/td>\n<\/tr>\n<tr>\n<td width=\"228\">S\u00fcr\u0259t<\/td>\n<td width=\"317\">USB 3.0 il\u0259 uy\u011fun USB 2.0 Tam S\u00fcr\u0259t (12 Mbps).<\/td>\n<\/tr>\n<tr>\n<td width=\"228\">Kabel uzunlu\u011fu<\/td>\n<td width=\"317\">1m, \u00c7\u0131kar\u0131labilir (\u0130st\u0259y\u0259 g\u00f6r\u0259)<\/td>\n<\/tr>\n<tr>\n<td colspan=\"2\" width=\"545\">Kontakts\u0131z Smart Kart interfeysi<\/td>\n<\/tr>\n<tr>\n<td width=\"228\">Standart<\/td>\n<td width=\"317\">ISO 18092 NFC, ISO 14443 Tip A v\u0259 B, ISO 15693, MIFARE\u00ae, FeliCa<\/td>\n<\/tr>\n<tr>\n<td rowspan=\"5\" width=\"228\">Protokol<\/td>\n<td width=\"317\">ISO 14443-4 Uy\u011fun Kart, T=CL<\/td>\n<\/tr>\n<tr>\n<td width=\"317\">MIFARE\u00ae Klassik Kart, T=CL<\/td>\n<\/tr>\n<tr>\n<td width=\"317\">ISO 15693<\/td>\n<\/tr>\n<tr>\n<td width=\"317\">ISO 18092 NFC Teql\u0259ri<\/td>\n<\/tr>\n<tr>\n<td width=\"317\">FeliCa<\/td>\n<\/tr>\n<tr>\n<td colspan=\"2\" width=\"545\">Daxili periferik qur\u011fular<\/td>\n<\/tr>\n<tr>\n<td width=\"228\">LED<\/td>\n<td width=\"317\">1 ikir\u0259ng: Mavi v\u0259 Ya\u015f\u0131l<\/td>\n<\/tr>\n<tr>\n<td colspan=\"2\" width=\"545\">Dig\u0259r X\u00fcsusiyy\u0259tl\u0259r<\/td>\n<\/tr>\n<tr>\n<td rowspan=\"6\" width=\"228\">Dig\u0259r X\u00fcsusiyy\u0259tl\u0259r<\/td>\n<td width=\"317\">D\u0259st\u0259kl\u0259n\u0259n Kart n\u00f6vl\u0259ri:<\/td>\n<\/tr>\n<tr>\n<td width=\"317\">ISO 14443 Tip A v\u0259 B Hiss\u0259l\u0259ri 1-4,<\/td>\n<\/tr>\n<tr>\n<td width=\"317\">ISO 15693, ISO 18092 NFC,<\/td>\n<\/tr>\n<tr>\n<td width=\"317\">MIFARE Classic\u00ae, MIFARE DESFire\u00ae, MIFARE Ultralight\u00ae, MIFARE Plus\u00ae, FeliCa v\u0259 Topaz<\/td>\n<\/tr>\n<tr>\n<td width=\"317\">Dig\u0259r NFC X\u00fcsusiyy\u0259tl\u0259ri:<\/td>\n<\/tr>\n<tr>\n<td width=\"317\">Smart Card Reader\/Writer, Keyboard Emulation, Card Emulation<\/td>\n<\/tr>\n<tr>\n<td width=\"228\">Mikroproqram\u0131n t\u0259kmill\u0259\u015fdirilm\u0259si<\/td>\n<td width=\"317\">D\u0259st\u0259kl\u0259nir<\/td>\n<\/tr>\n<tr>\n<td colspan=\"2\" width=\"545\">Sertifikatlar\/Uy\u011funluq<\/td>\n<\/tr>\n<tr>\n<td rowspan=\"4\" width=\"228\">Sertifikatlar\/Uy\u011funluq<\/td>\n<td width=\"317\">Sertifikatlar:<\/td>\n<\/tr>\n<tr>\n<td width=\"317\">IEC\/EN 62368, CE, UKCA, FCC, VCCI, RoHS, REACH, WEEE, Microsoft\u00ae WHQL<\/td>\n<\/tr>\n<tr>\n<td width=\"317\">\u00a0 Uy\u011funluq:<\/td>\n<\/tr>\n<tr>\n<td width=\"317\">USB CCID, PC\/SC<\/td>\n<\/tr>\n<tr>\n<td colspan=\"2\" width=\"545\">Cihaz S\u00fcr\u00fcc\u00fcs\u00fc \u018fm\u0259liyyat Sistemi D\u0259st\u0259yi<\/td>\n<\/tr>\n<tr>\n<td width=\"228\">Cihaz S\u00fcr\u00fcc\u00fcs\u00fc \u018fm\u0259liyyat Sistemi D\u0259st\u0259yi<\/td>\n<td width=\"317\">Windows\u00ae, Linux\u00ae, macOS, Android\u2122<\/td>\n<\/tr>\n<\/tbody>\n<\/table>\n<\/div>\n<\/li>\n<\/ul>","protected":false},"excerpt":{"rendered":"<p>ACM1552U-Z2, s\u0259m\u0259r\u0259li v\u0259 t\u0259hl\u00fck\u0259siz t\u0259mass\u0131z \u0259m\u0259liyyatlar \u00fc\u00e7\u00fcn n\u0259z\u0259rd\u0259 tutulmu\u015f Smart Card Reader\/Writer v\u0259 Kart Emulyasiyas\u0131n\u0131 d\u0259st\u0259kl\u0259y\u0259n y\u00fcks\u0259k s\u00fcr\u0259tli USB NFC moduludur.<\/p>","protected":false},"featured_media":1616,"template":"","meta":[],"product_brand":[],"product_cat":[41,40],"product_tag":[],"class_list":{"0":"post-1615","1":"product","2":"type-product","3":"status-publish","4":"has-post-thumbnail","6":"product_cat-module-ic-reader","7":"product_cat-rfid-nfc-reader","9":"first","10":"instock","11":"shipping-taxable","12":"product-type-simple"},"_links":{"self":[{"href":"https:\/\/nfc-readers.com\/az\/wp-json\/wp\/v2\/product\/1615","targetHints":{"allow":["GET"]}}],"collection":[{"href":"https:\/\/nfc-readers.com\/az\/wp-json\/wp\/v2\/product"}],"about":[{"href":"https:\/\/nfc-readers.com\/az\/wp-json\/wp\/v2\/types\/product"}],"wp:featuredmedia":[{"embeddable":true,"href":"https:\/\/nfc-readers.com\/az\/wp-json\/wp\/v2\/media\/1616"}],"wp:attachment":[{"href":"https:\/\/nfc-readers.com\/az\/wp-json\/wp\/v2\/media?parent=1615"}],"wp:term":[{"taxonomy":"product_brand","embeddable":true,"href":"https:\/\/nfc-readers.com\/az\/wp-json\/wp\/v2\/product_brand?post=1615"},{"taxonomy":"product_cat","embeddable":true,"href":"https:\/\/nfc-readers.com\/az\/wp-json\/wp\/v2\/product_cat?post=1615"},{"taxonomy":"product_tag","embeddable":true,"href":"https:\/\/nfc-readers.com\/az\/wp-json\/wp\/v2\/product_tag?post=1615"}],"curies":[{"name":"wp","href":"https:\/\/api.w.org\/{rel}","templated":true}]}}