{"id":1619,"date":"2024-04-07T07:56:40","date_gmt":"2024-04-07T07:56:40","guid":{"rendered":"https:\/\/nfc-readers.com\/?post_type=product&#038;p=1619"},"modified":"2024-10-16T02:33:14","modified_gmt":"2024-10-16T02:33:14","slug":"acm39u-y3-smart-card-reader-module","status":"publish","type":"product","link":"https:\/\/nfc-readers.com\/az\/ic-reader\/acm39u-y3-smart-card-reader-module\/","title":{"rendered":"ACM39U-Y3 A\u011f\u0131ll\u0131 Kart Oxucu Modulu"},"content":{"rendered":"<h1>ACM39U-Y3 A\u011f\u0131ll\u0131 Kart Oxucu Modulu<\/h1>\n<p>ACM39U-Y3 geni\u015f platforma v\u0259 interfeysl\u0259ri d\u0259st\u0259kl\u0259y\u0259n \u00e7evik, asan qura\u015fd\u0131r\u0131lan moduldur v\u0259 onu daxili smart kart h\u0259ll\u0259ri \u00fc\u00e7\u00fcn ideal edir. O, h\u0259m\u00e7inin g\u00fccl\u0259ndirilmi\u015f t\u0259hl\u00fck\u0259sizlik \u00fc\u00e7\u00fcn T\u0259hl\u00fck\u0259siz Giri\u015f Modulunu (SAM) inteqrasiya etm\u0259k se\u00e7imini t\u0259klif edir.<\/p>\n<ul>\n<li>\n<h2>USB 2.0 Tam S\u00fcr\u0259tli \u0130nterfeys<\/h2>\n<\/li>\n<li>\n<h2>Plug and Play \u2013 CCID d\u0259st\u0259yi maksimum h\u0259r\u0259k\u0259tlilik g\u0259tirir<\/h2>\n<\/li>\n<li>\n<h2>A\u011f\u0131ll\u0131 kart oxuyucusu:<\/h2>\n<ul>\n<li>\n<h3>ISO 7816 Class A, B v\u0259 C (5 V, 3 V, 1.8 V) kartlar\u0131 d\u0259st\u0259kl\u0259yir<\/h3>\n<\/li>\n<li>\n<h3>CAC (\u00dcmumi Giri\u015f Kart\u0131) d\u0259st\u0259kl\u0259yir<\/h3>\n<\/li>\n<li>\n<h3>SIPRNET Kart\u0131n\u0131 d\u0259st\u0259kl\u0259yir<\/h3>\n<\/li>\n<li>\n<h3>J-LIS kart\u0131n\u0131 d\u0259st\u0259kl\u0259yir<\/h3>\n<\/li>\n<li>\n<h3>T=0 v\u0259 ya T=1 protokolu olan mikroprosessor kartlar\u0131n\u0131 d\u0259st\u0259kl\u0259yir<\/h3>\n<\/li>\n<li>\n<h3>Yadda\u015f kartlar\u0131n\u0131 d\u0259st\u0259kl\u0259yir<\/h3>\n<\/li>\n<li>\n<h3>PPS (Protokol v\u0259 Parametr se\u00e7imi) d\u0259st\u0259kl\u0259yir<\/h3>\n<\/li>\n<li>\n<h3>Q\u0131sa Qapanmadan Qoruma X\u00fcsusiyy\u0259tl\u0259ri<\/h3>\n<\/li>\n<\/ul>\n<\/li>\n<li>\n<h2>T\u0259tbiq Proqramla\u015fd\u0131rma \u0130nterfeysi:<\/h2>\n<ul>\n<li>\n<h3>PC\/SC d\u0259st\u0259kl\u0259yir<\/h3>\n<\/li>\n<li>\n<h3>CT-API-ni d\u0259st\u0259kl\u0259yir (PC\/SC-nin \u00fcst\u00fcnd\u0259ki sar\u011f\u0131 vasit\u0259sil\u0259)<\/h3>\n<\/li>\n<\/ul>\n<\/li>\n<li>\n<h2>Android\u2122 3.1 v\u0259 sonrak\u0131 versiyalar\u0131 d\u0259st\u0259kl\u0259yir<\/h2>\n<\/li>\n<li>\n<div>\n<table width=\"491\">\n<tbody>\n<tr>\n<td colspan=\"2\" width=\"491\">Fiziki x\u00fcsusiyy\u0259tl\u0259r<\/td>\n<\/tr>\n<tr>\n<td width=\"172\">\u00d6l\u00e7\u00fcl\u0259r (mm)<\/td>\n<td width=\"319\">70,0 mm (U) \u00d7 82,0 mm (W) \u00d7 10,0 mm (Y)<\/td>\n<\/tr>\n<tr>\n<td width=\"172\">\u00c7\u0259ki (q)<\/td>\n<td width=\"319\">32 q<\/td>\n<\/tr>\n<tr>\n<td colspan=\"2\" width=\"491\">USB interfeysi<\/td>\n<\/tr>\n<tr>\n<td width=\"172\">Protokol<\/td>\n<td width=\"319\">USB CCID<\/td>\n<\/tr>\n<tr>\n<td rowspan=\"2\" width=\"172\">Ba\u011flay\u0131c\u0131 n\u00f6v\u00fc<\/td>\n<td width=\"319\">1 x 5 Sancaq Ba\u015fl\u0131q Konnektoru;<\/td>\n<\/tr>\n<tr>\n<td width=\"319\">2 x 3 Sancaq Ba\u015fl\u0131q Konnektoru<\/td>\n<\/tr>\n<tr>\n<td width=\"172\">G\u00fcc m\u0259nb\u0259yi<\/td>\n<td width=\"319\">USB portundan<\/td>\n<\/tr>\n<tr>\n<td width=\"172\">S\u00fcr\u0259t<\/td>\n<td width=\"319\">USB Tam S\u00fcr\u0259t (12 Mbps)<\/td>\n<\/tr>\n<tr>\n<td colspan=\"2\" width=\"491\">Smart Card Interface il\u0259 \u0259laq\u0259 saxlay\u0131n<\/td>\n<\/tr>\n<tr>\n<td width=\"172\">Slotlar\u0131n say\u0131<\/td>\n<td width=\"319\">1 Tam \u00f6l\u00e7\u00fcl\u00fc Kart Yuvas\u0131<\/td>\n<\/tr>\n<tr>\n<td width=\"172\">Standart<\/td>\n<td width=\"319\">ISO 7816 Hiss\u0259 1-4, Sinif A, B, C (5 V, 3 V, 1,8 V)<\/td>\n<\/tr>\n<tr>\n<td width=\"172\">Protokol<\/td>\n<td width=\"319\">T=0; T=1; Yadda\u015f Kart\u0131 D\u0259st\u0259yi<\/td>\n<\/tr>\n<tr>\n<td width=\"172\">Dig\u0259rl\u0259ri<\/td>\n<td width=\"319\">CAC, PIV, SIPRNET, J-LIS Smart Kartlar\u0131<\/td>\n<\/tr>\n<tr>\n<td colspan=\"2\" width=\"491\">Sertifikatlar\/Uy\u011funluq<\/td>\n<\/tr>\n<tr>\n<td rowspan=\"12\" width=\"172\">Sertifikatlar\/Uy\u011funluq<\/td>\n<td width=\"319\">EN60950\/IEC 60950<\/td>\n<\/tr>\n<tr>\n<td width=\"319\">ISO 7816<\/td>\n<\/tr>\n<tr>\n<td width=\"319\">USB Tam S\u00fcr\u0259t<\/td>\n<\/tr>\n<tr>\n<td width=\"319\">EMV\u2122 S\u0259viyy\u0259 1 (\u018flaq\u0259)<\/td>\n<\/tr>\n<tr>\n<td width=\"319\">PC\/SC<\/td>\n<\/tr>\n<tr>\n<td width=\"319\">CCID<\/td>\n<\/tr>\n<tr>\n<td width=\"319\">CE<\/td>\n<\/tr>\n<tr>\n<td width=\"319\">FCC<\/td>\n<\/tr>\n<tr>\n<td width=\"319\">WEEE<\/td>\n<\/tr>\n<tr>\n<td width=\"319\">RoHS<\/td>\n<\/tr>\n<tr>\n<td width=\"319\">REACH<\/td>\n<\/tr>\n<tr>\n<td width=\"319\">Microsoft\u00ae WHQL<\/td>\n<\/tr>\n<tr>\n<td colspan=\"2\" width=\"491\">Cihaz S\u00fcr\u00fcc\u00fcs\u00fc \u018fm\u0259liyyat Sistemi D\u0259st\u0259yi<\/td>\n<\/tr>\n<tr>\n<td rowspan=\"5\" width=\"172\">Cihaz S\u00fcr\u00fcc\u00fcs\u00fc \u018fm\u0259liyyat Sistemi D\u0259st\u0259yi<\/td>\n<td width=\"319\">Windows\u00ae<\/td>\n<\/tr>\n<tr>\n<td width=\"319\">Linux\u00ae<\/td>\n<\/tr>\n<tr>\n<td width=\"319\">MAC OS\u00ae<\/td>\n<\/tr>\n<tr>\n<td width=\"319\">Android\u2122<\/td>\n<\/tr>\n<tr>\n<td width=\"319\">Solaris<\/td>\n<\/tr>\n<\/tbody>\n<\/table>\n<\/div>\n<\/li>\n<\/ul>","protected":false},"excerpt":{"rendered":"<p>ACM39U-Y3 m\u00fcxt\u0259lif \u0259m\u0259liyyat sisteml\u0259rini v\u0259 \u0259lav\u0259 SAM kart oxuyucusunu d\u0259st\u0259kl\u0259y\u0259n smart kart proqramlar\u0131 \u00fc\u00e7\u00fcn y\u00fcks\u0259k s\u00fcr\u0259tli USB kontakt oxuyucu moduludur.<\/p>","protected":false},"featured_media":1620,"template":"","meta":[],"product_brand":[],"product_cat":[41],"product_tag":[],"class_list":{"0":"post-1619","1":"product","2":"type-product","3":"status-publish","4":"has-post-thumbnail","6":"product_cat-module-ic-reader","8":"first","9":"instock","10":"shipping-taxable","11":"product-type-simple"},"_links":{"self":[{"href":"https:\/\/nfc-readers.com\/az\/wp-json\/wp\/v2\/product\/1619","targetHints":{"allow":["GET"]}}],"collection":[{"href":"https:\/\/nfc-readers.com\/az\/wp-json\/wp\/v2\/product"}],"about":[{"href":"https:\/\/nfc-readers.com\/az\/wp-json\/wp\/v2\/types\/product"}],"wp:featuredmedia":[{"embeddable":true,"href":"https:\/\/nfc-readers.com\/az\/wp-json\/wp\/v2\/media\/1620"}],"wp:attachment":[{"href":"https:\/\/nfc-readers.com\/az\/wp-json\/wp\/v2\/media?parent=1619"}],"wp:term":[{"taxonomy":"product_brand","embeddable":true,"href":"https:\/\/nfc-readers.com\/az\/wp-json\/wp\/v2\/product_brand?post=1619"},{"taxonomy":"product_cat","embeddable":true,"href":"https:\/\/nfc-readers.com\/az\/wp-json\/wp\/v2\/product_cat?post=1619"},{"taxonomy":"product_tag","embeddable":true,"href":"https:\/\/nfc-readers.com\/az\/wp-json\/wp\/v2\/product_tag?post=1619"}],"curies":[{"name":"wp","href":"https:\/\/api.w.org\/{rel}","templated":true}]}}