{"id":1623,"date":"2024-04-07T07:59:43","date_gmt":"2024-04-07T07:59:43","guid":{"rendered":"https:\/\/nfc-readers.com\/?post_type=product&#038;p=1623"},"modified":"2024-09-29T07:34:42","modified_gmt":"2024-09-29T07:34:42","slug":"acr40t-type-a-usb-sim-sized-smart-card-reader","status":"publish","type":"product","link":"https:\/\/nfc-readers.com\/az\/ic-reader\/acr40t-type-a-usb-sim-sized-smart-card-reader\/","title":{"rendered":"ACR40T Type-A USB S\u0130M \u00f6l\u00e7\u00fcl\u00fc A\u011f\u0131ll\u0131 Kart Oxucusu (Daxili D\u00fcym\u0259 v\u0259 D\u00f6ng\u00fc Simi daxildir)"},"content":{"rendered":"<h1>ACR40T Type-A USB S\u0130M \u00f6l\u00e7\u00fcl\u00fc A\u011f\u0131ll\u0131 Kart Oxucusu (Daxili D\u00fcym\u0259 v\u0259 D\u00f6ng\u00fc Simi daxildir)<\/h1>\n<p>ACR40T, x\u00fcsusil\u0259 ki\u00e7ik dizaynda istifad\u0259\u00e7i dostu smart kart yuvas\u0131na malik, ISO 7816 smart kartlar\u0131 v\u0259 m\u00fcxt\u0259lif yadda\u015f kartlar\u0131 il\u0259 geni\u015f uy\u011funluq t\u0259klif ed\u0259n y\u00fcks\u0259k s\u0259m\u0259r\u0259li v\u0259 yenil\u0259n\u0259n smart kart oxuyucusudur.<\/p>\n<ul>\n<li>\n<h2><strong>M\u00fcxt\u0259lif \u018flaq\u0259 Kartlar\u0131n\u0131 D\u0259st\u0259kl\u0259yir<\/strong><\/h2>\n<ul>\n<li>\n<h3>ISO 7816 Sinif A, B v\u0259 C (5 V, 3 V v\u0259 1,8 V)<\/h3>\n<\/li>\n<li>\n<h3>Mikroprosessor Kart\u0131 (T=0, T=1)<\/h3>\n<\/li>\n<li>\n<h3>Yadda\u015f kart\u0131<\/h3>\n<\/li>\n<li>\n<h3>Q\u0131sa Qapanmadan Qoruma X\u00fcsusiyy\u0259tl\u0259ri<\/h3>\n<\/li>\n<\/ul>\n<\/li>\n<li>\n<h2><strong>T\u0259tbiq Proqramla\u015fd\u0131rma \u0130nterfeysi:<\/strong><\/h2>\n<ul>\n<li>\n<h3>PC\/SC d\u0259st\u0259kl\u0259yir<\/h3>\n<\/li>\n<\/ul>\n<\/li>\n<li>\n<h2><strong>Daxili periferik qur\u011fular<\/strong><\/h2>\n<ul>\n<li>\n<h3>1 x Proqramla\u015fd\u0131r\u0131la bil\u0259n LED (Ya\u015f\u0131l)<\/h3>\n<\/li>\n<li>\n<table width=\"591\">\n<tbody>\n<tr>\n<td colspan=\"2\" width=\"591\">Fiziki x\u00fcsusiyy\u0259tl\u0259r<\/td>\n<\/tr>\n<tr>\n<td rowspan=\"2\" width=\"266\">\u00d6l\u00e7\u00fcl\u0259r (mm)<\/td>\n<td width=\"325\">ACR40T-A1: 48,9 mm (U) \u00d7 17,7 mm (W) \u00d7 8,0 mm (Y)<\/td>\n<\/tr>\n<tr>\n<td width=\"325\">ACR40T-A5: 44,7 mm (U) \u00d7 17,7 mm (W) \u00d7 8,0 mm (Y)<\/td>\n<\/tr>\n<tr>\n<td rowspan=\"2\" width=\"266\">\u00c7\u0259ki (q)<\/td>\n<td width=\"325\">ACR40T-A1: 6,8 q \u00b1 1,0 q<\/td>\n<\/tr>\n<tr>\n<td width=\"325\">ACR40T-A5: 5,3 q \u00b1 1,0 q<\/td>\n<\/tr>\n<tr>\n<td colspan=\"2\" width=\"591\">USB interfeysi<\/td>\n<\/tr>\n<tr>\n<td width=\"266\">Protokol<\/td>\n<td width=\"325\">USB CCID<\/td>\n<\/tr>\n<tr>\n<td rowspan=\"2\" width=\"266\">Ba\u011flay\u0131c\u0131 n\u00f6v\u00fc<\/td>\n<td width=\"325\">USB Type-A<\/td>\n<\/tr>\n<tr>\n<td width=\"325\">USB Type-C<\/td>\n<\/tr>\n<tr>\n<td width=\"266\">G\u00fcc m\u0259nb\u0259yi<\/td>\n<td width=\"325\">USB portundan<\/td>\n<\/tr>\n<tr>\n<td width=\"266\">S\u00fcr\u0259t<\/td>\n<td width=\"325\">USB Tam S\u00fcr\u0259t (12Mbps)<\/td>\n<\/tr>\n<tr>\n<td colspan=\"2\" width=\"591\">Smart Card Interface il\u0259 \u0259laq\u0259 saxlay\u0131n<\/td>\n<\/tr>\n<tr>\n<td width=\"266\">Slotlar\u0131n say\u0131<\/td>\n<td width=\"325\">1 S\u0130M \u00f6l\u00e7\u00fcl\u00fc kart yuvas\u0131 (2FF)<\/td>\n<\/tr>\n<tr>\n<td width=\"266\">Protokol<\/td>\n<td width=\"325\">T=0; T=1<\/td>\n<\/tr>\n<tr>\n<td colspan=\"2\" width=\"591\">Daxili periferik qur\u011fular<\/td>\n<\/tr>\n<tr>\n<td width=\"266\">LED<\/td>\n<td width=\"325\">Ya\u015f\u0131l<\/td>\n<\/tr>\n<tr>\n<td colspan=\"2\" width=\"591\">Dig\u0259r X\u00fcsusiyy\u0259tl\u0259r<\/td>\n<\/tr>\n<tr>\n<td width=\"266\">Dig\u0259r X\u00fcsusiyy\u0259tl\u0259r<\/td>\n<td width=\"325\">Firmware T\u0259kmill\u0259\u015fdirilm\u0259sini d\u0259st\u0259kl\u0259yir<\/td>\n<\/tr>\n<tr>\n<td colspan=\"2\" width=\"591\">Sertifikatlar\/Uy\u011funluq<\/td>\n<\/tr>\n<tr>\n<td rowspan=\"12\" width=\"266\">Sertifikatlar\/Uy\u011funluq<\/td>\n<td width=\"325\">Sertifikatlar:<\/td>\n<\/tr>\n<tr>\n<td width=\"325\">UL 62368<\/td>\n<\/tr>\n<tr>\n<td width=\"325\">CE<\/td>\n<\/tr>\n<tr>\n<td width=\"325\">UKCA<\/td>\n<\/tr>\n<tr>\n<td width=\"325\">FCC<\/td>\n<\/tr>\n<tr>\n<td width=\"325\">RoHS<\/td>\n<\/tr>\n<tr>\n<td width=\"325\">REACH<\/td>\n<\/tr>\n<tr>\n<td width=\"325\">VCCI<\/td>\n<\/tr>\n<tr>\n<td width=\"325\">Microsoft\u00ae WHQL<\/td>\n<\/tr>\n<tr>\n<td width=\"325\">Uy\u011funluqlar:<\/td>\n<\/tr>\n<tr>\n<td width=\"325\">USB CCID<\/td>\n<\/tr>\n<tr>\n<td width=\"325\">PC\/SC<\/td>\n<\/tr>\n<tr>\n<td colspan=\"2\" width=\"591\">Cihaz S\u00fcr\u00fcc\u00fcs\u00fc \u018fm\u0259liyyat Sistemi D\u0259st\u0259yi<\/td>\n<\/tr>\n<tr>\n<td rowspan=\"4\" width=\"266\">Cihaz S\u00fcr\u00fcc\u00fcs\u00fc \u018fm\u0259liyyat Sistemi D\u0259st\u0259yi<\/td>\n<td width=\"325\">Windows\u00ae<\/td>\n<\/tr>\n<tr>\n<td width=\"325\">Linux\u00ae<\/td>\n<\/tr>\n<tr>\n<td width=\"325\">macOS<\/td>\n<\/tr>\n<tr>\n<td width=\"325\">Android\u2122<\/td>\n<\/tr>\n<\/tbody>\n<\/table>\n<\/li>\n<\/ul>\n<\/li>\n<\/ul>","protected":false},"excerpt":{"rendered":"<p>ACR40T, S\u0130M \u00f6l\u00e7\u00fcl\u00fc kartlar \u00fc\u00e7\u00fcn uy\u011funla\u015fd\u0131r\u0131lm\u0131\u015f y\u00fcks\u0259k s\u00fcr\u0259tli USB kontakt oxuyucudur, proqram t\u0259minat\u0131 yenil\u0259m\u0259l\u0259rini v\u0259 m\u00fcxt\u0259lif smart v\u0259 yadda\u015f kartlar\u0131 il\u0259 uy\u011funlu\u011fu t\u0259klif edir.<\/p>","protected":false},"featured_media":1624,"template":"","meta":[],"product_brand":[],"product_cat":[39],"product_tag":[],"class_list":{"0":"post-1623","1":"product","2":"type-product","3":"status-publish","4":"has-post-thumbnail","6":"product_cat-usb-ic-smartcard-reader","8":"first","9":"instock","10":"shipping-taxable","11":"product-type-simple"},"_links":{"self":[{"href":"https:\/\/nfc-readers.com\/az\/wp-json\/wp\/v2\/product\/1623","targetHints":{"allow":["GET"]}}],"collection":[{"href":"https:\/\/nfc-readers.com\/az\/wp-json\/wp\/v2\/product"}],"about":[{"href":"https:\/\/nfc-readers.com\/az\/wp-json\/wp\/v2\/types\/product"}],"wp:featuredmedia":[{"embeddable":true,"href":"https:\/\/nfc-readers.com\/az\/wp-json\/wp\/v2\/media\/1624"}],"wp:attachment":[{"href":"https:\/\/nfc-readers.com\/az\/wp-json\/wp\/v2\/media?parent=1623"}],"wp:term":[{"taxonomy":"product_brand","embeddable":true,"href":"https:\/\/nfc-readers.com\/az\/wp-json\/wp\/v2\/product_brand?post=1623"},{"taxonomy":"product_cat","embeddable":true,"href":"https:\/\/nfc-readers.com\/az\/wp-json\/wp\/v2\/product_cat?post=1623"},{"taxonomy":"product_tag","embeddable":true,"href":"https:\/\/nfc-readers.com\/az\/wp-json\/wp\/v2\/product_tag?post=1623"}],"curies":[{"name":"wp","href":"https:\/\/api.w.org\/{rel}","templated":true}]}}