{"id":1909,"date":"2024-10-15T13:42:27","date_gmt":"2024-10-15T13:42:27","guid":{"rendered":"https:\/\/nfc-readers.com\/?post_type=product&#038;p=1909"},"modified":"2024-10-28T15:36:29","modified_gmt":"2024-10-28T15:36:29","slug":"acr1222l-contactless-rfid-nfc-reader-writer","status":"publish","type":"product","link":"https:\/\/nfc-readers.com\/az\/ic-reader\/acr1222l-contactless-rfid-nfc-reader-writer\/","title":{"rendered":"ACR1222L Kontakts\u0131z RFID NFC Reader Yaz\u0131\u00e7\u0131s\u0131"},"content":{"rendered":"<p><iframe loading=\"lazy\" title=\"ACR1222L NFC oxuyucusu\" width=\"1020\" height=\"765\" src=\"https:\/\/www.youtube.com\/embed\/i-7zrKP8WJo?feature=oembed\" frameborder=\"0\" allow=\"accelerometer; autoplay; clipboard-write; encrypted-media; gyroscope; picture-in-picture; web-share\" referrerpolicy=\"strict-origin-when-cross-origin\" allowfullscreen><\/iframe><\/p>\n<div>\n<h1><strong>ACR1222L Kontakts\u0131z RFID NFC Reader Yaz\u0131\u00e7\u0131s\u0131<\/strong><\/h1>\n<p>The\u00a0<strong>ACR1222L Kontakts\u0131z RFID NFC Reader Yaz\u0131\u00e7\u0131s\u0131<\/strong>\u00a0geni\u015f \u00e7e\u015fidd\u0259 kontakts\u0131z smart kartlar v\u0259 NFC etiketl\u0259ri il\u0259 q\u00fcsursuz qar\u015f\u0131l\u0131ql\u0131 \u0259laq\u0259ni asanla\u015fd\u0131rmaq \u00fc\u00e7\u00fcn n\u0259z\u0259rd\u0259 tutulmu\u015f premium cihazd\u0131r. Qabaqc\u0131l texnologiya inteqrasiyas\u0131 v\u0259 istifad\u0259\u00e7i dostu x\u00fcsusiyy\u0259tl\u0259ri il\u0259 bu\u00a0<strong>NFC oxuyucusu<\/strong>\u00a0t\u0259hl\u00fck\u0259siz giri\u015f\u0259 n\u0259zar\u0259t, kontakts\u0131z \u00f6d\u0259ni\u015fl\u0259r v\u0259 m\u0259lumatlar\u0131n toplanmas\u0131 daxil olmaqla m\u00fcxt\u0259lif proqramlar \u00fc\u00e7\u00fcn ideald\u0131r. Etibarl\u0131 v\u0259 s\u0259m\u0259r\u0259li il\u0259 \u0259m\u0259liyyatlar\u0131n\u0131z\u0131 t\u0259kmill\u0259\u015fdirm\u0259k ist\u0259yirsinizs\u0259\u00a0<strong>kart oxuyucusu<\/strong>, ACR1222L n\u0259z\u0259rd\u0259n ke\u00e7irm\u0259y\u0259 d\u0259y\u0259r.<\/p>\n<p>Bu cihaz \u00e7oxsayl\u0131 NFC teql\u0259ri v\u0259 smart kartlarla m\u00fcst\u0259sna uy\u011funluq t\u0259klif edir, biznesl\u0259r\u0259 sad\u0259l\u0259\u015fdirilmi\u015f \u0259m\u0259liyyatlara v\u0259 t\u0259kmill\u0259\u015fdirilmi\u015f istifad\u0259\u00e7i \u0259laq\u0259sin\u0259 nail olmaqda k\u00f6m\u0259k edir. ACR1222L-\u0259 s\u0259rmay\u0259 qoyma\u011f\u0131n \u00fcst\u00fcnl\u00fckl\u0259rin\u0259 onun qabaqc\u0131l t\u0259hl\u00fck\u0259sizlik x\u00fcsusiyy\u0259tl\u0259ri, daxili LCD il\u0259 interaktiv interfeys v\u0259 m\u00fcxt\u0259lif kart n\u00f6vl\u0259ri \u00fc\u00e7\u00fcn geni\u015f d\u0259st\u0259k daxildir. Bu cihaz\u0131n n\u0259 \u00fc\u00e7\u00fcn g\u00fcc\u00fcnd\u0259n istifad\u0259 etm\u0259k ist\u0259y\u0259n biznesl\u0259r \u00fc\u00e7\u00fcn m\u00fctl\u0259q olmas\u0131 haqq\u0131nda \u0259trafl\u0131 m\u0259lumat \u0259ld\u0259 edin\u00a0<strong>RFID<\/strong>\u00a0texnologiya.<\/p>\n<h3>1. \u00c7oxsayl\u0131 NFC Texnologiyalar\u0131 il\u0259 Kompleks Uy\u011funluq<\/h3>\n<p>ACR1222L qabaqc\u0131l sistem \u00fcz\u0259rind\u0259 qurulub\u00a0<strong>13,56 MHz RFID texnologiyas\u0131<\/strong>, kontakts\u0131z kartlar\u0131n geni\u015f spektri il\u0259 uy\u011funlu\u011fu t\u0259min etm\u0259k v\u0259\u00a0<strong>NFC<\/strong>\u00a0etiketl\u0259r. Bura daxildir\u00a0<strong>ISO 14443 Tip A v\u0259 B kartlar\u0131, MIFARE<\/strong>, FeliCa v\u0259 b\u00fct\u00fcn d\u00f6rd n\u00f6v NFC teql\u0259ri. Bu c\u00fcr \u00e7ox y\u00f6nl\u00fcl\u00fck ACR1222L-ni t\u0259mass\u0131z texnologiyan\u0131 \u0259m\u0259liyyatlar\u0131na inteqrasiya etm\u0259k ist\u0259y\u0259n m\u00fc\u0259ssis\u0259l\u0259r \u00fc\u00e7\u00fcn vacib al\u0259t\u0259 \u00e7evirir.<\/p>\n<p>\u00dcst\u0259lik,\u00a0<strong>ACR1222L<\/strong>\u00a0d\u0259st\u0259kl\u0259yir\u00a0<strong>NFC funksiyalar\u0131<\/strong>\u00a0NFC teql\u0259rini s\u0259m\u0259r\u0259li \u015f\u0259kild\u0259 oxuma\u011fa v\u0259 yazma\u011fa imkan verir. Bu imkan x\u00fcsusil\u0259 istifad\u0259 ed\u0259n m\u00fc\u0259ssis\u0259l\u0259r \u00fc\u00e7\u00fcn faydal\u0131 ola bil\u0259r\u00a0<strong>smartfon<\/strong>\u00a0kimi \u0259m\u0259liyyatlar\u00a0<strong>Google Pay<\/strong>, NFC-ni aktivl\u0259\u015fdir\u0259n cihazlar vasit\u0259sil\u0259 hamar \u00f6d\u0259ni\u015f emal\u0131n\u0131 t\u0259min edir. \u0130st\u0259r \u0259n\u0259n\u0259vi RFID kartlar\u0131, ist\u0259rs\u0259 d\u0259 \u0259n yenisi il\u0259 i\u015fl\u0259yirsiniz\u00a0<strong>NFC \u00e7ipl\u0259ri<\/strong>, bu cihaz bazarda \u0259n yax\u015f\u0131 se\u00e7im kimi se\u00e7ilir.<\/p>\n<h3>2. T\u0259hl\u00fck\u0259siz \u018fm\u0259liyyatlar \u00fc\u00e7\u00fcn T\u0259kmill\u0259\u015fdirilmi\u015f T\u0259hl\u00fck\u0259sizlik X\u00fcsusiyy\u0259tl\u0259ri<\/h3>\n<p>T\u0259hl\u00fck\u0259sizlik h\u0259ssas m\u0259lumatlarla m\u0259\u015f\u011ful olan h\u0259r bir t\u0259\u015fkilat \u00fc\u00e7\u00fcn \u0259n vacib m\u0259s\u0259l\u0259dir. ACR1222L x\u00fcsusiyy\u0259tl\u0259ri\u00a0<strong>\u00fc\u00e7 ISO 7816-a uy\u011fun T\u0259hl\u00fck\u0259siz Giri\u015f Modulu (SAM)<\/strong>\u00a0kontakts\u0131z \u0259m\u0259liyyatlar \u00fc\u00e7\u00fcn g\u00fccl\u0259ndirilmi\u015f t\u0259hl\u00fck\u0259sizliyi t\u0259min ed\u0259n yuvalar. Bu SAM slotlar\u0131 kriptoqrafik a\u00e7arlar\u0131n t\u0259hl\u00fck\u0259siz idar\u0259 olunmas\u0131na imkan verir v\u0259 yaln\u0131z icaz\u0259 veril\u0259n \u0259m\u0259liyyatlar\u0131n i\u015fl\u0259nm\u0259sini t\u0259min edir.<\/p>\n<p>Daxili anti-toqqu\u015fma texnologiyas\u0131 il\u0259 ACR1222L eyni vaxtda bird\u0259n \u00e7ox NFC kart\u0131n\u0131 idar\u0259 ed\u0259 bil\u0259r v\u0259 h\u0259r d\u0259f\u0259 yaln\u0131z bir etiket\u0259 daxil olma\u011f\u0131 t\u0259min edir. Bu x\u00fcsusiyy\u0259t m\u0259lumatlar\u0131n b\u00fct\u00f6vl\u00fcy\u00fcn\u00fc art\u0131r\u0131r v\u0259 icaz\u0259siz giri\u015f riskini azald\u0131r, giri\u015f\u0259 n\u0259zar\u0259t sisteml\u0259ri v\u0259 maliyy\u0259 \u0259m\u0259liyyatlar\u0131 \u00fc\u00e7\u00fcn kritik bir m\u0259s\u0259l\u0259dir. N\u0259tic\u0259d\u0259, bu\u00a0<strong>NFC oxuyucusu<\/strong>\u00a0t\u0259hl\u00fck\u0259sizlik \u00fczr\u0259 s\u0259naye standartlar\u0131na n\u0259inki cavab verir, h\u0259m d\u0259 onlar\u0131 \u00fcst\u0259l\u0259yir.<\/p>\n<h3>3. Sorunsuz qar\u015f\u0131l\u0131ql\u0131 \u0259laq\u0259 \u00fc\u00e7\u00fcn intuitiv istifad\u0259\u00e7i interfeysi<\/h3>\n<p>ACR1222L il\u0259 t\u0259chiz olunub\u00a0<strong>iki x\u0259ttli qrafik LCD<\/strong>\u00a0\u00c7in, \u0130ngilis, Yapon v\u0259 bir ne\u00e7\u0259 Avropa dill\u0259ri daxil olmaqla bir \u00e7ox dill\u0259ri d\u0259st\u0259kl\u0259yir. Bu \u00e7oxdilli d\u0259st\u0259k m\u00fcxt\u0259lif istifad\u0259\u00e7i bazas\u0131 \u00fc\u00e7\u00fcn qar\u015f\u0131l\u0131ql\u0131 \u0259laq\u0259ni asanla\u015fd\u0131r\u0131r v\u0259 b\u00fct\u00fcn istifad\u0259\u00e7il\u0259rin cihaz\u0131 v\u0259 onun funksiyalar\u0131n\u0131 ba\u015fa d\u00fc\u015fm\u0259sini t\u0259min edir.<\/p>\n<p>Bundan \u0259lav\u0259, interaktiv LCD istifad\u0259\u00e7il\u0259r\u0259 se\u00e7iml\u0259r aras\u0131nda s\u00fcr\u00fc\u015fm\u0259y\u0259 v\u0259 m\u00fcxt\u0259lif parametrl\u0259r\u0259 asanl\u0131qla daxil olma\u011fa imkan verir. il\u0259 birl\u0259\u015fdi\u00a0<strong>d\u00f6rd istifad\u0259\u00e7i t\u0259r\u0259find\u0259n idar\u0259 olunan LED<\/strong>\u00a0v\u0259 status bildiri\u015fl\u0259ri \u00fc\u00e7\u00fcn s\u0259sli siqnal, ACR1222L ayd\u0131n v\u0259 c\u0259lbedici istifad\u0259\u00e7i t\u0259cr\u00fcb\u0259sin\u0259 z\u0259man\u0259t verir. Bu intuitiv interfeys istifad\u0259\u00e7inin ba\u015fa d\u00fc\u015f\u00fclm\u0259sini art\u0131rmaq v\u0259 \u0259m\u0259liyyat i\u015f ax\u0131nlar\u0131n\u0131 asanla\u015fd\u0131rmaq \u00fc\u00e7\u00fcn n\u0259z\u0259rd\u0259 tutulmu\u015fdur ki, bu da onu ist\u0259nil\u0259n texnologiya y\u0131\u011f\u0131n\u0131na \u0259la \u0259lav\u0259 edir.<\/p>\n<h3>4. S\u0259nayed\u0259 \u00e7ox y\u00f6nl\u00fc proqramlar<\/h3>\n<p>ACR1222L T\u0259mass\u0131z RFID NFC Reader Yaz\u0131\u00e7\u0131s\u0131 p\u0259rak\u0259nd\u0259 sat\u0131\u015f, s\u0259hiyy\u0259 v\u0259 n\u0259qliyyat da daxil olmaqla m\u00fcxt\u0259lif s\u0259naye sah\u0259l\u0259rind\u0259 istifad\u0259 oluna bil\u0259r. P\u0259rak\u0259nd\u0259 sat\u0131\u015fda NFC teql\u0259rini oxumaq v\u0259 yazmaq imkan\u0131 biznesl\u0259r\u0259 \u0259m\u0259liyyatlar\u0131 sad\u0259l\u0259\u015fdirm\u0259y\u0259 v\u0259 m\u00fc\u015ft\u0259ri c\u0259lbini g\u00fccl\u0259ndirm\u0259y\u0259 imkan verir.\u00a0<strong>NFC al\u0259tl\u0259ri<\/strong>\u00a0loyall\u0131q proqramlar\u0131n\u0131 idar\u0259 etm\u0259k v\u0259 ya t\u0259mass\u0131z \u00f6d\u0259ni\u015fl\u0259ri asanla\u015fd\u0131rmaq \u00fc\u00e7\u00fcn inteqrasiya oluna bil\u0259r, \u00fcmumi m\u00fc\u015ft\u0259ri m\u0259mnuniyy\u0259tini art\u0131r\u0131r.<\/p>\n<p>S\u0259hiyy\u0259d\u0259 ACR1222L x\u0259st\u0259l\u0259rin qeydiyyat\u0131n\u0131 asanla\u015fd\u0131rma\u011fa, h\u0259ssas m\u0259lumatlara t\u0259hl\u00fck\u0259siz giri\u015fi t\u0259min etm\u0259y\u0259 v\u0259 tibb i\u015f\u00e7il\u0259rinin m\u0259lumatlara s\u00fcr\u0259tli \u00e7\u0131x\u0131\u015f\u0131n\u0131 t\u0259min etm\u0259y\u0259 k\u00f6m\u0259k ed\u0259 bil\u0259r. \u018flav\u0259 olaraq, onun RFID kartlar\u0131 il\u0259 uy\u011funlu\u011fu onu m\u0259hdud \u0259razil\u0259r\u0259 giri\u015f\u0259 n\u0259zar\u0259t etm\u0259k, n\u0259qliyyat m\u0259rk\u0259zl\u0259rind\u0259 t\u0259hl\u00fck\u0259sizliyi art\u0131rmaq \u00fc\u00e7\u00fcn ideal edir.<\/p>\n<h3>5. Texniki Spesifikasiyalar v\u0259 Performans Metrikl\u0259ri<\/h3>\n<p>ACR1222L-in texniki \u015f\u00fcca\u0259ti onun t\u0259sir edici spesifikasiyas\u0131 il\u0259 s\u00fcbut olunur:<\/p>\n<\/div>\n<div>\n<table width=\"702\">\n<tbody>\n<tr>\n<td colspan=\"2\" width=\"702\">Fiziki x\u00fcsusiyy\u0259tl\u0259r<\/td>\n<\/tr>\n<tr>\n<td rowspan=\"2\" width=\"250\">\u00d6l\u00e7\u00fcl\u0259r (mm)<\/td>\n<td width=\"452\">\u018fsas g\u00f6vd\u0259: 133,5 mm (U) x 88,5 mm (W) x 21,0 mm (H)<\/td>\n<\/tr>\n<tr>\n<td width=\"452\">Stendl\u0259: 158.0 mm (U) x 95.0 mm (W) x 95.0 mm (Y)<\/td>\n<\/tr>\n<tr>\n<td rowspan=\"2\" width=\"250\">\u00c7\u0259ki (q)<\/td>\n<td width=\"452\">\u018fsas b\u0259d\u0259n \u00e7\u0259kisi: 173 q<\/td>\n<\/tr>\n<tr>\n<td width=\"452\">Stendl\u0259: 415 q<\/td>\n<\/tr>\n<tr>\n<td colspan=\"2\" width=\"702\">USB interfeysi<\/td>\n<\/tr>\n<tr>\n<td width=\"250\">Protokol<\/td>\n<td width=\"452\">USB CCID<\/td>\n<\/tr>\n<tr>\n<td width=\"250\">Ba\u011flay\u0131c\u0131 n\u00f6v\u00fc<\/td>\n<td width=\"452\">Standart tip A<\/td>\n<\/tr>\n<tr>\n<td width=\"250\">G\u00fcc m\u0259nb\u0259yi<\/td>\n<td width=\"452\">USB portundan<\/td>\n<\/tr>\n<tr>\n<td width=\"250\">S\u00fcr\u0259t<\/td>\n<td width=\"452\">USB Tam S\u00fcr\u0259t (12 Mbps)<\/td>\n<\/tr>\n<tr>\n<td width=\"250\">Kabel uzunlu\u011fu<\/td>\n<td width=\"452\">1,5 m, Sabit<\/td>\n<\/tr>\n<tr>\n<td colspan=\"2\" width=\"702\">Kontakts\u0131z Smart Kart interfeysi<\/td>\n<\/tr>\n<tr>\n<td width=\"250\">Standart<\/td>\n<td width=\"452\">ISO\/IEC 18092 NFC, ISO 14443 Tip A v\u0259 B, MIFARE\u00ae, FeliCa<\/td>\n<\/tr>\n<tr>\n<td rowspan=\"4\" width=\"250\">Protokol<\/td>\n<td width=\"452\">ISO 14443-4 Uy\u011fun Kart, T=CL<\/td>\n<\/tr>\n<tr>\n<td width=\"452\">MIFARE\u00ae Klassik Kart, T=CL<\/td>\n<\/tr>\n<tr>\n<td width=\"452\">ISO18092, NFC etiketl\u0259ri<\/td>\n<\/tr>\n<tr>\n<td width=\"452\">FeliCa<\/td>\n<\/tr>\n<tr>\n<td colspan=\"2\" width=\"702\">SAM Kart interfeysi<\/td>\n<\/tr>\n<tr>\n<td width=\"250\">Slotlar\u0131n say\u0131<\/td>\n<td width=\"452\">3 Standart S\u0130M \u00f6l\u00e7\u00fcl\u00fc Kart Yuvas\u0131<\/td>\n<\/tr>\n<tr>\n<td width=\"250\">Standart<\/td>\n<td width=\"452\">ISO 7816 Sinif A (5 V)<\/td>\n<\/tr>\n<tr>\n<td width=\"250\">Protokol<\/td>\n<td width=\"452\">T=0; T=1<\/td>\n<\/tr>\n<tr>\n<td colspan=\"2\" width=\"702\">Daxili periferik qur\u011fular<\/td>\n<\/tr>\n<tr>\n<td rowspan=\"3\" width=\"250\">LCD<\/td>\n<td width=\"452\">Sar\u0131-ya\u015f\u0131l arxa i\u015f\u0131ql\u0131 qrafik LCD<\/td>\n<\/tr>\n<tr>\n<td width=\"452\">\u00c7\u00f6z\u00fcn\u00fcrl\u00fck: 128 x 32 piksel<\/td>\n<\/tr>\n<tr>\n<td width=\"452\">Simvollar\u0131n say\u0131: 16 simvol x 2 s\u0259tir<\/td>\n<\/tr>\n<tr>\n<td width=\"250\">LED<\/td>\n<td width=\"452\">4 t\u0259k r\u0259ngli: Ya\u015f\u0131l, Mavi, Nar\u0131nc\u0131 v\u0259 Q\u0131rm\u0131z\u0131<\/td>\n<\/tr>\n<tr>\n<td width=\"250\">Buzzer<\/td>\n<td width=\"452\">Monoton<\/td>\n<\/tr>\n<tr>\n<td colspan=\"2\" width=\"702\">Dig\u0259r X\u00fcsusiyy\u0259tl\u0259r<\/td>\n<\/tr>\n<tr>\n<td width=\"250\">Mikroproqram\u0131n t\u0259kmill\u0259\u015fdirilm\u0259si<\/td>\n<td width=\"452\">D\u0259st\u0259kl\u0259nir<\/td>\n<\/tr>\n<tr>\n<td colspan=\"2\" width=\"702\">Sertifikatlar\/Uy\u011funluq<\/td>\n<\/tr>\n<tr>\n<td rowspan=\"13\" width=\"250\">Sertifikatlar\/Uy\u011funluq<\/td>\n<td width=\"452\">ISO 18092<\/td>\n<\/tr>\n<tr>\n<td width=\"452\">ISO 14443<\/td>\n<\/tr>\n<tr>\n<td width=\"452\">ISO 7816 (SAM Yuvas\u0131)<\/td>\n<\/tr>\n<tr>\n<td width=\"452\">USB Tam S\u00fcr\u0259t<\/td>\n<\/tr>\n<tr>\n<td width=\"452\">PC\/SC<\/td>\n<\/tr>\n<tr>\n<td width=\"452\">CCID<\/td>\n<\/tr>\n<tr>\n<td width=\"452\">VCCI (Yaponiya)<\/td>\n<\/tr>\n<tr>\n<td width=\"452\">KC (Koreya)<\/td>\n<\/tr>\n<tr>\n<td width=\"452\">Microsoft\u00ae WHQL<\/td>\n<\/tr>\n<tr>\n<td width=\"452\">CE<\/td>\n<\/tr>\n<tr>\n<td width=\"452\">FCC<\/td>\n<\/tr>\n<tr>\n<td width=\"452\">RoHS<\/td>\n<\/tr>\n<tr>\n<td width=\"452\">REACH<\/td>\n<\/tr>\n<tr>\n<td colspan=\"2\" width=\"702\">Cihaz S\u00fcr\u00fcc\u00fcs\u00fc \u018fm\u0259liyyat Sistemi D\u0259st\u0259yi<\/td>\n<\/tr>\n<tr>\n<td rowspan=\"5\" width=\"250\">Cihaz S\u00fcr\u00fcc\u00fcs\u00fc \u018fm\u0259liyyat Sistemi D\u0259st\u0259yi<\/td>\n<td width=\"452\">Windows\u00ae<\/td>\n<\/tr>\n<tr>\n<td width=\"452\">Linux\u00ae<\/td>\n<\/tr>\n<tr>\n<td width=\"452\">MAC OS\u00ae<\/td>\n<\/tr>\n<tr>\n<td width=\"452\">Solaris<\/td>\n<\/tr>\n<tr>\n<td width=\"452\">Android\u2122<\/td>\n<\/tr>\n<\/tbody>\n<\/table>\n<\/div>\n<div><\/div>\n<div>\n<p>Y\u00fcks\u0259k s\u00fcr\u0259tli oxuma imkanlar\u0131 v\u0259 m\u00fcxt\u0259lif kartlar\u0131 idar\u0259 etm\u0259kd\u0259 \u00e7evikliyi il\u0259 ACR1222L g\u00fccl\u00fc bir kart kimi se\u00e7ilir.\u00a0<strong>smart kart oxuyucusu<\/strong>.<\/p>\n<h3>6. \u0130stifad\u0259\u00e7i Dostu Qura\u015fd\u0131rma v\u0259 \u0130nteqrasiya<\/h3>\n<p>ACR1222L-nin qurulmas\u0131 sad\u0259dir v\u0259 onu h\u0259m texniki, h\u0259m d\u0259 texniki olmayan istifad\u0259\u00e7il\u0259r \u00fc\u00e7\u00fcn \u0259l\u00e7atan edir. Cihaz vasit\u0259sil\u0259 m\u00f6vcud sisteml\u0259r\u0259 asanl\u0131qla inteqrasiya oluna bil\u0259r\u00a0<strong>USB<\/strong>, Windows, Linux v\u0259 macOS daxil olmaqla m\u0259\u015fhur \u0259m\u0259liyyat sisteml\u0259ri il\u0259 uy\u011funlu\u011fu t\u0259min edir. Bundan \u0259lav\u0259,\u00a0<strong>USB proqram t\u0259minat\u0131n\u0131n t\u0259kmill\u0259\u015fdirilm\u0259si<\/strong>\u00a0x\u00fcsusiyy\u0259t istifad\u0259\u00e7il\u0259r\u0259 cihazlar\u0131n\u0131 \u0259n son t\u0259kmill\u0259\u015fdirm\u0259l\u0259r v\u0259 t\u0259hl\u00fck\u0259sizlik x\u00fcsusiyy\u0259tl\u0259ri il\u0259 yenil\u0259m\u0259y\u0259 imkan verir.<\/p>\n<p>Bu qura\u015fd\u0131rma asanl\u0131\u011f\u0131 x\u00fcsusil\u0259 tez h\u0259yata ke\u00e7irm\u0259k ist\u0259y\u0259n m\u00fc\u0259ssis\u0259l\u0259r \u00fc\u00e7\u00fcn faydal\u0131d\u0131r\u00a0<strong>t\u0259mass\u0131z h\u0259ll\u0259r<\/strong>\u00a0b\u00f6y\u00fck fasil\u0259l\u0259r v\u0259 ya m\u00fcr\u0259kk\u0259b qura\u015fd\u0131rmalar olmadan.<\/p>\n<h3>7. \u018ftraf M\u00fchit\u0259 T\u0259sir v\u0259 Davaml\u0131 \u0130stifad\u0259<\/h3>\n<p>M\u00fc\u0259ssis\u0259l\u0259r \u0259traf m\u00fchit\u0259 t\u0259sirl\u0259rinin getdikc\u0259 daha \u00e7ox \u015f\u00fcurunda b\u00f6y\u00fcd\u00fckc\u0259, ACR1222L davaml\u0131 istifad\u0259 prinsipl\u0259rin\u0259 riay\u0259t edir. Az enerji s\u0259rfiyyat\u0131 il\u0259 cihaz n\u0259inki enerji x\u0259rcl\u0259rini azald\u0131r, h\u0259m d\u0259 daha ki\u00e7ik karbon izi yaratma\u011fa k\u00f6m\u0259k edir.<\/p>\n<p>Bundan \u0259lav\u0259, cihaz tez-tez d\u0259yi\u015fdirm\u0259 ehtiyac\u0131n\u0131 minimuma endir\u0259r\u0259k v\u0259 zamanla elektron tullant\u0131lar\u0131 azaltmaqla davaml\u0131 performans \u00fc\u00e7\u00fcn n\u0259z\u0259rd\u0259 tutulmu\u015fdur. Bu davaml\u0131l\u0131q m\u00fcraci\u0259ti \u00f6z \u0259m\u0259liyyatlar\u0131 \u00e7\u0259r\u00e7iv\u0259sind\u0259 ya\u015f\u0131l t\u0259\u015f\u0259bb\u00fcsl\u0259ri t\u0259\u015fviq etm\u0259k ist\u0259y\u0259n t\u0259\u015fkilatlar \u00fc\u00e7\u00fcn vacib amildir.<\/p>\n<h3>8. M\u00fc\u015ft\u0259ri r\u0259yl\u0259ri v\u0259 r\u0259yl\u0259ri<\/h3>\n<p>ACR1222L haqq\u0131nda m\u00fc\u015ft\u0259ri r\u0259yi onun etibarl\u0131l\u0131\u011f\u0131n\u0131, istifad\u0259si asanl\u0131\u011f\u0131n\u0131 v\u0259 h\u0259rt\u0259r\u0259fli funksiyalar\u0131n\u0131 vur\u011fulay\u0131r. \u0130stifad\u0259\u00e7il\u0259r NFC teql\u0259rini oxuyark\u0259n v\u0259 yazark\u0259n onun etibarl\u0131 t\u0259hl\u00fck\u0259sizlik x\u00fcsusiyy\u0259tl\u0259ri il\u0259 yana\u015f\u0131, q\u00fcsursuz performans\u0131 y\u00fcks\u0259k qiym\u0259tl\u0259ndirirl\u0259r.<\/p>\n<p>Bir istifad\u0259\u00e7i dedi: \u201cACR1222L bizim \u0259m\u0259liyyat prosesl\u0259rimizi d\u0259yi\u015fdirdi. O, s\u00fcr\u0259tli, t\u0259hl\u00fck\u0259sizdir v\u0259 daxili displey m\u00fc\u015ft\u0259ril\u0259rimizi m\u0259lumatland\u0131rmaq \u00fc\u00e7\u00fcn inan\u0131lmaz d\u0259r\u0259c\u0259d\u0259 faydal\u0131d\u0131r\u201d.<\/p>\n<\/div>\n<div><\/div>\n<div><\/div>","protected":false},"excerpt":{"rendered":"<p>ACR1222L Kontakts\u0131z RFID NFC Reader Yaz\u0131\u00e7\u0131s\u0131 p\u0259rak\u0259nd\u0259 sat\u0131\u015f, s\u0259hiyy\u0259 v\u0259 n\u0259qliyyat da daxil olmaqla m\u00fcxt\u0259lif s\u0259naye sah\u0259l\u0259rind\u0259 istifad\u0259 oluna bil\u0259r. P\u0259rak\u0259nd\u0259 sat\u0131\u015fda NFC teql\u0259rini oxumaq v\u0259 yazmaq imkan\u0131 biznesl\u0259r\u0259 \u0259m\u0259liyyatlar\u0131 sad\u0259l\u0259\u015fdirm\u0259y\u0259 v\u0259 m\u00fc\u015ft\u0259ri c\u0259lbini g\u00fccl\u0259ndirm\u0259y\u0259 imkan verir. <strong>NFC al\u0259tl\u0259ri<\/strong>\u00a0loyall\u0131q proqramlar\u0131n\u0131 idar\u0259 etm\u0259k v\u0259 ya t\u0259mass\u0131z \u00f6d\u0259ni\u015fl\u0259ri asanla\u015fd\u0131rmaq \u00fc\u00e7\u00fcn inteqrasiya oluna bil\u0259r, \u00fcmumi m\u00fc\u015ft\u0259ri m\u0259mnuniyy\u0259tini art\u0131r\u0131r.<\/p>","protected":false},"featured_media":1563,"template":"","meta":[],"product_brand":[],"product_cat":[45,40],"product_tag":[],"class_list":{"0":"post-1909","1":"product","2":"type-product","3":"status-publish","4":"has-post-thumbnail","6":"product_cat-contactless-nfc-reader","7":"product_cat-rfid-nfc-reader","9":"first","10":"instock","11":"shipping-taxable","12":"product-type-simple"},"_links":{"self":[{"href":"https:\/\/nfc-readers.com\/az\/wp-json\/wp\/v2\/product\/1909","targetHints":{"allow":["GET"]}}],"collection":[{"href":"https:\/\/nfc-readers.com\/az\/wp-json\/wp\/v2\/product"}],"about":[{"href":"https:\/\/nfc-readers.com\/az\/wp-json\/wp\/v2\/types\/product"}],"wp:featuredmedia":[{"embeddable":true,"href":"https:\/\/nfc-readers.com\/az\/wp-json\/wp\/v2\/media\/1563"}],"wp:attachment":[{"href":"https:\/\/nfc-readers.com\/az\/wp-json\/wp\/v2\/media?parent=1909"}],"wp:term":[{"taxonomy":"product_brand","embeddable":true,"href":"https:\/\/nfc-readers.com\/az\/wp-json\/wp\/v2\/product_brand?post=1909"},{"taxonomy":"product_cat","embeddable":true,"href":"https:\/\/nfc-readers.com\/az\/wp-json\/wp\/v2\/product_cat?post=1909"},{"taxonomy":"product_tag","embeddable":true,"href":"https:\/\/nfc-readers.com\/az\/wp-json\/wp\/v2\/product_tag?post=1909"}],"curies":[{"name":"wp","href":"https:\/\/api.w.org\/{rel}","templated":true}]}}