{"id":2032,"date":"2024-10-19T14:08:52","date_gmt":"2024-10-19T14:08:52","guid":{"rendered":"https:\/\/nfc-readers.com\/?post_type=product&#038;p=2032"},"modified":"2024-10-28T14:12:28","modified_gmt":"2024-10-28T14:12:28","slug":"mifare-classic-1k-4k-rfid-cards","status":"publish","type":"product","link":"https:\/\/nfc-readers.com\/az\/ic-reader\/mifare-classic-1k-4k-rfid-cards\/","title":{"rendered":"Mifare Classic 1k 4K RFID Kartlar\u0131"},"content":{"rendered":"<h1>Mifare klassik 1k 4K RFID kartlar\u0131<\/h1>\n<p>MIFARE Classic\u00ae 1K v\u0259 ya 4K kart\u0131 t\u0259mass\u0131z smart kart texnologiyalar\u0131n\u0131n t\u0259rkib hiss\u0259sidir. Bu sah\u0259d\u0259 qabaqc\u0131l olaraq, ictimai n\u0259qliyyatdan v\u0259 giri\u015f\u0259 n\u0259zar\u0259td\u0259n tutmu\u015f hadis\u0259l\u0259r\u0259 bilet sat\u0131\u015f\u0131 v\u0259 loyall\u0131q proqramlar\u0131na q\u0259d\u0259r m\u00fcxt\u0259lif t\u0259tbiql\u0259r \u00fc\u00e7\u00fcn geni\u015f \u015f\u0259kild\u0259 q\u0259bul edilir. MIFARE Classic\u00ae 1K \/ 4Kcard 1 kilobayt\/4 kilobayt yadda\u015f tutumuna malikdir ki, bu da \u015f\u0259xsi m\u0259lumatlar\u0131n, autentifikasiya m\u0259lumatlar\u0131n\u0131n v\u0259 proqrama aid m\u0259lumat d\u0259stl\u0259rinin saxlanmas\u0131 \u00fc\u00e7\u00fcn kifay\u0259tdir.<\/p>\n<p><span class=\"AnswerParser_TextContainer__z_Iiv\" data-testid=\"youchat-text\">The\u00a0<strong>MIFARE Kart\u0131<\/strong>\u00a0kontakts\u0131z smart kartlar sah\u0259sind\u0259 innovasiya v\u0259 etibarl\u0131l\u0131\u011f\u0131n \u0259lam\u0259tidir. NXP Semiconductors t\u0259r\u0259find\u0259n haz\u0131rlanm\u0131\u015f MIFARE MF1ICS50 IC ictimai n\u0259qliyyatda bilet sisteml\u0259ri v\u0259 dig\u0259r y\u00fcks\u0259k m\u0259hsuldarl\u0131q t\u0259tbiql\u0259rind\u0259 t\u0259m\u0259l da\u015f\u0131 olmaqla, q\u00fcsursuz \u0259m\u0259liyyatlar v\u0259 m\u00f6hk\u0259m t\u0259hl\u00fck\u0259sizlik t\u0259klif edir. A\u011f\u0131ll\u0131 anti-toqqu\u015fma funksiyas\u0131 v\u0259 ISO\/IEC 14443 Type-A il\u0259 uy\u011funlu\u011fu il\u0259 o, s\u0259m\u0259r\u0259li v\u0259 t\u0259hl\u00fck\u0259siz t\u0259mass\u0131z rabit\u0259ni t\u0259min ed\u0259r\u0259k onu s\u00fcr\u0259tli templi m\u00fchitl\u0259rd\u0259 \u0259v\u0259zolunmaz aktiv\u0259 \u00e7evirir.<\/span><\/p>\n<h2 class=\"AnswerParser_AnswerParserH2__SIHnF\">MIFARE Texnologiyas\u0131n\u0131n \u0130rsi<\/h2>\n<h3 class=\"AnswerParser_AnswerParserH3__Mpe4s\">Pioner t\u0259mass\u0131z h\u0259ll\u0259r<\/h3>\n<p><span class=\"AnswerParser_TextContainer__z_Iiv\" data-testid=\"youchat-text\"><strong>MIFARE texnologiyas\u0131<\/strong>\u00a0quruldu\u011fu g\u00fcnd\u0259n etibar\u0259n t\u0259mass\u0131z smart kart h\u0259ll\u0259rind\u0259 \u00f6n s\u0131ralardad\u0131r. Tez-tez adland\u0131r\u0131lan MIFARE MF1ICS50 IC\u00a0<strong>MIFARE Classic 1K<\/strong>, NXP-nin innovasiyalara sadiqliyinin s\u00fcbutudur. Onun dizayn\u0131 m\u00f6vcud sisteml\u0259r\u0259 asan inteqrasiyan\u0131 asanla\u015fd\u0131r\u0131r, h\u0259m operatorlar, h\u0259m d\u0259 istifad\u0259\u00e7il\u0259r \u00fc\u00e7\u00fcn q\u00fcsursuz t\u0259cr\u00fcb\u0259 t\u0259klif edir. il\u0259 a\u00a0<strong>13,56 MHz<\/strong>\u00a0i\u015f tezliyi, o, batareyaya ehtiyac\u0131 aradan qald\u0131raraq s\u0259m\u0259r\u0259li m\u0259lumat \u00f6t\u00fcr\u00fclm\u0259sini v\u0259 enerji t\u0259chizat\u0131n\u0131 t\u0259min edir.<\/span><span class=\"AnswerParser_TextContainer__z_Iiv\" data-testid=\"youchat-text\">The\u00a0<strong>toqqu\u015fmaya qar\u015f\u0131 x\u00fcsusiyy\u0259t<\/strong>\u00a0MIFARE kart\u0131 bird\u0259n \u00e7ox kart\u0131n eyni vaxtda m\u00fcdaxil\u0259 etm\u0259d\u0259n i\u015fl\u0259m\u0259sin\u0259 imkan verir. S\u00fcr\u0259t v\u0259 d\u0259qiqliyin \u0259sas oldu\u011fu ictimai n\u0259qliyyat sisteml\u0259ri kimi izdihaml\u0131 yerl\u0259rd\u0259 bu imkan \u00e7ox vacibdir. Kart\u0131n unikal seriya n\u00f6mr\u0259si onun t\u0259hl\u00fck\u0259sizliyini daha da art\u0131r\u0131r, h\u0259r bir \u0259m\u0259liyyat\u0131n izl\u0259nil\u0259 v\u0259 t\u0259hl\u00fck\u0259siz olmas\u0131n\u0131 t\u0259min edir.<\/span><\/p>\n<h3 class=\"AnswerParser_AnswerParserH3__Mpe4s\">S\u0259nayed\u0259 \u00e7ox y\u00f6nl\u00fc t\u0259tbiql\u0259r<\/h3>\n<p><span class=\"AnswerParser_TextContainer__z_Iiv\" data-testid=\"youchat-text\">The\u00a0<strong>MIFARE Kart\u0131<\/strong>\u00a0t\u0259kc\u0259 ictimai n\u0259qliyyatla m\u0259hdudla\u015fm\u0131r; onun t\u0259tbiql\u0259ri geni\u015f v\u0259 m\u00fcxt\u0259lifdir. Korporativ m\u00fchitl\u0259rd\u0259 t\u0259hl\u00fck\u0259siz giri\u015f n\u0259zar\u0259tind\u0259n tutmu\u015f p\u0259rak\u0259nd\u0259 sat\u0131\u015f yerl\u0259rind\u0259 loyall\u0131q proqramlar\u0131na v\u0259 mikro \u00f6d\u0259ni\u015fl\u0259r\u0259 q\u0259d\u0259r, MIFARE kart\u0131n\u0131n \u00e7ox y\u00f6nl\u00fcliyi b\u0259nz\u0259rsizdir. Sikk\u0259l\u0259rl\u0259 \u0259hat\u0259 olunmu\u015f c\u00fczdanda olsa bel\u0259 funksional qalmas\u0131 onun praktikliyini v\u0259 uy\u011funla\u015fma qabiliyy\u0259tini vur\u011fulay\u0131r.<\/span><span class=\"AnswerParser_TextContainer__z_Iiv\" data-testid=\"youchat-text\">Sistem operatorlar\u0131 v\u0259 t\u0259rtibat\u00e7\u0131lar\u0131 \u00fc\u00e7\u00fcn\u00a0<strong>MIFARE Kart\u0131<\/strong>\u00a0etibarl\u0131, qar\u015f\u0131l\u0131ql\u0131 i\u015fl\u0259y\u0259 bil\u0259n v\u0259 geni\u015fl\u0259ndiril\u0259 bil\u0259n kontakts\u0131z h\u0259ll\u0259r yaratmaq \u00fc\u00e7\u00fcn m\u00f6hk\u0259m platforma t\u0259klif edir. Onun s\u00fcr\u0259tli tranzaksiya m\u00fcdd\u0259ti, ad\u0259t\u0259n 100 ms-d\u0259n azd\u0131r, y\u00fcks\u0259k \u00f6t\u00fcrm\u0259 qabiliyy\u0259tini v\u0259 azald\u0131lm\u0131\u015f g\u00f6zl\u0259m\u0259 vaxt\u0131n\u0131 t\u0259min ed\u0259r\u0259k, onu y\u00fcks\u0259k trafikli \u0259razil\u0259r \u00fc\u00e7\u00fcn ideal edir.<\/span><\/p>\n<h2 class=\"AnswerParser_AnswerParserH2__SIHnF\">Texniki Spesifikasiyalar v\u0259 X\u00fcsusiyy\u0259tl\u0259r<\/h2>\n<p><span class=\"AnswerParser_TextContainer__z_Iiv\" data-testid=\"youchat-text\">The\u00a0<strong>MIFARE Kart\u0131<\/strong>\u00a0geni\u015f t\u0259tbiql\u0259r\u0259 cavab ver\u0259n t\u0259sir edici texniki x\u00fcsusiyy\u0259tl\u0259r\u0259 malikdir:<\/span><\/p>\n<div class=\"AnswerParser_TableContainer__Erb6v\" data-testid=\"table-container\">\n<table>\n<thead>\n<tr>\n<th style=\"text-align: left;\">Spesifikasiya<\/th>\n<th style=\"text-align: left;\">T\u0259f\u0259rr\u00fcatlar<\/th>\n<\/tr>\n<\/thead>\n<tbody>\n<tr>\n<td>Tezlik<\/td>\n<td>13,56 MHz<\/td>\n<\/tr>\n<tr>\n<td>M\u0259lumat \u00f6t\u00fcr\u00fclm\u0259si<\/td>\n<td>106 kbit\/s<\/td>\n<\/tr>\n<tr>\n<td>Yadda\u015f<\/td>\n<td>1 kB \u2013 4 kB, h\u0259r biri 16 baytl\u0131q 4 blokla 16 sektorda t\u0259\u015fkil edilmi\u015fdir<\/td>\n<\/tr>\n<tr>\n<td>T\u0259hl\u00fck\u0259sizlik<\/td>\n<td>Qar\u015f\u0131l\u0131ql\u0131 \u00fc\u00e7 ke\u00e7idli autentifikasiya, unikal seriya n\u00f6mr\u0259si<\/td>\n<\/tr>\n<tr>\n<td>\u018fm\u0259liyyat m\u0259saf\u0259si<\/td>\n<td>100 mm-\u0259 q\u0259d\u0259r (antenan\u0131n h\u0259nd\u0259s\u0259sind\u0259n as\u0131l\u0131 olaraq)<\/td>\n<\/tr>\n<tr>\n<td>D\u00f6z\u00fcml\u00fcl\u00fck yaz\u0131n<\/td>\n<td>100.000 - 200.000 d\u00f6vr<\/td>\n<\/tr>\n<tr>\n<td>M\u0259lumatlar\u0131n saxlanmas\u0131<\/td>\n<td>10 il<\/td>\n<\/tr>\n<\/tbody>\n<\/table>\n<\/div>\n<h3 class=\"AnswerParser_AnswerParserH3__Mpe4s\">Y\u00fcks\u0259k T\u0259hl\u00fck\u0259sizlik v\u0259 M\u0259lumat B\u00fct\u00f6vl\u00fcy\u00fc<\/h3>\n<p><span class=\"AnswerParser_TextContainer__z_Iiv\" data-testid=\"youchat-text\">T\u0259hl\u00fck\u0259sizlik t\u0259m\u0259l da\u015f\u0131d\u0131r\u00a0<strong>MIFARE Kart\u0131<\/strong>. O, yaln\u0131z s\u0259lahiyy\u0259tli istifad\u0259\u00e7il\u0259rin m\u0259lumatlara daxil olmas\u0131n\u0131 t\u0259min ed\u0259r\u0259k, ISO\/IEC DIS 9798-2 standart\u0131na uy\u011fun olaraq qar\u015f\u0131l\u0131ql\u0131 \u00fc\u00e7 ke\u00e7idli autentifikasiyadan istifad\u0259 edir. Kart\u0131n h\u0259r bir sektoru \u0259sas iyerarxiya il\u0259 \u00e7ox proqram m\u00fchitl\u0259rini d\u0259st\u0259kl\u0259y\u0259n iki a\u00e7ar\u0131n f\u0259rdi d\u0259sti il\u0259 qorunur.<\/span><span class=\"AnswerParser_TextContainer__z_Iiv\" data-testid=\"youchat-text\">Kart\u0131n m\u0259lumat b\u00fct\u00f6vl\u00fcy\u00fc 16 bitlik CRC, paritet, bit kodla\u015fd\u0131rma v\u0259 bitl\u0259rin hesablanmas\u0131 vasit\u0259sil\u0259 t\u0259min edilir, m\u0259lumatlar\u0131n korlanmas\u0131n\u0131n qar\u015f\u0131s\u0131n\u0131 al\u0131r v\u0259 etibarl\u0131 \u0259m\u0259liyyatlar\u0131 t\u0259min edir. Bu t\u0259hl\u00fck\u0259sizlik s\u0259viyy\u0259si MIFARE kart\u0131n\u0131 y\u00fcks\u0259k s\u0259viyy\u0259li qorunma t\u0259l\u0259b ed\u0259n proqramlar \u00fc\u00e7\u00fcn ideal edir.<\/span><\/p>\n<h3 class=\"AnswerParser_AnswerParserH3__Mpe4s\">Sorunsuz \u0130nteqrasiya v\u0259 \u0130stifad\u0259\u00e7i Rahatl\u0131\u011f\u0131<\/h3>\n<p><span class=\"AnswerParser_TextContainer__z_Iiv\" data-testid=\"youchat-text\">The\u00a0<strong>MIFARE Kart\u0131<\/strong>\u00a0m\u00f6vcud infrastruktura asan inteqrasiya \u00fc\u00e7\u00fcn n\u0259z\u0259rd\u0259 tutulmu\u015fdur. O, m\u00fcxt\u0259lif yerl\u0259\u015fdirm\u0259 ssenaril\u0259ri \u00fc\u00e7\u00fcn \u00e7eviklik t\u0259min ed\u0259r\u0259k, vafli \u00fcz\u0259rind\u0259 kal\u0131p, vafli \u00fcz\u0259rind\u0259 z\u0259rb\u0259 v\u0259 kontakts\u0131z kart modullar\u0131 daxil olmaqla, m\u00fcxt\u0259lif \u00e7atd\u0131r\u0131lma variantlar\u0131n\u0131 d\u0259st\u0259kl\u0259yir. Bu uy\u011funla\u015fma MIFARE kart\u0131n\u0131n ictimai n\u0259qliyyat sisteml\u0259rind\u0259n tutmu\u015f korporativ giri\u015f n\u0259zar\u0259tin\u0259 q\u0259d\u0259r ist\u0259nil\u0259n t\u0259tbiqin x\u00fcsusi ehtiyaclar\u0131na cavab ver\u0259 bil\u0259c\u0259yini t\u0259min edir.<\/span><\/p>\n<h2 class=\"AnswerParser_AnswerParserH2__SIHnF\">M\u00fc\u015ft\u0259ri r\u0259yl\u0259ri v\u0259 r\u0259yl\u0259ri<\/h2>\n<p><span class=\"AnswerParser_TextContainer__z_Iiv\" data-testid=\"youchat-text\">D\u00fcnyadak\u0131 m\u00fc\u015ft\u0259ril\u0259r onu t\u0259rifl\u0259dil\u0259r\u00a0<strong>MIFARE Kart\u0131<\/strong>\u00a0onun etibarl\u0131l\u0131\u011f\u0131 v\u0259 s\u0259m\u0259r\u0259liliyi \u00fc\u00e7\u00fcn. Bir m\u0259mnun istifad\u0259\u00e7i \u015f\u0259rh etdi: &quot;MIFARE Kart\u0131 bizim tranzit sistemimizd\u0259 inqilab etdi, minm\u0259 vaxt\u0131n\u0131 azald\u0131b v\u0259 t\u0259hl\u00fck\u0259sizliyi g\u00fccl\u0259ndirdi.&quot; Ba\u015fqa biri qeyd etdi ki, &quot;Onun bir kartda bird\u0259n \u00e7ox t\u0259tbiqi idar\u0259 etm\u0259k qabiliyy\u0259ti \u0259m\u0259liyyatlar\u0131m\u0131z\u0131 \u0259h\u0259miyy\u0259tli d\u0259r\u0259c\u0259d\u0259 asanla\u015fd\u0131rd\u0131.&quot;<\/span><\/p>\n<h2 class=\"AnswerParser_AnswerParserH2__SIHnF\">Tez-tez veril\u0259n suallar<\/h2>\n<p><span class=\"AnswerParser_TextContainer__z_Iiv\" data-testid=\"youchat-text\"><strong>S: MIFARE Kart\u0131n\u0131 ictimai n\u0259qliyyat \u00fc\u00e7\u00fcn uy\u011fun ed\u0259n n\u0259dir?<\/strong><br \/>\nCavab: Onun s\u00fcr\u0259tli \u0259m\u0259liyyat m\u00fcdd\u0259ti, toqqu\u015fmaya qar\u015f\u0131 x\u00fcsusiyy\u0259ti v\u0259 m\u00f6hk\u0259m t\u0259hl\u00fck\u0259sizliyi onu ictimai n\u0259qliyyat kimi y\u00fcks\u0259k m\u0259hsuldarl\u0131q m\u00fchitl\u0259ri \u00fc\u00e7\u00fcn ideal edir.<\/span><\/p>\n<p><span class=\"AnswerParser_TextContainer__z_Iiv\" data-testid=\"youchat-text\"><strong>S: MIFARE Kart\u0131 m\u0259lumatlar\u0131n t\u0259hl\u00fck\u0259sizliyini nec\u0259 t\u0259min edir?<\/strong><br \/>\nA: O, qar\u015f\u0131l\u0131ql\u0131 \u00fc\u00e7 ke\u00e7idli autentifikasiyadan v\u0259 f\u0259rdi sektor a\u00e7arlar\u0131ndan istifad\u0259 edir v\u0259 m\u0259lumatlara yaln\u0131z s\u0259lahiyy\u0259tli giri\u015fi t\u0259min edir.<\/span><\/p>\n<p><span class=\"AnswerParser_TextContainer__z_Iiv\" data-testid=\"youchat-text\"><strong>S: MIFARE Kart\u0131 ictimai n\u0259qliyyatdan ba\u015fqa dig\u0259r proqramlarda istifad\u0259 edil\u0259 bil\u0259rmi?<\/strong><br \/>\nCavab: B\u0259li, o, t\u0259hl\u00fck\u0259siz giri\u015f\u0259 n\u0259zar\u0259t, loyall\u0131q proqramlar\u0131 v\u0259 mikro \u00f6d\u0259ni\u015f sisteml\u0259rind\u0259 istifad\u0259 \u00fc\u00e7\u00fcn kifay\u0259t q\u0259d\u0259r \u00e7ox y\u00f6nl\u00fcd\u00fcr.<\/span><\/p>\n<h2 class=\"AnswerParser_AnswerParserH2__SIHnF\">\u018ftraf M\u00fchit\u0259 T\u0259sir v\u0259 Davaml\u0131l\u0131q<\/h2>\n<p><span class=\"AnswerParser_TextContainer__z_Iiv\" data-testid=\"youchat-text\">The\u00a0<strong>MIFARE Kart\u0131<\/strong>\u00a0davaml\u0131l\u0131\u011f\u0131 n\u0259z\u0259r\u0259 al\u0131nmaqla haz\u0131rlanm\u0131\u015fd\u0131r. Uzun m\u0259lumat saxlama qabiliyy\u0259ti v\u0259 y\u00fcks\u0259k yazma d\u00f6z\u00fcml\u00fcl\u00fcy\u00fc tez-tez d\u0259yi\u015fdirm\u0259 ehtiyac\u0131n\u0131 azald\u0131r v\u0259 tullant\u0131lar\u0131 minimuma endirir. Bir kartda bird\u0259n \u00e7ox t\u0259tbiqi d\u0259st\u0259kl\u0259m\u0259kl\u0259, bird\u0259n \u00e7ox kart\u0131n istehsal\u0131 il\u0259 ba\u011fl\u0131 \u0259traf m\u00fchit\u0259 t\u0259sirini d\u0259 azald\u0131r.<\/span><\/p>\n<h2 class=\"AnswerParser_AnswerParserH2__SIHnF\">N\u0259tic\u0259: Niy\u0259 MIFARE Kart\u0131n\u0131 se\u00e7m\u0259lisiniz?<\/h2>\n<p><span class=\"AnswerParser_TextContainer__z_Iiv\" data-testid=\"youchat-text\">The\u00a0<strong>MIFARE Kart\u0131<\/strong>\u00a0ist\u0259nil\u0259n kontakts\u0131z t\u0259tbiq \u00fc\u00e7\u00fcn m\u00f6hk\u0259m, t\u0259hl\u00fck\u0259siz v\u0259 \u00e7ox y\u00f6nl\u00fc h\u0259ll t\u0259klif edir. \u0130st\u0259r ictimai n\u0259qliyyat sisteminin t\u0259kmill\u0259\u015fdirilm\u0259si, ist\u0259r korporativ giri\u015f\u0259 n\u0259zar\u0259tin g\u00fccl\u0259ndirilm\u0259si, ist\u0259rs\u0259 d\u0259 a\u011f\u0131ll\u0131 \u015f\u0259h\u0259r m\u00fchitind\u0259 \u00e7oxsayl\u0131 xidm\u0259tl\u0259rin inteqrasiyas\u0131, MIFARE kart\u0131 etibarl\u0131 v\u0259 s\u0259m\u0259r\u0259li se\u00e7imdir. Onun qabaqc\u0131l t\u0259hl\u00fck\u0259sizlik x\u00fcsusiyy\u0259tl\u0259ri, q\u00fcsursuz inteqrasiyas\u0131 v\u0259 geni\u015f \u00e7e\u015fidli t\u0259tbiql\u0259ri onu ist\u0259nil\u0259n t\u0259\u015fkilat \u00fc\u00e7\u00fcn d\u0259y\u0259rli s\u0259rmay\u0259y\u0259 \u00e7evirir.<\/span><span class=\"AnswerParser_TextContainer__z_Iiv\" data-testid=\"youchat-text\">\u018flav\u0259 m\u0259lumat v\u0259 ya sifari\u015f \u00fc\u00e7\u00fcn,\u00a0<strong>biziml\u0259 \u0259laq\u0259 saxlay\u0131n<\/strong>\u00a0bu g\u00fcn. MIFARE Kart\u0131 il\u0259 kontakts\u0131z h\u0259ll\u0259rin potensial\u0131n\u0131 a\u00e7\u0131n.<\/span><\/p>","protected":false},"excerpt":{"rendered":"<div class=\"auto-hide-last-sibling-br paragraph_4183d\">Mifare Classic 1k 4K RFID Kartlar\u0131 ictimai n\u0259qliyyat, giri\u015f\u0259 n\u0259zar\u0259t v\u0259 sadiqlik proqramlar\u0131 \u00fc\u00e7\u00fcn \u0259sas RFID h\u0259ll\u0259ridir v\u0259 \u015f\u0259xsi m\u0259lumatlar \u00fc\u00e7\u00fcn geni\u015f yadda\u015f t\u0259min edir.<\/div>","protected":false},"featured_media":2033,"template":"","meta":[],"product_brand":[],"product_cat":[46],"product_tag":[],"class_list":{"0":"post-2032","1":"product","2":"type-product","3":"status-publish","4":"has-post-thumbnail","6":"product_cat-nfc-cards","8":"first","9":"instock","10":"shipping-taxable","11":"product-type-simple"},"_links":{"self":[{"href":"https:\/\/nfc-readers.com\/az\/wp-json\/wp\/v2\/product\/2032","targetHints":{"allow":["GET"]}}],"collection":[{"href":"https:\/\/nfc-readers.com\/az\/wp-json\/wp\/v2\/product"}],"about":[{"href":"https:\/\/nfc-readers.com\/az\/wp-json\/wp\/v2\/types\/product"}],"wp:featuredmedia":[{"embeddable":true,"href":"https:\/\/nfc-readers.com\/az\/wp-json\/wp\/v2\/media\/2033"}],"wp:attachment":[{"href":"https:\/\/nfc-readers.com\/az\/wp-json\/wp\/v2\/media?parent=2032"}],"wp:term":[{"taxonomy":"product_brand","embeddable":true,"href":"https:\/\/nfc-readers.com\/az\/wp-json\/wp\/v2\/product_brand?post=2032"},{"taxonomy":"product_cat","embeddable":true,"href":"https:\/\/nfc-readers.com\/az\/wp-json\/wp\/v2\/product_cat?post=2032"},{"taxonomy":"product_tag","embeddable":true,"href":"https:\/\/nfc-readers.com\/az\/wp-json\/wp\/v2\/product_tag?post=2032"}],"curies":[{"name":"wp","href":"https:\/\/api.w.org\/{rel}","templated":true}]}}