{"id":2038,"date":"2024-04-19T14:36:49","date_gmt":"2024-04-19T14:36:49","guid":{"rendered":"https:\/\/nfc-readers.com\/?post_type=product&#038;p=2038"},"modified":"2024-09-29T07:24:42","modified_gmt":"2024-09-29T07:24:42","slug":"d20-smart-mpos","status":"publish","type":"product","link":"https:\/\/nfc-readers.com\/az\/ic-reader\/d20-smart-mpos\/","title":{"rendered":"D20 a\u011f\u0131ll\u0131 mpos"},"content":{"rendered":"<h1>D20 a\u011f\u0131ll\u0131 mpos<\/h1>\n<div class=\"p\">\u018fliniz\u0259 m\u00fck\u0259mm\u0259l uy\u011fun g\u0259l\u0259n erqonomik dizaynl\u0131 Android smart POS. 4\u201d sensor ekran, QR kod skaneri v\u0259 geni\u015f \u00e7e\u015fidli qo\u015fulma se\u00e7iml\u0259ri sizi daha rahat \u00f6d\u0259ni\u015f t\u0259cr\u00fcb\u0259si il\u0259 qar\u015f\u0131lay\u0131r.<\/div>\n<div><\/div>\n<div class=\"p_list\">\n<div class=\"span clearfix\">Y\u00fcks\u0259k performans<\/div>\n<div><\/div>\n<div class=\"span clearfix\">\u00c7ox qo\u015fulma: 4G\/3G\/2G\/WIFI\/BT<\/div>\n<div><\/div>\n<div class=\"span clearfix\">Tam \u00f6d\u0259ni\u015f d\u0259st\u0259yi: MSR\/IC\/NFC<\/div>\n<div><\/div>\n<\/div>\n<table width=\"539\">\n<tbody>\n<tr>\n<td width=\"166\">\u018fS<\/td>\n<td width=\"373\">Android 10<\/td>\n<\/tr>\n<tr>\n<td width=\"166\"><\/td>\n<td rowspan=\"2\" width=\"373\">T\u0259tbiq CPU: 4*A53@ 1.8GHz T\u0259hl\u00fck\u0259sizlik CPU: 32-bit ARM 192MHz<\/td>\n<\/tr>\n<tr>\n<td width=\"166\">Prosessor<\/td>\n<\/tr>\n<tr>\n<td rowspan=\"2\" width=\"166\">Yadda\u015f<\/td>\n<td width=\"373\">1GB + 16GB<\/td>\n<\/tr>\n<tr>\n<td width=\"373\">2GB + 16GB (\u0130st\u0259y\u0259 g\u00f6r\u0259)<\/td>\n<\/tr>\n<tr>\n<td width=\"166\"><\/td>\n<td width=\"373\">4.0\u201d 480*800 TFT IPS Ekran<\/td>\n<\/tr>\n<tr>\n<td width=\"166\">Ekran<\/td>\n<td width=\"373\">Toxunma ekran\u0131<\/td>\n<\/tr>\n<tr>\n<td width=\"166\"><\/td>\n<td width=\"373\">LTE I WCDMA I GSM<\/td>\n<\/tr>\n<tr>\n<td width=\"166\">Rabit\u0259<\/td>\n<td width=\"373\">Bluetooth 5.0 I WiFi: 802.11 a\/b\/g\/n\/ac, 2.4GHz&amp;5G, AP-ni d\u0259st\u0259kl\u0259yir<\/td>\n<\/tr>\n<tr>\n<td width=\"166\">Peyk Yerl\u0259\u015fdirm\u0259<\/td>\n<td width=\"373\">GPS | A-GPS | QLONASS<\/td>\n<\/tr>\n<tr>\n<td width=\"166\">Kamera<\/td>\n<td width=\"373\">Arxa: 0,3M FF piksel<\/td>\n<\/tr>\n<tr>\n<td width=\"166\">EMV kart oxuyucusu<\/td>\n<td width=\"373\">EMV L1 v\u0259 L2<\/td>\n<\/tr>\n<tr>\n<td width=\"166\">NFC Reader<\/td>\n<td width=\"373\">EMV kontakts\u0131z L1<\/td>\n<\/tr>\n<tr>\n<td width=\"166\">Maqnit zolaql\u0131 kart oxuyucusu<\/td>\n<td width=\"373\">ISO-7811\/7813\/7810<\/td>\n<\/tr>\n<tr>\n<td width=\"166\"><\/td>\n<td width=\"373\">PCI PTS 5.x SRED<\/td>\n<\/tr>\n<tr>\n<td width=\"166\"><\/td>\n<td width=\"373\">EMV L1&amp;L2, EMV Kontakts\u0131z L1<\/td>\n<\/tr>\n<tr>\n<td width=\"166\">Sertifikatlar<\/td>\n<td width=\"373\">Visa Paywave, MasterCard Paypass, Amex Expresspay Discovery D-PAS, Rupay qSPARC<\/td>\n<\/tr>\n<tr>\n<td width=\"166\"><\/td>\n<td width=\"373\">PCI PIN T\u0259hl\u00fck\u0259sizlik, MasterCard TQM CE, FCC, BQB, RoHS, WEEE<\/td>\n<\/tr>\n<tr>\n<td width=\"166\">Adapter<\/td>\n<td width=\"373\">DC 5V\/1A<\/td>\n<\/tr>\n<tr>\n<td width=\"166\">Batareya<\/td>\n<td width=\"373\">4.35V\/2450mAh<\/td>\n<\/tr>\n<tr>\n<td width=\"166\">Audio<\/td>\n<td width=\"373\">Natiq<\/td>\n<\/tr>\n<tr>\n<td width=\"166\"><\/td>\n<td width=\"373\">1 Type-C (OTG)<\/td>\n<\/tr>\n<tr>\n<td width=\"166\">Periferik Portlar<\/td>\n<td width=\"373\">1 Nano SIM + 1 Mini SIM + 1 Mini SAM<\/td>\n<\/tr>\n<tr>\n<td width=\"166\"><\/td>\n<td width=\"373\">1 Micro SD Kart Yuvas\u0131, 32 GB-a q\u0259d\u0259r d\u0259st\u0259kl\u0259yir<\/td>\n<\/tr>\n<tr>\n<td width=\"166\"><\/td>\n<td width=\"373\">\u0130\u015fl\u0259m\u0259 temperaturu: 0 \u2103 - + 45 \u2103<\/td>\n<\/tr>\n<tr>\n<td width=\"166\">\u018ftraf M\u00fchit \u015e\u0259raitl\u0259ri<\/td>\n<td width=\"373\">Saxlama temperaturu: 0 \u2103 - + 50 \u2103<\/td>\n<\/tr>\n<tr>\n<td width=\"166\"><\/td>\n<td width=\"373\">Nisbi r\u00fctub\u0259t: 10%-d\u0259n 90%-\u0259 q\u0259d\u0259r kondensasiya olunmur<\/td>\n<\/tr>\n<tr>\n<td width=\"166\">\u00d6l\u00e7\u00fcl\u0259r<\/td>\n<td width=\"373\">129mm x 68.5mm x 17.4mm, 168g (Batareya daxil olmaqla)<\/td>\n<\/tr>\n<\/tbody>\n<\/table>","protected":false},"excerpt":{"rendered":"<p>Bu erqonomik Android mPOS 4 d\u00fcyml\u00fck sensor ekran v\u0259 QR kod skaneri il\u0259 t\u0259chiz olunub v\u0259 bu, m\u00f6hk\u0259m ba\u011flant\u0131 se\u00e7iml\u0259ri il\u0259 q\u00fcsursuz \u00f6d\u0259ni\u015f t\u0259cr\u00fcb\u0259sini t\u0259min edir.<\/p>","protected":false},"featured_media":2039,"template":"","meta":[],"product_brand":[],"product_cat":[15],"product_tag":[],"class_list":{"0":"post-2038","1":"product","2":"type-product","3":"status-publish","4":"has-post-thumbnail","6":"product_cat-pos-machine","8":"first","9":"instock","10":"shipping-taxable","11":"product-type-simple"},"_links":{"self":[{"href":"https:\/\/nfc-readers.com\/az\/wp-json\/wp\/v2\/product\/2038","targetHints":{"allow":["GET"]}}],"collection":[{"href":"https:\/\/nfc-readers.com\/az\/wp-json\/wp\/v2\/product"}],"about":[{"href":"https:\/\/nfc-readers.com\/az\/wp-json\/wp\/v2\/types\/product"}],"wp:featuredmedia":[{"embeddable":true,"href":"https:\/\/nfc-readers.com\/az\/wp-json\/wp\/v2\/media\/2039"}],"wp:attachment":[{"href":"https:\/\/nfc-readers.com\/az\/wp-json\/wp\/v2\/media?parent=2038"}],"wp:term":[{"taxonomy":"product_brand","embeddable":true,"href":"https:\/\/nfc-readers.com\/az\/wp-json\/wp\/v2\/product_brand?post=2038"},{"taxonomy":"product_cat","embeddable":true,"href":"https:\/\/nfc-readers.com\/az\/wp-json\/wp\/v2\/product_cat?post=2038"},{"taxonomy":"product_tag","embeddable":true,"href":"https:\/\/nfc-readers.com\/az\/wp-json\/wp\/v2\/product_tag?post=2038"}],"curies":[{"name":"wp","href":"https:\/\/api.w.org\/{rel}","templated":true}]}}