{"id":2046,"date":"2024-04-20T12:17:56","date_gmt":"2024-04-20T12:17:56","guid":{"rendered":"https:\/\/nfc-readers.com\/?post_type=product&#038;p=2046"},"modified":"2024-09-29T07:20:59","modified_gmt":"2024-09-29T07:20:59","slug":"fudan-f08-nfc-card","status":"publish","type":"product","link":"https:\/\/nfc-readers.com\/az\/ic-reader\/fudan-f08-nfc-card\/","title":{"rendered":"Fudan F08 NFC kart\u0131"},"content":{"rendered":"<h1>Fudan F08 NFC kart\u0131<\/h1>\n<p>Fudan F08 NFC kart\u0131 \u00c7inin \u015eanxay \u015f\u0259h\u0259rind\u0259 yerl\u0259\u015f\u0259n Fudan Microelectronics Group t\u0259r\u0259find\u0259n haz\u0131rlanm\u0131\u015f y\u00fcks\u0259k tezlikli kontakts\u0131z smart kartd\u0131r. O, qabaqc\u0131l t\u0259hl\u00fck\u0259sizlik texnologiyalar\u0131n\u0131 v\u0259 \u015fifr\u0259l\u0259m\u0259 alqoritml\u0259rini \u00f6z\u00fcnd\u0259 birl\u0259\u015fdirir, m\u00fcxt\u0259lif proqramlar \u00fc\u00e7\u00fcn t\u0259hl\u00fck\u0259siz v\u0259 etibarl\u0131 \u015f\u0259xsiyy\u0259t yoxlan\u0131\u015f\u0131 v\u0259 m\u0259lumat \u00f6t\u00fcr\u00fclm\u0259sini t\u0259klif edir. Fudan F08 \u0259sas\u0259n giri\u015f\u0259 n\u0259zar\u0259t sisteml\u0259ri, davamiyy\u0259t sisteml\u0259ri, n\u0259qliyyat biletl\u0259ri, kampus kartlar\u0131 v\u0259 saird\u0259 istifad\u0259 olunur. Fudan F08 kart\u0131 MIFARE Classic\u00ae 1K kart\u0131n\u0131n t\u0259tbiql\u0259ri il\u0259 uy\u011fun g\u0259lir v\u0259 istifad\u0259\u00e7il\u0259r\u0259 \u0259lav\u0259 se\u00e7iml\u0259r t\u0259qdim edir.<\/p>\n<table width=\"388\">\n<tbody>\n<tr style=\"font-style: inherit; font-weight: inherit;\">\n<td style=\"font-style: inherit;\" width=\"137\">\n<p data-spm-anchor-id=\"a2700.details.0.i74.641d36fcHPDT7G\">Material<\/p>\n<\/td>\n<td style=\"font-style: inherit;\" width=\"251\">PVC, PETG<\/td>\n<\/tr>\n<tr style=\"font-style: inherit; font-weight: inherit;\">\n<td style=\"font-style: inherit;\" width=\"137\">\u00d6l\u00e7\u00fc<\/td>\n<td style=\"font-style: inherit;\" width=\"251\">\n<p data-spm-anchor-id=\"a2700.details.0.i69.641d36fcHPDT7G\">CR80 85.5*54mm kredit kart\u0131 v\u0259 ya f\u0259rdi \u00f6l\u00e7\u00fc v\u0259 ya nizams\u0131z forma kimi<\/p>\n<\/td>\n<\/tr>\n<tr style=\"font-style: inherit; font-weight: inherit;\">\n<td style=\"font-style: inherit;\" width=\"137\">Qal\u0131nl\u0131q<\/td>\n<td style=\"font-style: inherit;\" width=\"251\">Kredit kart\u0131 v\u0259 ya x\u00fcsusi qal\u0131nl\u0131q kimi 0,84 mm<\/td>\n<\/tr>\n<tr style=\"font-style: inherit; font-weight: inherit;\">\n<td style=\"font-style: inherit;\" width=\"137\">\u00c7ap<\/td>\n<td style=\"font-style: inherit;\" width=\"251\">Heidelberg ofset \u00e7ap \/ Pantone r\u0259ngli \u00e7ap \/ Ekran \u00e7ap\u0131: 100% m\u00fc\u015ft\u0259ri t\u0259l\u0259b olunan r\u0259ng v\u0259 ya n\u00fcmun\u0259y\u0259 uy\u011fundur<\/td>\n<\/tr>\n<tr style=\"font-style: inherit; font-weight: inherit;\">\n<td style=\"font-style: inherit;\" width=\"137\">S\u0259thi<\/td>\n<td style=\"font-style: inherit;\" width=\"251\">Parlaq, tutqun, par\u0131lt\u0131l\u0131, metal, lazer v\u0259 ya termal printer \u00fc\u00e7\u00fcn \u00f6rt\u00fckl\u00fc v\u0259 ya Epson inkjet printer \u00fc\u00e7\u00fcn x\u00fcsusi lakl\u0131<\/td>\n<\/tr>\n<tr style=\"font-style: inherit; font-weight: inherit;\">\n<td style=\"font-style: inherit;\" rowspan=\"10\" width=\"137\">\u015e\u0259xsil\u0259\u015fdirm\u0259 v\u0259 ya x\u00fcsusi s\u0259n\u0259tkarl\u0131q<\/td>\n<td style=\"font-style: inherit;\" width=\"251\">Maqnit zolaq: Loco 300oe, Hico 2750oe, 2 v\u0259 ya 3 trek, qara\/q\u0131z\u0131l\/g\u00fcm\u00fc\u015f mag<\/td>\n<\/tr>\n<tr>\n<td width=\"251\">Barkod: EAN-13, EAN-128, CODE128, CODE39, QR barkod v\u0259 s.<\/td>\n<\/tr>\n<tr>\n<td width=\"251\">G\u00fcm\u00fc\u015f v\u0259 ya q\u0131z\u0131l\u0131 r\u0259ngd\u0259 r\u0259q\u0259ml\u0259rin v\u0259 ya h\u0259rfl\u0259rin qabart\u0131lmas\u0131<\/td>\n<\/tr>\n<tr>\n<td width=\"251\">Q\u0131z\u0131l v\u0259 ya g\u00fcm\u00fc\u015f fonda metal \u00e7ap<\/td>\n<\/tr>\n<tr>\n<td width=\"251\">\u0130mza paneli \/ \u00c7\u0131xar\u0131lan panel<\/td>\n<\/tr>\n<tr>\n<td width=\"251\">Lazer oyma n\u00f6mr\u0259l\u0259ri<\/td>\n<\/tr>\n<tr>\n<td width=\"251\">Q\u0131z\u0131l\/g\u00fcm\u00fc\u015f folqa \u015ftamplama<\/td>\n<\/tr>\n<tr>\n<td width=\"251\">UV l\u0259k\u0259li \u00e7ap<\/td>\n<\/tr>\n<tr>\n<td width=\"251\">\u00c7anta yuvarlaq v\u0259 ya oval de\u015fik<\/td>\n<\/tr>\n<tr>\n<td width=\"251\">T\u0259hl\u00fck\u0259sizlik \u00e7ap\u0131: Holoqram, OVI qoruyucu \u00e7ap, Brayl \u015frifti, Floresan \u0259leyhin\u0259 saxtakarl\u0131q, Mikro m\u0259tn \u00e7ap\u0131<\/td>\n<\/tr>\n<tr style=\"font-style: inherit; font-weight: inherit;\">\n<td style=\"font-style: inherit;\" width=\"137\">13.56Mhz \u00c7ip M\u00f6vcuddur<\/td>\n<td style=\"font-style: inherit;\" width=\"251\">NTAG213, NTAG215, NTAG216 v\u0259 s.<\/td>\n<\/tr>\n<tr style=\"font-style: inherit; font-weight: inherit;\">\n<td style=\"font-style: inherit;\" rowspan=\"2\" width=\"137\">T\u0259tbiql\u0259r<\/td>\n<td style=\"font-style: inherit;\" width=\"251\">\n<p data-spm-anchor-id=\"a2700.details.0.i70.641d36fcHPDT7G\">M\u00fc\u0259ssis\u0259l\u0259r, m\u0259kt\u0259b, klub, reklam, trafik, super market, parkinq, bank, h\u00f6kum\u0259t, s\u0131\u011forta, tibbi xidm\u0259t, tan\u0131t\u0131m,<\/p>\n<\/td>\n<\/tr>\n<tr>\n<td width=\"251\">ziyar\u0259t etm\u0259k v\u0259 s.<\/td>\n<\/tr>\n<\/tbody>\n<\/table>","protected":false},"excerpt":{"rendered":"<p>Fudan F08 NFC \u00e7ipi, \u0259lav\u0259 rahatl\u0131q \u00fc\u00e7\u00fcn RFID MIFARE Classic\u00ae 1K t\u0259tbiql\u0259ri il\u0259 uy\u011fun g\u0259l\u0259n, giri\u015f\u0259 n\u0259zar\u0259t v\u0259 bilet sat\u0131\u015f\u0131 \u00fc\u00e7\u00fcn ideal t\u0259hl\u00fck\u0259siz smart kartd\u0131r.<\/p>","protected":false},"featured_media":2047,"template":"","meta":[],"product_brand":[],"product_cat":[46],"product_tag":[],"class_list":{"0":"post-2046","1":"product","2":"type-product","3":"status-publish","4":"has-post-thumbnail","6":"product_cat-nfc-cards","8":"first","9":"instock","10":"shipping-taxable","11":"product-type-simple"},"_links":{"self":[{"href":"https:\/\/nfc-readers.com\/az\/wp-json\/wp\/v2\/product\/2046","targetHints":{"allow":["GET"]}}],"collection":[{"href":"https:\/\/nfc-readers.com\/az\/wp-json\/wp\/v2\/product"}],"about":[{"href":"https:\/\/nfc-readers.com\/az\/wp-json\/wp\/v2\/types\/product"}],"wp:featuredmedia":[{"embeddable":true,"href":"https:\/\/nfc-readers.com\/az\/wp-json\/wp\/v2\/media\/2047"}],"wp:attachment":[{"href":"https:\/\/nfc-readers.com\/az\/wp-json\/wp\/v2\/media?parent=2046"}],"wp:term":[{"taxonomy":"product_brand","embeddable":true,"href":"https:\/\/nfc-readers.com\/az\/wp-json\/wp\/v2\/product_brand?post=2046"},{"taxonomy":"product_cat","embeddable":true,"href":"https:\/\/nfc-readers.com\/az\/wp-json\/wp\/v2\/product_cat?post=2046"},{"taxonomy":"product_tag","embeddable":true,"href":"https:\/\/nfc-readers.com\/az\/wp-json\/wp\/v2\/product_tag?post=2046"}],"curies":[{"name":"wp","href":"https:\/\/api.w.org\/{rel}","templated":true}]}}