{"id":2052,"date":"2024-10-20T12:32:11","date_gmt":"2024-10-20T12:32:11","guid":{"rendered":"https:\/\/nfc-readers.com\/?post_type=product&#038;p=2052"},"modified":"2024-10-28T13:56:29","modified_gmt":"2024-10-28T13:56:29","slug":"mifare-desfire-ev2-2k-4k-8k-card","status":"publish","type":"product","link":"https:\/\/nfc-readers.com\/az\/ic-reader\/mifare-desfire-ev2-2k-4k-8k-card\/","title":{"rendered":"\u00a0MIFARE Desfire EV2 2K 4K 8K Kart\u0131\u00a0"},"content":{"rendered":"<h1><span class=\"AnswerParser_TextContainer__z_Iiv\" data-testid=\"youchat-text\">\u00a0<strong>MIFARE Desfire EV2 2K 4K 8K Kart\u0131<\/strong>\u00a0<\/span><\/h1>\n<p><span class=\"AnswerParser_TextContainer__z_Iiv\" data-testid=\"youchat-text\"><strong>MIFARE Desfire EV2 2K 4K 8K Kart\u0131<\/strong>\u00a0yenilik v\u0259 etibarl\u0131l\u0131q mayak\u0131 kimi se\u00e7ilir. NXP t\u0259r\u0259find\u0259n haz\u0131rlanm\u0131\u015f bu kart MIFARE DESFire ail\u0259sind\u0259ki ikinci t\u0259kam\u00fcld\u00fcr v\u0259 t\u0259kmill\u0259\u015fdirilmi\u015f t\u0259hl\u00fck\u0259sizlik, \u00fcst\u00fcn performans v\u0259 \u00e7oxlu proqram d\u0259st\u0259yi t\u0259klif edir. \u0130st\u0259r ictimai n\u0259qliyyatda bilet sat\u0131\u015f\u0131, t\u0259hl\u00fck\u0259siz giri\u015fin idar\u0259 edilm\u0259si, ist\u0259rs\u0259 d\u0259 mikro \u00f6d\u0259ni\u015fl\u0259r \u00fc\u00e7\u00fcn olsun, MIFARE Desfire EV2 miqyaslana bil\u0259n v\u0259 qar\u015f\u0131l\u0131ql\u0131 i\u015fl\u0259y\u0259 bil\u0259n kontakts\u0131z h\u0259ll\u0259r axtaran sistem operatorlar\u0131 v\u0259 t\u0259rtibat\u00e7\u0131lar \u00fc\u00e7\u00fcn ideal se\u00e7imdir.<\/span><\/p>\n<h2 class=\"AnswerParser_AnswerParserH2__SIHnF\">B\u0259nz\u0259rsiz T\u0259hl\u00fck\u0259sizlik v\u0259 Performans<\/h2>\n<p><span class=\"AnswerParser_TextContainer__z_Iiv\" data-testid=\"youchat-text\">The\u00a0<strong>MIFARE Desfire EV2<\/strong>\u00a0m\u00fcxt\u0259lif t\u0259tbiql\u0259rd\u0259 uy\u011funluq v\u0259 t\u0259hl\u00fck\u0259sizliyi t\u0259min ed\u0259n a\u00e7\u0131q qlobal standartlar \u00fcz\u0259rind\u0259 qurulub. O, m\u0259lumat \u00f6t\u00fcr\u00fclm\u0259si \u00fc\u00e7\u00fcn m\u00f6hk\u0259m m\u00fchafiz\u0259ni t\u0259min ed\u0259n DES, 2K3DES, 3K3DES v\u0259 AES aparat \u015fifr\u0259l\u0259m\u0259 alqoritml\u0259rini d\u0259st\u0259kl\u0259yir. Bu kart Common Criteria EAL5+ sertifikat\u0131na malikdir, bank kartlar\u0131nda v\u0259 elektron pasportlarda istifad\u0259 edil\u0259nl\u0259 m\u00fcqayis\u0259 edil\u0259 bil\u0259n t\u0259hl\u00fck\u0259sizlik s\u0259viyy\u0259sidir v\u0259 \u0259m\u0259liyyatlar\u0131n\u0131z\u0131n t\u0259hl\u00fck\u0259siz v\u0259 etibarl\u0131 olmas\u0131n\u0131 t\u0259min edir.<\/span><\/p>\n<h3 class=\"AnswerParser_AnswerParserH3__Mpe4s\">\u00c7ox T\u0259tbiq \u0130mkanlar\u0131<\/h3>\n<p><span class=\"AnswerParser_TextContainer__z_Iiv\" data-testid=\"youchat-text\">G\u00f6z\u0259 \u00e7arpan x\u00fcsusiyy\u0259tl\u0259rind\u0259n biri\u00a0<strong>MIFARE Desfire EV2<\/strong>\u00a0bir kartda bird\u0259n \u00e7ox proqram\u0131 d\u0259st\u0259kl\u0259m\u0259k qabiliyy\u0259tidir. Bu \u00e7eviklik ictimai n\u0259qliyyat, avtomobil v\u0259 ya velosiped payla\u015f\u0131m\u0131 v\u0259 \u015f\u0259h\u0259rin g\u00f6rm\u0259li yerl\u0259rin\u0259 \u00e7\u0131x\u0131\u015f kimi m\u00fcxt\u0259lif xidm\u0259tl\u0259rin ham\u0131s\u0131n\u0131 bir kartda birl\u0259\u015fdirm\u0259y\u0259 imkan verir. Bu imkan t\u0259kc\u0259 istifad\u0259\u00e7i t\u0259cr\u00fcb\u0259sini asanla\u015fd\u0131rm\u0131r, h\u0259m d\u0259 qapal\u0131 d\u00f6vr\u0259 e-\u00f6d\u0259ni\u015f proqramlar\u0131 v\u0259 yerli loyall\u0131q proqramlar\u0131 kimi xidm\u0259tl\u0259ri birl\u0259\u015fdir\u0259r\u0259k yeni biznes modell\u0259rini d\u0259st\u0259kl\u0259yir.\u00a0<\/span><\/p>\n<h3 class=\"AnswerParser_AnswerParserH3__Mpe4s\">Texniki Spesifikasiyalar<\/h3>\n<p><span class=\"AnswerParser_TextContainer__z_Iiv\" data-testid=\"youchat-text\">The\u00a0<strong>MIFARE Desfire EV2<\/strong>\u00a02K, 4K v\u0259 8K bayt da daxil olmaqla bir s\u0131ra yadda\u015f se\u00e7iml\u0259ri t\u0259klif edir ki, bu da m\u0259lumatlar\u0131n geni\u015f saxlanmas\u0131na v\u0259 t\u0259tbiql\u0259rin idar\u0259 olunmas\u0131na imkan verir. O, ISO\/IEC 14443A standartlar\u0131na uy\u011fundur v\u0259 iste\u011fe ba\u011fl\u0131 ISO\/IEC 7816-4 \u0259mrl\u0259rini d\u0259st\u0259kl\u0259yir, m\u00f6vcud NFC oxuyucu infrastrukturu il\u0259 qar\u015f\u0131l\u0131ql\u0131 \u0259laq\u0259ni t\u0259min edir. Kart\u0131n 106 kbit\/s il\u0259 848 kbit\/s aras\u0131nda d\u0259yi\u015f\u0259n s\u00fcr\u0259tli m\u0259lumat \u00f6t\u00fcrm\u0259 s\u00fcr\u0259tl\u0259ri \u0259m\u0259liyyatlar\u0131n s\u0259m\u0259r\u0259li v\u0259 s\u00fcr\u0259tli apar\u0131lmas\u0131n\u0131 t\u0259min edir.<\/span><\/p>\n<div class=\"AnswerParser_TableContainer__Erb6v\" data-testid=\"table-container\">\n<table style=\"height: 195px;\" width=\"657\">\n<thead>\n<tr>\n<th>\n<p style=\"text-align: left;\">Spesifikasiya<\/p>\n<\/th>\n<th style=\"text-align: left;\">T\u0259f\u0259rr\u00fcatlar<\/th>\n<\/tr>\n<\/thead>\n<tbody>\n<tr>\n<td>Yadda\u015f Se\u00e7iml\u0259ri<\/td>\n<td>2K, 4K, 8K bayt<\/td>\n<\/tr>\n<tr>\n<td>\u015eifr\u0259l\u0259m\u0259<\/td>\n<td>DES, 2K3DES, 3K3DES, AES<\/td>\n<\/tr>\n<tr>\n<td>Sertifikatla\u015fd\u0131rma<\/td>\n<td>\u00dcmumi meyarlar EAL5+<\/td>\n<\/tr>\n<tr>\n<td>M\u0259lumat \u00f6t\u00fcrm\u0259 d\u0259r\u0259c\u0259si<\/td>\n<td>106 kbit\/s - 848 kbit\/s<\/td>\n<\/tr>\n<tr>\n<td>Standartlar<\/td>\n<td>ISO\/IEC 14443A, ISO\/IEC 7816-4<\/td>\n<\/tr>\n<\/tbody>\n<\/table>\n<\/div>\n<h2 class=\"AnswerParser_AnswerParserH2__SIHnF\">\u00c7ox y\u00f6nl\u00fc proqramlar<\/h2>\n<h3 class=\"AnswerParser_AnswerParserH3__Mpe4s\">T\u0259hl\u00fck\u0259siz \u0130ctimai N\u0259qliyyat Biletl\u0259ri<\/h3>\n<p><span class=\"AnswerParser_TextContainer__z_Iiv\" data-testid=\"youchat-text\">The\u00a0<strong>MIFARE Desfire EV2<\/strong>\u00a0gedi\u015f haqq\u0131n\u0131n toplanmas\u0131 v\u0259 giri\u015f\u0259 n\u0259zar\u0259tin idar\u0259 edilm\u0259si \u00fc\u00e7\u00fcn etibarl\u0131 v\u0259 s\u0259m\u0259r\u0259li h\u0259ll t\u0259klif ed\u0259n t\u0259hl\u00fck\u0259siz ictimai n\u0259qliyyat biletl\u0259ri \u00fc\u00e7\u00fcn ideald\u0131r. Onun g\u00fccl\u00fc t\u0259hl\u00fck\u0259sizlik x\u00fcsusiyy\u0259tl\u0259ri \u0259m\u0259liyyatlar\u0131n f\u0131r\u0131ldaq\u00e7\u0131l\u0131qdan qorunmas\u0131n\u0131 t\u0259min ed\u0259r\u0259k h\u0259m operatorlar, h\u0259m d\u0259 istifad\u0259\u00e7il\u0259r \u00fc\u00e7\u00fcn rahatl\u0131q t\u0259min edir.<\/span><\/p>\n<h3 class=\"AnswerParser_AnswerParserH3__Mpe4s\">\u00c7ox T\u0259tbiqli A\u011f\u0131ll\u0131 \u015e\u0259h\u0259r v\u0259 Mobillik Kart\u0131<\/h3>\n<p><span class=\"AnswerParser_TextContainer__z_Iiv\" data-testid=\"youchat-text\">A\u011f\u0131ll\u0131 \u015f\u0259h\u0259r m\u00fchitl\u0259rind\u0259,\u00a0<strong>MIFARE Desfire EV2<\/strong>\u00a0ictimai n\u0259qliyyat, parkinq v\u0259 \u015f\u0259h\u0259r obyektl\u0259rin\u0259 giri\u015f kimi m\u00fcxt\u0259lif xidm\u0259tl\u0259ri birl\u0259\u015fdir\u0259n \u00e7oxlu t\u0259tbiq kart\u0131 kimi xidm\u0259t edir. Bu inteqrasiya istifad\u0259\u00e7i t\u0259cr\u00fcb\u0259sini asanla\u015fd\u0131r\u0131r v\u0259 \u015f\u0259h\u0259r mobillik h\u0259ll\u0259rinin s\u0259m\u0259r\u0259liliyini art\u0131r\u0131r.<\/span><\/p>\n<h3 class=\"AnswerParser_AnswerParserH3__Mpe4s\">T\u0259hl\u00fck\u0259siz Giri\u015f \u0130dar\u0259etm\u0259<\/h3>\n<p><span class=\"AnswerParser_TextContainer__z_Iiv\" data-testid=\"youchat-text\">T\u0259hl\u00fck\u0259siz giri\u015f idar\u0259etm\u0259 t\u0259l\u0259b ed\u0259n t\u0259\u015fkilatlar \u00fc\u00e7\u00fcn\u00a0<strong>MIFARE Desfire EV2<\/strong>\u00a0etibarl\u0131 h\u0259llini t\u0259min edir. Onun qabaqc\u0131l \u015fifr\u0259l\u0259m\u0259 v\u0259 autentifikasiya \u00fcsullar\u0131 yaln\u0131z s\u0259lahiyy\u0259tli \u015f\u0259xsl\u0259rin h\u0259ssas \u0259razil\u0259r\u0259 daxil olmas\u0131n\u0131 t\u0259min ed\u0259r\u0259k t\u0259hl\u00fck\u0259sizliyi v\u0259 \u0259m\u0259liyyat s\u0259m\u0259r\u0259liliyini art\u0131r\u0131r.<\/span><\/p>\n<h2 class=\"AnswerParser_AnswerParserH2__SIHnF\">M\u00fc\u015ft\u0259ri r\u0259yl\u0259ri v\u0259 r\u0259yl\u0259ri<\/h2>\n<p><span class=\"AnswerParser_TextContainer__z_Iiv\" data-testid=\"youchat-text\"><strong>MIFARE Desfire EV2 istifad\u0259\u00e7il\u0259ri<\/strong>\u00a0onun etibarl\u0131l\u0131\u011f\u0131n\u0131 v\u0259 \u00e7ox y\u00f6nl\u00fcl\u00fcy\u00fcn\u00fc ard\u0131c\u0131l olaraq y\u00fcks\u0259k qiym\u0259tl\u0259ndirmi\u015fl\u0259r. M\u00fc\u015ft\u0259ril\u0259rd\u0259n biri qeyd etdi ki, &quot;Bird\u0259n \u00e7ox t\u0259tbiqi bir kartda birl\u0259\u015fdirm\u0259k imkan\u0131 \u0259m\u0259liyyatlar\u0131m\u0131z\u0131 \u0259h\u0259miyy\u0259tli d\u0259r\u0259c\u0259d\u0259 asanla\u015fd\u0131rd\u0131.&quot; Ba\u015fqa bir istifad\u0259\u00e7i kart\u0131n t\u0259hl\u00fck\u0259sizlik x\u00fcsusiyy\u0259tl\u0259rini vur\u011fulayaraq, \u201cG\u00fccl\u00fc \u015fifr\u0259l\u0259m\u0259 biz\u0259 \u0259m\u0259liyyatlar\u0131m\u0131z\u0131n t\u0259hl\u00fck\u0259sizliyin\u0259 inam verir\u201d dedi.<\/span><\/p>\n<h2 class=\"AnswerParser_AnswerParserH2__SIHnF\">Tez-tez veril\u0259n suallar<\/h2>\n<p><span class=\"AnswerParser_TextContainer__z_Iiv\" data-testid=\"youchat-text\"><strong>S: MIFARE Desfire EV2-ni \u00e7ox proqramda istifad\u0259 \u00fc\u00e7\u00fcn uy\u011fun ed\u0259n n\u0259dir?<\/strong><br \/>\nCavab: G\u00fccl\u00fc t\u0259hl\u00fck\u0259sizlik x\u00fcsusiyy\u0259tl\u0259ri il\u0259 birlikd\u0259 bir kartda bird\u0259n \u00e7ox proqram\u0131 d\u0259st\u0259kl\u0259m\u0259k qabiliyy\u0259ti onu m\u00fcxt\u0259lif xidm\u0259tl\u0259rin inteqrasiyas\u0131 \u00fc\u00e7\u00fcn ideal edir.<\/span><span class=\"AnswerParser_TextContainer__z_Iiv\" data-testid=\"youchat-text\"><strong>S: MIFARE Desfire EV2 m\u0259lumat t\u0259hl\u00fck\u0259sizliyini nec\u0259 t\u0259min edir?<\/strong><br \/>\nA: Kart AES daxil olmaqla qabaqc\u0131l \u015fifr\u0259l\u0259m\u0259 alqoritml\u0259rind\u0259n istifad\u0259 edir v\u0259 m\u0259lumatlar\u0131n y\u00fcks\u0259k s\u0259viyy\u0259d\u0259 qorunmas\u0131n\u0131 t\u0259min ed\u0259n \u00dcmumi Kriteriyalar EAL5+ sertifikat\u0131na malikdir.<\/span><span class=\"AnswerParser_TextContainer__z_Iiv\" data-testid=\"youchat-text\"><strong>S: MIFARE Desfire EV2 m\u00f6vcud NFC infrastrukturu il\u0259 istifad\u0259 edil\u0259 bil\u0259rmi?<\/strong><br \/>\nCavab: B\u0259li, o, m\u00f6vcud NFC oxuyucu infrastrukturu il\u0259 tam qar\u015f\u0131l\u0131ql\u0131 f\u0259aliyy\u0259t g\u00f6st\u0259rir v\u0259 q\u00fcsursuz inteqrasiyan\u0131 t\u0259min edir.<\/span><\/p>\n<h2 class=\"AnswerParser_AnswerParserH2__SIHnF\">\u018ftraf M\u00fchit\u0259 T\u0259sir v\u0259 Davaml\u0131l\u0131q<\/h2>\n<p><span class=\"AnswerParser_TextContainer__z_Iiv\" data-testid=\"youchat-text\">The\u00a0<strong>MIFARE Desfire EV2<\/strong>\u00a0davaml\u0131l\u0131\u011f\u0131 n\u0259z\u0259r\u0259 al\u0131nmaqla haz\u0131rlanm\u0131\u015fd\u0131r. Onun davaml\u0131 konstruksiyas\u0131 m\u0259hsulun uzun \u00f6mr\u00fcn\u00fc t\u0259min edir, tullant\u0131lar\u0131 v\u0259 tez-tez d\u0259yi\u015fdirm\u0259 ehtiyac\u0131n\u0131 azald\u0131r. Bir kartda bird\u0259n \u00e7ox t\u0259tbiqi d\u0259st\u0259kl\u0259m\u0259kl\u0259, eyni zamanda bird\u0259n \u00e7ox kart\u0131n istehsal\u0131 v\u0259 at\u0131lmas\u0131 il\u0259 ba\u011fl\u0131 \u0259traf m\u00fchit\u0259 t\u0259sirl\u0259ri minimuma endirir.\u00a0<\/span><\/p>\n<h2 class=\"AnswerParser_AnswerParserH2__SIHnF\">N\u0259tic\u0259: Niy\u0259 MIFARE Desfire EV2 se\u00e7m\u0259lisiniz?<\/h2>\n<p><span class=\"AnswerParser_TextContainer__z_Iiv\" data-testid=\"youchat-text\">The\u00a0<strong>MIFARE Desfire EV2 2K 4K 8K Kart\u0131<\/strong>\u00a0ist\u0259nil\u0259n kontakts\u0131z h\u0259ll \u00fc\u00e7\u00fcn t\u0259hl\u00fck\u0259sizlik, performans v\u0259 \u00e7ox y\u00f6nl\u00fcl\u00fcy\u00fcn m\u00fck\u0259mm\u0259l qar\u0131\u015f\u0131\u011f\u0131 t\u0259klif edir. \u0130st\u0259r ictimai n\u0259qliyyat sisteminizi t\u0259kmill\u0259\u015fdirm\u0259k, ist\u0259r t\u0259hl\u00fck\u0259siz giri\u015f idar\u0259\u00e7iliyi, ist\u0259rs\u0259 d\u0259 a\u011f\u0131ll\u0131 \u015f\u0259h\u0259r m\u00fchitind\u0259 \u00e7oxsayl\u0131 xidm\u0259tl\u0259ri inteqrasiya etm\u0259k ist\u0259s\u0259niz, bu kart m\u00f6hk\u0259m v\u0259 etibarl\u0131 se\u00e7im t\u0259qdim edir. Onun qabaqc\u0131l \u015fifr\u0259l\u0259m\u0259 imkanlar\u0131 v\u0259 \u00e7oxlu proqram d\u0259st\u0259yi onu t\u0259hl\u00fck\u0259sizlik v\u0259 s\u0259m\u0259r\u0259liliy\u0259 \u00fcst\u00fcnl\u00fck ver\u0259n t\u0259\u015fkilatlar \u00fc\u00e7\u00fcn d\u0259y\u0259rli investisiya hal\u0131na g\u0259tirir.<\/span><span class=\"AnswerParser_TextContainer__z_Iiv\" data-testid=\"youchat-text\">\u018flav\u0259 m\u0259lumat v\u0259 ya sifari\u015f \u00fc\u00e7\u00fcn,\u00a0<strong>biziml\u0259 \u0259laq\u0259 saxlay\u0131n<\/strong>\u00a0bu g\u00fcn. MIFARE Desfire EV2 il\u0259 n\u00f6vb\u0259ti s\u0259viyy\u0259li t\u0259hl\u00fck\u0259sizlik v\u0259 s\u0259m\u0259r\u0259liliyin kilidini a\u00e7\u0131n.<\/span><\/p>","protected":false},"excerpt":{"rendered":"<p><span class=\"AnswerParser_TextContainer__z_Iiv\" data-testid=\"youchat-text\">\u00a0<strong>MIFARE Desfire EV2 2K 4K 8K Kart\u0131<\/strong> <\/span>y\u00fcks\u0259k t\u0259hl\u00fck\u0259sizlik t\u0259min ed\u0259n \u00e7ox y\u00f6nl\u00fc NFC \u00e7ipidir v\u0259 onu n\u0259qliyyat, giri\u015f\u0259 n\u0259zar\u0259t v\u0259 \u00f6d\u0259ni\u015fl\u0259rd\u0259 RFID t\u0259tbiql\u0259ri \u00fc\u00e7\u00fcn uy\u011fun edir.<\/p>","protected":false},"featured_media":2054,"template":"","meta":[],"product_brand":[],"product_cat":[46],"product_tag":[],"class_list":{"0":"post-2052","1":"product","2":"type-product","3":"status-publish","4":"has-post-thumbnail","6":"product_cat-nfc-cards","8":"first","9":"instock","10":"shipping-taxable","11":"product-type-simple"},"_links":{"self":[{"href":"https:\/\/nfc-readers.com\/az\/wp-json\/wp\/v2\/product\/2052","targetHints":{"allow":["GET"]}}],"collection":[{"href":"https:\/\/nfc-readers.com\/az\/wp-json\/wp\/v2\/product"}],"about":[{"href":"https:\/\/nfc-readers.com\/az\/wp-json\/wp\/v2\/types\/product"}],"wp:featuredmedia":[{"embeddable":true,"href":"https:\/\/nfc-readers.com\/az\/wp-json\/wp\/v2\/media\/2054"}],"wp:attachment":[{"href":"https:\/\/nfc-readers.com\/az\/wp-json\/wp\/v2\/media?parent=2052"}],"wp:term":[{"taxonomy":"product_brand","embeddable":true,"href":"https:\/\/nfc-readers.com\/az\/wp-json\/wp\/v2\/product_brand?post=2052"},{"taxonomy":"product_cat","embeddable":true,"href":"https:\/\/nfc-readers.com\/az\/wp-json\/wp\/v2\/product_cat?post=2052"},{"taxonomy":"product_tag","embeddable":true,"href":"https:\/\/nfc-readers.com\/az\/wp-json\/wp\/v2\/product_tag?post=2052"}],"curies":[{"name":"wp","href":"https:\/\/api.w.org\/{rel}","templated":true}]}}