{"id":2062,"date":"2024-04-20T12:54:15","date_gmt":"2024-04-20T12:54:15","guid":{"rendered":"https:\/\/nfc-readers.com\/?post_type=product&#038;p=2062"},"modified":"2024-09-29T05:41:26","modified_gmt":"2024-09-29T05:41:26","slug":"icode-slix2s","status":"publish","type":"product","link":"https:\/\/nfc-readers.com\/az\/ic-reader\/icode-slix2s\/","title":{"rendered":"ICODE-SLIX SLIX2"},"content":{"rendered":"<h1>ICODE-SLIX SLIX2<\/h1>\n<p>ICODE SLIX v\u0259 ICODE SLIX2, ISO 15693 v\u0259 ISO 18000-3M1 standartlar\u0131 \u00fc\u00e7\u00fcn y\u00fcks\u0259k performansl\u0131 h\u0259ll\u0259ri t\u0259msil ed\u0259n NXP Semiconductors t\u0259r\u0259find\u0259n burax\u0131lan y\u00fcks\u0259k tezlikli kontakts\u0131z etiket IC m\u0259hsullar\u0131d\u0131r. Bu \u00e7ipl\u0259r \u0259\u015fyalar\u0131n izl\u0259nilm\u0259si, s\u0259n\u0259dl\u0259rin idar\u0259 edilm\u0259si, inventar v\u0259 saxtakarl\u0131qla m\u00fcbariz\u0259 kimi t\u0259tbiql\u0259r \u00fc\u00e7\u00fcn n\u0259z\u0259rd\u0259 tutulub v\u0259 kitabxanalarda, ticar\u0259t v\u0259 s\u0259naye sah\u0259l\u0259rind\u0259 geni\u015f istifad\u0259 olunur.<\/p>\n<table width=\"360\">\n<tbody>\n<tr style=\"font-style: inherit; font-weight: inherit;\">\n<td style=\"font-style: inherit;\" width=\"123\">\n<p data-spm-anchor-id=\"a2700.details.0.i61.4ab745a6aSRQFL\">Material<\/p>\n<\/td>\n<td style=\"font-style: inherit;\" width=\"237\">Ka\u011f\u0131z\/PVC\/PET<\/td>\n<\/tr>\n<tr style=\"font-style: inherit; font-weight: inherit;\">\n<td style=\"font-style: inherit;\" width=\"123\">\u00d6l\u00e7\u00fc<\/td>\n<td style=\"font-style: inherit;\" width=\"237\">40 mm dia<\/td>\n<\/tr>\n<tr style=\"font-style: inherit; font-weight: inherit;\">\n<td style=\"font-style: inherit;\" width=\"123\">Tezlik<\/td>\n<td style=\"font-style: inherit;\" width=\"237\">13.56 MHz<\/td>\n<\/tr>\n<tr style=\"font-style: inherit; font-weight: inherit;\">\n<td style=\"font-style: inherit;\" width=\"123\">\u00c7ip<\/td>\n<td style=\"font-style: inherit;\" width=\"237\">ICODE SLIX\/SLIX2<\/td>\n<\/tr>\n<tr style=\"font-style: inherit; font-weight: inherit;\">\n<td style=\"font-style: inherit;\" width=\"123\">Yadda\u015f<\/td>\n<td style=\"font-style: inherit;\" width=\"237\">1024\/2048 bit<\/td>\n<\/tr>\n<tr style=\"font-style: inherit; font-weight: inherit;\">\n<td style=\"font-style: inherit;\" width=\"123\">Protokol<\/td>\n<td style=\"font-style: inherit;\" width=\"237\">ISO\/IEC 15693<\/td>\n<\/tr>\n<tr style=\"font-style: inherit; font-weight: inherit;\">\n<td style=\"font-style: inherit;\" width=\"123\">D\u00f6z\u00fcml\u00fcl\u00fck oxuyun<\/td>\n<td style=\"font-style: inherit;\" width=\"237\">100.000 d\u00f6vr\u0259<\/td>\n<\/tr>\n<tr style=\"font-style: inherit; font-weight: inherit;\">\n<td style=\"font-style: inherit;\" width=\"123\">\u0130\u015fl\u0259m\u0259 temperaturu<\/td>\n<td style=\"font-style: inherit;\" width=\"237\">-25 \u00b0C \/ +70 \u00b0C<\/td>\n<\/tr>\n<tr style=\"font-style: inherit; font-weight: inherit;\">\n<td style=\"font-style: inherit;\" width=\"123\">\u00c7ap<\/td>\n<td style=\"font-style: inherit;\" width=\"237\">F\u0259rdi logo \u00e7ap\u0131<\/td>\n<\/tr>\n<tr style=\"font-style: inherit; font-weight: inherit;\">\n<td style=\"font-style: inherit;\" width=\"123\">\u0130\u015f rejimi<\/td>\n<td style=\"font-style: inherit;\" width=\"237\">Passiv, t\u0259mass\u0131z<\/td>\n<\/tr>\n<\/tbody>\n<\/table>\n<p><img loading=\"lazy\" decoding=\"async\" class=\"alignnone wp-image-2067\" src=\"https:\/\/nfc-readers.com\/wp-content\/uploads\/2024\/04\/Habf384e249ce42a1ba91b700a11d3180t-300x202.jpg\" alt=\"\" width=\"432\" height=\"291\" srcset=\"https:\/\/nfc-readers.com\/wp-content\/uploads\/2024\/04\/Habf384e249ce42a1ba91b700a11d3180t-300x202.jpg 300w, https:\/\/nfc-readers.com\/wp-content\/uploads\/2024\/04\/Habf384e249ce42a1ba91b700a11d3180t-768x517.jpg 768w, https:\/\/nfc-readers.com\/wp-content\/uploads\/2024\/04\/Habf384e249ce42a1ba91b700a11d3180t-600x404.jpg 600w, https:\/\/nfc-readers.com\/wp-content\/uploads\/2024\/04\/Habf384e249ce42a1ba91b700a11d3180t.jpg 1000w\" sizes=\"auto, (max-width: 432px) 100vw, 432px\" \/><\/p>\n<p><img loading=\"lazy\" decoding=\"async\" class=\"alignnone wp-image-2068\" src=\"https:\/\/nfc-readers.com\/wp-content\/uploads\/2024\/04\/H5353f0e627eb4c75b0ba8985b00dd1b1S-300x202.jpg\" alt=\"\" width=\"419\" height=\"282\" srcset=\"https:\/\/nfc-readers.com\/wp-content\/uploads\/2024\/04\/H5353f0e627eb4c75b0ba8985b00dd1b1S-300x202.jpg 300w, https:\/\/nfc-readers.com\/wp-content\/uploads\/2024\/04\/H5353f0e627eb4c75b0ba8985b00dd1b1S-1024x689.jpg 1024w, https:\/\/nfc-readers.com\/wp-content\/uploads\/2024\/04\/H5353f0e627eb4c75b0ba8985b00dd1b1S-768x517.jpg 768w, https:\/\/nfc-readers.com\/wp-content\/uploads\/2024\/04\/H5353f0e627eb4c75b0ba8985b00dd1b1S-1536x1034.jpg 1536w, https:\/\/nfc-readers.com\/wp-content\/uploads\/2024\/04\/H5353f0e627eb4c75b0ba8985b00dd1b1S-600x404.jpg 600w, https:\/\/nfc-readers.com\/wp-content\/uploads\/2024\/04\/H5353f0e627eb4c75b0ba8985b00dd1b1S.jpg 1920w\" sizes=\"auto, (max-width: 419px) 100vw, 419px\" \/><\/p>\n<p>&nbsp;<\/p>","protected":false},"excerpt":{"rendered":"<p>NXP-nin ICODE SLIX v\u0259 SLIX2 ISO 15693 standart\u0131na uy\u011fun y\u00fcks\u0259k performansl\u0131 RFID \u00e7ipl\u0259ridir, \u0259\u015fyalar\u0131n izl\u0259nilm\u0259si, s\u0259n\u0259dl\u0259rin idar\u0259 edilm\u0259si v\u0259 saxtakarl\u0131\u011fa qar\u015f\u0131 t\u0259tbiql\u0259r \u00fc\u00e7\u00fcn ideald\u0131r.<\/p>","protected":false},"featured_media":2063,"template":"","meta":[],"product_brand":[],"product_cat":[47],"product_tag":[],"class_list":{"0":"post-2062","1":"product","2":"type-product","3":"status-publish","4":"has-post-thumbnail","6":"product_cat-nfc-tags","8":"first","9":"instock","10":"shipping-taxable","11":"product-type-simple"},"_links":{"self":[{"href":"https:\/\/nfc-readers.com\/az\/wp-json\/wp\/v2\/product\/2062","targetHints":{"allow":["GET"]}}],"collection":[{"href":"https:\/\/nfc-readers.com\/az\/wp-json\/wp\/v2\/product"}],"about":[{"href":"https:\/\/nfc-readers.com\/az\/wp-json\/wp\/v2\/types\/product"}],"wp:featuredmedia":[{"embeddable":true,"href":"https:\/\/nfc-readers.com\/az\/wp-json\/wp\/v2\/media\/2063"}],"wp:attachment":[{"href":"https:\/\/nfc-readers.com\/az\/wp-json\/wp\/v2\/media?parent=2062"}],"wp:term":[{"taxonomy":"product_brand","embeddable":true,"href":"https:\/\/nfc-readers.com\/az\/wp-json\/wp\/v2\/product_brand?post=2062"},{"taxonomy":"product_cat","embeddable":true,"href":"https:\/\/nfc-readers.com\/az\/wp-json\/wp\/v2\/product_cat?post=2062"},{"taxonomy":"product_tag","embeddable":true,"href":"https:\/\/nfc-readers.com\/az\/wp-json\/wp\/v2\/product_tag?post=2062"}],"curies":[{"name":"wp","href":"https:\/\/api.w.org\/{rel}","templated":true}]}}