{"id":2081,"date":"2024-10-22T01:16:34","date_gmt":"2024-10-22T01:16:34","guid":{"rendered":"https:\/\/nfc-readers.com\/?post_type=product&#038;p=2081"},"modified":"2024-10-28T14:02:37","modified_gmt":"2024-10-28T14:02:37","slug":"mifare-plus-s-2k-4k-rfid-cards","status":"publish","type":"product","link":"https:\/\/nfc-readers.com\/az\/ic-reader\/mifare-plus-s-2k-4k-rfid-cards\/","title":{"rendered":"\u00a0MIFARE Plus\u00ae S 2k 4k RFID Kartlar\u0131"},"content":{"rendered":"<h1>\u00a0MIFARE Plus\u00ae S 2k 4k RFID Kartlar\u0131<\/h1>\n<table style=\"height: 505px;\" width=\"655\">\n<tbody>\n<tr style=\"font-style: inherit; font-weight: inherit;\">\n<td style=\"font-style: inherit;\" width=\"172\">\n<p data-spm-anchor-id=\"a2700.details.0.i71.17213ba4RCuUOM\">Madd\u0259<\/p>\n<\/td>\n<td style=\"font-style: inherit;\" width=\"252\">\u00a0MIFARE Plus\u00ae S 2k 4k RFID kart\u0131<\/td>\n<\/tr>\n<tr style=\"font-style: inherit; font-weight: inherit;\">\n<td style=\"font-style: inherit;\" width=\"172\">X\u00fcsusi X\u00fcsusiyy\u0259tl\u0259r<\/td>\n<td style=\"font-style: inherit;\" width=\"252\">Suya davaml\u0131 \/ Havaya davaml\u0131<\/td>\n<\/tr>\n<tr style=\"font-style: inherit; font-weight: inherit;\">\n<td style=\"font-style: inherit;\" width=\"172\">Rabit\u0259 interfeysi<\/td>\n<td style=\"font-style: inherit;\" width=\"252\">RFID<\/td>\n<\/tr>\n<tr style=\"font-style: inherit; font-weight: inherit;\">\n<td style=\"font-style: inherit;\" width=\"172\">M\u0259n\u015f\u0259 yeri<\/td>\n<td style=\"font-style: inherit;\" width=\"252\">Guangdong, \u00c7in<\/td>\n<\/tr>\n<tr style=\"font-style: inherit; font-weight: inherit;\">\n<td style=\"font-style: inherit;\" width=\"172\">Tezlik<\/td>\n<td style=\"font-style: inherit;\" width=\"252\">13.56 MHz<\/td>\n<\/tr>\n<tr style=\"font-style: inherit; font-weight: inherit;\">\n<td style=\"font-style: inherit;\" width=\"172\">\u00c7ip<\/td>\n<td style=\"font-style: inherit;\" width=\"252\">MIFARE Plus\u00ae S 2K(MIFARE\u00ae v\u0259 MIFARE Plus\u00ae NXP BV-nin qeydiyyatdan ke\u00e7mi\u015f ticar\u0259t ni\u015fanlar\u0131d\u0131r v\u0259 lisenziya \u0259sas\u0131nda istifad\u0259 olunur.)<\/td>\n<\/tr>\n<tr style=\"font-style: inherit; font-weight: inherit;\">\n<td style=\"font-style: inherit;\" width=\"172\">Material<\/td>\n<td style=\"font-style: inherit;\" width=\"252\">PVC<\/td>\n<\/tr>\n<tr style=\"font-style: inherit; font-weight: inherit;\">\n<td style=\"font-style: inherit;\" width=\"172\">\u018friz\u0259<\/td>\n<td style=\"font-style: inherit;\" width=\"252\">Giri\u015f\u0259 N\u0259zar\u0259t Sistemi<\/td>\n<\/tr>\n<tr style=\"font-style: inherit; font-weight: inherit;\">\n<td style=\"font-style: inherit;\" width=\"172\">Protokol<\/td>\n<td style=\"font-style: inherit;\" width=\"252\">ISO 14443A<\/td>\n<\/tr>\n<tr style=\"font-style: inherit; font-weight: inherit;\">\n<td style=\"font-style: inherit;\" width=\"172\">Qal\u0131nl\u0131q<\/td>\n<td style=\"font-style: inherit;\" width=\"252\">0.84mm\/X\u00fcsusi<\/td>\n<\/tr>\n<tr style=\"font-style: inherit; font-weight: inherit;\">\n<td style=\"font-style: inherit;\" width=\"172\">S\u0259thi bitirm\u0259<\/td>\n<td style=\"font-style: inherit;\" width=\"252\">Parlaq.\u015faxtal\u0131.mat<\/td>\n<\/tr>\n<tr style=\"font-style: inherit; font-weight: inherit;\">\n<td style=\"font-style: inherit;\" width=\"172\">Giri\u015f tutumu [pF]<\/td>\n<td style=\"font-style: inherit;\" width=\"252\">17\/70 PF<\/td>\n<\/tr>\n<tr style=\"font-style: inherit; font-weight: inherit;\">\n<td style=\"font-style: inherit;\" width=\"172\">A\u00e7ar uzunlu\u011fu<\/td>\n<td style=\"font-style: inherit;\" width=\"252\">48-bit Kripto-1, 128-bit AES<\/td>\n<\/tr>\n<tr style=\"font-style: inherit; font-weight: inherit;\">\n<td style=\"font-style: inherit;\" width=\"172\">Yadda\u015f modeli<\/td>\n<td style=\"font-style: inherit;\" width=\"252\">Kompakt, sektorlar v\u0259 16 baytl\u0131q bloklar<\/td>\n<\/tr>\n<tr style=\"font-style: inherit; font-weight: inherit;\">\n<td style=\"font-style: inherit;\" width=\"172\">NFC uy\u011funlu\u011fu<\/td>\n<td style=\"font-style: inherit;\" width=\"252\">SL3-d\u0259 NFC bacar\u0131r<\/td>\n<\/tr>\n<\/tbody>\n<\/table>\n<p>&nbsp;<\/p>\n<p><span class=\"AnswerParser_TextContainer__z_Iiv\" data-testid=\"youchat-text\"><strong>MIFARE Plus\u00ae S 2k 4k RFID Kartlar\u0131<\/strong>\u00a0m\u00f6vcud sisteml\u0259rinizi n\u00f6vb\u0259ti s\u0259viyy\u0259y\u0259 y\u00fcks\u0259ltm\u0259k \u00fc\u00e7\u00fcn s\u0259nayenin h\u0259llidir. Bu kartlar AES-128 \u015fifr\u0259l\u0259m\u0259si vasit\u0259sil\u0259 daha y\u00fcks\u0259k t\u0259hl\u00fck\u0259sizliyi t\u0259min ed\u0259r\u0259k v\u0259 cari infrastrukturunuzla uy\u011funlu\u011fu qoruyaraq MIFARE Classic-d\u0259n problemsiz k\u00f6\u00e7\u00fcrm\u0259ni t\u0259min edir. \u00dcst\u00fcn m\u0259lumat b\u00fct\u00f6vl\u00fcy\u00fc v\u0259 t\u0259hl\u00fck\u0259siz rabit\u0259 il\u0259 onlar RFID t\u0259tbiql\u0259rinizi t\u0259kmill\u0259\u015fdirm\u0259k \u00fc\u00e7\u00fcn \u0259n yax\u015f\u0131 se\u00e7imdir.<\/span><\/p>\n<h2 class=\"AnswerParser_AnswerParserH2__SIHnF\">MIFARE Plus\u00ae S il\u0259 Y\u00fcks\u0259k T\u0259hl\u00fck\u0259sizlik H\u0259ll\u0259rinin kilidini a\u00e7\u0131n<\/h2>\n<p><span class=\"AnswerParser_TextContainer__z_Iiv\" data-testid=\"youchat-text\">The\u00a0<strong>MIFARE Plus\u00ae S 2k 4k RFID Kartlar\u0131<\/strong>\u00a0sisteml\u0259rini t\u0259kmill\u0259\u015fdirm\u0259k ist\u0259y\u0259n t\u0259\u015fkilatlar \u00fc\u00e7\u00fcn \u00e7ox y\u00f6nl\u00fc se\u00e7im kimi se\u00e7ilir. T\u0259hl\u00fck\u0259sizliy\u0259 diqq\u0259t yetirm\u0259kl\u0259 dizayn edilmi\u015f bu kartlar AES-128 \u015fifr\u0259l\u0259m\u0259sini h\u0259yata ke\u00e7irir v\u0259 m\u0259lumatlar\u0131n\u0131z\u0131n icaz\u0259siz giri\u015fd\u0259n qorunmas\u0131n\u0131 t\u0259min edir. Qabaqc\u0131l kriptoqrafik metodlardan istifad\u0259 m\u0259lumat\u0131n\u0131z\u0131n b\u00fct\u00f6vl\u00fcy\u00fcn\u00fc v\u0259 m\u0259xfiliyini qoruyub saxlamas\u0131na z\u0259man\u0259t verir.<\/span><span class=\"AnswerParser_TextContainer__z_Iiv\" data-testid=\"youchat-text\">Bu smart kartlar MIFARE Classic il\u0259 uy\u011fun g\u0259lir, bu da m\u00fc\u0259ssis\u0259l\u0259rin m\u00f6vcud avadanl\u0131qlar\u0131n\u0131 d\u0259yi\u015fdirm\u0259d\u0259n ke\u00e7idini asanla\u015fd\u0131r\u0131r. Bu uy\u011funluq, \u0259m\u0259liyyatlar\u0131n\u0131z\u0131 pozmadan t\u0259kmill\u0259\u015fdirilmi\u015f t\u0259hl\u00fck\u0259sizlik x\u00fcsusiyy\u0259tl\u0259rini t\u0259min ed\u0259r\u0259k, s\u0259m\u0259r\u0259li t\u0259kmill\u0259\u015fdirm\u0259y\u0259 imkan verir.<\/span><\/p>\n<h3 class=\"AnswerParser_AnswerParserH3__Mpe4s\">G\u00fccl\u00fc RFID Texnologiyas\u0131<\/h3>\n<p><span class=\"AnswerParser_TextContainer__z_Iiv\" data-testid=\"youchat-text\">13,56 MHz tezliyi il\u0259\u00a0<strong>MIFARE Plus\u00ae S 2k 4k RFID Kartlar\u0131<\/strong>\u00a0etibarl\u0131 v\u0259 s\u0259m\u0259r\u0259li \u00fcnsiyy\u0259t t\u0259klif edir. Kartlar suya davaml\u0131 v\u0259 hava ke\u00e7irm\u0259y\u0259n konstruksiyas\u0131 say\u0259sind\u0259 m\u00fcxt\u0259lif ekoloji \u015f\u0259rait\u0259 tab g\u0259tirm\u0259k \u00fc\u00e7\u00fcn haz\u0131rlanm\u0131\u015fd\u0131r. Davaml\u0131 PVC materialdan haz\u0131rlanm\u0131\u015f, ist\u0259nil\u0259n \u015f\u0259raitd\u0259 uzunm\u00fcdd\u0259tli istifad\u0259 \u00fc\u00e7\u00fcn n\u0259z\u0259rd\u0259 tutulmu\u015fdur.<\/span><span class=\"AnswerParser_TextContainer__z_Iiv\" data-testid=\"youchat-text\">0,84 mm qal\u0131nl\u0131\u011fa malik bu RFID kartlar\u0131n y\u0131\u011fcam dizayn\u0131 cari sisteml\u0259riniz\u0259 asan inteqrasiyan\u0131 t\u0259min edir. Parlaq, \u015faxtal\u0131 v\u0259 tutqun daxil olmaqla, onlar\u0131n f\u0259rdil\u0259\u015fdiril\u0259 bil\u0259n s\u0259th bitirm\u0259 variantlar\u0131 x\u00fcsusi dizayn ehtiyaclar\u0131n\u0131z\u0131 \u00f6d\u0259m\u0259k \u00fc\u00e7\u00fcn \u0259lav\u0259 rahatl\u0131q t\u0259klif edir.<\/span><\/p>\n<h3 class=\"AnswerParser_AnswerParserH3__Mpe4s\">Qabaqc\u0131l T\u0259hl\u00fck\u0259sizlik X\u00fcsusiyy\u0259tl\u0259ri<\/h3>\n<p><span class=\"AnswerParser_TextContainer__z_Iiv\" data-testid=\"youchat-text\">T\u0259hl\u00fck\u0259sizlik m\u0259rk\u0259zind\u0259dir\u00a0<strong>MIFARE Plus\u00ae S 2k 4k RFID Kartlar\u0131<\/strong>. AES-128 \u015fifr\u0259l\u0259m\u0259sini \u00f6z\u00fcnd\u0259 birl\u0259\u015fdir\u0259r\u0259k, bu kartlar qabaqc\u0131l s\u0259viyy\u0259li qorunma t\u0259klif edir. Bu kriptoqrafik \u00fcsul t\u0259kc\u0259 istifad\u0259\u00e7il\u0259rin autentifikasiyas\u0131n\u0131 yox, h\u0259m d\u0259 m\u0259lumatlar\u0131n b\u00fct\u00f6vl\u00fcy\u00fcn\u00fc v\u0259 \u015fifr\u0259l\u0259nm\u0259sini t\u0259min edir, h\u0259ssas m\u0259lumatlar\u0131 potensial t\u0259hl\u00fck\u0259l\u0259rd\u0259n qoruyur.<\/span><span class=\"AnswerParser_TextContainer__z_Iiv\" data-testid=\"youchat-text\">Kartlar 48-bit Crypto-1 v\u0259 128-bit AES a\u00e7ar uzunluqlar\u0131n\u0131 d\u0259st\u0259kl\u0259yir v\u0259 \u00e7oxsayl\u0131 t\u0259hl\u00fck\u0259sizlik qatlar\u0131n\u0131 t\u0259min edir. Bu, onlar\u0131 korporativ giri\u015f\u0259 n\u0259zar\u0259t sisteml\u0259ri, ictimai n\u0259qliyyat v\u0259 maliyy\u0259 \u0259m\u0259liyyatlar\u0131 kimi y\u00fcks\u0259k s\u0259viyy\u0259li qorunma t\u0259l\u0259b ed\u0259n t\u0259tbiql\u0259r \u00fc\u00e7\u00fcn ideal hala g\u0259tirir.<\/span><\/p>\n<h3 class=\"AnswerParser_AnswerParserH3__Mpe4s\">Sorunsuz \u0130nteqrasiya v\u0259 Uy\u011funluq<\/h3>\n<p><span class=\"AnswerParser_TextContainer__z_Iiv\" data-testid=\"youchat-text\">\u018fh\u0259miyy\u0259tli \u00fcst\u00fcnl\u00fckl\u0259rind\u0259n biri\u00a0<strong>MIFARE Plus\u00ae S 2k 4k RFID Kartlar\u0131<\/strong>\u00a0onlar\u0131n m\u00f6vcud sisteml\u0259rl\u0259 q\u00fcsursuz inteqrasiyas\u0131d\u0131r. Bu kartlar t\u0259kc\u0259 MIFARE Classic il\u0259 uy\u011fun g\u0259lmir, h\u0259m d\u0259 ISO 14443A protokol standartlar\u0131na uy\u011fundur v\u0259 cari infrastrukturunuza r\u0259van daxil olma\u011f\u0131 t\u0259min edir. SL3-d\u0259 NFC uy\u011funlu\u011fu onlar\u0131n geni\u015f m\u00fchitl\u0259rd\u0259 t\u0259tbiqini daha da art\u0131r\u0131r.<\/span><\/p>\n<h3 class=\"AnswerParser_AnswerParserH3__Mpe4s\">M\u00fc\u015ft\u0259ri r\u0259yl\u0259ri v\u0259 r\u0259yl\u0259ri<\/h3>\n<p><span class=\"AnswerParser_TextContainer__z_Iiv\" data-testid=\"youchat-text\"><strong>M\u00fc\u015ft\u0259ril\u0259r MIFARE Plus\u00ae S 2k 4k RFID Kartlar\u0131n\u0131 y\u00fcks\u0259k qiym\u0259tl\u0259ndirdil\u0259r<\/strong>\u00a0onlar\u0131n etibarl\u0131l\u0131\u011f\u0131 v\u0259 istifad\u0259si asanl\u0131\u011f\u0131 \u00fc\u00e7\u00fcn. Bir istifad\u0259\u00e7i qeyd etdi: \u201cBu kartlarla giri\u015f\u0259 n\u0259zar\u0259t sistemimizi t\u0259kmill\u0259\u015fdirm\u0259k problemsiz idi. T\u0259kmil t\u0259hl\u00fck\u0259sizlik x\u00fcsusiyy\u0259tl\u0259ri biz\u0259 rahatl\u0131q verir\u201d. Dig\u0259ri \u0259lav\u0259 etdi: &quot;Biz m\u00fcxt\u0259lif m\u00fchitl\u0259rd\u0259 bu kartlar\u0131n davaml\u0131l\u0131\u011f\u0131n\u0131 v\u0259 ard\u0131c\u0131l performans\u0131n\u0131 y\u00fcks\u0259k qiym\u0259tl\u0259ndiririk.&quot;<\/span><\/p>\n<h3 class=\"AnswerParser_AnswerParserH3__Mpe4s\">Tez-tez veril\u0259n suallar<\/h3>\n<p><span class=\"AnswerParser_TextContainer__z_Iiv\" data-testid=\"youchat-text\"><strong>S: MIFARE Plus\u00ae S 2k 4k RFID Kartlar\u0131 t\u0259hl\u00fck\u0259sizliyi nec\u0259 art\u0131r\u0131r?<\/strong><br \/>\nCavab: Bu kartlar AES-128 \u015fifr\u0259l\u0259m\u0259sind\u0259n istifad\u0259 ed\u0259r\u0259k m\u0259lumatlar\u0131n b\u00fct\u00f6vl\u00fcy\u00fcn\u00fc v\u0259 icaz\u0259siz giri\u015fd\u0259n qorunmas\u0131n\u0131 t\u0259min edir.<\/span><\/p>\n<p><span class=\"AnswerParser_TextContainer__z_Iiv\" data-testid=\"youchat-text\"><strong>S: Bu kartlar m\u00f6vcud MIFARE Classic sisteml\u0259ri il\u0259 uy\u011fun g\u0259lirmi?<\/strong><br \/>\nCavab: B\u0259li, onlar MIFARE Classic il\u0259 uy\u011funluq t\u0259klif edir, yeni avadanl\u0131qlara ehtiyac olmadan hamar ke\u00e7id\u0259 imkan verir.<\/span><\/p>\n<p><span class=\"AnswerParser_TextContainer__z_Iiv\" data-testid=\"youchat-text\"><strong>S: Bu RFID kartlar\u0131 \u00fc\u00e7\u00fcn tipik t\u0259tbiq n\u0259dir?<\/strong><br \/>\nA: Onlar giri\u015f\u0259 n\u0259zar\u0259t sisteml\u0259ri, korporativ m\u00fchitl\u0259r v\u0259 y\u00fcks\u0259k t\u0259hl\u00fck\u0259sizlik t\u0259l\u0259b ed\u0259n ictimai n\u0259qliyyat sisteml\u0259ri \u00fc\u00e7\u00fcn ideald\u0131r.<\/span><\/p>\n<h3 class=\"AnswerParser_AnswerParserH3__Mpe4s\">\u018ftraf M\u00fchit\u0259 T\u0259sir v\u0259 Davaml\u0131l\u0131q<\/h3>\n<p><span class=\"AnswerParser_TextContainer__z_Iiv\" data-testid=\"youchat-text\">The\u00a0<strong>MIFARE Plus\u00ae S 2k 4k RFID Kartlar\u0131<\/strong>\u00a0davaml\u0131l\u0131\u011f\u0131 n\u0259z\u0259r\u0259 al\u0131nmaqla dizayn edilmi\u015fdir. Onlar\u0131n davaml\u0131 PVC konstruksiyalar\u0131 m\u0259hsulun uzun \u00f6m\u00fcr m\u00fcdd\u0259tini t\u0259min edir, tullant\u0131lar\u0131 v\u0259 tez-tez d\u0259yi\u015fdirm\u0259 ehtiyac\u0131n\u0131 azald\u0131r. MIFARE Plus-a t\u0259kmill\u0259\u015fdirm\u0259kl\u0259 t\u0259\u015fkilatlar h\u0259m d\u0259 m\u00f6vcud sisteml\u0259ri tamamil\u0259 d\u0259yi\u015fdirm\u0259k \u0259v\u0259zin\u0259, onlar\u0131n \u00f6mr\u00fcn\u00fc uzatmaqla \u0259traf m\u00fchit\u0259 t\u0259sirini minimuma endir\u0259 bil\u0259rl\u0259r.<\/span><\/p>\n<h3 class=\"AnswerParser_AnswerParserH3__Mpe4s\">N\u0259tic\u0259: Niy\u0259 MIFARE Plus\u00ae S 2k 4k RFID Kartlar\u0131n\u0131 se\u00e7m\u0259lisiniz?<\/h3>\n<p><span class=\"AnswerParser_TextContainer__z_Iiv\" data-testid=\"youchat-text\">The\u00a0<strong>MIFARE Plus\u00ae S 2k 4k RFID Kartlar\u0131<\/strong>\u00a0ist\u0259nil\u0259n giri\u015f\u0259 n\u0259zar\u0259t sistemi \u00fc\u00e7\u00fcn m\u00fck\u0259mm\u0259l t\u0259hl\u00fck\u0259sizlik, uy\u011funluq v\u0259 davaml\u0131l\u0131q balans\u0131n\u0131 t\u0259klif edir. \u0130st\u0259r cari infrastrukturunuzu t\u0259kmill\u0259\u015fdirm\u0259k, ist\u0259rs\u0259 d\u0259 yeni qura\u015fd\u0131rmalar \u00fc\u00e7\u00fcn etibarl\u0131 h\u0259ll yolu axtar\u0131rs\u0131n\u0131zsa, bu kartlar m\u00f6hk\u0259m v\u0259 t\u0259hl\u00fck\u0259siz se\u00e7im t\u0259qdim edir. Onlar\u0131n qabaqc\u0131l \u015fifr\u0259l\u0259m\u0259 imkanlar\u0131 v\u0259 q\u00fcsursuz inteqrasiyas\u0131 onlar\u0131 t\u0259hl\u00fck\u0259sizlik v\u0259 s\u0259m\u0259r\u0259liliy\u0259 \u00fcst\u00fcnl\u00fck ver\u0259n t\u0259\u015fkilatlar \u00fc\u00e7\u00fcn d\u0259y\u0259rli investisiya hal\u0131na g\u0259tirir.<\/span><span class=\"AnswerParser_TextContainer__z_Iiv\" data-testid=\"youchat-text\">\u018flav\u0259 m\u0259lumat v\u0259 ya sifari\u015f \u00fc\u00e7\u00fcn,\u00a0<strong>biziml\u0259 \u0259laq\u0259 saxlay\u0131n<\/strong>\u00a0bu g\u00fcn. MIFARE Plus il\u0259 n\u00f6vb\u0259ti s\u0259viyy\u0259li t\u0259hl\u00fck\u0259sizlik v\u0259 s\u0259m\u0259r\u0259liliyin kilidini a\u00e7\u0131n.<\/span><\/p>","protected":false},"excerpt":{"rendered":"<p>NXP-nin MIFARE Plus kart\u0131 RFID standartlar\u0131na uy\u011fun t\u0259hl\u00fck\u0259siz NFC \u00e7ip h\u0259llidir, ictimai n\u0259qliyyat, giri\u015f\u0259 n\u0259zar\u0259t v\u0259 \u00f6d\u0259ni\u015f proqramlar\u0131 \u00fc\u00e7\u00fcn ideald\u0131r.<\/p>","protected":false},"featured_media":2082,"template":"","meta":[],"product_brand":[],"product_cat":[46],"product_tag":[],"class_list":{"0":"post-2081","1":"product","2":"type-product","3":"status-publish","4":"has-post-thumbnail","6":"product_cat-nfc-cards","8":"first","9":"instock","10":"shipping-taxable","11":"product-type-simple"},"_links":{"self":[{"href":"https:\/\/nfc-readers.com\/az\/wp-json\/wp\/v2\/product\/2081","targetHints":{"allow":["GET"]}}],"collection":[{"href":"https:\/\/nfc-readers.com\/az\/wp-json\/wp\/v2\/product"}],"about":[{"href":"https:\/\/nfc-readers.com\/az\/wp-json\/wp\/v2\/types\/product"}],"wp:featuredmedia":[{"embeddable":true,"href":"https:\/\/nfc-readers.com\/az\/wp-json\/wp\/v2\/media\/2082"}],"wp:attachment":[{"href":"https:\/\/nfc-readers.com\/az\/wp-json\/wp\/v2\/media?parent=2081"}],"wp:term":[{"taxonomy":"product_brand","embeddable":true,"href":"https:\/\/nfc-readers.com\/az\/wp-json\/wp\/v2\/product_brand?post=2081"},{"taxonomy":"product_cat","embeddable":true,"href":"https:\/\/nfc-readers.com\/az\/wp-json\/wp\/v2\/product_cat?post=2081"},{"taxonomy":"product_tag","embeddable":true,"href":"https:\/\/nfc-readers.com\/az\/wp-json\/wp\/v2\/product_tag?post=2081"}],"curies":[{"name":"wp","href":"https:\/\/api.w.org\/{rel}","templated":true}]}}