{"id":2103,"date":"2024-04-22T02:06:11","date_gmt":"2024-04-22T02:06:11","guid":{"rendered":"https:\/\/nfc-readers.com\/?post_type=product&#038;p=2103"},"modified":"2024-09-29T02:13:25","modified_gmt":"2024-09-29T02:13:25","slug":"ntag424","status":"publish","type":"product","link":"https:\/\/nfc-readers.com\/az\/ic-reader\/ntag424\/","title":{"rendered":"NTAG 424 DNT"},"content":{"rendered":"<h1>NTAG 424 DNT<\/h1>\n<table width=\"537\">\n<tbody>\n<tr style=\"font-style: inherit; font-weight: inherit;\">\n<td style=\"font-style: inherit;\" width=\"95\" data-spm-anchor-id=\"a2700.details.0.i69.1fd12d83P0Adf1\"><span style=\"font-style: inherit; font-weight: inherit;\">Material<\/span><\/td>\n<td style=\"font-style: inherit;\" width=\"442\"><span style=\"font-style: inherit; font-weight: inherit;\">Ka\u011f\u0131z, PVC, PET v\u0259 ya f\u0259rdi<\/span><\/td>\n<\/tr>\n<tr style=\"font-style: inherit; font-weight: inherit;\">\n<td style=\"font-style: inherit;\" width=\"95\"><span style=\"font-style: inherit; font-weight: inherit;\">\u00c7ap<\/span><\/td>\n<td style=\"font-style: inherit;\" width=\"442\"><span style=\"font-style: inherit; font-weight: inherit;\">ofset \u00e7ap v\u0259 ya r\u0259q\u0259msal \u00e7ap, ip\u0259k \u00e7ap\u0131 v\u0259 s<\/span><\/td>\n<\/tr>\n<tr style=\"font-style: inherit; font-weight: inherit;\">\n<td style=\"font-style: inherit;\" width=\"95\"><span style=\"font-style: inherit; font-weight: inherit;\">s\u0259n\u0259tkarl\u0131q<\/span><\/td>\n<td style=\"font-style: inherit;\" width=\"442\"><span style=\"font-style: inherit; font-weight: inherit;\">Maqnetik zolaq, \u015ftrix kodu\/QR kodu, parlaq\/matlama\/frosting v\u0259 s<\/span><\/td>\n<\/tr>\n<tr style=\"font-style: inherit; font-weight: inherit;\">\n<td style=\"font-style: inherit;\" width=\"95\"><span style=\"font-style: inherit; font-weight: inherit;\">\u00d6l\u00e7\u00fc<\/span><\/td>\n<td style=\"font-style: inherit;\" width=\"442\" data-spm-anchor-id=\"a2700.details.0.i68.1fd12d83P0Adf1\"><span style=\"font-style: inherit; font-weight: inherit;\">40 * 25mm, 25mm, 30mm, 45 * 45mm v\u0259 ya x\u00fcsusi<\/span><\/td>\n<\/tr>\n<tr style=\"font-style: inherit; font-weight: inherit;\">\n<td style=\"font-style: inherit;\" width=\"95\"><span style=\"font-style: inherit; font-weight: inherit;\">Tezlik<\/span><\/td>\n<td style=\"font-style: inherit;\" width=\"442\"><span style=\"font-style: inherit; font-weight: inherit;\">13.56 MHz<\/span><\/td>\n<\/tr>\n<tr style=\"font-style: inherit; font-weight: inherit;\">\n<td style=\"font-style: inherit;\" width=\"95\"><span style=\"font-style: inherit; font-weight: inherit;\">Oxu diapazonu<\/span><\/td>\n<td style=\"font-style: inherit;\" width=\"442\"><span style=\"font-style: inherit; font-weight: inherit;\">1-10 sm oxucu v\u0259 oxu m\u00fchitind\u0259n as\u0131l\u0131d\u0131r<\/span><\/td>\n<\/tr>\n<tr style=\"font-style: inherit; font-weight: inherit;\">\n<td style=\"font-style: inherit;\" width=\"95\"><span style=\"font-style: inherit; font-weight: inherit;\">\u018friz\u0259<\/span><\/td>\n<td style=\"font-style: inherit;\" width=\"442\"><span style=\"font-style: inherit; font-weight: inherit;\">F\u0259aliyy\u0259tl\u0259r, m\u0259hsul etiketi v\u0259 s<\/span><\/td>\n<\/tr>\n<tr style=\"font-style: inherit; font-weight: inherit;\">\n<td style=\"font-style: inherit;\" width=\"95\"><span style=\"font-style: inherit; font-weight: inherit;\">G\u00f6nd\u0259rm\u0259 vaxt\u0131<\/span><\/td>\n<td style=\"font-style: inherit;\" width=\"442\"><span style=\"font-style: inherit; font-weight: inherit;\">\u00dcmumiyy\u0259tl\u0259 t\u0259xmin\u0259n 7-8 i\u015f g\u00fcn\u00fc, miqdardan v\u0259 ist\u0259yinizd\u0259n as\u0131l\u0131d\u0131r<\/span><\/td>\n<\/tr>\n<tr style=\"font-style: inherit; font-weight: inherit;\">\n<td style=\"font-style: inherit;\" width=\"95\"><span style=\"font-style: inherit; font-weight: inherit;\">\u00d6d\u0259ni\u015f yolu<\/span><\/td>\n<td style=\"font-style: inherit;\" width=\"442\"><span style=\"font-style: inherit; font-weight: inherit;\">WesterUnion, TT, Ticar\u0259t z\u0259man\u0259ti v\u0259 ya paypal v\u0259 s<\/span><\/td>\n<\/tr>\n<\/tbody>\n<\/table>\n<p>Se\u00e7m\u0259k \u00fc\u00e7\u00fcn daha \u00e7ox \u00e7ip se\u00e7imi<\/p>\n<table width=\"537\">\n<tbody>\n<tr style=\"font-style: inherit; font-weight: inherit;\">\n<td style=\"font-style: inherit;\" width=\"95\" data-spm-anchor-id=\"a2700.details.0.i71.1fd12d83P0Adf1\"><span style=\"font-style: inherit; font-weight: inherit;\" data-spm-anchor-id=\"a2700.details.0.i72.1fd12d83P0Adf1\">rotokol<\/span><\/td>\n<td style=\"font-style: inherit;\" width=\"442\"><span style=\"font-style: inherit; font-weight: inherit;\">\u00c7ipl\u0259r<\/span><\/td>\n<\/tr>\n<tr style=\"font-style: inherit; font-weight: inherit;\">\n<td style=\"font-style: inherit;\" rowspan=\"8\" width=\"95\"><span style=\"font-style: inherit; font-weight: inherit;\">ISO14443A<\/span><\/td>\n<td style=\"font-style: inherit;\" width=\"442\"><span style=\"font-style: inherit; font-weight: inherit;\">MIFARE Classic\u00ae 1K, MIFARE Classic\u00ae 4K<\/span><\/td>\n<\/tr>\n<tr>\n<td width=\"442\"><span style=\"font-style: inherit; font-weight: inherit;\">MIFARE\u00ae Mini<\/span><\/td>\n<\/tr>\n<tr>\n<td width=\"442\"><span style=\"font-style: inherit; font-weight: inherit;\">MIFARE Ultralight\u00ae, MIFARE Ultralight\u00ae EV1, MIFARE Ultralight\u00ae C<\/span><\/td>\n<\/tr>\n<tr>\n<td width=\"442\"><span style=\"font-style: inherit; font-weight: inherit;\">NTAG213 \/ NTAG215 \/ NTAG216<\/span><\/td>\n<\/tr>\n<tr>\n<td width=\"442\"><span style=\"font-style: inherit; font-weight: inherit;\">MIFARE \u00ae DESFire\u00ae EV1 (2K\/4K\/8K)<\/span><\/td>\n<\/tr>\n<tr>\n<td width=\"442\"><span style=\"font-style: inherit; font-weight: inherit;\">MIFARE \u00ae DESFire\u00ae EV2 (2K\/4K\/8K)<\/span><\/td>\n<\/tr>\n<tr>\n<td width=\"442\"><span style=\"font-style: inherit; font-weight: inherit;\">MIFARE Plus\u00ae (2K\/4K)<\/span><\/td>\n<\/tr>\n<tr>\n<td width=\"442\"><span style=\"font-style: inherit; font-weight: inherit;\">Topaz 512<\/span><\/td>\n<\/tr>\n<tr style=\"font-style: inherit; font-weight: inherit;\">\n<td style=\"font-style: inherit;\" width=\"95\"><span style=\"font-style: inherit; font-weight: inherit;\">ISO 15693<\/span><\/td>\n<td style=\"font-style: inherit;\" width=\"442\"><span style=\"font-style: inherit; font-weight: inherit;\">ICODE SLIX, ICODE SLI-S<\/span><\/td>\n<\/tr>\n<\/tbody>\n<\/table>\n<p><img loading=\"lazy\" decoding=\"async\" class=\"alignnone wp-image-2108\" src=\"https:\/\/nfc-readers.com\/wp-content\/uploads\/2024\/04\/Hde00c6f42d8549a48e8df66ca6d59227x-300x226.png\" alt=\"\" width=\"572\" height=\"431\" srcset=\"https:\/\/nfc-readers.com\/wp-content\/uploads\/2024\/04\/Hde00c6f42d8549a48e8df66ca6d59227x-300x226.png 300w, https:\/\/nfc-readers.com\/wp-content\/uploads\/2024\/04\/Hde00c6f42d8549a48e8df66ca6d59227x-600x451.png 600w, https:\/\/nfc-readers.com\/wp-content\/uploads\/2024\/04\/Hde00c6f42d8549a48e8df66ca6d59227x.png 750w\" sizes=\"auto, (max-width: 572px) 100vw, 572px\" \/><\/p>","protected":false},"excerpt":{"rendered":"<p>NTAG 424 DNT RFID t\u0259tbiql\u0259rind\u0259 saxtakarl\u0131\u011fa qar\u015f\u0131, brend t\u0259hl\u00fck\u0259sizliyi, t\u0259hl\u00fck\u0259siz bilet sat\u0131\u015f\u0131 v\u0259 \u015f\u0259xsiyy\u0259tin yoxlan\u0131lmas\u0131 \u00fc\u00e7\u00fcn bank d\u0259r\u0259c\u0259li qoruma t\u0259klif ed\u0259n etibarl\u0131 NFC etiketidir.<\/p>","protected":false},"featured_media":2104,"template":"","meta":[],"product_brand":[],"product_cat":[47],"product_tag":[],"class_list":{"0":"post-2103","1":"product","2":"type-product","3":"status-publish","4":"has-post-thumbnail","6":"product_cat-nfc-tags","8":"first","9":"instock","10":"shipping-taxable","11":"product-type-simple"},"_links":{"self":[{"href":"https:\/\/nfc-readers.com\/az\/wp-json\/wp\/v2\/product\/2103","targetHints":{"allow":["GET"]}}],"collection":[{"href":"https:\/\/nfc-readers.com\/az\/wp-json\/wp\/v2\/product"}],"about":[{"href":"https:\/\/nfc-readers.com\/az\/wp-json\/wp\/v2\/types\/product"}],"wp:featuredmedia":[{"embeddable":true,"href":"https:\/\/nfc-readers.com\/az\/wp-json\/wp\/v2\/media\/2104"}],"wp:attachment":[{"href":"https:\/\/nfc-readers.com\/az\/wp-json\/wp\/v2\/media?parent=2103"}],"wp:term":[{"taxonomy":"product_brand","embeddable":true,"href":"https:\/\/nfc-readers.com\/az\/wp-json\/wp\/v2\/product_brand?post=2103"},{"taxonomy":"product_cat","embeddable":true,"href":"https:\/\/nfc-readers.com\/az\/wp-json\/wp\/v2\/product_cat?post=2103"},{"taxonomy":"product_tag","embeddable":true,"href":"https:\/\/nfc-readers.com\/az\/wp-json\/wp\/v2\/product_tag?post=2103"}],"curies":[{"name":"wp","href":"https:\/\/api.w.org\/{rel}","templated":true}]}}