{"id":2109,"date":"2024-04-22T02:26:55","date_gmt":"2024-04-22T02:26:55","guid":{"rendered":"https:\/\/nfc-readers.com\/?post_type=product&#038;p=2109"},"modified":"2024-09-29T01:56:55","modified_gmt":"2024-09-29T01:56:55","slug":"nfc-stickers-ntag213216","status":"publish","type":"product","link":"https:\/\/nfc-readers.com\/az\/ic-reader\/nfc-stickers-ntag213216\/","title":{"rendered":"NFC stikerl\u0259ri NTAG213 215 216"},"content":{"rendered":"<h1>NFC stikerl\u0259ri NTAG213 215 216<\/h1>\n<table width=\"534\">\n<tbody>\n<tr style=\"font-style: inherit; font-weight: inherit;\">\n<td style=\"font-style: inherit;\" width=\"215\">\n<p data-spm-anchor-id=\"a2700.pc-decorate.0.i49.7c5c3333IeSDv6\">madd\u0259<\/p>\n<\/td>\n<td width=\"319\">X\u00fcsusiyy\u0259tl\u0259r<\/td>\n<\/tr>\n<tr style=\"font-style: inherit; font-weight: inherit;\">\n<td style=\"font-style: inherit;\" width=\"215\">\n<p data-spm-anchor-id=\"a2700.pc-decorate.0.i22.bd1b3333wXnVY0\">M\u0259n\u015f\u0259 yeri<\/p>\n<\/td>\n<td width=\"319\">\u00c7in<\/td>\n<\/tr>\n<tr style=\"font-style: inherit; font-weight: inherit;\">\n<td style=\"font-style: inherit;\" width=\"215\">\n<p data-spm-anchor-id=\"0.0.0.i10.277b4f05XiiaMd\">Sertifikatla\u015fd\u0131rma<\/p>\n<\/td>\n<td width=\"319\">\n<p data-spm-anchor-id=\"a2700.pc-decorate.0.i10.bd1b3333wXnVY0\">CE\/ROHS<\/p>\n<\/td>\n<\/tr>\n<tr style=\"font-style: inherit; font-weight: inherit;\">\n<td style=\"font-style: inherit;\" width=\"215\">Material<\/td>\n<td width=\"319\">\n<p data-spm-anchor-id=\"a2700.pc-decorate.0.i50.7c5c3333IeSDv6\">PET, \u00f6rt\u00fclm\u00fc\u015f ka\u011f\u0131z, epoksi, termal ka\u011f\u0131z v\u0259 s.<\/p>\n<\/td>\n<\/tr>\n<tr style=\"font-style: inherit; font-weight: inherit;\">\n<td style=\"font-style: inherit;\" width=\"215\">\u00c7ip<\/td>\n<td width=\"319\">\n<p data-spm-anchor-id=\"a2700.pc-decorate.0.i50.bd1b3333wXnVY0\">NTAG 213\/ NTAG 215\/Ntag 216\/Fudan F08 v\u0259 ya f\u0259rdil\u0259\u015fdirin<\/p>\n<\/td>\n<\/tr>\n<tr style=\"font-style: inherit; font-weight: inherit;\">\n<td style=\"font-style: inherit;\" width=\"215\">Tezlik<\/td>\n<td width=\"319\">\n<p data-spm-anchor-id=\"0.0.0.i5.277b4f05QIK8KU\">13.56 MHz<\/p>\n<\/td>\n<\/tr>\n<tr style=\"font-style: inherit; font-weight: inherit;\">\n<td style=\"font-style: inherit;\" width=\"215\">\n<p data-spm-anchor-id=\"a2700.pc-decorate.0.i90.6e273333nK6FqH\">Protokol<\/p>\n<\/td>\n<td width=\"319\">\n<p data-spm-anchor-id=\"a2700.pc-decorate.0.i51.bd1b3333wXnVY0\">ISO 14443A<\/p>\n<\/td>\n<\/tr>\n<tr style=\"font-style: inherit; font-weight: inherit;\">\n<td style=\"font-style: inherit;\" rowspan=\"3\" width=\"215\">\u00d6l\u00e7\u00fc<\/td>\n<td width=\"319\">\n<p data-spm-anchor-id=\"a2700.pc-decorate.0.i53.bd1b3333wXnVY0\">Dair\u0259vi 18,25, 30, 35,40 mm<\/p>\n<\/td>\n<\/tr>\n<tr>\n<td width=\"319\">\n<p data-spm-anchor-id=\"a2700.pc-decorate.0.i53.bd1b3333wXnVY0\">Kvadrat 86*54,40*25,55*18,10*20,18*18,30*15<\/p>\n<\/td>\n<\/tr>\n<tr>\n<td width=\"319\">\n<p data-spm-anchor-id=\"a2700.pc-decorate.0.i53.bd1b3333wXnVY0\">v\u0259 ya x\u00fcsusi \u00f6l\u00e7\u00fc<\/p>\n<\/td>\n<\/tr>\n<tr style=\"font-style: inherit; font-weight: inherit;\">\n<td style=\"font-style: inherit;\" width=\"215\">\n<p data-spm-anchor-id=\"0.0.0.i1.277b4f05XiiaMd\">X\u00fcsusiyy\u0259t<\/p>\n<\/td>\n<td width=\"319\">\n<p data-spm-anchor-id=\"a2700.pc-decorate.0.i47.bd1b3333wXnVY0\">normal teql\u0259rd\u0259n daha s\u00fcr\u0259tli v\u0259 daha rahat olan nfc funksiyal\u0131 telefonla m\u0259lumatlar\u0131 payla\u015fmaq \u00fc\u00e7\u00fcn ok<\/p>\n<\/td>\n<\/tr>\n<tr style=\"font-style: inherit; font-weight: inherit;\">\n<td style=\"font-style: inherit;\" width=\"215\">\n<p data-spm-anchor-id=\"0.0.0.i8.277b4f05XiiaMd\">N\u00fcmun\u0259<\/p>\n<\/td>\n<td width=\"319\">\n<p data-spm-anchor-id=\"a2700.pc-decorate.0.i39.6e273333nK6FqH\">pulsuzdur<\/p>\n<\/td>\n<\/tr>\n<tr style=\"font-style: inherit; font-weight: inherit;\">\n<td style=\"font-style: inherit;\" width=\"215\">\n<p data-spm-anchor-id=\"a2700.pc-decorate.0.i95.6e273333nK6FqH\">M\u0259saf\u0259ni oxuyun<\/p>\n<\/td>\n<td width=\"319\">\n<p data-spm-anchor-id=\"a2700.pc-decorate.0.i89.6e273333nK6FqH\">0-10 sm<\/p>\n<\/td>\n<\/tr>\n<tr style=\"font-style: inherit; font-weight: inherit;\">\n<td style=\"font-style: inherit;\" width=\"215\">\n<p data-spm-anchor-id=\"a2700.pc-decorate.0.i35.6e273333nK6FqH\">M\u0259hsulun ad\u0131<\/p>\n<\/td>\n<td width=\"319\">\n<p data-spm-anchor-id=\"a2700.pc-decorate.0.i12.bd1b3333wXnVY0\">X\u00fcsusi NTAG 213 NFC Etiketl\u0259ri D\u0259yirmi 18 mm Bo\u015f A\u011f Etiket NTAG 213 Teql\u0259r NFC Aktiv Cib Telefonu il\u0259 m\u00fck\u0259mm\u0259l i\u015fl\u0259yir<\/p>\n<\/td>\n<\/tr>\n<tr style=\"font-style: inherit; font-weight: inherit;\">\n<td style=\"font-style: inherit;\" rowspan=\"3\" width=\"215\">F\u0259rdil\u0259\u015fdirm\u0259<\/td>\n<td style=\"font-style: inherit;\" width=\"319\">-x\u00fcsusi logo, s\u0259th ka\u011f\u0131z\u0131 \u00fc\u00e7\u00fcn r\u0259ngli \u00e7ap<\/td>\n<\/tr>\n<tr>\n<td width=\"319\">- x\u00fcsusi s\u0259th material\u0131<\/td>\n<\/tr>\n<tr>\n<td width=\"319\">-url (veb-sayt), seriya n\u00f6mr\u0259l\u0259ri v\u0259 s. kimi \u00e7ipd\u0259 yaz\u0131la bil\u0259n f\u0259rdil\u0259\u015fdirilmi\u015f m\u0259lumat m\u0259lumatlar\u0131.<\/td>\n<\/tr>\n<tr style=\"font-style: inherit; font-weight: inherit;\">\n<td style=\"font-style: inherit;\" rowspan=\"3\" width=\"215\">\u018friz\u0259<\/td>\n<td style=\"font-style: inherit;\" width=\"319\">NFC sosial media, Logistika, idar\u0259etm\u0259, aktivl\u0259rin idar\u0259 edilm\u0259si, t\u0259chizat z\u0259ncirinin idar\u0259 edilm\u0259si, n\u0259qliyyat vasit\u0259l\u0259rinin idar\u0259 edilm\u0259si, istehsala n\u0259zar\u0259t,<\/td>\n<\/tr>\n<tr>\n<td width=\"319\">anbar idar\u0259\u00e7iliyi, m\u0259hsulun idar\u0259 edilm\u0259si, m\u0259hsulun yoxlan\u0131lmas\u0131, aktivl\u0259rin izl\u0259nm\u0259si, baqaj\u0131n idar\u0259 edilm\u0259sinin izl\u0259nm\u0259si, inventar idar\u0259etm\u0259si,<\/td>\n<\/tr>\n<tr>\n<td width=\"319\">v\u0259 s.<\/td>\n<\/tr>\n<\/tbody>\n<\/table>\n<p>&nbsp;<\/p>\n<p><img loading=\"lazy\" decoding=\"async\" class=\"alignnone wp-image-2110\" src=\"https:\/\/nfc-readers.com\/wp-content\/uploads\/2024\/04\/H13e28f218c5e4df380794f87c5769ff4e-300x252.jpg\" alt=\"\" width=\"573\" height=\"481\" srcset=\"https:\/\/nfc-readers.com\/wp-content\/uploads\/2024\/04\/H13e28f218c5e4df380794f87c5769ff4e-300x252.jpg 300w, https:\/\/nfc-readers.com\/wp-content\/uploads\/2024\/04\/H13e28f218c5e4df380794f87c5769ff4e-600x503.jpg 600w, https:\/\/nfc-readers.com\/wp-content\/uploads\/2024\/04\/H13e28f218c5e4df380794f87c5769ff4e.jpg 750w\" sizes=\"auto, (max-width: 573px) 100vw, 573px\" \/><\/p>\n<div class=\"J_module\">\n<div class=\"detail-decorate-json-renderer-container\">\n<div class=\"magic-1\">\n<div class=\"magic-2\">\n<div class=\"magic-3\">\n<div class=\"magic-4\">\n<div class=\"magic-5\" data-spm-anchor-id=\"a2700.details.0.i69.2c8dabc3vwGabt\"><b class=\"magic-6\"><span class=\"magic-7\">X\u00fcsusi NTAG 213 NFC Etiketl\u0259ri D\u0259yirmi 18 mm Bo\u015f A\u011f Etiket NTAG 213 Teql\u0259r NFC Aktiv Cib Telefonu il\u0259 m\u00fck\u0259mm\u0259l i\u015fl\u0259yir<\/span><\/b><\/div>\n<div>\n<div><\/div>\n<\/div>\n<\/div>\n<\/div>\n<\/div>\n<\/div>\n<\/div>\n<\/div>\n<div class=\"J_module\">\n<div class=\"detail-decorate-json-renderer-container\">\n<div class=\"magic-1\">\n<div class=\"magic-2\">\n<div class=\"magic-3\">\n<div class=\"magic-4\"><b><span class=\"magic-8\">NFC etiketi n\u0259dir v\u0259 nec\u0259 i\u015fl\u0259yir <\/span><\/b><br \/>\nNFC, Near Field Communication, teql\u0259r t\u0259r\u0259find\u0259n \u0259ld\u0259 edil\u0259 bil\u0259n m\u0259lumatlar\u0131 saxlamaq \u00fc\u00e7\u00fcn n\u0259z\u0259rd\u0259 tutulmu\u015f ki\u00e7ik inteqral sxeml\u0259rdir.<br \/>\nSmartfonlar v\u0259 plan\u015fetl\u0259r kimi NFC-ni d\u0259st\u0259kl\u0259y\u0259n cihazlar. Onlar d\u0259yirmi v\u0259 ya kvadrat formada olan ki\u00e7ik stikerl\u0259rdir v\u0259 b\u00f6y\u00fck bir sikk\u0259 \u00f6l\u00e7\u00fcs\u00fcnd\u0259dir. Simsiz texnologiyan\u0131n bu ki\u00e7ik stikerl\u0259ri, h\u0259m\u00e7inin NFC-ni aktivl\u0259\u015fdir\u0259n iki cihaz aras\u0131nda m\u0259lumat \u00f6t\u00fcrm\u0259y\u0259 imkan verir.<\/p>\n<div>\n<div>NFC etiketl\u0259ri m\u00fcxt\u0259lif yadda\u015f tutumlar\u0131na malik ola bil\u0259r; siz telefon n\u00f6mr\u0259sini v\u0259 ya URL (veb \u00fcnvan\u0131) saxlaya bil\u0259rsiniz v\u0259 qoruma \u0259lav\u0259 etm\u0259k \u00fc\u00e7\u00fcn NFC teql\u0259ri ba\u011flana bil\u0259r ki, m\u0259lumatlar yaz\u0131ld\u0131qdan sonra onu d\u0259yi\u015fdirm\u0259k m\u00fcmk\u00fcn olmas\u0131n. Bununla bel\u0259, onlar kilidl\u0259n\u0259n\u0259 q\u0259d\u0259r bir ne\u00e7\u0259 d\u0259f\u0259 yenid\u0259n kodla\u015fd\u0131r\u0131la bil\u0259r v\u0259 bir d\u0259f\u0259 kilidl\u0259ndikd\u0259, NFC teql\u0259ri a\u00e7\u0131la bilm\u0259z.<\/div>\n<div><\/div>\n<div>NFC teql\u0259rind\u0259n istifad\u0259 etm\u0259k \u00fc\u00e7\u00fcn ya NFC-ni aktivl\u0259\u015fdir\u0259n cihaz\u0131n\u0131zla stiker\u0259 toxunmal\u0131s\u0131n\u0131z, ya da cihaz\u0131n proqramla\u015fd\u0131r\u0131lm\u0131\u015f t\u0259klifinizi yerin\u0259 yetirm\u0259si \u00fc\u00e7\u00fcn cihaz\u0131n\u0131z\u0131 kifay\u0259t q\u0259d\u0259r yax\u0131n (b\u0259lk\u0259 d\u0259 bir d\u00fcym m\u0259saf\u0259d\u0259) g\u0259tirm\u0259lisiniz.<\/div>\n<\/div>\n<\/div>\n<\/div>\n<\/div>\n<\/div>\n<\/div>\n<\/div>\n<div class=\"J_module\">\n<div class=\"detail-decorate-json-renderer-container\">\n<div class=\"magic-1\">\n<div class=\"magic-2\">\n<div class=\"magic-3\">\n<div class=\"magic-4\"><span class=\"magic-9\"><span class=\"magic-10\"><b>13.56mhz rfid etiketi, nfc etiketi URL kodlu kimi proqramla\u015fd\u0131r\u0131la bil\u0259ndir, bel\u0259likl\u0259 NFC il\u0259 Andriod\/IOS smartfonu il\u0259 i\u015fl\u0259y\u0259 bil\u0259r.<br \/>\nNFC etiketi smartfonda NFC m\u00f6vqeyin\u0259 ba\u011fland\u0131qda, proqramla\u015fd\u0131r\u0131lm\u0131\u015f veb sayt linki d\u0259rhal \u00e7\u0131x\u0131r. \u018fsas\u0259n vizit kart\u0131, \u015firk\u0259t tan\u0131t\u0131m\u0131, smart poster, hadis\u0259 bileti, s\u0259naye istifad\u0259si v\u0259 s. kimi bir \u00e7ox proqramlar \u00fc\u00e7\u00fcn istifad\u0259 olunur.<\/b><\/span><\/span><\/p>\n<div><b><span class=\"magic-9\">\u00a0<\/span><\/b><\/div>\n<div><span class=\"magic-10\"><b class=\"magic-9\">X\u00fcsusiyy\u0259tl\u0259rimiz:<br \/>\n<\/b><span class=\"magic-11\" style=\"font-family: Arial;\">1. X\u00fcsusi<br \/>\n2. \u00c7atd\u0131r\u0131lman\u0131n s\u00fcr\u0259tli s\u00fcr\u0259ti<br \/>\n3.RFID etiket strukturu: RFID \u00c7ipi+RFID Antenna+S\u0259th Materiallar\u0131<br \/>\n4.Professional rfid m\u0259hsullar\u0131 t\u0259chizat\u00e7\u0131s\u0131<\/span><\/span><\/div>\n<\/div>\n<\/div>\n<\/div>\n<\/div>\n<\/div>\n<\/div>\n<p>&nbsp;<\/p>\n<p>&nbsp;<\/p>","protected":false},"excerpt":{"rendered":"<p>NTAG213 215 216 \u00e7ipl\u0259ri olan y\u0131\u011fcam NFC stikerl\u0259ri a\u011f\u0131ll\u0131 reklam, m\u0259hsulun autentifikasiyas\u0131 v\u0259 s\u00fcr\u0259tli c\u00fctl\u0259\u015fm\u0259ni t\u0259min ed\u0259r\u0259k RFID h\u0259ll\u0259rini \u0259l\u00e7atan v\u0259 effektiv edir.<\/p>","protected":false},"featured_media":2111,"template":"","meta":[],"product_brand":[],"product_cat":[48],"product_tag":[],"class_list":{"0":"post-2109","1":"product","2":"type-product","3":"status-publish","4":"has-post-thumbnail","6":"product_cat-nfc-stickers","8":"first","9":"instock","10":"shipping-taxable","11":"product-type-simple"},"_links":{"self":[{"href":"https:\/\/nfc-readers.com\/az\/wp-json\/wp\/v2\/product\/2109","targetHints":{"allow":["GET"]}}],"collection":[{"href":"https:\/\/nfc-readers.com\/az\/wp-json\/wp\/v2\/product"}],"about":[{"href":"https:\/\/nfc-readers.com\/az\/wp-json\/wp\/v2\/types\/product"}],"wp:featuredmedia":[{"embeddable":true,"href":"https:\/\/nfc-readers.com\/az\/wp-json\/wp\/v2\/media\/2111"}],"wp:attachment":[{"href":"https:\/\/nfc-readers.com\/az\/wp-json\/wp\/v2\/media?parent=2109"}],"wp:term":[{"taxonomy":"product_brand","embeddable":true,"href":"https:\/\/nfc-readers.com\/az\/wp-json\/wp\/v2\/product_brand?post=2109"},{"taxonomy":"product_cat","embeddable":true,"href":"https:\/\/nfc-readers.com\/az\/wp-json\/wp\/v2\/product_cat?post=2109"},{"taxonomy":"product_tag","embeddable":true,"href":"https:\/\/nfc-readers.com\/az\/wp-json\/wp\/v2\/product_tag?post=2109"}],"curies":[{"name":"wp","href":"https:\/\/api.w.org\/{rel}","templated":true}]}}