{"id":2117,"date":"2024-04-22T02:40:43","date_gmt":"2024-04-22T02:40:43","guid":{"rendered":"https:\/\/nfc-readers.com\/?post_type=product&#038;p=2117"},"modified":"2024-09-24T06:42:23","modified_gmt":"2024-09-24T06:42:23","slug":"nfc-wet-inlay-ntag213216","status":"publish","type":"product","link":"https:\/\/nfc-readers.com\/az\/ic-reader\/nfc-wet-inlay-ntag213216\/","title":{"rendered":"NFC quru\/ya\u015f inlay NTAG213 215 216"},"content":{"rendered":"<h1>NFC quru\/ya\u015f inlay NTAG213 215 216<\/h1>\n<table width=\"504\">\n<tbody>\n<tr style=\"font-style: inherit; font-weight: inherit;\">\n<td style=\"font-style: inherit;\" width=\"149\">\n<p data-spm-anchor-id=\"a2700.details.0.i60.4f6d26e9ifeROs\">M\u0259hsul<\/p>\n<\/td>\n<td style=\"font-style: inherit;\" width=\"355\">Zavod t\u0259chizat\u0131 13,56 mhz rfid stiker etiketl\u0259ri NFC quru\/ya\u015f inlay NTAG213 215 216<\/td>\n<\/tr>\n<tr style=\"font-style: inherit; font-weight: inherit;\">\n<td style=\"font-style: inherit;\" width=\"149\">Anten material\u0131<\/td>\n<td style=\"font-style: inherit;\" width=\"355\">Al\u00fcminium Al (30\u03bcm) + PET (38\u03bcm) + Al k\u00f6rp\u00fcs\u00fc (10\u03bcm)<\/td>\n<\/tr>\n<tr style=\"font-style: inherit; font-weight: inherit;\">\n<td style=\"font-style: inherit;\" width=\"149\">\n<p data-spm-anchor-id=\"a2700.details.0.i59.4f6d26e9ifeROs\">Antenan\u0131n formas\u0131<\/p>\n<\/td>\n<td style=\"font-style: inherit;\" width=\"355\">D\u0259yirmi v\u0259 ya kvadrat<\/td>\n<\/tr>\n<tr style=\"font-style: inherit; font-weight: inherit;\">\n<td style=\"font-style: inherit;\" width=\"149\">Qal\u0131nl\u0131q<\/td>\n<td style=\"font-style: inherit;\" width=\"355\">0,07 mm (\u00e7ip yeri: 0,23 mm)<\/td>\n<\/tr>\n<tr style=\"font-style: inherit; font-weight: inherit;\">\n<td style=\"font-style: inherit;\" width=\"149\">Tezlik<\/td>\n<td style=\"font-style: inherit;\" width=\"355\">13,56 MHz<\/td>\n<\/tr>\n<tr style=\"font-style: inherit; font-weight: inherit;\">\n<td style=\"font-style: inherit;\" width=\"149\">Quru inklyasiya<\/td>\n<td style=\"font-style: inherit;\" width=\"355\">12*18mm, 14.5*14.5mm, 76*45mm, dia 20mm, 40mm v\u0259 s.<\/td>\n<\/tr>\n<tr style=\"font-style: inherit; font-weight: inherit;\">\n<td style=\"font-style: inherit;\" width=\"149\">\u0130\u015fl\u0259m\u0259 temperaturu<\/td>\n<td style=\"font-style: inherit;\" width=\"355\">-20\u00b0-d\u0259n +60\u00b0C-\u0259 q\u0259d\u0259r<\/td>\n<\/tr>\n<tr style=\"font-style: inherit; font-weight: inherit;\">\n<td style=\"font-style: inherit;\" width=\"149\">Saxlama temperaturu<\/td>\n<td style=\"font-style: inherit;\" width=\"355\">-25\u00b0C il\u0259 +65\u00b0C aras\u0131nda<\/td>\n<\/tr>\n<tr style=\"font-style: inherit; font-weight: inherit;\">\n<td style=\"font-style: inherit;\" width=\"149\">\u0130\u015f h\u0259yat\u0131<\/td>\n<td style=\"font-style: inherit;\" width=\"355\">100000 d\u0259f\u0259 \/ 10 il<\/td>\n<\/tr>\n<tr style=\"font-style: inherit; font-weight: inherit;\">\n<td style=\"font-style: inherit;\" width=\"149\">Nominal oxu diapazonu<\/td>\n<td style=\"font-style: inherit;\" width=\"355\">Antenan\u0131n h\u0259nd\u0259s\u0259sind\u0259n v\u0259 oxucu konfiqurasiyas\u0131ndan as\u0131l\u0131 olaraq 2~6cm<\/td>\n<\/tr>\n<tr style=\"font-style: inherit; font-weight: inherit;\">\n<td style=\"font-style: inherit;\" width=\"149\">\u018friz\u0259<\/td>\n<td width=\"355\">\u0130dentifikasiya, Kart, Logistika, Kitabxana, Aktivl\u0259rin idar\u0259 edilm\u0259si, \u00d6d\u0259ni\u015f, Giri\u015f<\/td>\n<\/tr>\n<\/tbody>\n<\/table>\n<p>&nbsp;<\/p>\n<p><span style=\"font-size: medium;\"><b>RFID inley hans\u0131 dozada istifad\u0259 olunur?<\/b><\/span><\/p>\n<p><span style=\"color: #0000ff;\">\u2606<\/span>\u00a0 \u018fvv\u0259lc\u0259 RFID quru inlay\u0131n\u0131n n\u0259 oldu\u011funu anlamal\u0131y\u0131q. 3 hiss\u0259d\u0259n ibar\u0259t RFID quru inley: Al\u00fcminium, \u00e7ipset v\u0259 PET. RFID quru inley yar\u0131 bitmi\u015f RFIDdir, HF v\u0259 ya UHF ola bil\u0259r v\u0259 oxucu t\u0259r\u0259find\u0259n oxuna bil\u0259r. H\u0259r bir RFID quru inlay\u0131n\u0131n \u00f6z unikal ID n\u00f6mr\u0259si var.<\/p>\n<p><span style=\"color: #0000ff;\">\u2606<\/span>\u00a0 RFID quru inley kartlar, stikerl\u0259r, a\u011f\u0131ll\u0131 evd\u0259 yerl\u0259\u015fm\u0259 v\u0259 s. kimi istifad\u0259 edil\u0259 bil\u0259r.<br \/>\n<span style=\"color: #0000ff;\">\u2606\u00a0<\/span>\u00a0Giri\u015f n\u0259zar\u0259ti, aktivl\u0259rin idar\u0259 edilm\u0259si, davamiyy\u0259tin idar\u0259 edilm\u0259si, heyvanlar\u0131n identifikasiyas\u0131 sistemi, parkinq sistemi, logistika idar\u0259etm\u0259si, s\u0259naye avtomatla\u015fd\u0131r\u0131lmas\u0131, supermarket, ma\u011faza idar\u0259etm\u0259si, t\u0259hl\u00fck\u0259sizlik sistemi, tibb m\u00fc\u0259ssis\u0259l\u0259rinin idar\u0259 edilm\u0259si v\u0259 s. kimi aktual t\u0259tbiql\u0259r.<\/p>\n<p><img loading=\"lazy\" decoding=\"async\" class=\"alignnone wp-image-2119\" src=\"https:\/\/nfc-readers.com\/wp-content\/uploads\/2024\/04\/HTB1wkZ8X6DuK1Rjy1zjq6zraFXae-300x164.jpg\" alt=\"\" width=\"561\" height=\"307\" srcset=\"https:\/\/nfc-readers.com\/wp-content\/uploads\/2024\/04\/HTB1wkZ8X6DuK1Rjy1zjq6zraFXae-300x164.jpg 300w, https:\/\/nfc-readers.com\/wp-content\/uploads\/2024\/04\/HTB1wkZ8X6DuK1Rjy1zjq6zraFXae-600x329.jpg 600w, https:\/\/nfc-readers.com\/wp-content\/uploads\/2024\/04\/HTB1wkZ8X6DuK1Rjy1zjq6zraFXae.jpg 730w\" sizes=\"auto, (max-width: 561px) 100vw, 561px\" \/><\/p>\n<p><img loading=\"lazy\" decoding=\"async\" class=\"alignnone wp-image-2120\" src=\"https:\/\/nfc-readers.com\/wp-content\/uploads\/2024\/04\/HTB1IBVIDTtYBeNjy1Xdq6xXyVXaq-300x300.jpg\" alt=\"\" width=\"561\" height=\"561\" srcset=\"https:\/\/nfc-readers.com\/wp-content\/uploads\/2024\/04\/HTB1IBVIDTtYBeNjy1Xdq6xXyVXaq-300x300.jpg 300w, https:\/\/nfc-readers.com\/wp-content\/uploads\/2024\/04\/HTB1IBVIDTtYBeNjy1Xdq6xXyVXaq-150x150.jpg 150w, https:\/\/nfc-readers.com\/wp-content\/uploads\/2024\/04\/HTB1IBVIDTtYBeNjy1Xdq6xXyVXaq-600x600.jpg 600w, https:\/\/nfc-readers.com\/wp-content\/uploads\/2024\/04\/HTB1IBVIDTtYBeNjy1Xdq6xXyVXaq-100x100.jpg 100w, https:\/\/nfc-readers.com\/wp-content\/uploads\/2024\/04\/HTB1IBVIDTtYBeNjy1Xdq6xXyVXaq.jpg 750w\" sizes=\"auto, (max-width: 561px) 100vw, 561px\" \/><\/p>","protected":false},"excerpt":{"rendered":"<p>NFC quru\/ya\u015f inleyl\u0259ri NTAG213 \u00e7ox y\u00f6nl\u00fc t\u0259tbiql\u0259r \u00fc\u00e7\u00fcn NFC \u00e7ipin\u0259 malikdir, quru inleyl\u0259r yaln\u0131z yap\u0131\u015fqanl\u0131 strukturlara v\u0259 \u0259lav\u0259 qoruma t\u0259klif ed\u0259n ya\u015f inleyl\u0259r\u0259 malikdir.<\/p>","protected":false},"featured_media":2122,"template":"","meta":[],"product_brand":[],"product_cat":[48],"product_tag":[],"class_list":{"0":"post-2117","1":"product","2":"type-product","3":"status-publish","4":"has-post-thumbnail","6":"product_cat-nfc-stickers","8":"first","9":"instock","10":"shipping-taxable","11":"product-type-simple"},"_links":{"self":[{"href":"https:\/\/nfc-readers.com\/az\/wp-json\/wp\/v2\/product\/2117","targetHints":{"allow":["GET"]}}],"collection":[{"href":"https:\/\/nfc-readers.com\/az\/wp-json\/wp\/v2\/product"}],"about":[{"href":"https:\/\/nfc-readers.com\/az\/wp-json\/wp\/v2\/types\/product"}],"wp:featuredmedia":[{"embeddable":true,"href":"https:\/\/nfc-readers.com\/az\/wp-json\/wp\/v2\/media\/2122"}],"wp:attachment":[{"href":"https:\/\/nfc-readers.com\/az\/wp-json\/wp\/v2\/media?parent=2117"}],"wp:term":[{"taxonomy":"product_brand","embeddable":true,"href":"https:\/\/nfc-readers.com\/az\/wp-json\/wp\/v2\/product_brand?post=2117"},{"taxonomy":"product_cat","embeddable":true,"href":"https:\/\/nfc-readers.com\/az\/wp-json\/wp\/v2\/product_cat?post=2117"},{"taxonomy":"product_tag","embeddable":true,"href":"https:\/\/nfc-readers.com\/az\/wp-json\/wp\/v2\/product_tag?post=2117"}],"curies":[{"name":"wp","href":"https:\/\/api.w.org\/{rel}","templated":true}]}}