{"id":2127,"date":"2024-04-22T02:58:46","date_gmt":"2024-04-22T02:58:46","guid":{"rendered":"https:\/\/nfc-readers.com\/?post_type=product&#038;p=2127"},"modified":"2024-09-24T06:40:32","modified_gmt":"2024-09-24T06:40:32","slug":"nfc-key-fobs","status":"publish","type":"product","link":"https:\/\/nfc-readers.com\/az\/ic-reader\/nfc-key-fobs\/","title":{"rendered":"NFC a\u00e7ar foblar\u0131 (f\u0259rdil\u0259\u015fdirilmi\u015f)"},"content":{"rendered":"<h1>NFC a\u00e7ar foblar\u0131 (f\u0259rdil\u0259\u015fdirilmi\u015f)<\/h1>\n<table width=\"345\">\n<tbody>\n<tr style=\"font-style: inherit; font-weight: inherit;\">\n<td style=\"font-style: inherit;\" width=\"69\">\n<p data-spm-anchor-id=\"a2700.pc-decorate.0.i24.7f543333WPG8F0\"><span data-spm-anchor-id=\"a2700.pc-decorate.0.i23.7f543333WPG8F0\">Madd\u0259<\/span><\/p>\n<\/td>\n<td colspan=\"4\" width=\"276\">RFID A\u00e7ar Etiketi \/ A\u00e7arl\u0131q<\/td>\n<\/tr>\n<tr style=\"font-style: inherit; font-weight: inherit;\">\n<td style=\"font-style: inherit;\" width=\"69\">\n<p data-spm-anchor-id=\"a2700.pc-decorate.0.i22.7f543333WPG8F0\"><span data-spm-anchor-id=\"a2700.pc-decorate.0.i10.7f543333WPG8F0\">Material<\/span><\/p>\n<\/td>\n<td colspan=\"4\" width=\"276\"><span style=\"font-style: inherit; font-weight: inherit;\" data-spm-anchor-id=\"a2700.pc-decorate.0.i5.4f1a3333tE72jd\">ABS, PVC, Fiberglas, Epoksi v\u0259 s.<\/span><\/td>\n<\/tr>\n<tr style=\"font-style: inherit; font-weight: inherit;\">\n<td style=\"font-style: inherit;\" width=\"69\">\n<p data-spm-anchor-id=\"a2700.pc-decorate.0.i34.7f543333WPG8F0\">\u00c7ip<\/p>\n<\/td>\n<td colspan=\"4\" width=\"276\"><span data-spm-anchor-id=\"a2700.pc-decorate.0.i15.2d9b33330HxdWZ\">LF, HF \u00c7ipi<\/span><\/td>\n<\/tr>\n<tr style=\"font-style: inherit; font-weight: inherit;\">\n<td style=\"font-style: inherit;\" width=\"69\">\u00d6l\u00e7\u00fc<\/td>\n<td colspan=\"4\" width=\"276\">41*33*4.3mm\/ 51*33*5.9mm\/ 37*30*8.16mm\/ 36*29*6.6mm<\/td>\n<\/tr>\n<tr style=\"font-style: inherit; font-weight: inherit;\">\n<td style=\"font-style: inherit;\" width=\"69\">\n<p data-spm-anchor-id=\"a2700.pc-decorate.0.i33.7f543333WPG8F0\">R\u0259ng<\/p>\n<\/td>\n<td colspan=\"4\" width=\"276\">Qara, a\u011f, sar\u0131, q\u0131rm\u0131z\u0131, ya\u015f\u0131l, mavi, \u00e7\u0259hray\u0131 v\u0259 ya f\u0259rdi.<\/td>\n<\/tr>\n<tr style=\"font-style: inherit; font-weight: inherit;\">\n<td style=\"font-style: inherit;\" width=\"69\">\n<p data-spm-anchor-id=\"a2700.pc-decorate.0.i8.271d3333RNCmsH\">S\u0259n\u0259tkarl\u0131q<\/p>\n<\/td>\n<td colspan=\"4\" width=\"276\">T\u0259k r\u0259ngli v\u0259 ya \u00c7oxr\u0259ngli \u00c7ap, Barkod v\u0259 ya Lazer Kodu \u00e7ap\u0131 v\u0259 s.<\/td>\n<\/tr>\n<tr style=\"font-style: inherit; font-weight: inherit;\">\n<td style=\"font-style: inherit;\" width=\"69\"><span style=\"font-style: inherit; font-weight: inherit;\">T\u0259tbiql\u0259r<\/span><\/td>\n<td colspan=\"4\" width=\"276\">Giri\u015f\u0259 N\u0259zar\u0259t, \u0130ctimai N\u0259qliyyat, Dayanacaq, \u015e\u0259xsiyy\u0259tin Do\u011frulanmas\u0131, Davamiyy\u0259tin \u0130dar\u0259 Edilm\u0259si, Biletl\u0259r,<\/td>\n<\/tr>\n<\/tbody>\n<\/table>\n<p><img loading=\"lazy\" decoding=\"async\" class=\"alignnone wp-image-2128\" src=\"https:\/\/nfc-readers.com\/wp-content\/uploads\/2024\/04\/Hbdbc426a8e3c4e04b6d5836c3de2a0d2H-248x300.png\" alt=\"\" width=\"526\" height=\"636\" srcset=\"https:\/\/nfc-readers.com\/wp-content\/uploads\/2024\/04\/Hbdbc426a8e3c4e04b6d5836c3de2a0d2H-248x300.png 248w, https:\/\/nfc-readers.com\/wp-content\/uploads\/2024\/04\/Hbdbc426a8e3c4e04b6d5836c3de2a0d2H-600x726.png 600w, https:\/\/nfc-readers.com\/wp-content\/uploads\/2024\/04\/Hbdbc426a8e3c4e04b6d5836c3de2a0d2H.png 759w\" sizes=\"auto, (max-width: 526px) 100vw, 526px\" \/><\/p>","protected":false},"excerpt":{"rendered":"<p>\u0130nteqrasiya edilmi\u015f NFC \u00e7ip texnologiyas\u0131 il\u0259 NFC A\u00e7ar Fobs giri\u015f n\u0259zar\u0259ti v\u0259 a\u011f\u0131ll\u0131 ev inteqrasiyas\u0131 \u00fc\u00e7\u00fcn portativ simsiz h\u0259ll\u0259r t\u0259min ed\u0259r\u0259k rahatl\u0131\u011f\u0131 v\u0259 t\u0259hl\u00fck\u0259sizliyi art\u0131r\u0131r.<\/p>","protected":false},"featured_media":2129,"template":"","meta":[],"product_brand":[],"product_cat":[49],"product_tag":[],"class_list":{"0":"post-2127","1":"product","2":"type-product","3":"status-publish","4":"has-post-thumbnail","6":"product_cat-nfc-key-fobs","8":"first","9":"instock","10":"shipping-taxable","11":"product-type-simple"},"_links":{"self":[{"href":"https:\/\/nfc-readers.com\/az\/wp-json\/wp\/v2\/product\/2127","targetHints":{"allow":["GET"]}}],"collection":[{"href":"https:\/\/nfc-readers.com\/az\/wp-json\/wp\/v2\/product"}],"about":[{"href":"https:\/\/nfc-readers.com\/az\/wp-json\/wp\/v2\/types\/product"}],"wp:featuredmedia":[{"embeddable":true,"href":"https:\/\/nfc-readers.com\/az\/wp-json\/wp\/v2\/media\/2129"}],"wp:attachment":[{"href":"https:\/\/nfc-readers.com\/az\/wp-json\/wp\/v2\/media?parent=2127"}],"wp:term":[{"taxonomy":"product_brand","embeddable":true,"href":"https:\/\/nfc-readers.com\/az\/wp-json\/wp\/v2\/product_brand?post=2127"},{"taxonomy":"product_cat","embeddable":true,"href":"https:\/\/nfc-readers.com\/az\/wp-json\/wp\/v2\/product_cat?post=2127"},{"taxonomy":"product_tag","embeddable":true,"href":"https:\/\/nfc-readers.com\/az\/wp-json\/wp\/v2\/product_tag?post=2127"}],"curies":[{"name":"wp","href":"https:\/\/api.w.org\/{rel}","templated":true}]}}