{"id":2133,"date":"2024-04-22T03:16:50","date_gmt":"2024-04-22T03:16:50","guid":{"rendered":"https:\/\/nfc-readers.com\/?post_type=product&#038;p=2133"},"modified":"2024-09-24T06:04:13","modified_gmt":"2024-09-24T06:04:13","slug":"silicone-rfid-nfc-wristbands","status":"publish","type":"product","link":"https:\/\/nfc-readers.com\/az\/ic-reader\/silicone-rfid-nfc-wristbands\/","title":{"rendered":"Silikon RFID NFC qolbaqlar"},"content":{"rendered":"<table width=\"476\">\n<tbody>\n<tr style=\"font-style: inherit; font-weight: inherit;\">\n<td style=\"font-style: inherit;\" width=\"187\"><span style=\"font-style: inherit; font-weight: inherit;\" data-spm-anchor-id=\"a2700.details.0.i62.23d334f5zYksZe\">M\u0259hsul<\/span><\/td>\n<td style=\"font-style: inherit;\" width=\"289\"><span style=\"font-style: inherit; font-weight: inherit;\">\u00a0RFID silikon qolbaq\u00a0<\/span><\/td>\n<\/tr>\n<tr style=\"font-style: inherit; font-weight: inherit;\">\n<td style=\"font-style: inherit;\" width=\"187\"><span style=\"font-style: inherit; font-weight: inherit;\">\u00a0Material\u00a0<\/span><\/td>\n<td style=\"font-style: inherit;\" width=\"289\"><span style=\"font-style: inherit; font-weight: inherit;\">\u00a0Silikon<\/span><\/td>\n<\/tr>\n<tr style=\"font-style: inherit; font-weight: inherit;\">\n<td style=\"font-style: inherit;\" width=\"187\"><span style=\"font-style: inherit; font-weight: inherit;\">\u00a0\u00d6l\u00e7\u00fc<\/span><\/td>\n<td style=\"font-style: inherit;\" width=\"289\"><span style=\"font-style: inherit; font-weight: inherit;\">\u00a0F\u0259rdil\u0259\u015fdirilmi\u015f<\/span><\/td>\n<\/tr>\n<tr style=\"font-style: inherit; font-weight: inherit;\">\n<td style=\"font-style: inherit;\" width=\"187\"><span style=\"font-style: inherit; font-weight: inherit;\">\u00a0R\u0259ng<\/span><\/td>\n<td style=\"font-style: inherit;\" width=\"289\"><span style=\"font-style: inherit; font-weight: inherit;\">\u00a0G\u00f6y\/q\u0131rm\u0131z\u0131\/qara\/a\u011f\/sar\u0131\/boz\/ya\u015f\u0131l\/\u00e7\u0259hray\u0131 v\u0259 s. v\u0259 ya f\u0259rdil\u0259\u015fdirilmi\u015fdir<\/span><\/td>\n<\/tr>\n<tr style=\"font-style: inherit; font-weight: inherit;\">\n<td style=\"font-style: inherit;\" width=\"187\"><span style=\"font-style: inherit; font-weight: inherit;\">\u00a0Protokol<\/span><\/td>\n<td width=\"289\"><span style=\"font-style: inherit; font-weight: inherit;\">\u00a0ISO14443A, ISO15693<\/span><\/td>\n<\/tr>\n<tr style=\"font-style: inherit; font-weight: inherit;\">\n<td style=\"font-style: inherit;\" width=\"187\"><span style=\"font-style: inherit; font-weight: inherit;\">\u00a0HFchip(13.56MHz)\u00a0<\/span><\/td>\n<td style=\"font-style: inherit;\" width=\"289\"><span style=\"font-style: inherit; font-weight: inherit;\">\u00a0FM11RF08, S50, S70, M1K, nfc tag213\/216 v\u0259 s.<\/span><\/td>\n<\/tr>\n<tr style=\"font-style: inherit; font-weight: inherit;\">\n<td style=\"font-style: inherit;\" rowspan=\"4\" width=\"187\"><span style=\"font-style: inherit; font-weight: inherit;\">\u00a0s\u0259n\u0259tkarl\u0131q<\/span><\/td>\n<td style=\"font-style: inherit;\" width=\"289\"><span style=\"font-style: inherit; font-weight: inherit;\">\u00a0\u00c7ap\u0131 f\u0259rdil\u0259\u015fdirin<\/span><\/td>\n<\/tr>\n<tr>\n<td width=\"289\"><span style=\"font-style: inherit; font-weight: inherit;\">\u00a0Kodla\u015fd\u0131rma xidm\u0259ti m\u00f6vcuddur<\/span><\/td>\n<\/tr>\n<tr>\n<td width=\"289\">\u00a0Kartda lazer\/\u00e7ap UID v\u0259 ya seriya n\u00f6mr\u0259si<\/td>\n<\/tr>\n<tr>\n<td width=\"289\">\u00a0UID v\u0259 seriya n\u00f6mr\u0259si excel format\u0131nda t\u0259qdim edil\u0259 bil\u0259r<\/td>\n<\/tr>\n<tr style=\"font-style: inherit; font-weight: inherit;\">\n<td style=\"font-style: inherit;\" width=\"187\"><span style=\"font-style: inherit; font-weight: inherit;\">\u00a0X\u00fcsusiyy\u0259tl\u0259r<\/span><\/td>\n<td style=\"font-style: inherit;\" width=\"289\"><span style=\"font-style: inherit; font-weight: inherit;\">\u00a0Geyinm\u0259k v\u0259 istifad\u0259 etm\u0259k asan, y\u00fcks\u0259k performans, a\u015fa\u011f\u0131 qiym\u0259t, Ekoloji c\u0259h\u0259td\u0259n t\u0259miz, Z\u0259h\u0259rli deyil<\/span><\/td>\n<\/tr>\n<tr style=\"font-style: inherit; font-weight: inherit;\">\n<td style=\"font-style: inherit;\" width=\"187\"><span style=\"font-style: inherit; font-weight: inherit;\">\u00a0\u018friz\u0259\u00a0<\/span><\/td>\n<td style=\"font-style: inherit;\" width=\"289\"><span style=\"font-style: inherit; font-weight: inherit;\">\u00a0Partiyalarda, idman t\u0259dbirind\u0259, idman salonunda, restoranda, marafonda v\u0259 s., giri\u015f\u0259 n\u0259zar\u0259t v\u0259 \u00f6d\u0259ni\u015f kimi geni\u015f t\u0259tbiq olunur<\/span><\/td>\n<\/tr>\n<\/tbody>\n<\/table>\n<div>Silikon RFID qolbaqlar<\/div>\n<div><\/div>\n<div>RV PARKLARI V\u018f D\u00dc\u015e\u018fRG\u018f\u00c7\u018fL\u018fR \u00dc\u00c7\u00dcN RFID B\u0130L\u018fKL\u018fR\u0130 T\u0259hl\u00fck\u0259siz Rahatl\u0131q. Sayt\u0131n\u0131z\u0131n m\u00fcxt\u0259lif sah\u0259l\u0259rin\u0259 t\u0259hl\u00fck\u0259siz giri\u015f\u0259 n\u0259zar\u0259t etm\u0259k v\u0259 h\u0259r \u015feyin bir kranla idar\u0259 olundu\u011fu na\u011fds\u0131z \u0259mlak yaratmaq \u00fc\u00e7\u00fcn RV park\u0131n\u0131zda v\u0259 ya d\u00fc\u015f\u0259rg\u0259l\u0259rinizd\u0259 RFID qolbaqlar\u0131ndan istifad\u0259 edin. Na\u011fds\u0131z al\u0131\u015flar.<\/div>\n<div><\/div>\n<div>Ail\u0259 \u018fyl\u0259nc\u0259 M\u0259rk\u0259zl\u0259ri \u00fc\u00e7\u00fcn RFID Bil\u0259klikl\u0259r. Ail\u0259 \u0259yl\u0259nc\u0259 m\u0259rk\u0259zl\u0259rind\u0259, oyun salonlar\u0131nda, kazinolarda v\u0259 oyun m\u0259rk\u0259zl\u0259rind\u0259 t\u0259hl\u00fck\u0259siz debet, NFC v\u0259 POS \u0259m\u0259liyyatlar\u0131 \u00fc\u00e7\u00fcn RFID qolbaqlar\u0131m\u0131zdan istifad\u0259 edin.<\/div>\n<div><\/div>\n<div>\u0130st\u0259nil\u0259n T\u0259tbiq \u00dc\u00e7\u00fcn. Suya davaml\u0131 silikon RFID qolbaqlar\u0131m\u0131z\u0131 ist\u0259nil\u0259n yerd\u0259 yerl\u0259\u015fdirin: idman zal\u0131, hovuz, spa, su park\u0131 v\u0259 ya otel. Sistemimizd\u0259 v\u0259 ya POS terminal\u0131n\u0131zda bir klikl\u0259 yem\u0259k, xidm\u0259tl\u0259r v\u0259 abadl\u0131q \u00fc\u00e7\u00fcn \u00f6d\u0259yin. Silikon RFID qolbaqlar h\u0259m\u00e7inin binan\u0131zda, ofisinizd\u0259, laboratoriyan\u0131zda v\u0259 ya anbar\u0131n\u0131zda RFID giri\u015fin\u0259 n\u0259zar\u0259t, kilidl\u0259m\u0259 v\u0259 i\u015f\u00e7il\u0259rin monitorinqi proqramlar\u0131 \u00fc\u00e7\u00fcn uy\u011fundur.<\/div>\n<div><\/div>\n<div><img loading=\"lazy\" decoding=\"async\" class=\"alignnone wp-image-2134\" src=\"https:\/\/nfc-readers.com\/wp-content\/uploads\/2024\/04\/H41cec2b20d6746e4bf71ea249b81ff01N-300x246.jpg\" alt=\"\" width=\"525\" height=\"431\" srcset=\"https:\/\/nfc-readers.com\/wp-content\/uploads\/2024\/04\/H41cec2b20d6746e4bf71ea249b81ff01N-300x246.jpg 300w, https:\/\/nfc-readers.com\/wp-content\/uploads\/2024\/04\/H41cec2b20d6746e4bf71ea249b81ff01N-1024x839.jpg 1024w, https:\/\/nfc-readers.com\/wp-content\/uploads\/2024\/04\/H41cec2b20d6746e4bf71ea249b81ff01N-768x629.jpg 768w, https:\/\/nfc-readers.com\/wp-content\/uploads\/2024\/04\/H41cec2b20d6746e4bf71ea249b81ff01N-1536x1258.jpg 1536w, https:\/\/nfc-readers.com\/wp-content\/uploads\/2024\/04\/H41cec2b20d6746e4bf71ea249b81ff01N-2048x1678.jpg 2048w, https:\/\/nfc-readers.com\/wp-content\/uploads\/2024\/04\/H41cec2b20d6746e4bf71ea249b81ff01N-600x491.jpg 600w\" sizes=\"auto, (max-width: 525px) 100vw, 525px\" \/><\/div>\n<div><img loading=\"lazy\" decoding=\"async\" class=\"alignnone wp-image-2135\" src=\"https:\/\/nfc-readers.com\/wp-content\/uploads\/2024\/04\/HTB1OdAhDr9YBuNjy0Fgq6AxcXXaH-300x300.jpg\" alt=\"\" width=\"527\" height=\"527\" srcset=\"https:\/\/nfc-readers.com\/wp-content\/uploads\/2024\/04\/HTB1OdAhDr9YBuNjy0Fgq6AxcXXaH-300x300.jpg 300w, https:\/\/nfc-readers.com\/wp-content\/uploads\/2024\/04\/HTB1OdAhDr9YBuNjy0Fgq6AxcXXaH-150x150.jpg 150w, https:\/\/nfc-readers.com\/wp-content\/uploads\/2024\/04\/HTB1OdAhDr9YBuNjy0Fgq6AxcXXaH-600x600.jpg 600w, https:\/\/nfc-readers.com\/wp-content\/uploads\/2024\/04\/HTB1OdAhDr9YBuNjy0Fgq6AxcXXaH-100x100.jpg 100w, https:\/\/nfc-readers.com\/wp-content\/uploads\/2024\/04\/HTB1OdAhDr9YBuNjy0Fgq6AxcXXaH.jpg 750w\" sizes=\"auto, (max-width: 527px) 100vw, 527px\" \/><\/div>\n<div><\/div>\n<div>\n<p>Tez-tez veril\u0259n suallar:<\/p>\n<p><strong>1. B\u0130Z\u018f B\u0130R NE\u00c7\u018f N\u00dcMUN\u018f T\u018fKL\u0130F ED\u018f B\u0130L\u018fRS\u0130N\u0130Z?<\/strong><\/p>\n<p>Hans\u0131 m\u0259hsullara ehtiyac\u0131n\u0131z oldu\u011funu d\u0259qiq bildikd\u0259n sonra, biz sizin istinad\u0131n\u0131z \u00fc\u00e7\u00fcn ox\u015far m\u00f6vcud n\u00fcmun\u0259 t\u0259klif ed\u0259 bil\u0259rik.<\/p>\n<p>\u00d6d\u0259ndiyiniz \u00e7atd\u0131r\u0131lma d\u0259y\u0259ri il\u0259 pulsuz n\u00fcmun\u0259.<\/p>\n<p>Dizayn\u0131n\u0131za v\u0259 t\u0259l\u0259bl\u0259riniz\u0259 \u0259saslanaraq f\u0259rdil\u0259\u015fdirilmi\u015f etiket n\u00fcmun\u0259sin\u0259 ehtiyac\u0131n\u0131z varsa, buna uy\u011fun olaraq m\u0259qbul n\u00fcmun\u0259 d\u0259y\u0259ri var.<\/p>\n<p>&nbsp;<\/p>\n<p><strong>2. B\u0130Z S\u0130Z\u0130N TEXNOLOG\u0130YALARINIZDA EKSPERT\u0130Z ALICI DEY\u0130L\u0130K, S\u0130Q\u0130T VERM\u018fK \u00dc\u00c7\u00dcN B\u0130ZD\u018fN HANSI M\u018fLUMATLARA LAZIMDIR?<\/strong><\/p>\n<p>H\u00f6rm\u0259tli dostum, z\u0259hm\u0259t olmasa etiketin t\u0259tbiqini biz\u0259 ayd\u0131n \u015f\u0259kild\u0259 bildirin, hans\u0131 m\u0259qs\u0259d\u0259 \u00e7atmaq ist\u0259yirsiniz?<\/p>\n<p>biz siz\u0259 m\u00fcnasib qiym\u0259t\u0259 uy\u011fun m\u0259hsulu t\u0259klif ed\u0259rik<\/p>\n<p>&nbsp;<\/p>\n<p><strong>3. S\u0130Z\u0130N FABR\u0130K\u0130N\u0130Z\u0130 ziyar\u0259t ed\u0259 bil\u0259rikmi?<\/strong><\/p>\n<p>B\u0259li, zavod turunuzu s\u0259mimiyy\u0259tl\u0259 qar\u015f\u0131lay\u0131n. \u00c7in s\u0259f\u0259rinizd\u0259 b\u0259l\u0259d\u00e7iniz olmaqdan \u015f\u0259r\u0259f duyuram.<\/p>\n<p>&nbsp;<\/p>\n<\/div>\n<p>&nbsp;<\/p>","protected":false},"excerpt":{"rendered":"<p>NFC \u00e7ip texnologiyas\u0131 il\u0259 silikon RFID qolbaqlar bilet sat\u0131\u015f\u0131, giri\u015f\u0259 n\u0259zar\u0259t v\u0259 hadis\u0259l\u0259rin s\u0259m\u0259r\u0259li idar\u0259 edilm\u0259si \u00fc\u00e7\u00fcn kontakts\u0131z identifikasiyan\u0131 t\u0259min edir.<\/p>","protected":false},"featured_media":2136,"template":"","meta":[],"product_brand":[],"product_cat":[50],"product_tag":[],"class_list":{"0":"post-2133","1":"product","2":"type-product","3":"status-publish","4":"has-post-thumbnail","6":"product_cat-silicone-rfid-nfc-wristbands","8":"first","9":"instock","10":"shipping-taxable","11":"product-type-simple"},"_links":{"self":[{"href":"https:\/\/nfc-readers.com\/az\/wp-json\/wp\/v2\/product\/2133","targetHints":{"allow":["GET"]}}],"collection":[{"href":"https:\/\/nfc-readers.com\/az\/wp-json\/wp\/v2\/product"}],"about":[{"href":"https:\/\/nfc-readers.com\/az\/wp-json\/wp\/v2\/types\/product"}],"wp:featuredmedia":[{"embeddable":true,"href":"https:\/\/nfc-readers.com\/az\/wp-json\/wp\/v2\/media\/2136"}],"wp:attachment":[{"href":"https:\/\/nfc-readers.com\/az\/wp-json\/wp\/v2\/media?parent=2133"}],"wp:term":[{"taxonomy":"product_brand","embeddable":true,"href":"https:\/\/nfc-readers.com\/az\/wp-json\/wp\/v2\/product_brand?post=2133"},{"taxonomy":"product_cat","embeddable":true,"href":"https:\/\/nfc-readers.com\/az\/wp-json\/wp\/v2\/product_cat?post=2133"},{"taxonomy":"product_tag","embeddable":true,"href":"https:\/\/nfc-readers.com\/az\/wp-json\/wp\/v2\/product_tag?post=2133"}],"curies":[{"name":"wp","href":"https:\/\/api.w.org\/{rel}","templated":true}]}}