{"id":2144,"date":"2024-04-22T03:53:51","date_gmt":"2024-04-22T03:53:51","guid":{"rendered":"https:\/\/nfc-readers.com\/?post_type=product&#038;p=2144"},"modified":"2024-09-24T06:02:28","modified_gmt":"2024-09-24T06:02:28","slug":"nfc-smart-ring","status":"publish","type":"product","link":"https:\/\/nfc-readers.com\/az\/ic-reader\/nfc-smart-ring\/","title":{"rendered":"NFC A\u011f\u0131ll\u0131 \u00dcz\u00fck"},"content":{"rendered":"<table width=\"443\">\n<tbody>\n<tr style=\"font-style: inherit; font-weight: inherit;\">\n<td style=\"font-style: inherit;\" width=\"152\">M\u0259hsulun ad\u0131<\/td>\n<td style=\"font-style: inherit;\" width=\"291\">NFC Ring<\/td>\n<\/tr>\n<tr style=\"font-style: inherit; font-weight: inherit;\">\n<td style=\"font-style: inherit;\" width=\"152\">Material<\/td>\n<td style=\"font-style: inherit;\" width=\"291\">\u018fsas korpusun sirkon keramika, s\u0259thi epoksi qatran<\/td>\n<\/tr>\n<tr style=\"font-style: inherit; font-weight: inherit;\">\n<td style=\"font-style: inherit;\" width=\"152\">\u00dcz\u00fcy\u00fcn daxili diametri<\/td>\n<td style=\"font-style: inherit;\" width=\"291\">16mm, 17mm, 18mm, 19mm, 20mm, 21mm, 22mm, 23mm<\/td>\n<\/tr>\n<tr style=\"font-style: inherit; font-weight: inherit;\">\n<td style=\"font-style: inherit;\" width=\"152\">\u00c7ip<\/td>\n<td style=\"font-style: inherit;\" width=\"291\">NFC 215 213 216, IC(UID), ID(EM4305)<\/td>\n<\/tr>\n<tr style=\"font-style: inherit; font-weight: inherit;\">\n<td style=\"font-style: inherit;\" width=\"152\">Protokol<\/td>\n<td style=\"font-style: inherit;\" width=\"291\">NFC Forum Tip 2 ISO14443A<\/td>\n<\/tr>\n<tr style=\"font-style: inherit; font-weight: inherit;\">\n<td style=\"font-style: inherit;\" width=\"152\">Tezlik<\/td>\n<td style=\"font-style: inherit;\" width=\"291\">13,56 MHz<\/td>\n<\/tr>\n<tr style=\"font-style: inherit; font-weight: inherit;\">\n<td style=\"font-style: inherit;\" width=\"152\">\u0130stiqam\u0259ti hiss etm\u0259k<\/td>\n<td style=\"font-style: inherit;\" width=\"291\">\u00c7ox y\u00f6nl\u00fc alg\u0131lama<\/td>\n<\/tr>\n<tr style=\"font-style: inherit; font-weight: inherit;\">\n<td style=\"font-style: inherit;\" width=\"152\">M\u0259saf\u0259ni hiss etm\u0259k<\/td>\n<td style=\"font-style: inherit;\" width=\"291\">0-10 sm (oxuyucudan as\u0131l\u0131d\u0131r)<\/td>\n<\/tr>\n<tr style=\"font-style: inherit; font-weight: inherit;\">\n<td style=\"font-style: inherit;\" width=\"152\">Paket<\/td>\n<td style=\"font-style: inherit;\" width=\"291\">NFC Ring + t\u0259limat<\/td>\n<\/tr>\n<\/tbody>\n<\/table>\n<p>&nbsp;<\/p>\n<p>X\u00fcsusiyy\u0259t:<br \/>\nA\u011f\u0131ll\u0131 \u00fcz\u00fck geyil\u0259 bil\u0259n qadcet komponentl\u0259ridir, mobil telefonda sehrli funksiyalar\u0131 yerin\u0259 yetirir v\u0259 mobil funksiyan\u0131 idar\u0259 edir v\u0259 m\u0259lumatlar\u0131 NFC simsiz tezlik rabit\u0259 texnologiyas\u0131 il\u0259 payla\u015f\u0131r, qabaqc\u0131l dizayn\u0131n funksiyalar\u0131 a\u015fa\u011f\u0131dak\u0131 kimidir: APP kilidi, Avtomatik qa\u00e7\u0131\u015f, APP gizl\u0259tm\u0259k, Vizit kart\u0131n\u0131 payla\u015f\u0131n, \u0130nternet ba\u011flant\u0131s\u0131n\u0131 payla\u015f\u0131n, M\u0259tni payla\u015f\u0131n v\u0259 Onlayn fayl payla\u015f\u0131n. M\u0259hsulun formas\u0131 t\u0259miz tibbi titan t\u0259r\u0259find\u0259n yarad\u0131lm\u0131\u015f beyn\u0259lxalq populyar elementl\u0259r\u0259 uy\u011fun olaraq haz\u0131rlanm\u0131\u015fd\u0131r, \u015farj etm\u0259y\u0259 ehtiyac yoxdur, y\u00fcks\u0259k suya davaml\u0131d\u0131r v\u0259 ist\u0259nil\u0259n vaxt ist\u0259nil\u0259n insanlar \u00fc\u00e7\u00fcn uy\u011fundur.<\/p>\n<p>&nbsp;<\/p>\n<p><iframe loading=\"lazy\" title=\"NFC Ring\" width=\"1020\" height=\"574\" src=\"https:\/\/www.youtube.com\/embed\/rflL5fkvj6c?feature=oembed\" frameborder=\"0\" allow=\"accelerometer; autoplay; clipboard-write; encrypted-media; gyroscope; picture-in-picture; web-share\" referrerpolicy=\"strict-origin-when-cross-origin\" allowfullscreen><\/iframe><\/p>\n<p>&nbsp;<\/p>\n<p><span class=\"magic-26\"><b data-spm-anchor-id=\"a2700.details.0.i59.2acc580aDAbgjP\">A) N\u00fcmun\u0259ni nec\u0259 \u0259ld\u0259 ed\u0259 bil\u0259r\u0259m? <\/b><\/span><\/p>\n<div><span class=\"magic-26\">\u0130lk sifari\u015fi almadan \u0259vv\u0259l, l\u00fctf\u0259n, n\u00fcmun\u0259 d\u0259y\u0259rini v\u0259 ekspress haqq\u0131n\u0131 \u00f6d\u0259yin. geri qaytaraca\u011f\u0131q<br \/>\nilk sifari\u015finizd\u0259 n\u00fcmun\u0259 d\u0259y\u0259ri siz\u0259 qaytar\u0131l\u0131r. <\/span><\/div>\n<div><\/div>\n<div><\/div>\n<div><\/div>\n<div><span class=\"magic-26\"><b>B) M\u0259hsullar\u0131n\u0131zda bizim brendimizi yarada bil\u0259rsinizmi?<\/b><\/span><\/div>\n<div><span class=\"magic-26\">B\u0259li. MOQ-muza cavab ver\u0259 bils\u0259niz, Logonuzu h\u0259m m\u0259hsullarda, h\u0259m d\u0259 paketl\u0259rd\u0259 \u00e7ap ed\u0259 bil\u0259rik. <\/span><\/div>\n<div><span class=\"magic-26\">\u00a0<\/span><\/div>\n<div><span class=\"magic-26\"><b>C) M\u0259hsullar\u0131n\u0131z\u0131 bizim r\u0259ngimizl\u0259 haz\u0131rlaya bil\u0259rsinizmi? <\/b><\/span><\/div>\n<div><span class=\"magic-26\">B\u0259li, MOQ il\u0259 tan\u0131\u015f ola bils\u0259niz, m\u0259hsullar\u0131n r\u0259ngi f\u0259rdil\u0259\u015fdiril\u0259 bil\u0259r. <\/span><\/div>\n<div><span class=\"magic-26\">\u00a0<\/span><\/div>\n<div><span class=\"magic-26\"><b>D) M\u0259hsullar\u0131n\u0131z\u0131n keyfiyy\u0259tin\u0259 nec\u0259 z\u0259man\u0259t verm\u0259k olar? <\/b><\/span><\/div>\n<div><span class=\"magic-26\" data-spm-anchor-id=\"a2700.details.0.i60.2acc580aDAbgjP\">1) \u0130stehsal zaman\u0131 ciddi a\u015fkarlama. <\/span><\/div>\n<div><span class=\"magic-26\">2) G\u00f6nd\u0259rm\u0259d\u0259n \u0259vv\u0259l m\u0259hsullar \u00fcz\u0259rind\u0259 ciddi n\u00fcmun\u0259 yoxlamas\u0131 v\u0259 m\u0259hsulun b\u00fct\u00f6v qabla\u015fd\u0131r\u0131lmas\u0131n\u0131 t\u0259min edin<\/span><\/div>","protected":false},"excerpt":{"rendered":"<p>13.56M-d\u0259 NFC \u00e7ipi v\u0259 RFID texnologiyas\u0131na malik olan NFC Smart Ring, smartfonlar v\u0259 giri\u015f sisteml\u0259ri il\u0259 simsiz \u0259laq\u0259 yaratmaq \u00fc\u00e7\u00fcn q\u0259\u015f\u0259ng bir yol t\u0259qdim edir.<\/p>","protected":false},"featured_media":2145,"template":"","meta":[],"product_brand":[],"product_cat":[52],"product_tag":[],"class_list":{"0":"post-2144","1":"product","2":"type-product","3":"status-publish","4":"has-post-thumbnail","6":"product_cat-nfc-smart-ring","8":"first","9":"instock","10":"shipping-taxable","11":"product-type-simple"},"_links":{"self":[{"href":"https:\/\/nfc-readers.com\/az\/wp-json\/wp\/v2\/product\/2144","targetHints":{"allow":["GET"]}}],"collection":[{"href":"https:\/\/nfc-readers.com\/az\/wp-json\/wp\/v2\/product"}],"about":[{"href":"https:\/\/nfc-readers.com\/az\/wp-json\/wp\/v2\/types\/product"}],"wp:featuredmedia":[{"embeddable":true,"href":"https:\/\/nfc-readers.com\/az\/wp-json\/wp\/v2\/media\/2145"}],"wp:attachment":[{"href":"https:\/\/nfc-readers.com\/az\/wp-json\/wp\/v2\/media?parent=2144"}],"wp:term":[{"taxonomy":"product_brand","embeddable":true,"href":"https:\/\/nfc-readers.com\/az\/wp-json\/wp\/v2\/product_brand?post=2144"},{"taxonomy":"product_cat","embeddable":true,"href":"https:\/\/nfc-readers.com\/az\/wp-json\/wp\/v2\/product_cat?post=2144"},{"taxonomy":"product_tag","embeddable":true,"href":"https:\/\/nfc-readers.com\/az\/wp-json\/wp\/v2\/product_tag?post=2144"}],"curies":[{"name":"wp","href":"https:\/\/api.w.org\/{rel}","templated":true}]}}