{"id":2259,"date":"2024-04-26T08:18:30","date_gmt":"2024-04-26T08:18:30","guid":{"rendered":"https:\/\/nfc-readers.com\/?post_type=product&#038;p=2259"},"modified":"2024-09-24T02:58:25","modified_gmt":"2024-09-24T02:58:25","slug":"apple-pay-mobile-walletmate-vas-nfc-reader","status":"publish","type":"product","link":"https:\/\/nfc-readers.com\/az\/ic-reader\/apple-pay-mobile-walletmate-vas-nfc-reader\/","title":{"rendered":"Apple Pay Mobile WalletMate VAS NFC Reader"},"content":{"rendered":"<h1>Apple Pay Mobile WalletMate VAS NFC Reader<\/h1>\n<p>WalletMate Mobile Wallet NFC Reader optimalla\u015fd\u0131r\u0131lm\u0131\u015f karts\u0131z t\u0259cr\u00fcb\u0259 t\u0259klif etm\u0259k \u00fc\u00e7\u00fcn VAS protokollar\u0131n\u0131 v\u0259 nfc giri\u015f\u0259 n\u0259zar\u0259t oxuyucu funksiyalar\u0131n\u0131 \u00f6z\u00fcnd\u0259 birl\u0259\u015fdir\u0259n qabaqc\u0131l al\u0259t kimi dayan\u0131r. Nfc oxuyucusu, y\u00fcks\u0259k t\u0259hl\u00fck\u0259sizlik v\u0259 geni\u015f t\u0259tbiq uy\u011funlu\u011fu il\u0259 pos terminal\u0131n\u0131n \u0259lav\u0259 edilm\u0259si il\u0259 o, rahatl\u0131q v\u0259 s\u0259m\u0259r\u0259liliyin yeni d\u00f6vr\u00fcn\u00fc a\u00e7\u0131r. Bu, onu q\u00fcsursuz, t\u0259hl\u00fck\u0259siz v\u0259 s\u00fcr\u0259tli \u0259m\u0259liyyatlar \u00fc\u00e7\u00fcn NFC texnologiyas\u0131n\u0131n g\u00fcc\u00fcnd\u0259n istifad\u0259 etm\u0259yi h\u0259d\u0259fl\u0259y\u0259n istifad\u0259\u00e7il\u0259r v\u0259 m\u00fc\u0259ssis\u0259l\u0259r \u00fc\u00e7\u00fcn vacib aktiv\u0259 \u00e7evirir.<\/p>\n<p><iframe loading=\"lazy\" title=\"ACS WalletMate Apple\/Google VAS Test Al\u0259ti - Demo\" width=\"1020\" height=\"574\" src=\"https:\/\/www.youtube.com\/embed\/aOWbdgwvHDg?feature=oembed\" frameborder=\"0\" allow=\"accelerometer; autoplay; clipboard-write; encrypted-media; gyroscope; picture-in-picture; web-share\" referrerpolicy=\"strict-origin-when-cross-origin\" allowfullscreen><\/iframe><\/p>\n<ul>\n<li>\n<h2>USB 2.0 Tam S\u00fcr\u0259tli \u0130nterfeys<\/h2>\n<\/li>\n<li>\n<h2>CCID Uy\u011funlu\u011fu<\/h2>\n<\/li>\n<li>\n<h2>Mobil pul kis\u0259si v\u0259 kontakts\u0131z smart kart oxuyucusu:<\/h2>\n<ul>\n<li>\n<h3>Apple VAS v\u0259 Google Smart Tap Certified (WalletMate yaln\u0131z VAS-d\u0131r, \u00f6d\u0259ni\u015f terminallar\u0131 deyil)<\/h3>\n<\/li>\n<\/ul>\n<\/li>\n<li>\n<h3>424 kbps-\u0259 q\u0259d\u0259r oxuma\/yazma s\u00fcr\u0259ti<\/h3>\n<\/li>\n<li>\n<h3>50 mm-\u0259 q\u0259d\u0259r kart oxuma m\u0259saf\u0259si il\u0259 t\u0259mass\u0131z etiket\u0259 daxil olmaq \u00fc\u00e7\u00fcn qura\u015fd\u0131r\u0131lm\u0131\u015f antenna (etiket n\u00f6v\u00fcnd\u0259n as\u0131l\u0131 olaraq)<\/h3>\n<\/li>\n<li>\n<h3>ISO 14443 Tip A v\u0259 B kartlar\u0131, MIFARE\u00ae, FeliCa v\u0259 b\u00fct\u00fcn 4 n\u00f6v NFC (ISO\/IEC 18092) teql\u0259rini d\u0259st\u0259kl\u0259yir<\/h3>\n<\/li>\n<li>\n<h3>MIFARE\u00ae 7 bayt UID, MIFARE\u00ae Plus v\u0259 MIFARE\u00ae DESfire d\u0259st\u0259kl\u0259yir<\/h3>\n<\/li>\n<li>\n<h3>Daxili anti-toqqu\u015fma x\u00fcsusiyy\u0259ti (ist\u0259nil\u0259n vaxt yaln\u0131z 1 etiket\u0259 daxil olmaq m\u00fcmk\u00fcnd\u00fcr)<\/h3>\n<\/li>\n<li>\n<h2>NFC D\u0259st\u0259yi:<\/h2>\n<ul>\n<li>\n<h3>NFC Reader\/Writer Rejimi<\/h3>\n<\/li>\n<li>\n<h3>Peer-to-Peer Rejimi<\/h3>\n<\/li>\n<li>\n<h3>Kart\u0131n emulyasiyas\u0131 rejimi<\/h3>\n<\/li>\n<\/ul>\n<\/li>\n<li>\n<h2>T\u0259tbiq Proqramla\u015fd\u0131rma \u0130nterfeysi:<\/h2>\n<ul>\n<li>\n<h3>Windows v\u0259 Linux platformalar\u0131 \u00fc\u00e7\u00fcn Apple VAS v\u0259 Google Smart Tap API<\/h3>\n<\/li>\n<li>\n<h3>PC\/SC d\u0259st\u0259kl\u0259yir<\/h3>\n<\/li>\n<li>\n<h3>CT-API-ni d\u0259st\u0259kl\u0259yir (PC\/SC-nin \u00fcst\u00fcnd\u0259ki sar\u011f\u0131 vasit\u0259sil\u0259)<\/h3>\n<\/li>\n<\/ul>\n<\/li>\n<li>\n<h2>Periferik qur\u011fular:<\/h2>\n<ul>\n<li>\n<h3>\u0130stifad\u0259\u00e7i t\u0259r\u0259find\u0259n idar\u0259 olunan iki r\u0259ngli LED<\/h3>\n<\/li>\n<li>\n<h3>\u0130stifad\u0259\u00e7i t\u0259r\u0259find\u0259n idar\u0259 olunan s\u0259s siqnal\u0131<\/h3>\n<\/li>\n<\/ul>\n<\/li>\n<li>\n<h2>USB proqram t\u0259minat\u0131n\u0131n t\u0259kmill\u0259\u015fdirilm\u0259si<\/h2>\n<\/li>\n<li>\n<table width=\"559\">\n<tbody>\n<tr>\n<td colspan=\"2\" width=\"559\">Fiziki x\u00fcsusiyy\u0259tl\u0259r<\/td>\n<\/tr>\n<tr>\n<td width=\"214\">\u00d6l\u00e7\u00fcl\u0259r (mm)<\/td>\n<td width=\"345\">98,0 mm (U) x 65,0 mm (W) x 12,8 mm (Y)<\/td>\n<\/tr>\n<tr>\n<td width=\"214\">\u00c7\u0259ki (q)<\/td>\n<td width=\"345\">81 q<\/td>\n<\/tr>\n<tr>\n<td colspan=\"2\" width=\"559\">USB interfeysi<\/td>\n<\/tr>\n<tr>\n<td width=\"214\">Protokol<\/td>\n<td width=\"345\">USB CCID<\/td>\n<\/tr>\n<tr>\n<td width=\"214\">Ba\u011flay\u0131c\u0131 n\u00f6v\u00fc<\/td>\n<td width=\"345\">USB Type-A (ACR1252U-MW)<\/td>\n<\/tr>\n<tr>\n<td width=\"214\">G\u00fcc m\u0259nb\u0259yi<\/td>\n<td width=\"345\">USB portundan<\/td>\n<\/tr>\n<tr>\n<td width=\"214\">S\u00fcr\u0259t<\/td>\n<td width=\"345\">USB Tam S\u00fcr\u0259t (12 Mbps)<\/td>\n<\/tr>\n<tr>\n<td width=\"214\">Kabel uzunlu\u011fu<\/td>\n<td width=\"345\">1.0 m, S\u00f6k\u00fclm\u0259z<\/td>\n<\/tr>\n<tr>\n<td colspan=\"2\" width=\"559\">Kontakts\u0131z Smart Kart interfeysi<\/td>\n<\/tr>\n<tr>\n<td width=\"214\">Standart<\/td>\n<td width=\"345\">ISO\/IEC 18092 NFC, ISO 14443 Tip A v\u0259 B, MIFARE\u00ae, FeliCa<\/td>\n<\/tr>\n<tr>\n<td rowspan=\"4\" width=\"214\">Protokol<\/td>\n<td width=\"345\">ISO 14443-4 Uy\u011fun Kart, T=CL<\/td>\n<\/tr>\n<tr>\n<td width=\"345\">MIFARE\u00ae Klassik Kart, T=CL<\/td>\n<\/tr>\n<tr>\n<td width=\"345\">ISO18092, NFC etiketl\u0259ri<\/td>\n<\/tr>\n<tr>\n<td width=\"345\">FeliCa<\/td>\n<\/tr>\n<tr>\n<td colspan=\"2\" width=\"559\">Daxili periferik qur\u011fular<\/td>\n<\/tr>\n<tr>\n<td width=\"214\">LED<\/td>\n<td width=\"345\">1 ikir\u0259ng: Q\u0131rm\u0131z\u0131 v\u0259 Ya\u015f\u0131l<\/td>\n<\/tr>\n<tr>\n<td width=\"214\">Buzzer<\/td>\n<td width=\"345\">Monoton<\/td>\n<\/tr>\n<tr>\n<td colspan=\"2\" width=\"559\">Dig\u0259r X\u00fcsusiyy\u0259tl\u0259r<\/td>\n<\/tr>\n<tr>\n<td width=\"214\">Mikroproqram\u0131n t\u0259kmill\u0259\u015fdirilm\u0259si<\/td>\n<td width=\"345\">D\u0259st\u0259kl\u0259nir<\/td>\n<\/tr>\n<tr>\n<td colspan=\"2\" width=\"559\">Sertifikatlar\/Uy\u011funluq<\/td>\n<\/tr>\n<tr>\n<td rowspan=\"4\" width=\"214\">Sertifikatlar\/Uy\u011funluq<\/td>\n<td width=\"345\">Sertifikatlar:<\/td>\n<\/tr>\n<tr>\n<td width=\"345\">Apple VAS, Google Smart Tap, NFC Forum Sertifikat Ni\u015fan\u0131, IEC\/EN 62368, CE, FCC, UKCA, J-LIS, VCCI, TELEC, KC, BIS, RoHS, REACH, WEEE<\/td>\n<\/tr>\n<tr>\n<td width=\"345\">Uy\u011funluqlar:<\/td>\n<\/tr>\n<tr>\n<td width=\"345\">USB CCID, PC\/SC<\/td>\n<\/tr>\n<tr>\n<td colspan=\"2\" width=\"559\">Cihaz S\u00fcr\u00fcc\u00fcs\u00fc \u018fm\u0259liyyat Sistemi D\u0259st\u0259yi<\/td>\n<\/tr>\n<tr>\n<td width=\"214\">Cihaz S\u00fcr\u00fcc\u00fcs\u00fc \u018fm\u0259liyyat Sistemi D\u0259st\u0259yi<\/td>\n<td width=\"345\">Windows\u00ae, Linux\u00ae, macOS (\u0130nki\u015faf m\u0259rh\u0259l\u0259sind\u0259dir), Android\u2122 (\u0130nki\u015faf m\u0259rh\u0259l\u0259sind\u0259dir)<\/td>\n<\/tr>\n<\/tbody>\n<\/table>\n<\/li>\n<\/ul>","protected":false},"excerpt":{"rendered":"<div>WalletMate, \u0130nnovativ NFC Reader iOS v\u0259 Android cihazlar\u0131 \u00fc\u00e7\u00fcn VAS Apple v\u0259 Google VAS t\u0259r\u0259find\u0259n d\u0259st\u0259kl\u0259n\u0259n r\u0259q\u0259msal ke\u00e7idl\u0259rl\u0259 karts\u0131z \u0259laq\u0259ni d\u0259st\u0259kl\u0259yir.<\/div>","protected":false},"featured_media":2260,"template":"","meta":[],"product_brand":[],"product_cat":[45,40],"product_tag":[],"class_list":{"0":"post-2259","1":"product","2":"type-product","3":"status-publish","4":"has-post-thumbnail","6":"product_cat-contactless-nfc-reader","7":"product_cat-rfid-nfc-reader","9":"first","10":"instock","11":"shipping-taxable","12":"product-type-simple"},"_links":{"self":[{"href":"https:\/\/nfc-readers.com\/az\/wp-json\/wp\/v2\/product\/2259","targetHints":{"allow":["GET"]}}],"collection":[{"href":"https:\/\/nfc-readers.com\/az\/wp-json\/wp\/v2\/product"}],"about":[{"href":"https:\/\/nfc-readers.com\/az\/wp-json\/wp\/v2\/types\/product"}],"wp:featuredmedia":[{"embeddable":true,"href":"https:\/\/nfc-readers.com\/az\/wp-json\/wp\/v2\/media\/2260"}],"wp:attachment":[{"href":"https:\/\/nfc-readers.com\/az\/wp-json\/wp\/v2\/media?parent=2259"}],"wp:term":[{"taxonomy":"product_brand","embeddable":true,"href":"https:\/\/nfc-readers.com\/az\/wp-json\/wp\/v2\/product_brand?post=2259"},{"taxonomy":"product_cat","embeddable":true,"href":"https:\/\/nfc-readers.com\/az\/wp-json\/wp\/v2\/product_cat?post=2259"},{"taxonomy":"product_tag","embeddable":true,"href":"https:\/\/nfc-readers.com\/az\/wp-json\/wp\/v2\/product_tag?post=2259"}],"curies":[{"name":"wp","href":"https:\/\/api.w.org\/{rel}","templated":true}]}}