{"id":2730,"date":"2024-06-07T08:01:07","date_gmt":"2024-06-07T08:01:07","guid":{"rendered":"https:\/\/nfc-readers.com\/?post_type=product&#038;p=2730"},"modified":"2024-09-24T02:54:03","modified_gmt":"2024-09-24T02:54:03","slug":"wallet-mate-nfc-reader-writer-support-apple-pay-and-google-vas","status":"publish","type":"product","link":"https:\/\/nfc-readers.com\/az\/ic-reader\/wallet-mate-nfc-reader-writer-support-apple-pay-and-google-vas\/","title":{"rendered":"Wallet Mate NFC Reader Writer - Apple Pay v\u0259 Google VAS-\u0131 d\u0259st\u0259kl\u0259yin"},"content":{"rendered":"<h1>Wallet Mate NFC Reader Writer - Apple Pay v\u0259 Google VAS-\u0131 d\u0259st\u0259kl\u0259yin<\/h1>\n<div><\/div>\n<div class=\"auto-hide-last-sibling-br paragraph_1252f paragraph-element\"><strong>Wallet Mate NFC Reader Yaz\u0131\u00e7\u0131s\u0131<\/strong> t\u0259kmill\u0259\u015fdirilmi\u015f karts\u0131z qar\u015f\u0131l\u0131ql\u0131 \u0259laq\u0259 \u00fc\u00e7\u00fcn VAS protokollar\u0131n\u0131 v\u0259 NFC giri\u015f\u0259 n\u0259zar\u0259t oxuyucu x\u00fcsusiyy\u0259tl\u0259rini birl\u0259\u015fdir\u0259n \u0259n m\u00fcasir gadget kimi ortaya \u00e7\u0131x\u0131r. NFC oxuyucusu olan POS terminal\u0131, m\u00f6hk\u0259m t\u0259hl\u00fck\u0259sizlik t\u0259dbirl\u0259ri v\u0259 geni\u015f miqyasl\u0131 t\u0259tbiq uy\u011funlu\u011fu il\u0259 m\u00fc\u015fayi\u0259t olunan o, yeni rahatl\u0131q v\u0259 s\u0259m\u0259r\u0259lilik standart\u0131n\u0131n \u00f6nc\u00fcl\u00fcd\u00fcr. Onun dizayn\u0131 v\u0259 funksionall\u0131\u011f\u0131 onu t\u0259hl\u00fck\u0259siz, r\u0259van v\u0259 s\u00fcr\u0259tli \u0259m\u0259liyyatlar \u00fc\u00e7\u00fcn NFC texnologiyas\u0131n\u0131n g\u00fccl\u00fc t\u0259r\u0259fl\u0259rind\u0259n istifad\u0259 etm\u0259k ist\u0259y\u0259nl\u0259r \u00fc\u00e7\u00fcn \u0259v\u0259zedilm\u0259z avadanl\u0131q edir.<\/div>\n<div><\/div>\n<h2 class=\"auto-hide-last-sibling-br paragraph_1252f paragraph-element\">USB 2.0 Y\u00fcks\u0259k S\u00fcr\u0259tli \u0130nterfeys<\/h2>\n<h3 class=\"auto-hide-last-sibling-br paragraph_1252f paragraph-element\"><br class=\"container_e695a wrapper_ad07b undefined\" \/>CCID standartlar\u0131na uy\u011funluq<br class=\"container_e695a wrapper_ad07b undefined\" \/>Mobil pul kis\u0259si v\u0259 kontakts\u0131z smart kart oxuyucusu:<br class=\"container_e695a wrapper_ad07b undefined\" \/>Certified by Apple VAS &amp; Google Smart Tap (Note: WalletMate is only certified for VAS, not for payment terminals)Data transfer rates reaching 424 kbps<br class=\"container_e695a wrapper_ad07b undefined\" \/>50 mm-\u0259 q\u0259d\u0259r kart\u0131 oxumaq m\u0259saf\u0259si t\u0259klif ed\u0259n kontakts\u0131z etiket \u0259ld\u0259 etm\u0259k \u00fc\u00e7\u00fcn qura\u015fd\u0131r\u0131lm\u0131\u015f antenna (etiket n\u00f6v\u00fcnd\u0259n as\u0131l\u0131 olaraq)<br class=\"container_e695a wrapper_ad07b undefined\" \/>ISO 14443 Tip A v\u0259 B kartlar\u0131, MIFARE\u00ae, FeliCa v\u0259 b\u00fct\u00fcn d\u00f6rd n\u00f6v NFC (ISO\/IEC 18092) etiketl\u0259ri il\u0259 uy\u011funluq<br class=\"container_e695a wrapper_ad07b undefined\" \/>MIFARE\u00ae 7 bayt UID, MIFARE\u00ae Plus v\u0259 MIFARE\u00ae DESfire \u00fc\u00e7\u00fcn d\u0259st\u0259k<br class=\"container_e695a wrapper_ad07b undefined\" \/>\u0130nteqrasiya edilmi\u015f anti-toqqu\u015fma x\u00fcsusiyy\u0259ti (ist\u0259nil\u0259n anda yaln\u0131z bir etiket\u0259 daxil olmaq olar)<\/h3>\n<h2 class=\"auto-hide-last-sibling-br paragraph_1252f paragraph-element\"><br class=\"container_e695a wrapper_ad07b undefined\" \/>NFC D\u0259st\u0259yi:<\/h2>\n<h3 class=\"auto-hide-last-sibling-br paragraph_1252f paragraph-element\"><br class=\"container_e695a wrapper_ad07b undefined\" \/>Reader\/Writer rejimind\u0259 funksionall\u0131q<br class=\"container_e695a wrapper_ad07b undefined\" \/>Peer-to-Peer Rejimi<br class=\"container_e695a wrapper_ad07b undefined\" \/>Kart\u0131n emulyasiyas\u0131 rejimi<\/h3>\n<h2 class=\"auto-hide-last-sibling-br paragraph_1252f paragraph-element\"><br class=\"container_e695a wrapper_ad07b undefined\" \/>T\u0259tbiq Proqramla\u015fd\u0131rma \u0130nterfeysi:<\/h2>\n<h3 class=\"auto-hide-last-sibling-br paragraph_1252f paragraph-element\"><br class=\"container_e695a wrapper_ad07b undefined\" \/>Windows v\u0259 Linux platformalar\u0131 il\u0259 Apple VAS v\u0259 Google Smart Tap API uy\u011funlu\u011fu<br class=\"container_e695a wrapper_ad07b undefined\" \/>PC\/SC \u00fc\u00e7\u00fcn d\u0259st\u0259k<br class=\"container_e695a wrapper_ad07b undefined\" \/>CT-API \u00fc\u00e7\u00fcn d\u0259st\u0259k (PC\/SC \u0259sasl\u0131 sar\u011f\u0131 il\u0259 asanla\u015fd\u0131r\u0131l\u0131r)<\/h3>\n<h2 class=\"auto-hide-last-sibling-br paragraph_1252f paragraph-element\">\u018flav\u0259 X\u00fcsusiyy\u0259tl\u0259r:<\/h2>\n<h3 class=\"auto-hide-last-sibling-br paragraph_1252f paragraph-element\"><br class=\"container_e695a wrapper_ad07b undefined\" \/>\u0130stifad\u0259\u00e7i t\u0259r\u0259find\u0259n idar\u0259 olunan iki r\u0259ngli LED<br class=\"container_e695a wrapper_ad07b undefined\" \/>\u0130stifad\u0259\u00e7i t\u0259r\u0259find\u0259n idar\u0259 olunan s\u0259sli x\u0259b\u0259rdarl\u0131q sistemi<br class=\"container_e695a wrapper_ad07b undefined\" \/>USB Firmware Yenil\u0259m\u0259l\u0259ri imkan\u0131<\/h3>\n<p>&nbsp;<\/p>\n<ul>\n<li>\n<table width=\"559\">\n<tbody>\n<tr>\n<td colspan=\"2\" width=\"559\">Fiziki x\u00fcsusiyy\u0259tl\u0259r<\/td>\n<\/tr>\n<tr>\n<td width=\"214\">\u00d6l\u00e7\u00fcl\u0259r (mm)<\/td>\n<td width=\"345\">98,0 mm (U) x 65,0 mm (W) x 12,8 mm (Y)<\/td>\n<\/tr>\n<tr>\n<td width=\"214\">\u00c7\u0259ki (q)<\/td>\n<td width=\"345\">81 q<\/td>\n<\/tr>\n<tr>\n<td colspan=\"2\" width=\"559\">USB interfeysi<\/td>\n<\/tr>\n<tr>\n<td width=\"214\">Protokol<\/td>\n<td width=\"345\">USB CCID<\/td>\n<\/tr>\n<tr>\n<td width=\"214\">Ba\u011flay\u0131c\u0131 n\u00f6v\u00fc<\/td>\n<td width=\"345\">USB Type-A (ACR1252U-MW)<\/td>\n<\/tr>\n<tr>\n<td width=\"214\">G\u00fcc m\u0259nb\u0259yi<\/td>\n<td width=\"345\">USB portundan<\/td>\n<\/tr>\n<tr>\n<td width=\"214\">S\u00fcr\u0259t<\/td>\n<td width=\"345\">USB Tam S\u00fcr\u0259t (12 Mbps)<\/td>\n<\/tr>\n<tr>\n<td width=\"214\">Kabel uzunlu\u011fu<\/td>\n<td width=\"345\">1.0 m, S\u00f6k\u00fclm\u0259z<\/td>\n<\/tr>\n<tr>\n<td colspan=\"2\" width=\"559\">Kontakts\u0131z Smart Kart interfeysi<\/td>\n<\/tr>\n<tr>\n<td width=\"214\">Standart<\/td>\n<td width=\"345\">ISO\/IEC 18092 NFC, ISO 14443 Tip A v\u0259 B, MIFARE\u00ae, FeliCa<\/td>\n<\/tr>\n<tr>\n<td rowspan=\"4\" width=\"214\">Protokol<\/td>\n<td width=\"345\">ISO 14443-4 Uy\u011fun Kart, T=CL<\/td>\n<\/tr>\n<tr>\n<td width=\"345\">MIFARE\u00ae Klassik Kart, T=CL<\/td>\n<\/tr>\n<tr>\n<td width=\"345\">ISO18092, NFC etiketl\u0259ri<\/td>\n<\/tr>\n<tr>\n<td width=\"345\">FeliCa<\/td>\n<\/tr>\n<tr>\n<td colspan=\"2\" width=\"559\">Daxili periferik qur\u011fular<\/td>\n<\/tr>\n<tr>\n<td width=\"214\">LED<\/td>\n<td width=\"345\">1 ikir\u0259ng: Q\u0131rm\u0131z\u0131 v\u0259 Ya\u015f\u0131l<\/td>\n<\/tr>\n<tr>\n<td width=\"214\">Buzzer<\/td>\n<td width=\"345\">Monoton<\/td>\n<\/tr>\n<tr>\n<td colspan=\"2\" width=\"559\">Dig\u0259r X\u00fcsusiyy\u0259tl\u0259r<\/td>\n<\/tr>\n<tr>\n<td width=\"214\">Mikroproqram\u0131n t\u0259kmill\u0259\u015fdirilm\u0259si<\/td>\n<td width=\"345\">D\u0259st\u0259kl\u0259nir<\/td>\n<\/tr>\n<tr>\n<td colspan=\"2\" width=\"559\">Sertifikatlar\/Uy\u011funluq<\/td>\n<\/tr>\n<tr>\n<td rowspan=\"4\" width=\"214\">Sertifikatlar\/Uy\u011funluq<\/td>\n<td width=\"345\">Sertifikatlar:<\/td>\n<\/tr>\n<tr>\n<td width=\"345\">Apple VAS, Google Smart Tap, NFC Forum Sertifikat Ni\u015fan\u0131, IEC\/EN 62368, CE, FCC, UKCA, J-LIS, VCCI, TELEC, KC, BIS, RoHS, REACH, WEEE<\/td>\n<\/tr>\n<tr>\n<td width=\"345\">Uy\u011funluqlar:<\/td>\n<\/tr>\n<tr>\n<td width=\"345\">USB CCID, PC\/SC<\/td>\n<\/tr>\n<tr>\n<td colspan=\"2\" width=\"559\">Cihaz S\u00fcr\u00fcc\u00fcs\u00fc \u018fm\u0259liyyat Sistemi D\u0259st\u0259yi<\/td>\n<\/tr>\n<tr>\n<td width=\"214\">Cihaz S\u00fcr\u00fcc\u00fcs\u00fc \u018fm\u0259liyyat Sistemi D\u0259st\u0259yi<\/td>\n<td width=\"345\">Windows\u00ae, Linux\u00ae, macOS (\u0130nki\u015faf m\u0259rh\u0259l\u0259sind\u0259dir), Android\u2122 (\u0130nki\u015faf m\u0259rh\u0259l\u0259sind\u0259dir)<\/td>\n<\/tr>\n<\/tbody>\n<\/table>\n<\/li>\n<\/ul>","protected":false},"excerpt":{"rendered":"<div>The Mobile Wallet,Innovative NFC Reader supports cardless engagement with digital passes, backed by VAS Apple and Google VAS for iOS and Android devices.<\/div>\n<div><\/div>","protected":false},"featured_media":2731,"template":"","meta":[],"product_brand":[],"product_cat":[45,40],"product_tag":[],"class_list":{"0":"post-2730","1":"product","2":"type-product","3":"status-publish","4":"has-post-thumbnail","6":"product_cat-contactless-nfc-reader","7":"product_cat-rfid-nfc-reader","9":"first","10":"instock","11":"shipping-taxable","12":"product-type-simple"},"_links":{"self":[{"href":"https:\/\/nfc-readers.com\/az\/wp-json\/wp\/v2\/product\/2730","targetHints":{"allow":["GET"]}}],"collection":[{"href":"https:\/\/nfc-readers.com\/az\/wp-json\/wp\/v2\/product"}],"about":[{"href":"https:\/\/nfc-readers.com\/az\/wp-json\/wp\/v2\/types\/product"}],"wp:featuredmedia":[{"embeddable":true,"href":"https:\/\/nfc-readers.com\/az\/wp-json\/wp\/v2\/media\/2731"}],"wp:attachment":[{"href":"https:\/\/nfc-readers.com\/az\/wp-json\/wp\/v2\/media?parent=2730"}],"wp:term":[{"taxonomy":"product_brand","embeddable":true,"href":"https:\/\/nfc-readers.com\/az\/wp-json\/wp\/v2\/product_brand?post=2730"},{"taxonomy":"product_cat","embeddable":true,"href":"https:\/\/nfc-readers.com\/az\/wp-json\/wp\/v2\/product_cat?post=2730"},{"taxonomy":"product_tag","embeddable":true,"href":"https:\/\/nfc-readers.com\/az\/wp-json\/wp\/v2\/product_tag?post=2730"}],"curies":[{"name":"wp","href":"https:\/\/api.w.org\/{rel}","templated":true}]}}