{"id":2732,"date":"2024-10-07T08:34:31","date_gmt":"2024-10-07T08:34:31","guid":{"rendered":"https:\/\/nfc-readers.com\/?post_type=product&#038;p=2732"},"modified":"2024-10-28T14:32:27","modified_gmt":"2024-10-28T14:32:27","slug":"nfc-reader-writer-support-apple-pay-and-google-vas","status":"publish","type":"product","link":"https:\/\/nfc-readers.com\/az\/ic-reader\/nfc-reader-writer-support-apple-pay-and-google-vas\/","title":{"rendered":"NFC Reader Yaz\u0131\u00e7\u0131 d\u0259st\u0259yi Apple Pay v\u0259 Google VAS"},"content":{"rendered":"<div class=\"auto-hide-last-sibling-br paragraph_1252f paragraph-element\">\n<h1>NFC Reader Yaz\u0131\u00e7\u0131 d\u0259st\u0259yi Apple Pay v\u0259 Google VAS<\/h1>\n<p>daxil edin\u00a0<strong>NFC Reader<\/strong>, t\u0259mass\u0131z \u0259m\u0259liyyatlar\u0131 t\u0259kmill\u0259\u015fdirm\u0259k v\u0259 misilsiz s\u0259m\u0259r\u0259lilikl\u0259 giri\u015f n\u0259zar\u0259tini asanla\u015fd\u0131rmaq \u00fc\u00e7\u00fcn n\u0259z\u0259rd\u0259 tutulmu\u015f m\u00fcr\u0259kk\u0259b texnologiya par\u00e7as\u0131. \u018fm\u0259liyyatlar\u0131n\u0131z\u0131 daha s\u00fcr\u0259tli etm\u0259k, t\u0259hl\u00fck\u0259sizliyi art\u0131rmaq v\u0259 ya sad\u0259c\u0259 olaraq texnologiyan\u0131z\u0131 t\u0259kmill\u0259\u015fdirm\u0259k ist\u0259s\u0259niz, NFC Reader arsenal\u0131n\u0131zda vacib vasit\u0259dir. Oxumaq v\u0259 yazmaq bacar\u0131\u011f\u0131 il\u0259\u00a0<strong>NFC etiketl\u0259ri<\/strong>\u00a0v\u0259 kartlar, o c\u00fcml\u0259d\u0259n m\u0259\u015fhur formatlar kimi\u00a0<strong>MIFARE<\/strong>, bu cihaz innovativ \u00f6d\u0259ni\u015f h\u0259ll\u0259ri aras\u0131nda \u00f6n s\u0131ralardad\u0131r.<\/p>\n<h2>NFC Reader se\u00e7m\u0259yin \u00fcst\u00fcnl\u00fckl\u0259ri<\/h2>\n<p>NFC Reader-a investisiya etm\u0259k sad\u0259c\u0259 bir al\u0131\u015f deyil; bu, \u00e7oxsayl\u0131 \u00fcst\u00fcnl\u00fckl\u0259r t\u0259klif ed\u0259n \u00f6d\u0259ni\u015f imkanlar\u0131n\u0131za t\u0259kmill\u0259\u015fdirm\u0259dir. \u0130lk n\u00f6vb\u0259d\u0259, o, imkan ver\u0259r\u0259k t\u0259hl\u00fck\u0259sizliyi art\u0131r\u0131r\u00a0<strong>t\u0259mass\u0131z<\/strong>\u00a0\u00f6d\u0259ni\u015fl\u0259r, na\u011fd \u0259m\u0259liyyatlarla ba\u011fl\u0131 riskin azald\u0131lmas\u0131. O, h\u0259m\u00e7inin istifad\u0259 rahatl\u0131\u011f\u0131 \u00fc\u00e7\u00fcn n\u0259z\u0259rd\u0259 tutulmu\u015fdur, USB vasit\u0259sil\u0259 geni\u015f \u00e7e\u015fidli cihazlara qo\u015fula bil\u0259n sad\u0259 qura\u015fd\u0131rma prosesi il\u0259 \u00f6y\u00fcn\u00fcr v\u0259 m\u00f6vcud sisteml\u0259rinizl\u0259 inteqrasiyaya imkan verir. Y\u0131\u011fcam v\u0259 portativ dizayn getdiyiniz h\u0259r yerd\u0259 NFC imkan\u0131n\u0131z\u0131 g\u00f6t\u00fcr\u0259 bilm\u0259nizi t\u0259min ed\u0259r\u0259k onu h\u0259m ticar\u0259t\u00e7il\u0259r, h\u0259m d\u0259 fiziki \u015f\u0259xsl\u0259r \u00fc\u00e7\u00fcn ideal hala g\u0259tirir.<\/p>\n<h3>1.\u00a0<strong>H\u0259rt\u0259r\u0259fli NFC d\u0259st\u0259yi<\/strong><\/h3>\n<p>The\u00a0<strong>NFC Reader<\/strong>\u00a0Reader\/Writer Mode, Peer-to-Peer Mode v\u0259 Card Emulation Mode daxil olmaqla \u00e7oxsayl\u0131 NFC funksiyalar\u0131n\u0131 d\u0259st\u0259kl\u0259yir. Bu \u00e7ox y\u00f6nl\u00fcl\u00fck oxumaqdan tutmu\u015f m\u00fcxt\u0259lif \u0259m\u0259liyyatlarla uy\u011funlu\u011fu t\u0259min edir\u00a0<strong>NFC kartlar\u0131<\/strong>\u00a0vasit\u0259sil\u0259 mobil \u00f6d\u0259ni\u015fl\u0259ri asanla\u015fd\u0131rmaq\u00a0<strong>Google Pay<\/strong>\u00a0v\u0259\u00a0<strong>Apple Pay<\/strong>.<\/p>\n<h4>Oxucu\/Yaz\u0131c\u0131 rejimi<\/h4>\n<p>Reader\/Writer Mode il\u0259 istifad\u0259\u00e7il\u0259r s\u0259y g\u00f6st\u0259rm\u0259d\u0259n ed\u0259 bil\u0259rl\u0259r\u00a0<strong>oxuyub yaz<\/strong>\u00a0m\u0259lumatlar\u0131 NFC teql\u0259rin\u0259 \u00e7evir\u0259r\u0259k cihaz\u0131 inventar idar\u0259etm\u0259 v\u0259 marketinq kampaniyalar\u0131nda t\u0259tbiql\u0259r \u00fc\u00e7\u00fcn m\u00fck\u0259mm\u0259l edir.<\/p>\n<h4>Peer-to-Peer Rejimi<\/h4>\n<p>Peer-to-Peer Rejimi NFC-ni aktivl\u0259\u015fdir\u0259n iki cihaz aras\u0131nda m\u0259lumat m\u00fcbadil\u0259sini asanla\u015fd\u0131r\u0131r, problemsiz \u0259m\u0259liyyatlara v\u0259 ya m\u0259lumat \u00f6t\u00fcr\u00fclm\u0259sin\u0259 imkan verir, istifad\u0259\u00e7il\u0259r \u00fc\u00e7\u00fcn rahatl\u0131\u011f\u0131 art\u0131r\u0131r.<\/p>\n<h3>2.\u00a0<strong>Y\u00fcks\u0259k Uy\u011funluq Standartlar\u0131<\/strong><\/h3>\n<p>Bu NFC Reader, ISO 14443 Tip A v\u0259 B kartlar\u0131 da daxil olmaqla, geni\u015f \u00e7e\u015fidli smart kartlar il\u0259 uy\u011fun g\u0259lir v\u0259 onu t\u0259l\u0259b ed\u0259n biznesl\u0259r \u00fc\u00e7\u00fcn universal h\u0259ll edir.\u00a0<strong>kart oxuyucusu<\/strong>\u00a0\u00e7oxlu kart n\u00f6vl\u0259ri \u00fc\u00e7\u00fcn.<\/p>\n<h4>M\u00fcxt\u0259lif NFC Teql\u0259rini d\u0259st\u0259kl\u0259yir<\/h4>\n<p>\u0130SO standartlar\u0131na \u0259lav\u0259 olaraq, cihaz MIFARE\u00ae v\u0259 FeliCa kimi formatlar\u0131 da \u00f6z\u00fcnd\u0259 c\u0259ml\u0259\u015fdirir v\u0259 praktiki olaraq b\u00fct\u00fcn istifad\u0259\u00e7il\u0259r \u00fc\u00e7\u00fcn h\u0259rt\u0259r\u0259fli d\u0259st\u0259yi t\u0259min edir.<\/p>\n<h4>USB Ba\u011flant\u0131s\u0131<\/h4>\n<p>USB 2.0 y\u00fcks\u0259k s\u00fcr\u0259tli interfeysi il\u0259 siz s\u00fcr\u0259tli m\u0259lumat \u00f6t\u00fcr\u00fclm\u0259si \u00fc\u00e7\u00fcn NFC oxuyucunu asanl\u0131qla smartfonlara v\u0259 ya plan\u015fetl\u0259r\u0259 qo\u015fa bil\u0259rsiniz - h\u0259r \u015fey istifad\u0259y\u0259 haz\u0131rd\u0131r\u00a0<strong>USB vasit\u0259sil\u0259<\/strong>.<\/p>\n<h3>3.\u00a0<strong>G\u00fccl\u00fc T\u0259hl\u00fck\u0259sizlik X\u00fcsusiyy\u0259tl\u0259ri<\/strong><\/h3>\n<p>T\u0259hl\u00fck\u0259sizlik h\u0259r hans\u0131 bir \u0259m\u0259liyyat cihaz\u0131 \u00fc\u00e7\u00fcn h\u0259r \u015feyd\u0259n vacibdir v\u0259 NFC Reader inteqrasiya olunmu\u015f anti-toqqu\u015fma x\u00fcsusiyy\u0259ti il\u0259 \u00fcst\u00fcnd\u00fcr, eyni anda yaln\u0131z bir etiketin oxunmas\u0131n\u0131 t\u0259min ed\u0259r\u0259k, m\u0259lumatlar\u0131n pozulmas\u0131 v\u0259 ya f\u0131r\u0131ldaq\u00e7\u0131l\u0131q \u015fans\u0131n\u0131 \u0259h\u0259miyy\u0259tli d\u0259r\u0259c\u0259d\u0259 azald\u0131r.<\/p>\n<h4>Qabaqc\u0131l \u015eifr\u0259l\u0259m\u0259<\/h4>\n<p>NFC Reader t\u0259hl\u00fck\u0259siz m\u0259lumat \u00f6t\u00fcr\u00fclm\u0259si \u00fc\u00e7\u00fcn m\u00fcxt\u0259lif \u015fifr\u0259l\u0259m\u0259 \u00fcsullar\u0131n\u0131 d\u0259st\u0259kl\u0259yir v\u0259 h\u0259ssas m\u0259lumatlar\u0131n tranzaksiya prosesi boyunca qorunub saxlanmas\u0131n\u0131 t\u0259min edir.<\/p>\n<h4>\u0130stifad\u0259\u00e7i X\u0259b\u0259rdarl\u0131qlar\u0131<\/h4>\n<p>\u0130stifad\u0259\u00e7i t\u0259r\u0259find\u0259n idar\u0259 olunan s\u0259sli x\u0259b\u0259rdarl\u0131q sistemi il\u0259 t\u0259chiz edilmi\u015f istifad\u0259\u00e7il\u0259r \u0259m\u0259liyyatlar zaman\u0131 d\u0259rhal geribildirim ala bil\u0259r, istifad\u0259 qabiliyy\u0259tini art\u0131r\u0131r v\u0259 istifad\u0259\u00e7il\u0259rin u\u011furlu oxunmalardan x\u0259b\u0259rdar olmas\u0131n\u0131 t\u0259min edir.<\/p>\n<h3>4.\u00a0<strong>\u018ftraf M\u00fchit\u0259 T\u0259sir<\/strong><\/h3>\n<p>M\u00fc\u0259ssis\u0259l\u0259r \u0259traf m\u00fchit\u0259 t\u0259sirl\u0259rini getdikc\u0259 daha \u00e7ox d\u0259rk etdikc\u0259, NFC Reader davaml\u0131l\u0131\u011f\u0131 n\u0259z\u0259r\u0259 alaraq haz\u0131rlanm\u0131\u015fd\u0131r. Cihaz minimum g\u00fccd\u0259n istifad\u0259 edir v\u0259 tullant\u0131lar\u0131 azaltmaqla geni\u015f aparat yenil\u0259m\u0259l\u0259ri olmadan m\u00f6vcud sisteml\u0259r\u0259 qo\u015fula bil\u0259r.<\/p>\n<h4>Effektiv Enerji \u0130stifad\u0259si<\/h4>\n<p>13,56 MHz tezliyind\u0259 i\u015fl\u0259y\u0259n NFC Reader enerjiy\u0259 q\u0259na\u0259tlidir v\u0259 y\u00fcks\u0259k elektrik x\u0259rcl\u0259ri olmadan geni\u015f istifad\u0259y\u0259 imkan verir. \u015eirk\u0259tl\u0259r enerji t\u0259l\u0259bat\u0131n\u0131n artmas\u0131ndan qorxmadan bu texnologiyadan istifad\u0259 ed\u0259 bil\u0259rl\u0259r.<\/p>\n<h3>5.\u00a0<strong>\u0130stifad\u0259\u00e7i dostu dizayn<\/strong><\/h3>\n<p>NFC Reader, i\u015f prosesiniz\u0259 q\u00fcsursuz \u015f\u0259kild\u0259 inteqrasiya ed\u0259n y\u0131\u011fcam v\u0259 z\u0259rif dizayna malikdir. \u0130stifad\u0259\u00e7i t\u0259r\u0259find\u0259n idar\u0259 oluna bil\u0259n iki r\u0259ngli LED \u0259m\u0259liyyat zaman\u0131 d\u0259rhal vizual r\u0259y verir v\u0259 istifad\u0259\u00e7il\u0259r\u0259 \u0259m\u0259liyyat statuslar\u0131 bar\u0259d\u0259 effektiv m\u0259lumat verir.<\/p>\n<h4>Da\u015f\u0131ma qabiliyy\u0259ti<\/h4>\n<p>Onun y\u00fcng\u00fcl \u00e7\u0259r\u00e7iv\u0259si onu p\u0259rak\u0259nd\u0259 sat\u0131\u015f ma\u011fazalar\u0131ndan tutmu\u015f qida y\u00fck ma\u015f\u0131nlar\u0131na kimi yolda olan biznesl\u0259r \u00fc\u00e7\u00fcn ideal h\u0259ll edir, laz\u0131m olan yerd\u0259 tez yerl\u0259\u015fdirm\u0259y\u0259 imkan verir v\u0259 bununla da onu h\u0259m m\u00fcv\u0259qq\u0259ti, h\u0259m d\u0259 daimi qura\u015fd\u0131rmalar \u00fc\u00e7\u00fcn y\u00fcks\u0259k s\u0259m\u0259r\u0259li edir.<\/p>\n<h3>6.\u00a0<strong>Ekosistem Uy\u011funlu\u011fu<\/strong><\/h3>\n<p>NFC Reader Windows, Linux v\u0259 Android kimi m\u00fcxt\u0259lif \u0259m\u0259liyyat sisteml\u0259ri il\u0259 uy\u011fun g\u0259lir v\u0259 m\u00fcxt\u0259lif m\u00fchitl\u0259rd\u0259 geni\u015f t\u0259tbiq\u0259 imkan verir.<\/p>\n<h4>Qurulmu\u015f Sisteml\u0259rl\u0259 Asan \u0130nteqrasiya<\/h4>\n<p>NFC Reader-d\u0259n istifad\u0259 ed\u0259r\u0259k m\u00f6vcud POS sisteml\u0259rinizi y\u00fcks\u0259ldin, eyni zamanda onun biznes ehtiyaclar\u0131n\u0131z \u00fc\u00e7\u00fcn m\u00fcvafiq proqramlar\u0131 y\u00fckl\u0259m\u0259k \u00fc\u00e7\u00fcn geni\u015f istifad\u0259 olunan proqram ma\u011fazalar\u0131 il\u0259 uy\u011funlu\u011fundan istifad\u0259 edin.<\/p>\n<\/div>\n<table width=\"559\">\n<tbody>\n<tr>\n<td colspan=\"2\" width=\"559\">Fiziki x\u00fcsusiyy\u0259tl\u0259r<\/td>\n<\/tr>\n<tr>\n<td width=\"214\">\u00d6l\u00e7\u00fcl\u0259r (mm)<\/td>\n<td width=\"345\">98,0 mm (U) x 65,0 mm (W) x 12,8 mm (Y)<\/td>\n<\/tr>\n<tr>\n<td width=\"214\">\u00c7\u0259ki (q)<\/td>\n<td width=\"345\">81 q<\/td>\n<\/tr>\n<tr>\n<td colspan=\"2\" width=\"559\">USB interfeysi<\/td>\n<\/tr>\n<tr>\n<td width=\"214\">Protokol<\/td>\n<td width=\"345\">USB CCID<\/td>\n<\/tr>\n<tr>\n<td width=\"214\">Ba\u011flay\u0131c\u0131 n\u00f6v\u00fc<\/td>\n<td width=\"345\">USB Type-A (ACR1252U-MW)<\/td>\n<\/tr>\n<tr>\n<td width=\"214\">G\u00fcc m\u0259nb\u0259yi<\/td>\n<td width=\"345\">USB portundan<\/td>\n<\/tr>\n<tr>\n<td width=\"214\">S\u00fcr\u0259t<\/td>\n<td width=\"345\">USB Tam S\u00fcr\u0259t (12 Mbps)<\/td>\n<\/tr>\n<tr>\n<td width=\"214\">Kabel uzunlu\u011fu<\/td>\n<td width=\"345\">1.0 m, S\u00f6k\u00fclm\u0259z<\/td>\n<\/tr>\n<tr>\n<td colspan=\"2\" width=\"559\">Kontakts\u0131z Smart Kart interfeysi<\/td>\n<\/tr>\n<tr>\n<td width=\"214\">Standart<\/td>\n<td width=\"345\">ISO\/IEC 18092 NFC, ISO 14443 Tip A v\u0259 B, MIFARE\u00ae, FeliCa<\/td>\n<\/tr>\n<tr>\n<td rowspan=\"4\" width=\"214\">Protokol<\/td>\n<td width=\"345\">ISO 14443-4 Uy\u011fun Kart, T=CL<\/td>\n<\/tr>\n<tr>\n<td width=\"345\">MIFARE\u00ae Klassik Kart, T=CL<\/td>\n<\/tr>\n<tr>\n<td width=\"345\">ISO18092, NFC etiketl\u0259ri<\/td>\n<\/tr>\n<tr>\n<td width=\"345\">FeliCa<\/td>\n<\/tr>\n<tr>\n<td colspan=\"2\" width=\"559\">Daxili periferik qur\u011fular<\/td>\n<\/tr>\n<tr>\n<td width=\"214\">LED<\/td>\n<td width=\"345\">1 ikir\u0259ng: Q\u0131rm\u0131z\u0131 v\u0259 Ya\u015f\u0131l<\/td>\n<\/tr>\n<tr>\n<td width=\"214\">Buzzer<\/td>\n<td width=\"345\">Monoton<\/td>\n<\/tr>\n<tr>\n<td colspan=\"2\" width=\"559\">Dig\u0259r X\u00fcsusiyy\u0259tl\u0259r<\/td>\n<\/tr>\n<tr>\n<td width=\"214\">Mikroproqram\u0131n t\u0259kmill\u0259\u015fdirilm\u0259si<\/td>\n<td width=\"345\">D\u0259st\u0259kl\u0259nir<\/td>\n<\/tr>\n<tr>\n<td colspan=\"2\" width=\"559\">Sertifikatlar\/Uy\u011funluq<\/td>\n<\/tr>\n<tr>\n<td rowspan=\"4\" width=\"214\">Sertifikatlar\/Uy\u011funluq<\/td>\n<td width=\"345\">Sertifikatlar:<\/td>\n<\/tr>\n<tr>\n<td width=\"345\">Apple VAS, Google Smart Tap, NFC Forum Sertifikat Ni\u015fan\u0131, IEC\/EN 62368, CE, FCC, UKCA, J-LIS, VCCI, TELEC, KC, BIS, RoHS, REACH, WEEE<\/td>\n<\/tr>\n<tr>\n<td width=\"345\">Uy\u011funluqlar:<\/td>\n<\/tr>\n<tr>\n<td width=\"345\">USB CCID, PC\/SC<\/td>\n<\/tr>\n<tr>\n<td colspan=\"2\" width=\"559\">Cihaz S\u00fcr\u00fcc\u00fcs\u00fc \u018fm\u0259liyyat Sistemi D\u0259st\u0259yi<\/td>\n<\/tr>\n<tr>\n<td width=\"214\">Cihaz S\u00fcr\u00fcc\u00fcs\u00fc \u018fm\u0259liyyat Sistemi D\u0259st\u0259yi<\/td>\n<td width=\"345\">Windows\u00ae, Linux\u00ae, macOS (\u0130nki\u015faf m\u0259rh\u0259l\u0259sind\u0259dir), Android\u2122 (\u0130nki\u015faf m\u0259rh\u0259l\u0259sind\u0259dir)<\/td>\n<\/tr>\n<\/tbody>\n<\/table>\n<h2>M\u00fc\u015ft\u0259ri r\u0259yl\u0259ri<\/h2>\n<blockquote><p>\u201cNFC Reader \u00f6d\u0259ni\u015fl\u0259ri nec\u0259 emal etdiyimizi d\u0259yi\u015fdirdi. Bu, s\u00fcr\u0259tli, t\u0259hl\u00fck\u0259siz v\u0259 m\u00f6vcud sisteml\u0259rimizl\u0259 inteqrasiya etm\u0259k inan\u0131lmaz d\u0259r\u0259c\u0259d\u0259 asand\u0131r!\u201d \u2013\u00a0<strong>James T.<\/strong>, P\u0259rak\u0259nd\u0259 sat\u0131\u015f meneceri<\/p><\/blockquote>\n<blockquote><p>\u201cBu NFC Reader-in n\u0259 q\u0259d\u0259r portativ oldu\u011funu sevir\u0259m! Bu, m\u0259nim yem\u0259k ma\u015f\u0131n\u0131 biznesim \u00fc\u00e7\u00fcn m\u00fck\u0259mm\u0259ldir.\u201d \u2013\u00a0<strong>Sandra W.<\/strong>, Ki\u00e7ik Biznes Sahibi<\/p><\/blockquote>\n<h2>Tez-tez veril\u0259n suallar (FAQ)<\/h2>\n<p><strong>1. NFC Reader hans\u0131 n\u00f6v kartlar\u0131 oxuya bil\u0259r?<\/strong><br \/>\nNFC Reader ISO 14443 Tip A v\u0259 B kartlar\u0131, MIFARE\u00ae, FeliCa v\u0259 ISO\/IEC 18092 standartlar\u0131na uy\u011fun g\u0259l\u0259n b\u00fct\u00fcn NFC etiketl\u0259rini d\u0259st\u0259kl\u0259yir.<\/p>\n<p><strong>2. NFC Reader smartfonlara uy\u011fundurmu?<\/strong><br \/>\nB\u0259li, s\u00fcr\u0259tli \u0259m\u0259liyyatlar\u0131 v\u0259 m\u0259lumat m\u00fcbadil\u0259sini asanla\u015fd\u0131rmaq \u00fc\u00e7\u00fcn NFC Reader-i \u0259ks\u0259r smartfonlara USB vasit\u0259sil\u0259 asanl\u0131qla qo\u015fa bil\u0259rsiniz.<\/p>\n<p><strong>3. Mikroproqram\u0131 yenil\u0259y\u0259 bil\u0259r\u0259mmi?<\/strong><br \/>\nB\u0259li, NFC Reader \u0259n son x\u00fcsusiyy\u0259tl\u0259r\u0259 v\u0259 t\u0259hl\u00fck\u0259sizlik t\u0259kmill\u0259\u015fdirm\u0259l\u0259rin\u0259 sahib olma\u011f\u0131n\u0131z\u0131 t\u0259min ed\u0259r\u0259k, USB mikroproqram yenil\u0259m\u0259l\u0259rini d\u0259st\u0259kl\u0259yir.<\/p>\n<p><strong>4. NFC teql\u0259rini n\u0259 q\u0259d\u0259r oxuya bil\u0259r\u0259m?<\/strong><br \/>\nNFC Reader etiket n\u00f6v\u00fcnd\u0259n v\u0259 onun x\u00fcsusi imkanlar\u0131ndan as\u0131l\u0131 olaraq 50 mm-\u0259 q\u0259d\u0259r oxuma m\u0259saf\u0259sin\u0259 malikdir.<\/p>\n<hr \/>\n<p>NFC Reader-i se\u00e7m\u0259kl\u0259 siz sad\u0259c\u0259 m\u0259hsula investisiya qoymursunuz; \u0259m\u0259liyyat etm\u0259k \u00fc\u00e7\u00fcn daha a\u011f\u0131ll\u0131 bir yoldan istifad\u0259 edirsiniz. \u0130st\u0259r \u015f\u0259xsi istifad\u0259, ist\u0259rs\u0259 d\u0259 biznes \u00fc\u00e7\u00fcn inteqrasiya etdiyinizd\u0259n as\u0131l\u0131 olmayaraq, bu cihaz\u0131n s\u0259m\u0259r\u0259liliyi, uy\u011funlu\u011fu v\u0259 t\u0259hl\u00fck\u0259sizliyi onu h\u0259qiq\u0259t\u0259n \u0259v\u0259zolunmaz edir. N\u00f6vb\u0259ti n\u0259sil t\u0259mass\u0131z \u00f6d\u0259ni\u015fl\u0259ri t\u0259cr\u00fcb\u0259d\u0259n ke\u00e7irin v\u0259 onun bu g\u00fcn \u0259m\u0259liyyatlar\u0131n\u0131zda ed\u0259 bil\u0259c\u0259yi f\u0259rqi k\u0259\u015ff edin!<\/p>","protected":false},"excerpt":{"rendered":"<div>NFC Reader Yaz\u0131\u00e7\u0131 D\u0259st\u0259yi Apple Pay v\u0259 Google VAS, VAS vasit\u0259sil\u0259 t\u0259sdiql\u0259nir<strong>\u00a0Apple v\u0259 Google VAS (\u018flav\u0259 D\u0259y\u0259rli Xidm\u0259t) <\/strong> s\u0259naye n\u0259h\u0259ngl\u0259ri Apple v\u0259 Google t\u0259r\u0259find\u0259n protokollara uy\u011fun olaraq, bu cihaz iOS-da korporativ v\u0259 ya t\u0259hsil ayarlar\u0131nda olan \u015f\u0259xsl\u0259r \u00fc\u00e7\u00fcn sadiqlik sxeml\u0259ri, giri\u015f biletl\u0259ri v\u0259 identifikasiya etimadnam\u0259si daxil olmaqla, lakin bununla m\u0259hdudla\u015fmayaraq, geni\u015f spektrli r\u0259q\u0259msal ke\u00e7idl\u0259ri t\u0259sdiq etm\u0259kl\u0259, inqilabi karts\u0131z \u0259laq\u0259y\u0259 yol a\u00e7\u0131r. v\u0259 Android cihazlar\u0131.<\/div>\n<div><\/div>","protected":false},"featured_media":2731,"template":"","meta":[],"product_brand":[],"product_cat":[45,40],"product_tag":[],"class_list":{"0":"post-2732","1":"product","2":"type-product","3":"status-publish","4":"has-post-thumbnail","6":"product_cat-contactless-nfc-reader","7":"product_cat-rfid-nfc-reader","9":"first","10":"instock","11":"shipping-taxable","12":"product-type-simple"},"_links":{"self":[{"href":"https:\/\/nfc-readers.com\/az\/wp-json\/wp\/v2\/product\/2732","targetHints":{"allow":["GET"]}}],"collection":[{"href":"https:\/\/nfc-readers.com\/az\/wp-json\/wp\/v2\/product"}],"about":[{"href":"https:\/\/nfc-readers.com\/az\/wp-json\/wp\/v2\/types\/product"}],"wp:featuredmedia":[{"embeddable":true,"href":"https:\/\/nfc-readers.com\/az\/wp-json\/wp\/v2\/media\/2731"}],"wp:attachment":[{"href":"https:\/\/nfc-readers.com\/az\/wp-json\/wp\/v2\/media?parent=2732"}],"wp:term":[{"taxonomy":"product_brand","embeddable":true,"href":"https:\/\/nfc-readers.com\/az\/wp-json\/wp\/v2\/product_brand?post=2732"},{"taxonomy":"product_cat","embeddable":true,"href":"https:\/\/nfc-readers.com\/az\/wp-json\/wp\/v2\/product_cat?post=2732"},{"taxonomy":"product_tag","embeddable":true,"href":"https:\/\/nfc-readers.com\/az\/wp-json\/wp\/v2\/product_tag?post=2732"}],"curies":[{"name":"wp","href":"https:\/\/api.w.org\/{rel}","templated":true}]}}