{"id":2740,"date":"2024-06-11T01:53:04","date_gmt":"2024-06-11T01:53:04","guid":{"rendered":"https:\/\/nfc-readers.com\/?post_type=product&#038;p=2740"},"modified":"2024-09-24T02:48:08","modified_gmt":"2024-09-24T02:48:08","slug":"acr123u-nfc-lcd-contactless-reader-writer","status":"publish","type":"product","link":"https:\/\/nfc-readers.com\/az\/ic-reader\/acr123u-nfc-lcd-contactless-reader-writer\/","title":{"rendered":"ACR123U NFC LCD kontakts\u0131z oxuyucu yaz\u0131c\u0131"},"content":{"rendered":"<h1>ACR123U NFC LCD kontakts\u0131z oxuyucu yaz\u0131c\u0131<\/h1>\n<p>ACR123S-in USB variant\u0131 olan ACR123U s\u0259rf\u0259li, \u00e7evik v\u0259 a\u011f\u0131ll\u0131 kontakts\u0131z oxuyucu kimi xidm\u0259t edir. M\u00f6vcud Sat\u0131\u015f N\u00f6qt\u0259l\u0259ri (POS) sisteml\u0259rin\u0259 v\u0259 ya kassa aparatlar\u0131na q\u00fcsursuz \u015f\u0259kild\u0259 daxil olunaraq onlar\u0131 na\u011fds\u0131z \u00f6d\u0259ni\u015f terminallar\u0131na \u00e7evir\u0259 bil\u0259r. ACR123U-nun t\u0259tbiqi \u00f6d\u0259ni\u015f prosesini s\u00fcr\u0259tl\u0259ndirir, \u00e7\u00fcnki o, m\u00fc\u015ft\u0259ril\u0259r\u0259 kartlar\u0131na sad\u0259 bir toxunu\u015fla \u00f6d\u0259ni\u015fl\u0259rini yekunla\u015fd\u0131rma\u011fa imkan verir. Bu t\u0259mass\u0131z oxucu \u00f6d\u0259ni\u015f sisteml\u0259rinin s\u0259m\u0259r\u0259liliyini art\u0131rmaq \u00fc\u00e7\u00fcn effektiv h\u0259lli t\u0259qdim edir.<\/p>\n<ul>\n<li>\n<h2>M\u0259lumat Kommunikasiyas\u0131 v\u0259 enerji t\u0259chizat\u0131 \u00fc\u00e7\u00fcn USB interfeysi<\/h2>\n<\/li>\n<li>\n<h2>ARM 32 bitlik CortexTM-M3 prosessoru<\/h2>\n<\/li>\n<li>\n<h2>A\u011f\u0131ll\u0131 kart oxuyucusu:<\/h2>\n<ul>\n<li>\n<h3>848 kbps-\u0259 q\u0259d\u0259r oxuma\/yazma s\u00fcr\u0259ti<\/h3>\n<\/li>\n<li>\n<h3>Kart oxumaq m\u0259saf\u0259si 50 mm-\u0259 q\u0259d\u0259r olan kontakts\u0131z kart giri\u015fi \u00fc\u00e7\u00fcn qura\u015fd\u0131r\u0131lm\u0131\u015f antenna (etiket n\u00f6v\u00fcnd\u0259n as\u0131l\u0131 olaraq)<\/h3>\n<\/li>\n<li>\n<h3>ISO 14443 Part 4 Tip A v\u0259 B kartlar\u0131 v\u0259 MIFARE seriyas\u0131 \u00fc\u00e7\u00fcn d\u0259st\u0259k<\/h3>\n<\/li>\n<li>\n<h3>Daxili toqqu\u015fma \u0259leyhin\u0259 x\u00fcsusiyy\u0259t<\/h3>\n<\/li>\n<li>\n<h3>\u00dc\u00e7 ISO 7816 uy\u011fun SAM yuvas\u0131<\/h3>\n<\/li>\n<\/ul>\n<\/li>\n<li>\n<h2>Daxili periferik qur\u011fular:<\/h2>\n<ul>\n<li>\n<h3>16 alfasay\u0131sal simvol x 8 s\u0259tir Qrafik LCD (128 x 64 piksel)<\/h3>\n<\/li>\n<li>\n<h3>\u0130stifad\u0259\u00e7i t\u0259r\u0259find\u0259n idar\u0259 olunan d\u00f6rd LED (Mavi, Sar\u0131, Ya\u015f\u0131l v\u0259 Q\u0131rm\u0131z\u0131)<\/h3>\n<\/li>\n<li>\n<h3>\u0130stifad\u0259\u00e7i t\u0259r\u0259find\u0259n idar\u0259 olunan toxunma b\u00f6lg\u0259sinin arxa i\u015f\u0131\u011f\u0131 (Q\u0131rm\u0131z\u0131, Ya\u015f\u0131l v\u0259 Mavi)<\/h3>\n<\/li>\n<li>\n<h3>\u0130stifad\u0259\u00e7i t\u0259r\u0259find\u0259n idar\u0259 olunan dinamik (Audio ton g\u00f6st\u0259ricisi)<\/h3>\n<\/li>\n<\/ul>\n<\/li>\n<\/ul>\n<table style=\"height: 1395px;\" width=\"611\">\n<tbody>\n<tr>\n<td colspan=\"2\" width=\"511\">Fiziki x\u00fcsusiyy\u0259tl\u0259r<\/td>\n<\/tr>\n<tr>\n<td rowspan=\"2\" width=\"215\">\u00d6l\u00e7\u00fcl\u0259r (mm)<\/td>\n<td width=\"296\">\u018fsas g\u00f6vd\u0259: 159.0 mm (U) x 100.0 mm (W) x 21.0 mm (Y)<\/td>\n<\/tr>\n<tr>\n<td width=\"296\">Stendl\u0259: 177,4 mm (U) x 100,0 mm (W) x 94,5 mm (Y)<\/td>\n<\/tr>\n<tr>\n<td rowspan=\"2\" width=\"215\">\u00c7\u0259ki (q)<\/td>\n<td width=\"296\">\u018fsas b\u0259d\u0259n: 281 q<\/td>\n<\/tr>\n<tr>\n<td width=\"296\">Stendl\u0259: 506 q<\/td>\n<\/tr>\n<tr>\n<td colspan=\"2\" width=\"511\">USB interfeysi<\/td>\n<\/tr>\n<tr>\n<td width=\"215\">Protokol<\/td>\n<td width=\"296\">USB CCID<\/td>\n<\/tr>\n<tr>\n<td width=\"215\">Ba\u011flay\u0131c\u0131 n\u00f6v\u00fc<\/td>\n<td width=\"296\">Standart tip A<\/td>\n<\/tr>\n<tr>\n<td width=\"215\">G\u00fcc m\u0259nb\u0259yi<\/td>\n<td width=\"296\">USB portundan<\/td>\n<\/tr>\n<tr>\n<td width=\"215\">S\u00fcr\u0259t<\/td>\n<td width=\"296\">USB Tam S\u00fcr\u0259t (12 Mbps)<\/td>\n<\/tr>\n<tr>\n<td width=\"215\">Kabel uzunlu\u011fu<\/td>\n<td width=\"296\">1,5 m, Sabit<\/td>\n<\/tr>\n<tr>\n<td colspan=\"2\" width=\"511\">Kontakts\u0131z Smart Kart interfeysi<\/td>\n<\/tr>\n<tr>\n<td width=\"215\">Standart<\/td>\n<td width=\"296\">ISO 14443 A &amp; B Hiss\u0259l\u0259ri 1-4<\/td>\n<\/tr>\n<tr>\n<td rowspan=\"2\" width=\"215\">Protokol<\/td>\n<td width=\"296\">ISO 14443-4 Uy\u011fun Kart, T=CL<\/td>\n<\/tr>\n<tr>\n<td width=\"296\">MIFARE\u00ae Klassik Kart, T=CL<\/td>\n<\/tr>\n<tr>\n<td colspan=\"2\" width=\"511\">SAM Kart interfeysi<\/td>\n<\/tr>\n<tr>\n<td width=\"215\">Slotlar\u0131n say\u0131<\/td>\n<td width=\"296\">3 Standart S\u0130M \u00f6l\u00e7\u00fcl\u00fc Kart Yuvas\u0131<\/td>\n<\/tr>\n<tr>\n<td width=\"215\">Standart<\/td>\n<td width=\"296\">ISO 7816 Sinif A, B, C (5 V, 3 V, 1,8 V)<\/td>\n<\/tr>\n<tr>\n<td width=\"215\">Protokol<\/td>\n<td width=\"296\">T=0; T=1<\/td>\n<\/tr>\n<tr>\n<td colspan=\"2\" width=\"511\">Daxili periferik qur\u011fular<\/td>\n<\/tr>\n<tr>\n<td rowspan=\"3\" width=\"215\">LCD<\/td>\n<td width=\"296\">A\u011f arxa i\u015f\u0131ql\u0131 qrafik LCD<\/td>\n<\/tr>\n<tr>\n<td width=\"296\">\u00c7\u00f6z\u00fcn\u00fcrl\u00fck: 128 x 64 piksel<\/td>\n<\/tr>\n<tr>\n<td width=\"296\">Simvollar\u0131n say\u0131: 16 simvol x 8 s\u0259tir<\/td>\n<\/tr>\n<tr>\n<td width=\"215\">LED<\/td>\n<td width=\"296\">4 t\u0259k r\u0259ngli: Mavi, Sar\u0131, Ya\u015f\u0131l v\u0259 Q\u0131rm\u0131z\u0131<\/td>\n<\/tr>\n<tr>\n<td width=\"215\">B\u00f6lg\u0259y\u0259 toxunun<\/td>\n<td width=\"296\">\u00dc\u00e7 r\u0259ngli arxa i\u015f\u0131q: Q\u0131rm\u0131z\u0131, Ya\u015f\u0131l v\u0259 Mavi<\/td>\n<\/tr>\n<tr>\n<td width=\"215\">Natiq<\/td>\n<td width=\"296\">Audio Ton G\u00f6st\u0259ri\u015fi<\/td>\n<\/tr>\n<tr>\n<td colspan=\"2\" width=\"511\">Dig\u0259r X\u00fcsusiyy\u0259tl\u0259r<\/td>\n<\/tr>\n<tr>\n<td width=\"215\">T\u0259hl\u00fck\u0259sizlik<\/td>\n<td width=\"296\">Tamper Switch (Daxili m\u00fcdaxil\u0259nin a\u015fkarlanmas\u0131 v\u0259 qorunmas\u0131)<\/td>\n<\/tr>\n<tr>\n<td width=\"215\">Mikroproqram\u0131n t\u0259kmill\u0259\u015fdirilm\u0259si<\/td>\n<td width=\"296\">D\u0259st\u0259kl\u0259nir<\/td>\n<\/tr>\n<tr>\n<td width=\"215\">Real vaxt saat\u0131<\/td>\n<td width=\"296\">D\u0259st\u0259kl\u0259nir<\/td>\n<\/tr>\n<tr>\n<td colspan=\"2\" width=\"511\">Sertifikatlar\/Uy\u011funluq<\/td>\n<\/tr>\n<tr>\n<td rowspan=\"12\" width=\"215\">Sertifikatlar\/Uy\u011funluq<\/td>\n<td width=\"296\">ISO 14443<\/td>\n<\/tr>\n<tr>\n<td width=\"296\">ISO 7816 (SAM Yuvas\u0131)<\/td>\n<\/tr>\n<tr>\n<td width=\"296\">USB Tam S\u00fcr\u0259t<\/td>\n<\/tr>\n<tr>\n<td width=\"296\">PC\/SC<\/td>\n<\/tr>\n<tr>\n<td width=\"296\">CCID<\/td>\n<\/tr>\n<tr>\n<td width=\"296\">VCCI (Yaponiya)<\/td>\n<\/tr>\n<tr>\n<td width=\"296\">KC (Koreya)<\/td>\n<\/tr>\n<tr>\n<td width=\"296\">Microsoft\u00ae WHQL<\/td>\n<\/tr>\n<tr>\n<td width=\"296\">CE<\/td>\n<\/tr>\n<tr>\n<td width=\"296\">FCC<\/td>\n<\/tr>\n<tr>\n<td width=\"296\">RoHS 2<\/td>\n<\/tr>\n<tr>\n<td width=\"296\">REACH<\/td>\n<\/tr>\n<tr>\n<td colspan=\"2\" width=\"511\">Cihaz S\u00fcr\u00fcc\u00fcs\u00fc \u018fm\u0259liyyat Sistemi D\u0259st\u0259yi<\/td>\n<\/tr>\n<tr>\n<td rowspan=\"4\" width=\"215\">Cihaz S\u00fcr\u00fcc\u00fcs\u00fc \u018fm\u0259liyyat Sistemi D\u0259st\u0259yi<\/td>\n<td width=\"296\">Windows\u00ae CE<\/td>\n<\/tr>\n<tr>\n<td width=\"296\">Windows\u00ae<\/td>\n<\/tr>\n<tr>\n<td width=\"296\">Linux\u00ae<\/td>\n<\/tr>\n<tr>\n<td width=\"296\">Solaris<\/td>\n<\/tr>\n<\/tbody>\n<\/table>","protected":false},"excerpt":{"rendered":"<div class=\"auto-hide-last-sibling-br paragraph_1252f paragraph-element\">\n<div class=\"auto-hide-last-sibling-br paragraph_1252f paragraph-element\">ACR123U, na\u011fds\u0131z \u00f6d\u0259ni\u015fl\u0259r \u00fc\u00e7\u00fcn s\u0259rf\u0259li LCD USB Reader, intuitiv dizayn\u0131 v\u0259 ISO 14443-4 kartlar\u0131 il\u0259 uy\u011funlu\u011fu il\u0259 \u00f6d\u0259ni\u015f s\u0259m\u0259r\u0259liliyini art\u0131r\u0131r.<\/div>\n<\/div>","protected":false},"featured_media":2741,"template":"","meta":[],"product_brand":[],"product_cat":[45],"product_tag":[],"class_list":{"0":"post-2740","1":"product","2":"type-product","3":"status-publish","4":"has-post-thumbnail","6":"product_cat-contactless-nfc-reader","8":"first","9":"instock","10":"shipping-taxable","11":"product-type-simple"},"_links":{"self":[{"href":"https:\/\/nfc-readers.com\/az\/wp-json\/wp\/v2\/product\/2740","targetHints":{"allow":["GET"]}}],"collection":[{"href":"https:\/\/nfc-readers.com\/az\/wp-json\/wp\/v2\/product"}],"about":[{"href":"https:\/\/nfc-readers.com\/az\/wp-json\/wp\/v2\/types\/product"}],"wp:featuredmedia":[{"embeddable":true,"href":"https:\/\/nfc-readers.com\/az\/wp-json\/wp\/v2\/media\/2741"}],"wp:attachment":[{"href":"https:\/\/nfc-readers.com\/az\/wp-json\/wp\/v2\/media?parent=2740"}],"wp:term":[{"taxonomy":"product_brand","embeddable":true,"href":"https:\/\/nfc-readers.com\/az\/wp-json\/wp\/v2\/product_brand?post=2740"},{"taxonomy":"product_cat","embeddable":true,"href":"https:\/\/nfc-readers.com\/az\/wp-json\/wp\/v2\/product_cat?post=2740"},{"taxonomy":"product_tag","embeddable":true,"href":"https:\/\/nfc-readers.com\/az\/wp-json\/wp\/v2\/product_tag?post=2740"}],"curies":[{"name":"wp","href":"https:\/\/api.w.org\/{rel}","templated":true}]}}