{"id":2752,"date":"2024-06-11T12:30:21","date_gmt":"2024-06-11T12:30:21","guid":{"rendered":"https:\/\/nfc-readers.com\/?post_type=product&#038;p=2752"},"modified":"2024-09-23T06:29:25","modified_gmt":"2024-09-23T06:29:25","slug":"acm1323u-hid-contactless-reader-writer","status":"publish","type":"product","link":"https:\/\/nfc-readers.com\/az\/ic-reader\/acm1323u-hid-contactless-reader-writer\/","title":{"rendered":"ACM1323U HID Kontakts\u0131z Oxucu Yaz\u0131\u00e7\u0131s\u0131"},"content":{"rendered":"<h1>ACM1323U HID Kontakts\u0131z Oxucu Yaz\u0131\u00e7\u0131s\u0131<\/h1>\n<p>ACM1323 13,56 MHz kontakts\u0131z texnologiyaya \u0259saslanan smart kart oxuyucu moduludur. HID protokolunu q\u0259bul edir v\u0259 USB interfeysind\u0259 he\u00e7 bir s\u00fcr\u00fcc\u00fc qura\u015fd\u0131r\u0131lmay\u0131b. O, CPU kartlar\u0131, MIFARE Classic, Mifare 1K\/4K, Mifare Plus v\u0259 DESFire daxil olmaqla, ISO144431-d\u0259n 4-c\u00fc hiss\u0259y\u0259 uy\u011fun A sinif smart kartlar\u0131 oxuma\u011f\u0131 v\u0259 yazma\u011f\u0131 d\u0259st\u0259kl\u0259yir. ACM1323 he\u00e7 bir s\u00fcr\u00fcc\u00fc olmadan istifad\u0259 oluna bil\u0259n v\u0259 qura\u015fd\u0131r\u0131lm\u0131\u015f sisteml\u0259r\u0259 s\u00fcr\u0259tli inteqrasiya \u00fc\u00e7\u00fcn n\u0259z\u0259rd\u0259 tutulmu\u015f, doldurma m\u0259nt\u0259q\u0259l\u0259ri, plan\u015fetl\u0259r, avtomatlar, ictimai n\u0259qliyyat, \u015f\u0259b\u0259k\u0259y\u0259 giri\u015f\u0259 n\u0259zar\u0259t, davamiyy\u0259t v\u0259 dig\u0259r inteqrasiya olunmu\u015f sisteml\u0259r. O, h\u0259m\u00e7inin \u0259lav\u0259 aparat modifikasiyas\u0131na ehtiyac olmadan proqram t\u0259minat\u0131n\u0131n t\u0259kmill\u0259\u015fdirilm\u0259sini d\u0259st\u0259kl\u0259yir.<\/p>\n<table width=\"628\">\n<tbody>\n<tr>\n<td colspan=\"2\" width=\"628\">Fiziki x\u00fcsusiyy\u0259tl\u0259r<\/td>\n<\/tr>\n<tr>\n<td width=\"335\">\u00d6l\u00e7\u00fcl\u0259r (mm)<\/td>\n<td width=\"293\">73,5 x40,0 x 5,0<\/td>\n<\/tr>\n<tr>\n<td width=\"335\">\u00c7\u0259ki (q)<\/td>\n<td width=\"293\">7.2<\/td>\n<\/tr>\n<tr>\n<td colspan=\"2\" width=\"628\">USB interfeysi<\/td>\n<\/tr>\n<tr>\n<td width=\"335\">Protokol<\/td>\n<td width=\"293\">HID<\/td>\n<\/tr>\n<tr>\n<td width=\"335\">Ba\u011flay\u0131c\u0131 n\u00f6v\u00fc<\/td>\n<td width=\"293\">USB<\/td>\n<\/tr>\n<tr>\n<td width=\"335\">G\u00fcc m\u0259nb\u0259yi<\/td>\n<td width=\"293\">USB portundan<\/td>\n<\/tr>\n<tr>\n<td width=\"335\">S\u00fcr\u0259t<\/td>\n<td width=\"293\">USB 3.0 il\u0259 uy\u011fun USB 2.0 Tam S\u00fcr\u0259t (12 Mbps).<\/td>\n<\/tr>\n<tr>\n<td width=\"335\">Kabel uzunlu\u011fu<\/td>\n<td width=\"293\">1m, \u00c7\u0131kar\u0131labilir (\u0130st\u0259y\u0259 g\u00f6r\u0259)<\/td>\n<\/tr>\n<tr>\n<td colspan=\"2\" width=\"628\">Kontakts\u0131z Smart Kart interfeysi<\/td>\n<\/tr>\n<tr>\n<td width=\"335\">Standart<\/td>\n<td width=\"293\">ISO 14443 Tip A CPU kart\u0131 MIFARE Classic, Mifare 1K\/4K, Mifare Plus v\u0259 DESFire<\/td>\n<\/tr>\n<tr>\n<td rowspan=\"2\" width=\"335\">Protokol<\/td>\n<td width=\"293\">ISO 14443-4 Uy\u011fun Kart, T=CL<\/td>\n<\/tr>\n<tr>\n<td width=\"293\">MIFARE\u00ae Klassik Kart, T=CL<\/td>\n<\/tr>\n<tr>\n<td colspan=\"2\" width=\"628\">Daxili periferik qur\u011fular<\/td>\n<\/tr>\n<tr>\n<td width=\"335\">LED<\/td>\n<td width=\"293\">1 ikir\u0259ng: Mavi v\u0259 Ya\u015f\u0131l<\/td>\n<\/tr>\n<tr>\n<td colspan=\"2\" width=\"628\">Dig\u0259r X\u00fcsusiyy\u0259tl\u0259r<\/td>\n<\/tr>\n<tr>\n<td rowspan=\"3\" width=\"335\">Dig\u0259r X\u00fcsusiyy\u0259tl\u0259r<\/td>\n<td width=\"293\">D\u0259st\u0259kl\u0259n\u0259n Kart n\u00f6vl\u0259ri:<\/td>\n<\/tr>\n<tr>\n<td width=\"293\">ISO 14443 Tip A v\u0259 B Hiss\u0259l\u0259ri 1-4,<\/td>\n<\/tr>\n<tr>\n<td width=\"293\">MIFARE Classic\u00ae, MIFARE DESFire\u00ae, MIFARE Ultralight\u00ae, MIFARE Plus\u00ae<\/td>\n<\/tr>\n<tr>\n<td width=\"335\">Mikroproqram\u0131n t\u0259kmill\u0259\u015fdirilm\u0259si<\/td>\n<td width=\"293\">D\u0259st\u0259kl\u0259nir<\/td>\n<\/tr>\n<tr>\n<td colspan=\"2\" width=\"628\">Sertifikatlar\/Uy\u011funluq<\/td>\n<\/tr>\n<tr>\n<td rowspan=\"4\" width=\"335\">Sertifikatlar\/Uy\u011funluq<\/td>\n<td width=\"293\">Sertifikatlar:<\/td>\n<\/tr>\n<tr>\n<td width=\"293\">IEC\/EN 62368, CE, UKCA, FCC, VCCI, RoHS, REACH, WEEE, Microsoft\u00ae WHQL<\/td>\n<\/tr>\n<tr>\n<td width=\"293\">\u00a0 Uy\u011funluq:<\/td>\n<\/tr>\n<tr>\n<td width=\"293\">gizl\u0259ndi<\/td>\n<\/tr>\n<tr>\n<td colspan=\"2\" width=\"628\">Cihaz S\u00fcr\u00fcc\u00fcs\u00fc \u018fm\u0259liyyat Sistemi D\u0259st\u0259yi<\/td>\n<\/tr>\n<tr>\n<td width=\"335\">Cihaz S\u00fcr\u00fcc\u00fcs\u00fc \u018fm\u0259liyyat Sistemi D\u0259st\u0259yi<\/td>\n<td width=\"293\">Windows\u00ae, Linux\u00ae, macOS, Android\u2122<\/td>\n<\/tr>\n<\/tbody>\n<\/table>","protected":false},"excerpt":{"rendered":"<p>ACM1323U m\u00fcxt\u0259lif sinif A kartlar\u0131 d\u0259st\u0259kl\u0259y\u0259n v\u0259 qura\u015fd\u0131r\u0131lm\u0131\u015f sisteml\u0259r\u0259 problemsiz \u015f\u0259kild\u0259 inteqrasiya ed\u0259n \u00e7ox y\u00f6nl\u00fc USB HID Kart Oxucudur.<\/p>","protected":false},"featured_media":2753,"template":"","meta":[],"product_brand":[],"product_cat":[41],"product_tag":[],"class_list":{"0":"post-2752","1":"product","2":"type-product","3":"status-publish","4":"has-post-thumbnail","6":"product_cat-module-ic-reader","8":"first","9":"instock","10":"shipping-taxable","11":"product-type-simple"},"_links":{"self":[{"href":"https:\/\/nfc-readers.com\/az\/wp-json\/wp\/v2\/product\/2752","targetHints":{"allow":["GET"]}}],"collection":[{"href":"https:\/\/nfc-readers.com\/az\/wp-json\/wp\/v2\/product"}],"about":[{"href":"https:\/\/nfc-readers.com\/az\/wp-json\/wp\/v2\/types\/product"}],"wp:featuredmedia":[{"embeddable":true,"href":"https:\/\/nfc-readers.com\/az\/wp-json\/wp\/v2\/media\/2753"}],"wp:attachment":[{"href":"https:\/\/nfc-readers.com\/az\/wp-json\/wp\/v2\/media?parent=2752"}],"wp:term":[{"taxonomy":"product_brand","embeddable":true,"href":"https:\/\/nfc-readers.com\/az\/wp-json\/wp\/v2\/product_brand?post=2752"},{"taxonomy":"product_cat","embeddable":true,"href":"https:\/\/nfc-readers.com\/az\/wp-json\/wp\/v2\/product_cat?post=2752"},{"taxonomy":"product_tag","embeddable":true,"href":"https:\/\/nfc-readers.com\/az\/wp-json\/wp\/v2\/product_tag?post=2752"}],"curies":[{"name":"wp","href":"https:\/\/api.w.org\/{rel}","templated":true}]}}