{"id":2773,"date":"2024-06-11T14:17:35","date_gmt":"2024-06-11T14:17:35","guid":{"rendered":"https:\/\/nfc-readers.com\/?post_type=product&#038;p=2773"},"modified":"2024-09-23T06:15:02","modified_gmt":"2024-09-23T06:15:02","slug":"acr1555u-a1-bluetooth-nfc-usb-contactless-reader-writer","status":"publish","type":"product","link":"https:\/\/nfc-readers.com\/az\/ic-reader\/acr1555u-a1-bluetooth-nfc-usb-contactless-reader-writer\/","title":{"rendered":"ACR1555U-A1 Bluetooth NFC USB Kontakts\u0131z Oxucu Yaz\u0131\u00e7\u0131s\u0131"},"content":{"rendered":"<h1>ACR1555U-A1 Bluetooth NFC USB Kontakts\u0131z Oxucu Yaz\u0131\u00e7\u0131s\u0131<\/h1>\n<div class=\"auto-hide-last-sibling-br paragraph_1252f paragraph-element\">ACR1555U-A1 NFC Bluetooth\u00ae Reader ISO 14443 Part 1-4 v\u0259 ISO 18092 standartlar\u0131na uy\u011fundur, MIFARE kartlar\u0131, FeliCa\u2122 kartlar\u0131, ISO 7816 Class A, B v\u0259 C (5V, 3V v\u0259 1.8V) SAM kartlar\u0131 v\u0259 NFC etiketl\u0259ri. Oxucu t\u0259k rejimli \u0259m\u0259liyyatda Bluetooth Standard 5.2-ni d\u0259st\u0259kl\u0259yir v\u0259 eyni zamanda iOS, Android\u2122, Linux v\u0259 Windows kimi m\u00fcxt\u0259lif \u0259m\u0259liyyat sisteml\u0259ri il\u0259 uy\u011funlu\u011fu t\u0259min ed\u0259n USB Type-C cihaz\u0131d\u0131r. G\u00fcc \u00fc\u00e7\u00fcn ACR1555U 450mAh 3.7 il\u0259 t\u0259chiz edilmi\u015fdir. V Li-ion batareya. O, batareyan\u0131n, cihaz\u0131n v\u0259ziyy\u0259tini v\u0259 Bluetooth statusunu idar\u0259 etm\u0259k \u00fc\u00e7\u00fcn 2 d\u00fcym\u0259 il\u0259 yana\u015f\u0131, cihaz\u0131n i\u015f v\u0259ziyy\u0259tini bildirm\u0259k \u00fc\u00e7\u00fcn 3 LED v\u0259 s\u0259s siqnal\u0131na malikdir. Bu, ACR1555U-nu m\u00fcxt\u0259lif proqramlar \u00fc\u00e7\u00fcn uy\u011fun olan \u00e7ox y\u00f6nl\u00fc v\u0259 istifad\u0259\u00e7i dostu NFC Bluetooth\u00ae oxuyucuya \u00e7evirir.<\/div>\n<table width=\"641\">\n<tbody>\n<tr>\n<td colspan=\"2\" width=\"641\">Fiziki x\u00fcsusiyy\u0259tl\u0259r<\/td>\n<\/tr>\n<tr>\n<td width=\"210\">\u00d6l\u00e7\u00fcl\u0259r (mm)<\/td>\n<td width=\"431\">93 mm (U) x 58 mm (W) x 6,0 mm (Y)<\/td>\n<\/tr>\n<tr>\n<td width=\"210\"><\/td>\n<td width=\"431\">94 mm (U) x 60,2 mm (W) x 9,0 mm (H) (kart sahibi il\u0259)<\/td>\n<\/tr>\n<tr>\n<td width=\"210\">\u00c7\u0259ki (q)<\/td>\n<td width=\"431\">31,0 q (kart oxuyucusu)<\/td>\n<\/tr>\n<tr>\n<td width=\"210\"><\/td>\n<td width=\"431\">39,0 q (kart sahibi il\u0259)<\/td>\n<\/tr>\n<tr>\n<td colspan=\"2\" width=\"641\">Bluetooth interfeysi<\/td>\n<\/tr>\n<tr>\n<td width=\"210\">Protokol<\/td>\n<td width=\"431\">Bluetooth\u00ae (Bluetooth 5.2)<\/td>\n<\/tr>\n<tr>\n<td width=\"210\">G\u00fcc m\u0259nb\u0259yi<\/td>\n<td width=\"431\">Yenid\u0259n doldurulan Litium-ion Batareya (USB vasit\u0259sil\u0259 doldurulur)<\/td>\n<\/tr>\n<tr>\n<td colspan=\"2\" width=\"641\">USB interfeysi<\/td>\n<\/tr>\n<tr>\n<td width=\"210\">Protokol<\/td>\n<td width=\"431\">USB CCID<\/td>\n<\/tr>\n<tr>\n<td width=\"210\">Ba\u011flay\u0131c\u0131 n\u00f6v\u00fc<\/td>\n<td width=\"431\">USB T\u0130P C<\/td>\n<\/tr>\n<tr>\n<td width=\"210\">G\u00fcc m\u0259nb\u0259yi<\/td>\n<td width=\"431\">USB portundan<\/td>\n<\/tr>\n<tr>\n<td width=\"210\">S\u00fcr\u0259t<\/td>\n<td width=\"431\">USB Tam S\u00fcr\u0259t (12 Mbps)<\/td>\n<\/tr>\n<tr>\n<td width=\"210\">Kabel uzunlu\u011fu<\/td>\n<td width=\"431\">1 m, S\u00f6k\u00fcl\u0259 bil\u0259n<\/td>\n<\/tr>\n<tr>\n<td colspan=\"2\" width=\"641\">Kontakts\u0131z Smart Kart interfeysi<\/td>\n<\/tr>\n<tr>\n<td width=\"210\">Standart<\/td>\n<td width=\"431\">ISO\/IEC 18092 NFC, ISO15693, ISO 14443 Tip A v\u0259 B, MIFARE, FeliCa<\/td>\n<\/tr>\n<tr>\n<td width=\"210\">Protokol<\/td>\n<td width=\"431\">ISO 14443-4 Uy\u011fun Kart, T=CL<br \/>\nMIFARE Klassik Kart, T=CL<br \/>\nISO 18092, NFC Teql\u0259ri<br \/>\nFeliCa<\/td>\n<\/tr>\n<tr>\n<td colspan=\"2\" width=\"641\">Daxili periferik qur\u011fular<\/td>\n<\/tr>\n<tr>\n<td width=\"210\">LED<\/td>\n<td width=\"431\">2 iki r\u0259ng: Q\u0131rm\u0131z\u0131 v\u0259 Mavi, Q\u0131rm\u0131z\u0131 v\u0259 Ya\u015f\u0131l<\/td>\n<\/tr>\n<tr>\n<td width=\"210\">M\u00fcxt\u0259lif NFC x\u00fcsusiyy\u0259tl\u0259rini d\u0259st\u0259kl\u0259yin<\/td>\n<td width=\"431\"><\/td>\n<\/tr>\n<tr>\n<td width=\"210\"><\/td>\n<td width=\"431\">Kart oxuyucu\/yaz\u0131\u00e7\u0131 rejimi<\/td>\n<\/tr>\n<tr>\n<td width=\"210\"><\/td>\n<td width=\"431\">Kart\u0131n emulyasiyas\u0131 rejimi<\/td>\n<\/tr>\n<tr>\n<td width=\"210\"><\/td>\n<td width=\"431\">Klaviatura Emulyasiya rejimini d\u0259st\u0259kl\u0259yin<\/td>\n<\/tr>\n<tr>\n<td colspan=\"2\" width=\"641\">Dig\u0259r X\u00fcsusiyy\u0259tl\u0259r<\/td>\n<\/tr>\n<tr>\n<td width=\"210\">\u015eifr\u0259l\u0259m\u0259<\/td>\n<td width=\"431\">Cihazdaxili AES 128 \u015fifr\u0259l\u0259m\u0259 alqoritmi<\/td>\n<\/tr>\n<tr>\n<td width=\"210\">Mikroproqram\u0131n t\u0259kmill\u0259\u015fdirilm\u0259si<\/td>\n<td width=\"431\">D\u0259st\u0259kl\u0259nir<\/td>\n<\/tr>\n<tr>\n<td colspan=\"2\" width=\"641\">Sertifikatlar\/Uy\u011funluq<\/td>\n<\/tr>\n<tr>\n<td rowspan=\"14\" width=\"210\">Sertifikatlar\/Uy\u011funluq<\/td>\n<td>EN \/IEC 62368<\/td>\n<\/tr>\n<tr>\n<td>ISO 18092<\/td>\n<\/tr>\n<tr>\n<td>ISO 14443<\/td>\n<\/tr>\n<tr>\n<td>ISO 15693<\/td>\n<\/tr>\n<tr>\n<td>Bluetooth\u00aeBQB<\/td>\n<\/tr>\n<tr>\n<td>KCC<\/td>\n<\/tr>\n<tr>\n<td>UKCA<\/td>\n<\/tr>\n<tr>\n<td>CE<\/td>\n<\/tr>\n<tr>\n<td>FCC<\/td>\n<\/tr>\n<tr>\n<td>RoHS<\/td>\n<\/tr>\n<tr>\n<td>REACH<\/td>\n<\/tr>\n<tr>\n<td>TELEC(Yaponiya)<\/td>\n<\/tr>\n<tr>\n<td>VCCI<\/td>\n<\/tr>\n<tr>\n<td>Microsoft\u00ae WHQL<\/td>\n<\/tr>\n<tr>\n<td colspan=\"2\" width=\"641\">Cihaz S\u00fcr\u00fcc\u00fcs\u00fc \u018fm\u0259liyyat Sistemi D\u0259st\u0259yi<\/td>\n<\/tr>\n<tr>\n<td rowspan=\"5\" width=\"210\">Cihaz S\u00fcr\u00fcc\u00fcs\u00fc \u018fm\u0259liyyat Sistemi D\u0259st\u0259yi<\/td>\n<td width=\"431\">Windows\u00ae<\/td>\n<\/tr>\n<tr>\n<td width=\"431\">Linux\u00ae<\/td>\n<\/tr>\n<tr>\n<td width=\"431\">MAC OS\u00ae 10.7 v\u0259 sonrak\u0131<\/td>\n<\/tr>\n<tr>\n<td width=\"431\">Android\u2122 4.3 v\u0259 daha sonra<\/td>\n<\/tr>\n<tr>\n<td width=\"431\">iOS 8.0 v\u0259 sonrak\u0131<\/td>\n<\/tr>\n<\/tbody>\n<\/table>\n<p>&nbsp;<\/p>","protected":false},"excerpt":{"rendered":"<div class=\"auto-hide-last-sibling-br paragraph_1252f paragraph-element\">ACR1555U-A1, yolda smart kart v\u0259 NFC proqramlar\u0131na imkan ver\u0259n portativ Bluetooth\u00ae NFC Readerdir.<\/div>","protected":false},"featured_media":2774,"template":"","meta":[],"product_brand":[],"product_cat":[45,38],"product_tag":[],"class_list":{"0":"post-2773","1":"product","2":"type-product","3":"status-publish","4":"has-post-thumbnail","6":"product_cat-contactless-nfc-reader","7":"product_cat-mobile-ble-nfc-reader","9":"first","10":"instock","11":"shipping-taxable","12":"product-type-simple"},"_links":{"self":[{"href":"https:\/\/nfc-readers.com\/az\/wp-json\/wp\/v2\/product\/2773","targetHints":{"allow":["GET"]}}],"collection":[{"href":"https:\/\/nfc-readers.com\/az\/wp-json\/wp\/v2\/product"}],"about":[{"href":"https:\/\/nfc-readers.com\/az\/wp-json\/wp\/v2\/types\/product"}],"wp:featuredmedia":[{"embeddable":true,"href":"https:\/\/nfc-readers.com\/az\/wp-json\/wp\/v2\/media\/2774"}],"wp:attachment":[{"href":"https:\/\/nfc-readers.com\/az\/wp-json\/wp\/v2\/media?parent=2773"}],"wp:term":[{"taxonomy":"product_brand","embeddable":true,"href":"https:\/\/nfc-readers.com\/az\/wp-json\/wp\/v2\/product_brand?post=2773"},{"taxonomy":"product_cat","embeddable":true,"href":"https:\/\/nfc-readers.com\/az\/wp-json\/wp\/v2\/product_cat?post=2773"},{"taxonomy":"product_tag","embeddable":true,"href":"https:\/\/nfc-readers.com\/az\/wp-json\/wp\/v2\/product_tag?post=2773"}],"curies":[{"name":"wp","href":"https:\/\/api.w.org\/{rel}","templated":true}]}}