{"id":2784,"date":"2024-06-12T02:17:57","date_gmt":"2024-06-12T02:17:57","guid":{"rendered":"https:\/\/nfc-readers.com\/?post_type=product&#038;p=2784"},"modified":"2024-09-23T06:09:10","modified_gmt":"2024-09-23T06:09:10","slug":"acr40t-premium-high-speed-usb-contact-sim-sized-smartcard-reader-writer","status":"publish","type":"product","link":"https:\/\/nfc-readers.com\/az\/ic-reader\/acr40t-premium-high-speed-usb-contact-sim-sized-smartcard-reader-writer\/","title":{"rendered":"ACR40T Premium Y\u00fcks\u0259k S\u00fcr\u0259tli USB \u018flaq\u0259 S\u0130M \u00f6l\u00e7\u00fcl\u00fc Smart Kart Oxucu Yaz\u0131\u00e7\u0131s\u0131"},"content":{"rendered":"<h1>ACR40T Premium Y\u00fcks\u0259k S\u00fcr\u0259tli USB \u018flaq\u0259 S\u0130M \u00f6l\u00e7\u00fcl\u00fc Smart Kart Oxucu Yaz\u0131\u00e7\u0131s\u0131<\/h1>\n<div class=\"auto-hide-last-sibling-br paragraph_1252f paragraph-element\">ACR40T, \u0259n son y\u0131\u011fcam y\u00fcks\u0259k s\u00fcr\u0259tli USB kontaktl\u0131 S\u0130M \u00f6l\u00e7\u00fcl\u00fc smart kart oxuyucunun t\u0259qdimat\u0131. O, mikroproqram t\u0259kmill\u0259\u015fdirm\u0259l\u0259rini d\u0259st\u0259kl\u0259yir v\u0259 ISO 7816 Class A, B v\u0259 C smart kartlar\u0131 (5 V, 3 V, 1.8 V), T=0 v\u0259 T=1 protokollar\u0131 olan mikroprosessor kartlar\u0131 v\u0259 geni\u015f \u00e7e\u015fidd\u0259 m\u00f6vcud yadda\u015f kartlar\u0131 il\u0259 uy\u011fun g\u0259lir. bazarda.<\/div>\n<div class=\"auto-hide-last-sibling-br paragraph_1252f paragraph-element\">Qabaqc\u0131l, innovativ texnologiyan\u0131 birl\u0259\u015fdir\u0259n ACR40T-nin f\u0259rql\u0259ndirici \u00fcst\u00fcnl\u00fcy\u00fc onun y\u0131\u011fcam dizayn\u0131 v\u0259 hamar, \u0259ng\u0259lsiz t\u0259cr\u00fcb\u0259 \u00fc\u00e7\u00fcn s\u00fcr\u00fc\u015f\u0259n smart kart giri\u015f yuvas\u0131d\u0131r. ACR40T-A6\/A7-nin premium dizayn\u0131na x\u00fcsusi proqramlar \u00fc\u00e7\u00fcn daxili d\u00fcym\u0259 daxildir. istifad\u0259\u00e7inin m\u00f6vcudlu\u011funu t\u0259sdiql\u0259m\u0259k, istifad\u0259\u00e7inin proqramla qar\u015f\u0131l\u0131ql\u0131 \u0259laq\u0259d\u0259 olmaq \u00fc\u00e7\u00fcn fiziki olaraq orada olmas\u0131n\u0131 t\u0259min etm\u0259k \u00fc\u00e7\u00fcn vacib olan x\u00fcsusiyy\u0259t. CCID v\u0259 PC\/SC, el\u0259c\u0259 d\u0259 Microsoft\u00ae WHQL standartlar\u0131na riay\u0259t etm\u0259kl\u0259, ACR40T Windows\u00ae, Linux\u00ae kimi bir \u00e7ox \u0259m\u0259liyyat sisteml\u0259ri il\u0259 uy\u011fun g\u0259lir. macOS, Android\u2122. O, h\u0259m USB Type-A, h\u0259m d\u0259 USB Type-C ba\u011flant\u0131lar\u0131n\u0131 yerl\u0259\u015fdirir.<\/div>\n<div>\n<ul>\n<li>\n<h2><strong>M\u00fcxt\u0259lif \u018flaq\u0259 Kartlar\u0131n\u0131 D\u0259st\u0259kl\u0259yir<\/strong><\/h2>\n<ul>\n<li>\n<h3>ISO 7816 Sinif A, B v\u0259 C (5 V, 3 V v\u0259 1,8 V)<\/h3>\n<\/li>\n<li>\n<h3>Mikroprosessor Kart\u0131 (T=0, T=1)<\/h3>\n<\/li>\n<li>\n<h3>Yadda\u015f kart\u0131<\/h3>\n<\/li>\n<li>\n<h3>Q\u0131sa Qapanmadan Qoruma X\u00fcsusiyy\u0259tl\u0259ri<\/h3>\n<\/li>\n<\/ul>\n<\/li>\n<li>\n<h2><strong>T\u0259tbiq Proqramla\u015fd\u0131rma \u0130nterfeysi:<\/strong><\/h2>\n<ul>\n<li>\n<h3>PC\/SC d\u0259st\u0259kl\u0259yir<\/h3>\n<\/li>\n<\/ul>\n<\/li>\n<li>\n<h2><strong>Daxili periferik qur\u011fular<\/strong><\/h2>\n<ul>\n<li>\n<h3>1 x Proqramla\u015fd\u0131r\u0131la bil\u0259n LED (Ya\u015f\u0131l)<\/h3>\n<\/li>\n<li>\n<h3>1 x Daxili D\u00fcym\u0259<\/h3>\n<\/li>\n<\/ul>\n<\/li>\n<\/ul>\n<table width=\"560\">\n<tbody>\n<tr>\n<td colspan=\"2\" width=\"560\">Fiziki x\u00fcsusiyy\u0259tl\u0259r<\/td>\n<\/tr>\n<tr>\n<td rowspan=\"2\" width=\"197\">\u00d6l\u00e7\u00fcl\u0259r (mm)<\/td>\n<td width=\"363\">ACR40T-A6: 49,5 mm (U) \u00d7 17,7 mm (W) \u00d7 8,0 mm (Y)<\/td>\n<\/tr>\n<tr>\n<td width=\"363\">ACR40T-A7: 45,9 mm (U) \u00d7 17,7 mm (W) \u00d7 8,0 mm (Y)<\/td>\n<\/tr>\n<tr>\n<td rowspan=\"2\" width=\"197\">\u00c7\u0259ki (q)<\/td>\n<td width=\"363\">ACR40T-A6: 8,1 q \u00b1 1,0 q<\/td>\n<\/tr>\n<tr>\n<td width=\"363\">ACR40T-A7: 6,2 g \u00b1 1,0 q<\/td>\n<\/tr>\n<tr>\n<td colspan=\"2\" width=\"560\">USB interfeysi<\/td>\n<\/tr>\n<tr>\n<td width=\"197\">Protokol<\/td>\n<td width=\"363\">USB CCID<\/td>\n<\/tr>\n<tr>\n<td rowspan=\"2\" width=\"197\">Ba\u011flay\u0131c\u0131 n\u00f6v\u00fc<\/td>\n<td width=\"363\">USB Type-A<\/td>\n<\/tr>\n<tr>\n<td width=\"363\">USB Type-C<\/td>\n<\/tr>\n<tr>\n<td width=\"197\">G\u00fcc m\u0259nb\u0259yi<\/td>\n<td width=\"363\">USB portundan<\/td>\n<\/tr>\n<tr>\n<td width=\"197\">S\u00fcr\u0259t<\/td>\n<td width=\"363\">USB Tam S\u00fcr\u0259t (12Mbps)<\/td>\n<\/tr>\n<tr>\n<td colspan=\"2\" width=\"560\">Smart Card Interface il\u0259 \u0259laq\u0259 saxlay\u0131n<\/td>\n<\/tr>\n<tr>\n<td width=\"197\">Slotlar\u0131n say\u0131<\/td>\n<td width=\"363\">1 S\u0130M \u00f6l\u00e7\u00fcl\u00fc kart yuvas\u0131 (2FF)<\/td>\n<\/tr>\n<tr>\n<td width=\"197\">Protokol<\/td>\n<td width=\"363\">T=0; T=1<\/td>\n<\/tr>\n<tr>\n<td colspan=\"2\" width=\"560\">Daxili periferik qur\u011fular<\/td>\n<\/tr>\n<tr>\n<td width=\"197\">D\u00fcym\u0259l\u0259r<\/td>\n<td width=\"363\">1<\/td>\n<\/tr>\n<tr>\n<td width=\"197\">LED<\/td>\n<td width=\"363\">Ya\u015f\u0131l<\/td>\n<\/tr>\n<tr>\n<td colspan=\"2\" width=\"560\">Dig\u0259r X\u00fcsusiyy\u0259tl\u0259r<\/td>\n<\/tr>\n<tr>\n<td width=\"197\">Dig\u0259r X\u00fcsusiyy\u0259tl\u0259r<\/td>\n<td width=\"363\">Firmware T\u0259kmill\u0259\u015fdirilm\u0259sini d\u0259st\u0259kl\u0259yir<\/td>\n<\/tr>\n<tr>\n<td colspan=\"2\" width=\"560\">Sertifikatlar\/Uy\u011funluq<\/td>\n<\/tr>\n<tr>\n<td rowspan=\"12\" width=\"197\">Sertifikatlar\/Uy\u011funluq<\/td>\n<td width=\"363\">Sertifikatlar:<\/td>\n<\/tr>\n<tr>\n<td width=\"363\">UL 62368<\/td>\n<\/tr>\n<tr>\n<td width=\"363\">CE<\/td>\n<\/tr>\n<tr>\n<td width=\"363\">UKCA<\/td>\n<\/tr>\n<tr>\n<td width=\"363\">FCC<\/td>\n<\/tr>\n<tr>\n<td width=\"363\">RoHS<\/td>\n<\/tr>\n<tr>\n<td width=\"363\">REACH<\/td>\n<\/tr>\n<tr>\n<td width=\"363\">VCCI<\/td>\n<\/tr>\n<tr>\n<td width=\"363\">Microsoft\u00ae WHQL<\/td>\n<\/tr>\n<tr>\n<td width=\"363\">Uy\u011funluqlar:<\/td>\n<\/tr>\n<tr>\n<td width=\"363\">USB CCID<\/td>\n<\/tr>\n<tr>\n<td width=\"363\">PC\/SC<\/td>\n<\/tr>\n<tr>\n<td colspan=\"2\" width=\"560\">Cihaz S\u00fcr\u00fcc\u00fcs\u00fc \u018fm\u0259liyyat Sistemi D\u0259st\u0259yi<\/td>\n<\/tr>\n<tr>\n<td rowspan=\"4\" width=\"197\">Cihaz S\u00fcr\u00fcc\u00fcs\u00fc \u018fm\u0259liyyat Sistemi D\u0259st\u0259yi<\/td>\n<td width=\"363\">Windows\u00ae<\/td>\n<\/tr>\n<tr>\n<td width=\"363\">Linux\u00ae<\/td>\n<\/tr>\n<tr>\n<td width=\"363\">macOS<\/td>\n<\/tr>\n<tr>\n<td width=\"363\">Android\u2122<\/td>\n<\/tr>\n<\/tbody>\n<\/table>\n<\/div>","protected":false},"excerpt":{"rendered":"<div class=\"auto-hide-last-sibling-br paragraph_1252f paragraph-element\">ACR40T m\u00fcxt\u0259lif smart kartlar\u0131 d\u0259st\u0259kl\u0259y\u0259n v\u0259 \u00e7oxsayl\u0131 \u0259m\u0259liyyat sisteml\u0259ri il\u0259 uy\u011fun g\u0259l\u0259n y\u0131\u011fcam CCID smartkart oxuyucusudur.<\/div>","protected":false},"featured_media":2785,"template":"","meta":[],"product_brand":[],"product_cat":[39],"product_tag":[],"class_list":{"0":"post-2784","1":"product","2":"type-product","3":"status-publish","4":"has-post-thumbnail","6":"product_cat-usb-ic-smartcard-reader","8":"first","9":"instock","10":"shipping-taxable","11":"product-type-simple"},"_links":{"self":[{"href":"https:\/\/nfc-readers.com\/az\/wp-json\/wp\/v2\/product\/2784","targetHints":{"allow":["GET"]}}],"collection":[{"href":"https:\/\/nfc-readers.com\/az\/wp-json\/wp\/v2\/product"}],"about":[{"href":"https:\/\/nfc-readers.com\/az\/wp-json\/wp\/v2\/types\/product"}],"wp:featuredmedia":[{"embeddable":true,"href":"https:\/\/nfc-readers.com\/az\/wp-json\/wp\/v2\/media\/2785"}],"wp:attachment":[{"href":"https:\/\/nfc-readers.com\/az\/wp-json\/wp\/v2\/media?parent=2784"}],"wp:term":[{"taxonomy":"product_brand","embeddable":true,"href":"https:\/\/nfc-readers.com\/az\/wp-json\/wp\/v2\/product_brand?post=2784"},{"taxonomy":"product_cat","embeddable":true,"href":"https:\/\/nfc-readers.com\/az\/wp-json\/wp\/v2\/product_cat?post=2784"},{"taxonomy":"product_tag","embeddable":true,"href":"https:\/\/nfc-readers.com\/az\/wp-json\/wp\/v2\/product_tag?post=2784"}],"curies":[{"name":"wp","href":"https:\/\/api.w.org\/{rel}","templated":true}]}}