{"id":2815,"date":"2024-06-19T06:35:44","date_gmt":"2024-06-19T06:35:44","guid":{"rendered":"https:\/\/nfc-readers.com\/?post_type=product&#038;p=2815"},"modified":"2024-09-23T05:48:48","modified_gmt":"2024-09-23T05:48:48","slug":"acr39u-h1-high-speed-usb-contact-smartcard-reader-writer","status":"publish","type":"product","link":"https:\/\/nfc-readers.com\/az\/ic-reader\/acr39u-h1-high-speed-usb-contact-smartcard-reader-writer\/","title":{"rendered":"ACR39U-H1 Y\u00fcks\u0259k S\u00fcr\u0259tli USB Kontakt Smart Kart Oxucu Yaz\u0131\u00e7\u0131s\u0131"},"content":{"rendered":"<h1>ACR39U-H1 Y\u00fcks\u0259k S\u00fcr\u0259tli USB Kontakt Smart Kart Oxucu Yaz\u0131\u00e7\u0131s\u0131<\/h1>\n<p>ACR39U-H1, ISO 7816 Class A, B v\u0259 C smart kartlar\u0131 (5 V, 3 V v\u0259 1,8 V), T=0 v\u0259 ya T=1 protokolu olan mikroprosessor kartlar\u0131 v\u0259 yadda\u015f\u0131 d\u0259st\u0259kl\u0259y\u0259n \u00e7ox y\u00f6nl\u00fc smart kart oxuyucusudur. kartlar. Qeyd ed\u0259k ki, o, Malayziya \u015e\u0259xsiyy\u0259t Kart\u0131 (Mykad) il\u0259 d\u0259 uy\u011fun g\u0259lir. O, USB tam s\u00fcr\u0259tli interfeys\u0259 malikdir v\u0259 600 Kbps-\u0259 q\u0259d\u0259r smart kart\u0131n oxuma\/yazma s\u00fcr\u0259tin\u0259 malikdir. ACR39U-H1 inan\u0131lmaz d\u0259r\u0259c\u0259d\u0259 davaml\u0131d\u0131r, \u00f6mr\u00fc 200.000 kart daxiletm\u0259 d\u00f6vr\u00fcd\u00fcr. O, EMV\u2122 S\u0259viyy\u0259 1 (\u018flaq\u0259) v\u0259 PBOC (\u00c7in Xalq Bank\u0131) daxil olmaqla m\u00fcxt\u0259lif sertifikatlara malikdir v\u0259 bu, onu e-Bank\u00e7\u0131l\u0131q v\u0259 e-\u00d6d\u0259ni\u015f proqramlar\u0131n\u0131z \u00fc\u00e7\u00fcn m\u00fck\u0259mm\u0259l smart kart oxuyucuya \u00e7evirir.<\/p>\n<ul>\n<li>\n<h2>USB Tam S\u00fcr\u0259tli \u0130nterfeys<\/h2>\n<\/li>\n<li>\n<h2>USB 3.0 il\u0259 uy\u011fun g\u0259lir<\/h2>\n<\/li>\n<li>\n<h2>USB Tip-A Konnektoru<\/h2>\n<\/li>\n<li>\n<h2>Plug and Play \u2013 CCID d\u0259st\u0259yi maksimum h\u0259r\u0259k\u0259tlilik g\u0259tirir<\/h2>\n<\/li>\n<li>\n<h2>A\u011f\u0131ll\u0131 kart oxuyucusu:<\/h2>\n<ul>\n<li>\n<h3>\u018flaq\u0259 interfeysi:<\/h3>\n<ul>\n<li>ISO 7816 Class A, B v\u0259 C (5 V, 3 V, 1.8 V) kartlar\u0131 d\u0259st\u0259kl\u0259yir<\/li>\n<li>CAC (\u00dcmumi Giri\u015f Kart\u0131) d\u0259st\u0259kl\u0259yir<\/li>\n<li>SIPRNET Kart\u0131n\u0131 d\u0259st\u0259kl\u0259yir<\/li>\n<li>T=0 v\u0259 ya T=1 protokolu olan mikroprosessor kartlar\u0131n\u0131 d\u0259st\u0259kl\u0259yir<\/li>\n<li>Yadda\u015f kartlar\u0131n\u0131 d\u0259st\u0259kl\u0259yir<\/li>\n<li>Mykad Kart\u0131n\u0131 d\u0259st\u0259kl\u0259yir<\/li>\n<li>PPS (Protokol v\u0259 Parametr se\u00e7imi) d\u0259st\u0259kl\u0259yir<\/li>\n<li>Q\u0131sa Qapanmadan Qoruma X\u00fcsusiyy\u0259tl\u0259ri<\/li>\n<\/ul>\n<\/li>\n<\/ul>\n<\/li>\n<li>\n<h2>T\u0259tbiq Proqramla\u015fd\u0131rma \u0130nterfeysi:<\/h2>\n<ul>\n<li>\n<h3>PC\/SC d\u0259st\u0259kl\u0259yir<\/h3>\n<\/li>\n<li>\n<h3>CT-API-ni d\u0259st\u0259kl\u0259yir (PC\/SC-nin \u00fcst\u00fcnd\u0259ki sar\u011f\u0131 vasit\u0259sil\u0259)<\/h3>\n<\/li>\n<\/ul>\n<\/li>\n<li>\n<h2>Android\u2122 3.1 v\u0259 sonrak\u0131 versiyalar\u0131 d\u0259st\u0259kl\u0259yir<\/h2>\n<\/li>\n<\/ul>\n<table width=\"478\">\n<tbody>\n<tr>\n<td colspan=\"2\" width=\"478\">Fiziki x\u00fcsusiyy\u0259tl\u0259r<\/td>\n<\/tr>\n<tr>\n<td width=\"237\">\u00d6l\u00e7\u00fcl\u0259r (mm)<\/td>\n<td width=\"241\">71,5 mm (U) x 80,0 mm (W) x 80,0 mm (Y)<\/td>\n<\/tr>\n<tr>\n<td width=\"237\">\u00c7\u0259ki (q)<\/td>\n<td width=\"241\">174 q<\/td>\n<\/tr>\n<tr>\n<td colspan=\"2\" width=\"478\">Ba\u011f\u0131ms\u0131z rejim<\/td>\n<\/tr>\n<tr>\n<td width=\"237\">\u018fm\u0259liyyat sistemi<\/td>\n<td width=\"241\">1 Tam \u00f6l\u00e7\u00fcl\u00fc Kart Yuvas\u0131<\/td>\n<\/tr>\n<tr>\n<td colspan=\"2\" width=\"478\">USB interfeysi<\/td>\n<\/tr>\n<tr>\n<td width=\"237\">Protokol<\/td>\n<td width=\"241\">USB CCID<\/td>\n<\/tr>\n<tr>\n<td width=\"237\">Ba\u011flay\u0131c\u0131 n\u00f6v\u00fc<\/td>\n<td width=\"241\">Standart Tip-A<\/td>\n<\/tr>\n<tr>\n<td width=\"237\">G\u00fcc m\u0259nb\u0259yi<\/td>\n<td width=\"241\">USB portundan<\/td>\n<\/tr>\n<tr>\n<td width=\"237\">S\u00fcr\u0259t<\/td>\n<td width=\"241\">USB 2.0 Tam S\u00fcr\u0259t (12 Mbps)<\/td>\n<\/tr>\n<tr>\n<td width=\"237\">Kabel uzunlu\u011fu<\/td>\n<td width=\"241\">1,5 m, Sabit<\/td>\n<\/tr>\n<tr>\n<td colspan=\"2\" width=\"478\">Smart Card Interface il\u0259 \u0259laq\u0259 saxlay\u0131n<\/td>\n<\/tr>\n<tr>\n<td width=\"237\">Slotlar\u0131n say\u0131<\/td>\n<td width=\"241\">1 Tam \u00f6l\u00e7\u00fcl\u00fc Kart Yuvas\u0131<\/td>\n<\/tr>\n<tr>\n<td width=\"237\">Standart<\/td>\n<td width=\"241\">ISO 7816 Hiss\u0259 1-4, Sinif A, B, C (5 V, 3 V, 1,8 V)<\/td>\n<\/tr>\n<tr>\n<td width=\"237\">Protokol<\/td>\n<td width=\"241\">T=0; T=1; Yadda\u015f Kart\u0131 D\u0259st\u0259yi<\/td>\n<\/tr>\n<tr>\n<td width=\"237\">Dig\u0259rl\u0259ri<\/td>\n<td width=\"241\">Mykad Card, CAC, PIV, SIPRNET Smart Cards<\/td>\n<\/tr>\n<tr>\n<td colspan=\"2\" width=\"478\">Sertifikatlar\/Uy\u011funluq<\/td>\n<\/tr>\n<tr>\n<td rowspan=\"17\" width=\"237\">Sertifikatlar\/Uy\u011funluq<\/td>\n<td width=\"241\">EN62368\/IEC 62368<\/td>\n<\/tr>\n<tr>\n<td width=\"241\">CE<\/td>\n<\/tr>\n<tr>\n<td width=\"241\">FCC<\/td>\n<\/tr>\n<tr>\n<td width=\"241\">RoHS<\/td>\n<\/tr>\n<tr>\n<td width=\"241\">REACH<\/td>\n<\/tr>\n<tr>\n<td width=\"241\">EMV\u2122 S\u0259viyy\u0259 1 (\u018flaq\u0259)<\/td>\n<\/tr>\n<tr>\n<td width=\"241\">KCC<\/td>\n<\/tr>\n<tr>\n<td width=\"241\">PBOC<\/td>\n<\/tr>\n<tr>\n<td width=\"241\">TAA (AB\u015e)<\/td>\n<\/tr>\n<tr>\n<td width=\"241\">UKCA<\/td>\n<\/tr>\n<tr>\n<td width=\"241\">VCCI<\/td>\n<\/tr>\n<tr>\n<td width=\"241\">WEEE<\/td>\n<\/tr>\n<tr>\n<td width=\"241\">ISO 7816<\/td>\n<\/tr>\n<tr>\n<td width=\"241\">USB 2.0 Tam S\u00fcr\u0259t<\/td>\n<\/tr>\n<tr>\n<td width=\"241\">PC\/SC<\/td>\n<\/tr>\n<tr>\n<td width=\"241\">CCID<\/td>\n<\/tr>\n<tr>\n<td width=\"241\">Microsoft\u00ae WHQL<\/td>\n<\/tr>\n<tr>\n<td colspan=\"2\" width=\"478\">Cihaz S\u00fcr\u00fcc\u00fcs\u00fc \u018fm\u0259liyyat Sistemi D\u0259st\u0259yi<\/td>\n<\/tr>\n<tr>\n<td rowspan=\"5\" width=\"237\">Cihaz S\u00fcr\u00fcc\u00fcs\u00fc \u018fm\u0259liyyat Sistemi D\u0259st\u0259yi<\/td>\n<td width=\"241\">Windows\u00ae<\/td>\n<\/tr>\n<tr>\n<td width=\"241\">Linux\u00ae<\/td>\n<\/tr>\n<tr>\n<td width=\"241\">macOS\u00ae<\/td>\n<\/tr>\n<tr>\n<td width=\"241\">Solaris\u2122<\/td>\n<\/tr>\n<tr>\n<td width=\"241\">Android\u2122<\/td>\n<\/tr>\n<tr>\n<td><\/td>\n<td><\/td>\n<\/tr>\n<\/tbody>\n<\/table>","protected":false},"excerpt":{"rendered":"<p>ACR39U-H1, e-H\u00f6kum\u0259t v\u0259 giri\u015f\u0259 n\u0259zar\u0259t daxil olmaqla, m\u00fcxt\u0259lif proqramlar \u00fc\u00e7\u00fcn n\u0259z\u0259rd\u0259 tutulmu\u015f istifad\u0259\u00e7i dostu EMV PBOC kart oxuyucusudur.<\/p>","protected":false},"featured_media":2816,"template":"","meta":[],"product_brand":[],"product_cat":[39],"product_tag":[],"class_list":{"0":"post-2815","1":"product","2":"type-product","3":"status-publish","4":"has-post-thumbnail","6":"product_cat-usb-ic-smartcard-reader","8":"first","9":"instock","10":"shipping-taxable","11":"product-type-simple"},"_links":{"self":[{"href":"https:\/\/nfc-readers.com\/az\/wp-json\/wp\/v2\/product\/2815","targetHints":{"allow":["GET"]}}],"collection":[{"href":"https:\/\/nfc-readers.com\/az\/wp-json\/wp\/v2\/product"}],"about":[{"href":"https:\/\/nfc-readers.com\/az\/wp-json\/wp\/v2\/types\/product"}],"wp:featuredmedia":[{"embeddable":true,"href":"https:\/\/nfc-readers.com\/az\/wp-json\/wp\/v2\/media\/2816"}],"wp:attachment":[{"href":"https:\/\/nfc-readers.com\/az\/wp-json\/wp\/v2\/media?parent=2815"}],"wp:term":[{"taxonomy":"product_brand","embeddable":true,"href":"https:\/\/nfc-readers.com\/az\/wp-json\/wp\/v2\/product_brand?post=2815"},{"taxonomy":"product_cat","embeddable":true,"href":"https:\/\/nfc-readers.com\/az\/wp-json\/wp\/v2\/product_cat?post=2815"},{"taxonomy":"product_tag","embeddable":true,"href":"https:\/\/nfc-readers.com\/az\/wp-json\/wp\/v2\/product_tag?post=2815"}],"curies":[{"name":"wp","href":"https:\/\/api.w.org\/{rel}","templated":true}]}}