{"id":2875,"date":"2024-07-02T01:48:57","date_gmt":"2024-07-02T01:48:57","guid":{"rendered":"https:\/\/nfc-readers.com\/?post_type=product&#038;p=2875"},"modified":"2024-09-23T05:44:47","modified_gmt":"2024-09-23T05:44:47","slug":"acr39t-a5-usb-type-c-contact-sim-sized-smartcard-reader-writer","status":"publish","type":"product","link":"https:\/\/nfc-readers.com\/az\/ic-reader\/acr39t-a5-usb-type-c-contact-sim-sized-smartcard-reader-writer\/","title":{"rendered":"ACR39T-A5 USB Type C \u018flaq\u0259 S\u0130M \u00f6l\u00e7\u00fcl\u00fc Smartcard Reader Yaz\u0131\u00e7\u0131s\u0131"},"content":{"rendered":"<h1>ACR39T-A5 USB Type C \u018flaq\u0259 S\u0130M \u00f6l\u00e7\u00fcl\u00fc Smartcard Reader Yaz\u0131\u00e7\u0131s\u0131<\/h1>\n<div class=\"auto-hide-last-sibling-br paragraph_9dc5f paragraph-element\">ACR39T-A5 h\u0259m qabaqc\u0131l texnologiyan\u0131, h\u0259m d\u0259 m\u00fcasir dizayn\u0131 n\u00fcmayi\u015f etdir\u0259r\u0259k smart kart oxuyucular\u0131 sah\u0259sind\u0259 bir s\u0131\u00e7ray\u0131\u015f\u0131 t\u0259msil edir. Bu S\u0130M \u00f6l\u00e7\u00fcl\u00fc smart kart oxuyucusu y\u0131\u011fcam ola bil\u0259r, lakin o, \u00e7oxsayl\u0131 funksiyalarla doludur. \u018fn m\u00fcasir texnologiyan\u0131 z\u0259rif dizaynla birl\u0259\u015fdir\u0259n ACR39T-A5 m\u00fcxt\u0259lif smart kart t\u0259tbiql\u0259rind\u0259 ciddi t\u0259l\u0259bl\u0259r\u0259 cavab verm\u0259k \u00fc\u00e7\u00fcn haz\u0131rlanm\u0131\u015fd\u0131r. ACR39T-A5 ISO 7816 Class A, B v\u0259 C smart kartlar\u0131 il\u0259 uy\u011fun g\u0259lir (5 V, 3 V v\u0259 1,8 V) v\u0259 T=0 v\u0259 T=1 protokolundan istifad\u0259 ed\u0259n geni\u015f \u00e7e\u015fidli yadda\u015f kartlar\u0131 v\u0259 mikroprosessor kartlar\u0131n\u0131 s\u0259m\u0259r\u0259li \u015f\u0259kild\u0259 idar\u0259 edir. USB Type C konnektoru il\u0259 USB Tam S\u00fcr\u0259tli interfeys\u0259 sahib olan cihaz 600 Kbit\/s-\u0259 q\u0259d\u0259r smart kart\u0131n oxuma\/yazma s\u00fcr\u0259tini d\u0259st\u0259kl\u0259yir. Bu, onu Fiziki v\u0259 M\u0259ntiqi Giri\u015f N\u0259zar\u0259ti, R\u0259q\u0259msal \u0130mzalar v\u0259 Onlayn Bank\u00e7\u0131l\u0131q da daxil olmaqla m\u00fcxt\u0259lif h\u0259ll\u0259r \u00fc\u00e7\u00fcn \u0259la se\u00e7im edir.<\/div>\n<div>\n<ul>\n<li>\n<h2>USB 2.0 Tam S\u00fcr\u0259tli \u0130nterfeys<\/h2>\n<\/li>\n<li>\n<h2>USB Type C Konnektoru<\/h2>\n<\/li>\n<li>\n<h2>Plug and Play \u2013 CCID d\u0259st\u0259yi maksimum h\u0259r\u0259k\u0259tlilik g\u0259tirir<\/h2>\n<\/li>\n<li>\n<h2>A\u011f\u0131ll\u0131 kart oxuyucusu:<\/h2>\n<ul>\n<li>\n<h3>ISO 7816 Class A, B v\u0259 C (5 V, 3 V, 1.8 V) kartlar\u0131 d\u0259st\u0259kl\u0259yir<\/h3>\n<\/li>\n<li>\n<h3>T=0 v\u0259 ya T=1 protokolu olan mikroprosessor kartlar\u0131n\u0131 d\u0259st\u0259kl\u0259yir<\/h3>\n<\/li>\n<li>\n<h3>Yadda\u015f kartlar\u0131n\u0131 d\u0259st\u0259kl\u0259yir<\/h3>\n<\/li>\n<li>\n<h3>PPS (Protokol v\u0259 Parametr se\u00e7imi) d\u0259st\u0259kl\u0259yir<\/h3>\n<\/li>\n<li>\n<h3>Q\u0131saqapanmadan qorunma x\u00fcsusiyy\u0259tl\u0259ri<\/h3>\n<\/li>\n<\/ul>\n<\/li>\n<li>\n<h2>T\u0259tbiq Proqramla\u015fd\u0131rma \u0130nterfeysi:<\/h2>\n<ul>\n<li>\n<h3>PC\/SC d\u0259st\u0259kl\u0259yir<\/h3>\n<\/li>\n<li>\n<h3>CT-API-ni d\u0259st\u0259kl\u0259yir (PC\/SC-nin \u00fcst\u00fcnd\u0259ki sar\u011f\u0131 vasit\u0259sil\u0259)<\/h3>\n<\/li>\n<\/ul>\n<\/li>\n<li>\n<h2>Android\u2122 3.1 v\u0259 sonrak\u0131 versiyalar\u0131 d\u0259st\u0259kl\u0259yir<\/h2>\n<\/li>\n<\/ul>\n<table width=\"636\">\n<tbody>\n<tr>\n<td colspan=\"2\" width=\"636\">\n<h2>Fiziki x\u00fcsusiyy\u0259tl\u0259r<\/h2>\n<\/td>\n<\/tr>\n<tr>\n<td width=\"223\">\u00d6l\u00e7\u00fcl\u0259r (mm)<\/td>\n<td width=\"413\">49,5 mm (U) \u00d7 21,5 mm (W) \u00d7 9,0 mm (Y)<\/td>\n<\/tr>\n<tr>\n<td width=\"223\">\u00c7\u0259ki (q)<\/td>\n<td width=\"413\">7 q<\/td>\n<\/tr>\n<tr>\n<td colspan=\"2\" width=\"636\">USB interfeysi<\/td>\n<\/tr>\n<tr>\n<td width=\"223\">Protokol<\/td>\n<td width=\"413\">USB CCID<\/td>\n<\/tr>\n<tr>\n<td width=\"223\">Ba\u011flay\u0131c\u0131 n\u00f6v\u00fc<\/td>\n<td width=\"413\">Standart Tip C<\/td>\n<\/tr>\n<tr>\n<td width=\"223\">G\u00fcc m\u0259nb\u0259yi<\/td>\n<td width=\"413\">USB portundan<\/td>\n<\/tr>\n<tr>\n<td width=\"223\">S\u00fcr\u0259t<\/td>\n<td width=\"413\">USB Tam S\u00fcr\u0259t (12 Mbps)<\/td>\n<\/tr>\n<tr>\n<td colspan=\"2\" width=\"636\">Smart Card Interface il\u0259 \u0259laq\u0259 saxlay\u0131n<\/td>\n<\/tr>\n<tr>\n<td width=\"223\">Slotlar\u0131n say\u0131<\/td>\n<td width=\"413\">1 S\u0130M \u00f6l\u00e7\u00fcl\u00fc Kart Yuvas\u0131<\/td>\n<\/tr>\n<tr>\n<td width=\"223\">Standart<\/td>\n<td width=\"413\">ISO 7816 Hiss\u0259 1-4, Sinif A, B, C (5 V, 3 V, 1,8 V)<\/td>\n<\/tr>\n<tr>\n<td width=\"223\">Protokol<\/td>\n<td width=\"413\">T=0; T=1; Yadda\u015f Kart\u0131 D\u0259st\u0259yi<\/td>\n<\/tr>\n<tr>\n<td colspan=\"2\" width=\"636\">Daxili periferik qur\u011fular<\/td>\n<\/tr>\n<tr>\n<td width=\"223\">LED<\/td>\n<td width=\"413\">1 t\u0259k r\u0259ng: Ya\u015f\u0131l<\/td>\n<\/tr>\n<tr>\n<td colspan=\"2\" width=\"636\">Sertifikatlar\/Uy\u011funluq<\/td>\n<\/tr>\n<tr>\n<td rowspan=\"13\" width=\"223\">Sertifikatlar\/Uy\u011funluq<\/td>\n<td width=\"413\">EN62368\/IEC 62368<\/td>\n<\/tr>\n<tr>\n<td width=\"413\">CE<\/td>\n<\/tr>\n<tr>\n<td width=\"413\">FCC<\/td>\n<\/tr>\n<tr>\n<td width=\"413\">RoHS<\/td>\n<\/tr>\n<tr>\n<td width=\"413\">REACH<\/td>\n<\/tr>\n<tr>\n<td width=\"413\">UKCA<\/td>\n<\/tr>\n<tr>\n<td width=\"413\">VCCI<\/td>\n<\/tr>\n<tr>\n<td width=\"413\">WEEE<\/td>\n<\/tr>\n<tr>\n<td width=\"413\">ISO 7816<\/td>\n<\/tr>\n<tr>\n<td width=\"413\">USB 2.0 Tam S\u00fcr\u0259t<\/td>\n<\/tr>\n<tr>\n<td width=\"413\">PC\/SC<\/td>\n<\/tr>\n<tr>\n<td width=\"413\">CCID<\/td>\n<\/tr>\n<tr>\n<td width=\"413\">Microsoft\u00ae WHQL<\/td>\n<\/tr>\n<tr>\n<td colspan=\"2\" width=\"636\">Cihaz S\u00fcr\u00fcc\u00fcs\u00fc \u018fm\u0259liyyat Sistemi D\u0259st\u0259yi<\/td>\n<\/tr>\n<tr>\n<td rowspan=\"4\" width=\"223\">Cihaz S\u00fcr\u00fcc\u00fcs\u00fc \u018fm\u0259liyyat Sistemi D\u0259st\u0259yi<\/td>\n<td width=\"413\">Windows\u00ae<\/td>\n<\/tr>\n<tr>\n<td width=\"413\">Linux\u00ae<\/td>\n<\/tr>\n<tr>\n<td width=\"413\">macOS\u00ae 10.7 v\u0259 sonrak\u0131<\/td>\n<\/tr>\n<tr>\n<td width=\"413\">Android\u2122 3.1 v\u0259 daha sonra Solaris\u2122<\/td>\n<\/tr>\n<\/tbody>\n<\/table>\n<\/div>\n<div><\/div>","protected":false},"excerpt":{"rendered":"<div class=\"auto-hide-last-sibling-br paragraph_9dc5f paragraph-element\">ACR39T-A5 s\u0259m\u0259r\u0259li smart kart \u0259m\u0259liyyatlar\u0131 \u00fc\u00e7\u00fcn qabaqc\u0131l texnologiyadan istifad\u0259 ed\u0259n y\u0131\u011fcam S\u0130M kart oxuyucusudur.<\/div>","protected":false},"featured_media":2876,"template":"","meta":[],"product_brand":[],"product_cat":[39],"product_tag":[],"class_list":{"0":"post-2875","1":"product","2":"type-product","3":"status-publish","4":"has-post-thumbnail","6":"product_cat-usb-ic-smartcard-reader","8":"first","9":"instock","10":"shipping-taxable","11":"product-type-simple"},"_links":{"self":[{"href":"https:\/\/nfc-readers.com\/az\/wp-json\/wp\/v2\/product\/2875","targetHints":{"allow":["GET"]}}],"collection":[{"href":"https:\/\/nfc-readers.com\/az\/wp-json\/wp\/v2\/product"}],"about":[{"href":"https:\/\/nfc-readers.com\/az\/wp-json\/wp\/v2\/types\/product"}],"wp:featuredmedia":[{"embeddable":true,"href":"https:\/\/nfc-readers.com\/az\/wp-json\/wp\/v2\/media\/2876"}],"wp:attachment":[{"href":"https:\/\/nfc-readers.com\/az\/wp-json\/wp\/v2\/media?parent=2875"}],"wp:term":[{"taxonomy":"product_brand","embeddable":true,"href":"https:\/\/nfc-readers.com\/az\/wp-json\/wp\/v2\/product_brand?post=2875"},{"taxonomy":"product_cat","embeddable":true,"href":"https:\/\/nfc-readers.com\/az\/wp-json\/wp\/v2\/product_cat?post=2875"},{"taxonomy":"product_tag","embeddable":true,"href":"https:\/\/nfc-readers.com\/az\/wp-json\/wp\/v2\/product_tag?post=2875"}],"curies":[{"name":"wp","href":"https:\/\/api.w.org\/{rel}","templated":true}]}}