{"id":2877,"date":"2024-07-02T01:58:12","date_gmt":"2024-07-02T01:58:12","guid":{"rendered":"https:\/\/nfc-readers.com\/?post_type=product&#038;p=2877"},"modified":"2024-09-23T05:42:11","modified_gmt":"2024-09-23T05:42:11","slug":"acr39f-a2-usb-contact-smartcard-reader-writer","status":"publish","type":"product","link":"https:\/\/nfc-readers.com\/az\/ic-reader\/acr39f-a2-usb-contact-smartcard-reader-writer\/","title":{"rendered":"ACR39F A2 USB Kontakt Smart Kart Oxucu Yaz\u0131\u00e7\u0131s\u0131"},"content":{"rendered":"<h1>ACR39F A2 USB Kontakt Smart Kart Oxucu Yaz\u0131\u00e7\u0131s\u0131<\/h1>\n<div class=\"auto-hide-last-sibling-br paragraph_9dc5f paragraph-element\">ACR39F Smart Floppy, smart kart oxuyucular\u0131n\u0131 masa \u00fcst\u00fc qura\u015fd\u0131rmalara asanl\u0131qla inteqrasiya etm\u0259k \u00fc\u00e7\u00fcn optimal h\u0259ll t\u0259klif edir. O, USB interfeysi vasit\u0259sil\u0259 qo\u015fulur v\u0259 istifad\u0259\u00e7i se\u00e7iml\u0259rin\u0259 uy\u011fun f\u0259rdil\u0259\u015fdirm\u0259y\u0259 imkan ver\u0259n komp\u00fcterin daxili enerji t\u0259chizat\u0131 il\u0259 t\u0259chiz edilir. ISO 7816 Class A, B v\u0259 C smart kartlar\u0131 d\u0259st\u0259kl\u0259y\u0259n ACR39F Smart Floppy m\u00fcxt\u0259lif yadda\u015f kartlar\u0131 v\u0259 mikroprosessor kartlar\u0131 il\u0259 d\u0259 uy\u011fun g\u0259lir. T=0 v\u0259 T=1 protokollar\u0131ndan istifad\u0259 ed\u0259n. O, USB Tam S\u00fcr\u0259tli interfeys\u0259 malikdir v\u0259 smart kartlar \u00fc\u00e7\u00fcn 600 Kb\/s oxu\/yazma s\u00fcr\u0259tini t\u0259min edir. Bu m\u00f6hk\u0259m cihaz \u0259n az\u0131 100.000 kart\u0131n daxil edilm\u0259si d\u00f6vr\u00fcn\u0259 tab g\u0259tirm\u0259k \u00fc\u00e7\u00fcn n\u0259z\u0259rd\u0259 tutulmu\u015fdur v\u0259 uzunm\u00fcdd\u0259tli performans\u0131 t\u0259min edir.<\/div>\n<div>\n<ul>\n<li>\n<h2>USB 2.0 Tam S\u00fcr\u0259tli \u0130nterfeys (\u00e7\u0131xar\u0131lan kabel vasit\u0259sil\u0259)<\/h2>\n<\/li>\n<li>\n<h2>USB 3.0 il\u0259 uy\u011fun g\u0259lir<\/h2>\n<\/li>\n<li>\n<h2>Plug and Play \u2013 CCID d\u0259st\u0259yi maksimum h\u0259r\u0259k\u0259tlilik g\u0259tirir<\/h2>\n<\/li>\n<li>\n<h2>A\u011f\u0131ll\u0131 kart oxuyucusu:<\/h2>\n<ul>\n<li>\n<h3>ISO 7816 Class A, B v\u0259 C (5 V, 3 V, 1.8 V) kartlar\u0131 d\u0259st\u0259kl\u0259yir<\/h3>\n<\/li>\n<li>\n<h3>CAC-\u0131 d\u0259st\u0259kl\u0259yir<\/h3>\n<\/li>\n<li>\n<h3>SIPRNET Kart\u0131n\u0131 d\u0259st\u0259kl\u0259yir<\/h3>\n<\/li>\n<li>\n<h3>J-LIS kart\u0131n\u0131 d\u0259st\u0259kl\u0259yir<\/h3>\n<\/li>\n<li>\n<h3>T=0 v\u0259 ya T=1 protokolu olan mikroprosessor kartlar\u0131n\u0131 d\u0259st\u0259kl\u0259yir<\/h3>\n<\/li>\n<li>\n<h3>Yadda\u015f kartlar\u0131n\u0131 d\u0259st\u0259kl\u0259yir<\/h3>\n<\/li>\n<li>\n<h3>PPS (Protokol v\u0259 Parametr se\u00e7imi) d\u0259st\u0259kl\u0259yir<\/h3>\n<\/li>\n<li>\n<h3>Q\u0131sa Qapanmadan Qoruma X\u00fcsusiyy\u0259tl\u0259ri<\/h3>\n<\/li>\n<\/ul>\n<\/li>\n<li>\n<h2>T\u0259tbiq Proqramla\u015fd\u0131rma \u0130nterfeysi:<\/h2>\n<ul>\n<li>\n<h3>PC\/SC d\u0259st\u0259kl\u0259yir<\/h3>\n<\/li>\n<li>\n<h3>CT-API-ni d\u0259st\u0259kl\u0259yir (PC\/SC-nin \u00fcst\u00fcnd\u0259ki sar\u011f\u0131 vasit\u0259sil\u0259)<\/h3>\n<\/li>\n<\/ul>\n<\/li>\n<li>\n<h2>Android\u2122 3.1 v\u0259 sonrak\u0131 versiyalar\u0131 d\u0259st\u0259kl\u0259yir<\/h2>\n<\/li>\n<\/ul>\n<table style=\"height: 695px;\" width=\"639\">\n<tbody>\n<tr>\n<td colspan=\"2\" width=\"473\">\n<h2>Fiziki x\u00fcsusiyy\u0259tl\u0259r<\/h2>\n<\/td>\n<\/tr>\n<tr>\n<td width=\"179\">\u00d6l\u00e7\u00fcl\u0259r (mm)<\/td>\n<td width=\"294\">125,0 mm (U) \u00d7 101,0 mm (W) \u00d7 25,5 mm (Y)<\/td>\n<\/tr>\n<tr>\n<td width=\"179\">\u00c7\u0259ki (q)<\/td>\n<td width=\"294\">82,5 q<\/td>\n<\/tr>\n<tr>\n<td colspan=\"2\" width=\"473\">USB interfeysi<\/td>\n<\/tr>\n<tr>\n<td width=\"179\">Protokol<\/td>\n<td width=\"294\">USB CCID<\/td>\n<\/tr>\n<tr>\n<td width=\"179\">Ba\u011flay\u0131c\u0131 n\u00f6v\u00fc<\/td>\n<td width=\"294\">1 x 5 Sancaq Ba\u015fl\u0131q Konnektoru<\/td>\n<\/tr>\n<tr>\n<td width=\"179\">G\u00fcc m\u0259nb\u0259yi<\/td>\n<td width=\"294\">USB portundan<\/td>\n<\/tr>\n<tr>\n<td width=\"179\">S\u00fcr\u0259t<\/td>\n<td width=\"294\">USB Tam S\u00fcr\u0259t (12 Mbps)<\/td>\n<\/tr>\n<tr>\n<td width=\"179\">Kabel uzunlu\u011fu<\/td>\n<td width=\"294\">1.0 m, S\u00f6k\u00fcl\u0259 bil\u0259n<\/td>\n<\/tr>\n<tr>\n<td colspan=\"2\" width=\"473\">Smart Card Interface il\u0259 \u0259laq\u0259 saxlay\u0131n<\/td>\n<\/tr>\n<tr>\n<td width=\"179\">Slotlar\u0131n say\u0131<\/td>\n<td width=\"294\">1 Tam \u00f6l\u00e7\u00fcl\u00fc Kart Yuvas\u0131<\/td>\n<\/tr>\n<tr>\n<td width=\"179\">Standart<\/td>\n<td width=\"294\">ISO 7816 Hiss\u0259 1-4, Sinif A, B, C (5 V, 3 V, 1,8 V)<\/td>\n<\/tr>\n<tr>\n<td width=\"179\">Protokol<\/td>\n<td width=\"294\">T=0; T=1; Yadda\u015f Kart\u0131 D\u0259st\u0259yi<\/td>\n<\/tr>\n<tr>\n<td width=\"179\">Dig\u0259rl\u0259ri<\/td>\n<td width=\"294\">CAC, PIV, SIPRNET, J-LIS Smart Kartlar\u0131<\/td>\n<\/tr>\n<tr>\n<td colspan=\"2\" width=\"473\">Sertifikatlar\/Uy\u011funluq<\/td>\n<\/tr>\n<tr>\n<td rowspan=\"9\" width=\"179\">Sertifikatlar\/Uy\u011funluq<\/td>\n<td width=\"294\">EN60950\/IEC 60950<\/td>\n<\/tr>\n<tr>\n<td width=\"294\">ISO 7816<\/td>\n<\/tr>\n<tr>\n<td width=\"294\">USB Tam S\u00fcr\u0259t<\/td>\n<\/tr>\n<tr>\n<td width=\"294\">EMV\u2122 S\u0259viyy\u0259 1 (\u018flaq\u0259)<\/td>\n<\/tr>\n<tr>\n<td width=\"294\">PC\/SC<\/td>\n<\/tr>\n<tr>\n<td width=\"294\">CCID<\/td>\n<\/tr>\n<tr>\n<td width=\"294\">CE<\/td>\n<\/tr>\n<tr>\n<td width=\"294\">FCC<\/td>\n<\/tr>\n<tr>\n<td width=\"294\">WEEE<\/td>\n<\/tr>\n<\/tbody>\n<\/table>\n<\/div>","protected":false},"excerpt":{"rendered":"<div class=\"auto-hide-last-sibling-br paragraph_9dc5f paragraph-element\">ACR39F Smart Floppy \u00e7ox y\u00f6nl\u00fc EMV USB kart oxuyucusudur v\u0259 smart kart oxuyucular\u0131n\u0131 masa \u00fcst\u00fc qura\u015fd\u0131rmalara asanl\u0131qla inteqrasiya edir.<\/div>","protected":false},"featured_media":2881,"template":"","meta":[],"product_brand":[],"product_cat":[39],"product_tag":[],"class_list":{"0":"post-2877","1":"product","2":"type-product","3":"status-publish","4":"has-post-thumbnail","6":"product_cat-usb-ic-smartcard-reader","8":"first","9":"instock","10":"shipping-taxable","11":"product-type-simple"},"_links":{"self":[{"href":"https:\/\/nfc-readers.com\/az\/wp-json\/wp\/v2\/product\/2877","targetHints":{"allow":["GET"]}}],"collection":[{"href":"https:\/\/nfc-readers.com\/az\/wp-json\/wp\/v2\/product"}],"about":[{"href":"https:\/\/nfc-readers.com\/az\/wp-json\/wp\/v2\/types\/product"}],"wp:featuredmedia":[{"embeddable":true,"href":"https:\/\/nfc-readers.com\/az\/wp-json\/wp\/v2\/media\/2881"}],"wp:attachment":[{"href":"https:\/\/nfc-readers.com\/az\/wp-json\/wp\/v2\/media?parent=2877"}],"wp:term":[{"taxonomy":"product_brand","embeddable":true,"href":"https:\/\/nfc-readers.com\/az\/wp-json\/wp\/v2\/product_brand?post=2877"},{"taxonomy":"product_cat","embeddable":true,"href":"https:\/\/nfc-readers.com\/az\/wp-json\/wp\/v2\/product_cat?post=2877"},{"taxonomy":"product_tag","embeddable":true,"href":"https:\/\/nfc-readers.com\/az\/wp-json\/wp\/v2\/product_tag?post=2877"}],"curies":[{"name":"wp","href":"https:\/\/api.w.org\/{rel}","templated":true}]}}