{"id":3667,"date":"2024-11-10T06:11:18","date_gmt":"2024-11-10T06:11:18","guid":{"rendered":"https:\/\/nfc-readers.com\/?post_type=product&#038;p=3667"},"modified":"2024-11-10T06:11:19","modified_gmt":"2024-11-10T06:11:19","slug":"custom-nfc-sticker-for-brand-authentication-anti-counterfeiting","status":"publish","type":"product","link":"https:\/\/nfc-readers.com\/az\/ic-reader\/custom-nfc-sticker-for-brand-authentication-anti-counterfeiting\/","title":{"rendered":"Brend Autentifikasiyas\u0131 \u00fc\u00e7\u00fcn F\u0259rdi NFC Etiketi Saxtakarl\u0131\u011fa qar\u015f\u0131"},"content":{"rendered":"<h1 style=\"text-align: center;\"><strong>Brend Autentifikasiyas\u0131 \u00fc\u00e7\u00fcn F\u0259rdi NFC Etiketi Saxtakarl\u0131\u011fa qar\u015f\u0131<\/strong><\/h1>\n<p>Bu g\u00fcn s\u00fcr\u0259tl\u0259 inki\u015faf ed\u0259n bazarda m\u0259hsullar\u0131n legitimliyinin t\u0259min edilm\u0259si h\u0259mi\u015f\u0259kind\u0259n daha vacib hala g\u0259lib. X\u00fcsusi NFC stikerl\u0259ri brendin autentifikasiyas\u0131 v\u0259 saxtakarl\u0131\u011fa qar\u015f\u0131 t\u0259dbirl\u0259r \u00fc\u00e7\u00fcn innovativ h\u0259ll yolu kimi xidm\u0259t edir. Bu qabaqc\u0131l stikerl\u0259r markan\u0131n b\u00fct\u00f6vl\u00fcy\u00fcn\u00fc v\u0259 m\u00fc\u015ft\u0259ri etibar\u0131n\u0131 g\u00fccl\u0259ndir\u0259r\u0259k q\u00fcsursuz yoxlama prosesini t\u0259min etm\u0259k \u00fc\u00e7\u00fcn Yax\u0131n Sah\u0259 Rabit\u0259si (NFC) texnologiyas\u0131ndan istifad\u0259 edir. Bu m\u0259hsul t\u0259kc\u0259 t\u0259hl\u00fck\u0259sizlik t\u0259dbiri kimi xidm\u0259t etmir, h\u0259m d\u0259 c\u0259lbedici m\u00fc\u015ft\u0259ri t\u0259cr\u00fcb\u0259sini asanla\u015fd\u0131r\u0131r. Bir s\u0131ra f\u0259rdil\u0259\u015fdiril\u0259 bil\u0259n se\u00e7iml\u0259rl\u0259 bu NFC stikerl\u0259ri \u00f6z brend kimliyini qorumaq ist\u0259y\u0259n h\u0259r bir biznes \u00fc\u00e7\u00fcn d\u0259y\u0259rli investisiyad\u0131r.<\/p>\n<p>&nbsp;<\/p>\n<h2>Niy\u0259 X\u00fcsusi NFC Etiketl\u0259rini Se\u00e7m\u0259lisiniz?<\/h2>\n<p>X\u00fcsusi NFC stikerl\u0259ri onlar\u0131 brendinizin t\u0259hl\u00fck\u0259sizlik arsenal\u0131na layiqli \u0259lav\u0259 ed\u0259n \u00e7oxsayl\u0131 \u00fcst\u00fcnl\u00fckl\u0259r t\u0259klif edir. NFC texnologiyas\u0131n\u0131 inteqrasiya ed\u0259r\u0259k, bu stikerl\u0259r NFC-ni aktivl\u0259\u015fdir\u0259n smartfon v\u0259 cihazlar vasit\u0259sil\u0259 tez v\u0259 \u0259ziyy\u0259tsiz autentifikasiyaya imkan verir. Suya davaml\u0131 dayan\u0131ql\u0131q, m\u00fcxt\u0259lif \u00f6l\u00e7\u00fcl\u00fc v\u0259 formalar v\u0259 f\u0259rdil\u0259\u015fdiril\u0259 bil\u0259n \u00e7ap se\u00e7iml\u0259ri kimi x\u00fcsusiyy\u0259tl\u0259r\u0259 malik olan bu stikerl\u0259r t\u0259kc\u0259 t\u0259hl\u00fck\u0259sizliyi g\u00fccl\u0259ndirmir, h\u0259m d\u0259 m\u0259hsullar\u0131n\u0131z\u0131n g\u00f6r\u00fcn\u00fc\u015f\u00fcn\u00fc yax\u015f\u0131la\u015fd\u0131r\u0131r.<\/p>\n<p>F\u0259rdi NFC stikerl\u0259rin\u0259 qoyulan s\u0259rmay\u0259 saxtakarl\u0131q riskini \u0259h\u0259miyy\u0259tli d\u0259r\u0259c\u0259d\u0259 azalda bil\u0259r v\u0259 istehlak\u00e7\u0131lara al\u0131\u015flar\u0131n\u0131n h\u0259qiqiliyin\u0259 inam verir. M\u0259hsulun m\u0259n\u015f\u0259yi v\u0259 istehsal t\u0259f\u0259rr\u00fcatlar\u0131 haqq\u0131nda \u015f\u0259ffaf \u015f\u0259kild\u0259 m\u0259lumat verm\u0259kl\u0259, bu stikerl\u0259r h\u0259m d\u0259 istehlak\u00e7\u0131 t\u0259cr\u00fcb\u0259sini v\u0259 \u0259laq\u0259sini y\u00fcks\u0259ld\u0259 bil\u0259r.<\/p>\n<p>&nbsp;<\/p>\n<h2>X\u00fcsusi NFC Etiketl\u0259rinin x\u00fcsusiyy\u0259tl\u0259ri<\/h2>\n<h3>Qabaqc\u0131l Texnologiya v\u0259 T\u0259hl\u00fck\u0259sizlik<\/h3>\n<p>X\u00fcsusi NFC stikerl\u0259ri RFID kommunikasiya interfeysl\u0259ri kimi qabaqc\u0131l texnologiya il\u0259 t\u0259chiz olunub v\u0259 bu, onlar\u0131 brendin autentifikasiyas\u0131nda m\u00fcst\u0259sna d\u0259r\u0259c\u0259d\u0259 s\u0259m\u0259r\u0259li edir. istifad\u0259 ed\u0259r\u0259k\u00a0<strong>NXP NTAG213<\/strong>\u00a0\u00e7ip, bu etiketl\u0259r bir tezlikd\u0259 i\u015fl\u0259yir\u00a0<strong>13,56 MHz<\/strong>, dig\u0259r NFC-ni aktivl\u0259\u015fdir\u0259n cihazlarla etibarl\u0131 \u0259laq\u0259ni t\u0259min etm\u0259k. \u0130st\u0259r m\u0259hsulun qabla\u015fd\u0131r\u0131lmas\u0131na, ist\u0259rs\u0259 d\u0259 etiketl\u0259r\u0259 yap\u0131\u015fd\u0131r\u0131lm\u0131\u015f olsun, bu stikerl\u0259r minimal s\u0259yl\u0259 saxtakarl\u0131qla m\u00fcbariz\u0259 \u00fc\u00e7\u00fcn m\u00fck\u0259mm\u0259l h\u0259ll yolu t\u0259qdim edir.<\/p>\n<h3>\u00c7ox y\u00f6nl\u00fc proqramlar<\/h3>\n<p>F\u0259rdi NFC stikerl\u0259rinin \u00e7ox y\u00f6nl\u00fc olmas\u0131 onlar\u0131 d\u0259bd\u0259b\u0259li mallardan tutmu\u015f m\u0259i\u015f\u0259t elektronikas\u0131na q\u0259d\u0259r m\u00fcxt\u0259lif sah\u0259l\u0259r \u00fc\u00e7\u00fcn uy\u011fun edir. Onlar m\u00fcxt\u0259lif s\u0259thl\u0259r\u0259 yap\u0131\u015fd\u0131r\u0131la bil\u0259r, o c\u00fcml\u0259d\u0259n\u00a0<strong>PVC, PET<\/strong>, v\u0259 metal - biznesl\u0259r\u0259 onlar\u0131 \u00f6z brendinql\u0259rin\u0259 problemsiz \u015f\u0259kild\u0259 daxil etm\u0259y\u0259 imkan verir. \u015eirk\u0259tl\u0259r daxil olmaqla bir \u00e7ox dizayndan birini se\u00e7\u0259 bil\u0259rl\u0259r\u00a0<strong>d\u0259yirmi, kvadrat<\/strong>v\u0259 m\u0259hsulun estetikas\u0131na \u0259n yax\u015f\u0131 uy\u011funla\u015fmaq \u00fc\u00e7\u00fcn f\u0259rdi konfiqurasiyalar.<\/p>\n<h2>2. Davaml\u0131l\u0131q v\u0259 istifad\u0259y\u0259 yararl\u0131l\u0131q<\/h2>\n<h3>Suya davaml\u0131 v\u0259 havaya davaml\u0131 dizayn<\/h3>\n<p>M\u0259hsulun etiketl\u0259nm\u0259sin\u0259 g\u0259ldikd\u0259, dayan\u0131ql\u0131q h\u0259r \u015feyd\u0259n vacibdir. X\u00fcsusi NFC stikerl\u0259ri s\u0259rt ekoloji \u015f\u0259rait\u0259 tab g\u0259tirm\u0259k \u00fc\u00e7\u00fcn haz\u0131rlanm\u0131\u015fd\u0131r. Onlar\u0131n\u00a0<strong>suya davaml\u0131<\/strong>\u00a0v\u0259\u00a0<strong>hava ke\u00e7irm\u0259z<\/strong>\u00a0x\u00fcsusiyy\u0259tl\u0259ri onlar\u0131 a\u00e7\u0131q hava t\u0259tbiql\u0259ri v\u0259 ya n\u0259m\u0259 m\u0259ruz qalan m\u0259hsullar \u00fc\u00e7\u00fcn ideal edir. Bu, NFC texnologiyas\u0131n\u0131n xarici m\u00fchitd\u0259n as\u0131l\u0131 olmayaraq tam i\u015fl\u0259k qalmas\u0131n\u0131 t\u0259min edir v\u0259 markan\u0131z\u0131n b\u00fct\u00f6vl\u00fcy\u00fcn\u00fc qoruyur.<\/p>\n<h3>\u0130stifad\u0259\u00e7i dostu interfeys<\/h3>\n<p>F\u0259rdi NFC stikerl\u0259rind\u0259n istifad\u0259nin sad\u0259liyi ba\u015fqa bir \u0259h\u0259miyy\u0259tli \u00fcst\u00fcnl\u00fckd\u00fcr. M\u00fc\u015ft\u0259ril\u0259r m\u0259hsullar\u0131na toxunaraq asanl\u0131qla t\u0259sdiq ed\u0259 bil\u0259rl\u0259r\u00a0<strong>NFC il\u0259 i\u015fl\u0259y\u0259n smartfonlar<\/strong>\u00a0stiker\u0259 qar\u015f\u0131. Bu intuitiv qar\u015f\u0131l\u0131ql\u0131 \u0259laq\u0259 m\u00fcr\u0259kk\u0259b prosesl\u0259ri aradan qald\u0131raraq istifad\u0259\u00e7il\u0259r\u0259 orijinall\u0131\u011f\u0131 yoxlama\u011fa v\u0259 \u0259lav\u0259 m\u0259hsul m\u0259lumatlar\u0131na tez daxil olmaq imkan\u0131 verir. N\u0259tic\u0259d\u0259 bu, m\u00fc\u015ft\u0259ri m\u0259mnuniyy\u0259tini v\u0259 \u0259laq\u0259ni art\u0131r\u0131r.<\/p>\n<p>&nbsp;<\/p>\n<p>&nbsp;<\/p>\n<h2>Texniki Spesifikasiyalar<\/h2>\n<table class=\"w-fit !mb-0 !max-w-none\">\n<thead>\n<tr>\n<th>Spesifikasiya<\/th>\n<th>Detal<\/th>\n<\/tr>\n<\/thead>\n<tbody>\n<tr>\n<td><strong>\u00c7ip<\/strong><\/td>\n<td>Ntag213, Ntag215, Ntag216<\/td>\n<\/tr>\n<tr>\n<td><strong>Tezlik<\/strong><\/td>\n<td>13,56 MHz<\/td>\n<\/tr>\n<tr>\n<td><strong>Protokol<\/strong><\/td>\n<td>ISO 14443A<\/td>\n<\/tr>\n<tr>\n<td><strong>Yaz\u0131la bil\u0259n m\u0259lumat n\u00f6vl\u0259ri<\/strong><\/td>\n<td>Veb sayt, M\u0259tn, QR kodlar\u0131, dig\u0259r formatlar<\/td>\n<\/tr>\n<tr>\n<td><strong>\u00c7ap Se\u00e7iml\u0259ri<\/strong><\/td>\n<td>Ofset \u00e7ap, R\u0259q\u0259msal \u00e7ap, F\u0259rdil\u0259\u015fdirm\u0259<\/td>\n<\/tr>\n<tr>\n<td><strong>Craft Se\u00e7iml\u0259ri<\/strong><\/td>\n<td>Parlaq, Tutqun, Epoksi, Holoqram<\/td>\n<\/tr>\n<tr>\n<td><strong>\u00d6l\u00e7\u00fc Se\u00e7iml\u0259ri<\/strong><\/td>\n<td>D\u0259yirmi (diametri 30 mm), Kvadrat, X\u00fcsusi<\/td>\n<\/tr>\n<tr>\n<td><strong>Qabla\u015fd\u0131rma t\u0259f\u0259rr\u00fcatlar\u0131<\/strong><\/td>\n<td>Daxili qutuda 200 \u0259d\u0259d, karton ba\u015f\u0131na 25 qutu; karton \u00f6l\u00e7\u00fcs\u00fc: 48<em>22.5<\/em>30 sm<\/td>\n<\/tr>\n<tr>\n<td><strong>\u00c7\u0259ki<\/strong><\/td>\n<td>H\u0259r stiker \u00fc\u00e7\u00fcn 0,010 kq<\/td>\n<\/tr>\n<\/tbody>\n<\/table>\n<p>&nbsp;<\/p>\n<p>&nbsp;<\/p>\n<h2>Tez-tez veril\u0259n suallar (FAQ)<\/h2>\n<h3>1.\u00a0<strong>NFC texnologiyas\u0131 n\u0259dir v\u0259 nec\u0259 i\u015fl\u0259yir?<\/strong><\/h3>\n<p>NFC (Yax\u0131n Sah\u0259 Rabit\u0259si) uy\u011fun cihazlar bir-birin\u0259 yax\u0131nla\u015fd\u0131qda, ad\u0259t\u0259n bir ne\u00e7\u0259 santimetr \u0259rzind\u0259 onlar aras\u0131nda \u0259laq\u0259 yaratma\u011fa imkan ver\u0259n q\u0131sa m\u0259nzilli simsiz texnologiyad\u0131r. F\u0259rdi NFC stikerl\u0259rind\u0259 NFC \u00e7ipi var ki, bu da istifad\u0259\u00e7il\u0259r\u0259 m\u0259hsulun h\u0259qiqiliyini tez bir zamanda yoxlamaq v\u0259 ya \u0259lav\u0259 m\u0259lumat \u0259ld\u0259 etm\u0259k imkan\u0131 verir.<\/p>\n<h3>2.\u00a0<strong>F\u0259rdi NFC stikerl\u0259ri n\u0259 q\u0259d\u0259r davaml\u0131d\u0131r?<\/strong><\/h3>\n<p>X\u00fcsusi NFC stikerl\u0259ri suya v\u0259 hava \u015f\u0259raitin\u0259 davaml\u0131 olmaq \u00fc\u00e7\u00fcn n\u0259z\u0259rd\u0259 tutulmu\u015fdur ki, bu da onlar\u0131 h\u0259m daxili, h\u0259m d\u0259 a\u00e7\u0131q hava t\u0259tbiql\u0259ri \u00fc\u00e7\u00fcn uy\u011fun edir. Onlar NFC texnologiyas\u0131n\u0131n uzun m\u00fcdd\u0259t i\u015fl\u0259k qalmas\u0131n\u0131 t\u0259min ed\u0259r\u0259k m\u00fcxt\u0259lif ekoloji \u015f\u0259rait\u0259 tab g\u0259tir\u0259 bilirl\u0259r.<\/p>\n<h3>3.\u00a0<strong>Bu stikerl\u0259ri f\u0259rdil\u0259\u015fdirm\u0259k olar?<\/strong><\/h3>\n<p>B\u0259li! F\u0259rdi NFC stikerl\u0259rimiz \u00f6l\u00e7\u00fc, forma, dizayn v\u0259 \u00e7ap \u00fcsullar\u0131 daxil olmaqla f\u0259rdil\u0259\u015fdirm\u0259 \u00fc\u00e7\u00fcn bir s\u0131ra se\u00e7iml\u0259r t\u0259klif edir. Brend kimliyiniz\u0259 uy\u011funla\u015fd\u0131rmaq \u00fc\u00e7\u00fcn loqolar\u0131, m\u0259hsul m\u0259lumatlar\u0131n\u0131, QR kodlar\u0131 v\u0259 dig\u0259r marka elementl\u0259rini \u00e7ap ed\u0259 bil\u0259rsiniz.<\/p>\n<h3>4.\u00a0<strong>Stikerl\u0259r \u00fc\u00e7\u00fcn hans\u0131 materiallardan istifad\u0259 olunur?<\/strong><\/h3>\n<p>X\u00fcsusi NFC stikerl\u0259ri PVC, PET v\u0259 ya \u00f6rt\u00fclm\u00fc\u015f ka\u011f\u0131z kimi m\u00fcxt\u0259lif materiallardan haz\u0131rlana bil\u0259r. H\u0259r bir material \u00f6z davaml\u0131l\u0131\u011f\u0131na v\u0259 m\u00fcxt\u0259lif t\u0259tbiql\u0259r \u00fc\u00e7\u00fcn uy\u011funlu\u011funa g\u00f6r\u0259 se\u00e7ilir ki, bu da stikerl\u0259rin m\u0259hsullar\u0131n\u0131za effektiv \u015f\u0259kild\u0259 yap\u0131\u015fmas\u0131n\u0131 t\u0259min edir.<\/p>","protected":false},"excerpt":{"rendered":"<p>X\u00fcsusi NFC stikerl\u0259ri brendin autentifikasiyas\u0131 v\u0259 saxtakarl\u0131\u011fa qar\u015f\u0131 m\u00fck\u0259mm\u0259l h\u0259ll t\u0259klif edir. Smartfona sad\u0259 bir toxunu\u015fla m\u0259hsulun qanuniliyini asanl\u0131qla yoxlay\u0131n.<\/p>","protected":false},"featured_media":3668,"template":"","meta":[],"product_brand":[],"product_cat":[48],"product_tag":[],"class_list":{"0":"post-3667","1":"product","2":"type-product","3":"status-publish","4":"has-post-thumbnail","6":"product_cat-nfc-stickers","8":"first","9":"instock","10":"shipping-taxable","11":"product-type-simple"},"_links":{"self":[{"href":"https:\/\/nfc-readers.com\/az\/wp-json\/wp\/v2\/product\/3667","targetHints":{"allow":["GET"]}}],"collection":[{"href":"https:\/\/nfc-readers.com\/az\/wp-json\/wp\/v2\/product"}],"about":[{"href":"https:\/\/nfc-readers.com\/az\/wp-json\/wp\/v2\/types\/product"}],"wp:featuredmedia":[{"embeddable":true,"href":"https:\/\/nfc-readers.com\/az\/wp-json\/wp\/v2\/media\/3668"}],"wp:attachment":[{"href":"https:\/\/nfc-readers.com\/az\/wp-json\/wp\/v2\/media?parent=3667"}],"wp:term":[{"taxonomy":"product_brand","embeddable":true,"href":"https:\/\/nfc-readers.com\/az\/wp-json\/wp\/v2\/product_brand?post=3667"},{"taxonomy":"product_cat","embeddable":true,"href":"https:\/\/nfc-readers.com\/az\/wp-json\/wp\/v2\/product_cat?post=3667"},{"taxonomy":"product_tag","embeddable":true,"href":"https:\/\/nfc-readers.com\/az\/wp-json\/wp\/v2\/product_tag?post=3667"}],"curies":[{"name":"wp","href":"https:\/\/api.w.org\/{rel}","templated":true}]}}