{"id":1493,"date":"2024-04-07T02:35:08","date_gmt":"2024-04-07T02:35:08","guid":{"rendered":"https:\/\/nfc-readers.com\/?post_type=product&#038;p=1493"},"modified":"2024-10-16T07:54:06","modified_gmt":"2024-10-16T07:54:06","slug":"acr1255u-j1-bluetooth-nfc-reader-writer","status":"publish","type":"product","link":"https:\/\/nfc-readers.com\/bs\/ic-reader\/acr1255u-j1-bluetooth-nfc-reader-writer\/","title":{"rendered":"ACR1255U-J1 \u2013 Bluetooth\u00ae NFC \u010dita\u010d\/pisa\u010d"},"content":{"rendered":"<h1>ACR1255U-J1 \u2013 Bluetooth\u00ae NFC \u010dita\u010d\/pisa\u010d<\/h1>\n<p>ACR1255U-J1 ACS Secure Bluetooth\u00ae NFC \u010dita\u010d\/pisa\u010d je dizajniran da omogu\u0107i mobilnu pametnu karticu i NFC aplikacije sa lako\u0107om. Uklju\u010duju\u0107i naprednu beskontaktnu tehnologiju od 13,56 MHz uz Bluetooth\u00ae integraciju, ovaj ure\u0111aj je dokaz moderne prijenosne tehnologije. Podr\u017eava razli\u010dite formate uklju\u010duju\u0107i ISO 14443 tip A i B pametne kartice, MIFARE\u00ae, FeliCa\u00ae, kao i ve\u0107inu NFC oznaka i ure\u0111aji koji zadovoljavaju standard ISO 18092, osiguravaju\u0107i primenljivost ACR1255U-J1 na \u0161iroku lepezu upotrebe. Od provjere autenti\u010dnosti bez dodira za kontrolu pristupa do upravljanja logisti\u010dkim zalihama, njegov raspon primjena je raznolik. ACR1255U-J1 nudi dvostruke mogu\u0107nosti povezivanja. Koristi Bluetooth Low Energy (BLE), poznat i kao Bluetooth, za mobilno povezivanje i USB punu brzinu za direktnu interakciju sa ra\u010dunarom. Ure\u0111aj obavlja operacije \u010ditanja\/pisanja pri brzinama koje dosti\u017eu 424 Kbps, omogu\u0107avaju\u0107i brzi prijenos podataka s beskontaktnim pametnim karticama i NFC ure\u0111ajima. Dizajniran za aktivnosti u pokretu, ACR1255U-J1 ima kompaktnu konstrukciju i crpi energiju iz internog punjivog litijum-jonskog ure\u0111aja baterija. Njegova prenosivost ga \u010dini alatom spremnim za rad s ve\u0107inom pametnih telefona i tableta koji podr\u017eavaju Bluetooth, gdje god da se nalazite. Firmver koji se mo\u017ee nadograditi na terenu je dodatna prednost ACR1255U-J1, koji nudi isplative prednosti i pogodnosti koje \u0161tede vrijeme, dr\u017ee\u0107i korak sa brzim tehnolo\u0161ki napredak i prilago\u0111avanje razli\u010ditim zahtjevima korisnika. Osiguran AES-128 enkripcijom, NFC Bluetooth \u010dita\u010d se bez napora i sigurno povezuje s ure\u0111ajima na Android\u2122 (verzija 4.3 i novije), iOS (verzija 8.0 i novije), kao i Windows\u00ae ( 7 i novije verzije) i Mac OS\u00ae (10.7 i novije). Za desktop upotrebu, ACR1255U-J1 je lak za instalaciju na ra\u010dunare sa Windows\u00ae, zahvaljuju\u0107i PC\/SC i CCID uskla\u0111enosti. Nadalje, kompatibilan je sa Linux\u00ae i Mac OS\u00ae drajverima.<\/p>\n<ul>\n<li>\n<h2>Bluetooth\u00ae interfejs<\/h2>\n<\/li>\n<li>\n<h2>USB 2.0 interfejs pune brzine<\/h2>\n<\/li>\n<li>\n<h2>Izvor napajanja:<\/h2>\n<ul>\n<li>\n<h3>Napaja se baterijama (uklju\u010duje litijum-jonsku bateriju koja se puni preko USB Mini-B porta)<\/h3>\n<\/li>\n<li>\n<h3>Napaja se preko USB-a (preko na\u010dina rada povezanog s PC-om)<\/h3>\n<\/li>\n<\/ul>\n<\/li>\n<li>\n<h2>CCID uskla\u0111enost<\/h2>\n<\/li>\n<li>\n<h2>\u010cita\u010d pametnih kartica:<\/h2>\n<ul>\n<li>\n<h3>Beskontaktni interfejs:<\/h3>\n<ul>\n<li>\n<h4>Brzina \u010ditanja\/pisanja do 424 kbps<\/h4>\n<\/li>\n<li>\n<h4>Ugra\u0111ena antena za beskontaktni pristup tagovima, sa razmakom \u010ditanja kartice do 60 mm (u zavisnosti od tipa oznake)<\/h4>\n<\/li>\n<li>\n<h4>Podr\u017eava ISO 14443 tip A i B kartice, MIFARE, FeliCa i sve 4 vrste NFC (ISO\/IEC 18092) oznaka<\/h4>\n<\/li>\n<li>\n<h4>Ugra\u0111ena funkcija protiv sudara (samo 1 tag se pristupa u bilo kojem trenutku)<\/h4>\n<\/li>\n<li>\n<h4>NFC podr\u0161ka<\/h4>\n<\/li>\n<li>\n<h4>Re\u017eim \u010dita\u010da\/pisa\u010da kartica<\/h4>\n<\/li>\n<\/ul>\n<\/li>\n<\/ul>\n<\/li>\n<li>\n<h2>Ugra\u0111eni periferni ure\u0111aji:<\/h2>\n<ul>\n<li>\n<h3>Dvije dvobojne LED diode koje kontrolira korisnik<\/h3>\n<\/li>\n<li>\n<h3>Zujalica kojom upravlja korisnik<\/h3>\n<\/li>\n<\/ul>\n<\/li>\n<li>\n<h2>Programski interfejs aplikacije:<\/h2>\n<ul>\n<li>\n<h3>Podr\u017eava PC\/SC<\/h3>\n<\/li>\n<li>\n<h3>Podr\u017eava CT-API (kroz omota\u010d na vrhu PC\/SC)<\/h3>\n<\/li>\n<\/ul>\n<\/li>\n<li>\n<h2>Mogu\u0107nost nadogradnje USB firmvera<\/h2>\n<\/li>\n<li>\n<h2>Podr\u017eava Android\u2122 4.3 i novije verzije<\/h2>\n<\/li>\n<li>\n<h2>Podr\u017eava iOS 8.0 i novije verzije<\/h2>\n<\/li>\n<li>\n<table width=\"719\">\n<tbody>\n<tr>\n<td colspan=\"2\" width=\"719\">Fizi\u010dke karakteristike<\/td>\n<\/tr>\n<tr>\n<td width=\"326\">Dimenzije (mm)<\/td>\n<td width=\"393\">85 mm (D) x 54 mm (\u0160) x 10 mm (V)<\/td>\n<\/tr>\n<tr>\n<td width=\"326\">Te\u017eina (g)<\/td>\n<td width=\"393\">37,5 g (74,1 g sa kablom \u00b1 tolerancija 5 g)<\/td>\n<\/tr>\n<tr>\n<td colspan=\"2\" width=\"719\">Bluetooth interfejs<\/td>\n<\/tr>\n<tr>\n<td width=\"326\">Protokol<\/td>\n<td width=\"393\">Bluetooth\u00ae (Bluetooth 4.0)<\/td>\n<\/tr>\n<tr>\n<td width=\"326\">Izvor napajanja<\/td>\n<td width=\"393\">Punjiva litijum-jonska baterija (punjenje preko USB-a)<\/td>\n<\/tr>\n<tr>\n<td width=\"326\">Brzina<\/td>\n<td width=\"393\">1 Mbps<\/td>\n<\/tr>\n<tr>\n<td colspan=\"2\" width=\"719\">USB interfejs<\/td>\n<\/tr>\n<tr>\n<td width=\"326\">Protokol<\/td>\n<td width=\"393\">USB CCID<\/td>\n<\/tr>\n<tr>\n<td width=\"326\">Tip konektora<\/td>\n<td width=\"393\">USB Mini-B<\/td>\n<\/tr>\n<tr>\n<td width=\"326\">Izvor napajanja<\/td>\n<td width=\"393\">Sa USB porta<\/td>\n<\/tr>\n<tr>\n<td width=\"326\">Brzina<\/td>\n<td width=\"393\">USB puna brzina (12 Mbps)<\/td>\n<\/tr>\n<tr>\n<td width=\"326\">Du\u017eina kabla<\/td>\n<td width=\"393\">1 m, odvojiva<\/td>\n<\/tr>\n<tr>\n<td colspan=\"2\" width=\"719\">Interfejs beskontaktne pametne kartice<\/td>\n<\/tr>\n<tr>\n<td width=\"326\">Standard<\/td>\n<td width=\"393\">ISO\/IEC 18092 NFC, ISO 14443 Tip A &amp; B, MIFARE, FeliCa<\/td>\n<\/tr>\n<tr>\n<td width=\"326\">Protokol<\/td>\n<td width=\"393\">Kartica uskla\u0111ena sa ISO 14443-4, T=CL<br \/>\nMIFARE Classic Card, T=CL<br \/>\nISO 18092, NFC oznake<br \/>\nFeliCa<\/td>\n<\/tr>\n<tr>\n<td colspan=\"2\" width=\"719\">Ugra\u0111eni periferni ure\u0111aji<\/td>\n<\/tr>\n<tr>\n<td width=\"326\">LED<\/td>\n<td width=\"393\">2 dvoboje: crvena i plava, crvena i zelena<\/td>\n<\/tr>\n<tr>\n<td width=\"326\">Zujalica<\/td>\n<td width=\"393\">Monotona<\/td>\n<\/tr>\n<tr>\n<td colspan=\"2\" width=\"719\">Ostale karakteristike<\/td>\n<\/tr>\n<tr>\n<td width=\"326\">Enkripcija<\/td>\n<td width=\"393\">Algoritam AES enkripcije unutar ure\u0111aja<\/td>\n<\/tr>\n<tr>\n<td width=\"326\">Nadogradnja firmvera<\/td>\n<td width=\"393\">Podr\u017eano<\/td>\n<\/tr>\n<tr>\n<td colspan=\"2\" width=\"719\">Certifikati\/uskla\u0111enost<\/td>\n<\/tr>\n<tr>\n<td rowspan=\"14\" width=\"326\">Certifikati\/uskla\u0111enost<\/td>\n<td>EN 60950\/IEC 60950<\/td>\n<\/tr>\n<tr>\n<td>ISO 18092<\/td>\n<\/tr>\n<tr>\n<td>ISO 14443<\/td>\n<\/tr>\n<tr>\n<td>USB puna brzina<\/td>\n<\/tr>\n<tr>\n<td>Bluetooth\u00ae<\/td>\n<\/tr>\n<tr>\n<td>PC\/SC<\/td>\n<\/tr>\n<tr>\n<td>CCID<\/td>\n<\/tr>\n<tr>\n<td>CE<\/td>\n<\/tr>\n<tr>\n<td>FCC<\/td>\n<\/tr>\n<tr>\n<td>RoHS<\/td>\n<\/tr>\n<tr>\n<td>REACH<\/td>\n<\/tr>\n<tr>\n<td>VCCI (Japan)<\/td>\n<\/tr>\n<tr>\n<td>BIS (Indija)<\/td>\n<\/tr>\n<tr>\n<td>Microsoft\u00ae WHQL<\/td>\n<\/tr>\n<tr>\n<td colspan=\"2\" width=\"719\">Podr\u0161ka za operativni sistem drajvera ure\u0111aja<\/td>\n<\/tr>\n<tr>\n<td rowspan=\"5\" width=\"326\">Podr\u0161ka za operativni sistem drajvera ure\u0111aja<\/td>\n<td width=\"393\">Windows\u00ae<\/td>\n<\/tr>\n<tr>\n<td width=\"393\">Linux\u00ae<\/td>\n<\/tr>\n<tr>\n<td width=\"393\">MAC OS\u00ae 10.7 i novije verzije<\/td>\n<\/tr>\n<tr>\n<td width=\"393\">Android\u2122 4.3 i novije verzije<\/td>\n<\/tr>\n<tr>\n<td width=\"393\">iOS 8.0 i noviji<\/td>\n<\/tr>\n<\/tbody>\n<\/table>\n<\/li>\n<\/ul>","protected":false},"excerpt":{"rendered":"<p>The ACR1255U-J1 is a versatile Bluetooth\u00ae NFC Reader equipped with RFID technology, enabling seamless mobile and desktop interactions with smart cards and NFC devices.<\/p>","protected":false},"featured_media":1496,"template":"","meta":[],"product_brand":[],"product_cat":[38,40],"product_tag":[],"class_list":{"0":"post-1493","1":"product","2":"type-product","3":"status-publish","4":"has-post-thumbnail","6":"product_cat-mobile-ble-nfc-reader","7":"product_cat-rfid-nfc-reader","9":"first","10":"instock","11":"shipping-taxable","12":"product-type-simple"},"_links":{"self":[{"href":"https:\/\/nfc-readers.com\/bs\/wp-json\/wp\/v2\/product\/1493","targetHints":{"allow":["GET"]}}],"collection":[{"href":"https:\/\/nfc-readers.com\/bs\/wp-json\/wp\/v2\/product"}],"about":[{"href":"https:\/\/nfc-readers.com\/bs\/wp-json\/wp\/v2\/types\/product"}],"wp:featuredmedia":[{"embeddable":true,"href":"https:\/\/nfc-readers.com\/bs\/wp-json\/wp\/v2\/media\/1496"}],"wp:attachment":[{"href":"https:\/\/nfc-readers.com\/bs\/wp-json\/wp\/v2\/media?parent=1493"}],"wp:term":[{"taxonomy":"product_brand","embeddable":true,"href":"https:\/\/nfc-readers.com\/bs\/wp-json\/wp\/v2\/product_brand?post=1493"},{"taxonomy":"product_cat","embeddable":true,"href":"https:\/\/nfc-readers.com\/bs\/wp-json\/wp\/v2\/product_cat?post=1493"},{"taxonomy":"product_tag","embeddable":true,"href":"https:\/\/nfc-readers.com\/bs\/wp-json\/wp\/v2\/product_tag?post=1493"}],"curies":[{"name":"wp","href":"https:\/\/api.w.org\/{rel}","templated":true}]}}