{"id":1511,"date":"2024-04-07T02:55:34","date_gmt":"2024-04-07T02:55:34","guid":{"rendered":"https:\/\/nfc-readers.com\/?post_type=product&#038;p=1511"},"modified":"2024-10-16T08:11:19","modified_gmt":"2024-10-16T08:11:19","slug":"acr1311u-n2-nfc-bluetooth-reader","status":"publish","type":"product","link":"https:\/\/nfc-readers.com\/bs\/ic-reader\/acr1311u-n2-nfc-bluetooth-reader\/","title":{"rendered":"ACR1311U-N2 NFC Bluetooth \u010dita\u010d"},"content":{"rendered":"<h1>ACR1311U-N2 NFC Bluetooth \u010dita\u010d<\/h1>\n<p>ACR1311U-N2 predstavlja primjer prilagodljivog i efikasnog Bluetooth ure\u0111aja NFC \u010dita\u010da. Njegova \u0161iroka kompatibilnost s nekoliko pametnih kartica i NFC standarda, u kombinaciji s jednostavnim, nadogradivim firmverom, osigurava da se isti\u010de kao vi\u0161enamjenski alat za budu\u0107nost pogodan za razli\u010dite RFID i NFC aplikacije.<\/p>\n<ul>\n<li><iframe loading=\"lazy\" title=\"ACR1311 Bluetooth NFC \u010dita\u010d pisa\u010d\" width=\"1020\" height=\"574\" src=\"https:\/\/www.youtube.com\/embed\/gTAp1gC83Q8?feature=oembed\" frameborder=\"0\" allow=\"accelerometer; autoplay; clipboard-write; encrypted-media; gyroscope; picture-in-picture; web-share\" referrerpolicy=\"strict-origin-when-cross-origin\" allowfullscreen><\/iframe>\n<p>Bluetooth\u00ae interfejs<\/li>\n<li>\n<h2>USB 2.0 interfejs pune brzine<\/h2>\n<\/li>\n<li>\n<h2>Izvor napajanja:<\/h2>\n<ul>\n<li>\n<h3>Napaja se baterijama (uklju\u010duje litijum-jonsku bateriju koja se puni preko USB Mini-B porta)<\/h3>\n<\/li>\n<li>\n<h3>Napaja se preko USB-a (preko na\u010dina rada povezanog s PC-om)<\/h3>\n<\/li>\n<\/ul>\n<\/li>\n<li>\n<h2>CCID uskla\u0111enost<\/h2>\n<\/li>\n<li>\n<h2>\u010cita\u010d pametnih kartica:<\/h2>\n<ul>\n<li>\n<h3>Beskontaktni interfejs:<\/h3>\n<ul>\n<li>\n<h4>Brzina \u010ditanja\/pisanja do 424 kbps<\/h4>\n<\/li>\n<li>\n<h4>Ugra\u0111ena antena za beskontaktni pristup tagovima, sa razmakom \u010ditanja kartice do 60 mm (u zavisnosti od tipa oznake)<\/h4>\n<\/li>\n<li>\n<h4>Podr\u017eava ISO 14443 tip A i B kartice, MIFARE, FeliCa i sve 4 vrste NFC (ISO\/IEC 18092) oznaka<\/h4>\n<\/li>\n<li>\n<h4>Ugra\u0111ena funkcija protiv sudara (samo 1 tag se pristupa u bilo kojem trenutku)<\/h4>\n<\/li>\n<li>\n<h4>NFC podr\u0161ka<\/h4>\n<\/li>\n<li>\n<h4>Re\u017eim \u010dita\u010da\/pisa\u010da kartica<\/h4>\n<\/li>\n<\/ul>\n<\/li>\n<\/ul>\n<\/li>\n<li>\n<h2>Ugra\u0111eni periferni ure\u0111aji:<\/h2>\n<ul>\n<li>\n<h3>Dvije dvobojne LED diode koje kontrolira korisnik<\/h3>\n<\/li>\n<li>\n<h3>Zujalica kojom upravlja korisnik<\/h3>\n<\/li>\n<\/ul>\n<\/li>\n<li>\n<h2>Programski interfejs aplikacije:<\/h2>\n<ul>\n<li>\n<h3>Podr\u017eava PC\/SC<\/h3>\n<\/li>\n<li>\n<h3>Podr\u017eava CT-API (kroz omota\u010d na vrhu PC\/SC)<\/h3>\n<\/li>\n<\/ul>\n<\/li>\n<li>\n<h2>Mogu\u0107nost nadogradnje USB firmvera<\/h2>\n<\/li>\n<li>\n<h2>Podr\u017eava Android\u2122 4.3 i novije verzije<\/h2>\n<\/li>\n<li>\n<h2>Podr\u017eava iOS 8.0 i novije verzije<\/h2>\n<\/li>\n<\/ul>\n<p><iframe loading=\"lazy\" title=\"Be\u017ei\u010dni NFC \u010dita\u010d kartica Writer | ACR1311U N2\" width=\"1020\" height=\"574\" src=\"https:\/\/www.youtube.com\/embed\/mSzbe8xRJLQ?feature=oembed\" frameborder=\"0\" allow=\"accelerometer; autoplay; clipboard-write; encrypted-media; gyroscope; picture-in-picture; web-share\" referrerpolicy=\"strict-origin-when-cross-origin\" allowfullscreen><\/iframe><\/p>\n<ul>\n<li>\n<table style=\"height: 1029px;\" width=\"722\">\n<tbody>\n<tr>\n<td colspan=\"2\" width=\"775\">Fizi\u010dke karakteristike<\/td>\n<\/tr>\n<tr>\n<td width=\"382\">Dimenzije (mm)<\/td>\n<td width=\"393\">60 mm (D) \u00d7 47,98 mm (\u0160) \u00d7 12 mm (V)<\/td>\n<\/tr>\n<tr>\n<td width=\"382\">Te\u017eina (g)<\/td>\n<td width=\"393\">30g<\/td>\n<\/tr>\n<tr>\n<td colspan=\"2\" width=\"775\">Bluetooth interfejs<\/td>\n<\/tr>\n<tr>\n<td width=\"382\">Protokol<\/td>\n<td width=\"393\">Bluetooth\u00ae (Bluetooth 4.0)<\/td>\n<\/tr>\n<tr>\n<td width=\"382\">Izvor napajanja<\/td>\n<td width=\"393\">Punjiva litijum-jonska baterija (punjenje preko USB-a)<\/td>\n<\/tr>\n<tr>\n<td width=\"382\">Brzina<\/td>\n<td width=\"393\">1 Mbps<\/td>\n<\/tr>\n<tr>\n<td colspan=\"2\" width=\"775\">USB interfejs<\/td>\n<\/tr>\n<tr>\n<td width=\"382\">Protokol<\/td>\n<td width=\"393\">USB CCID<\/td>\n<\/tr>\n<tr>\n<td width=\"382\">Tip konektora<\/td>\n<td width=\"393\">USB Micro<\/td>\n<\/tr>\n<tr>\n<td width=\"382\">Izvor napajanja<\/td>\n<td width=\"393\">Sa USB porta<\/td>\n<\/tr>\n<tr>\n<td width=\"382\">Brzina<\/td>\n<td width=\"393\">USB puna brzina (12 Mbps)<\/td>\n<\/tr>\n<tr>\n<td width=\"382\">Du\u017eina kabla<\/td>\n<td width=\"393\">1 m, odvojiva<\/td>\n<\/tr>\n<tr>\n<td colspan=\"2\" width=\"775\">Interfejs beskontaktne pametne kartice<\/td>\n<\/tr>\n<tr>\n<td width=\"382\">Standard<\/td>\n<td width=\"393\">ISO 14443 Tip A &amp; B, MIFARE, DESFire<\/td>\n<\/tr>\n<tr>\n<td width=\"382\">Protokol<\/td>\n<td width=\"393\">ISO 14443 T=CL za kartice uskla\u0111ene s ISO14443-4 i T=CL emulacija za MIFARE Classic 1K\/4K i NFC oznake<\/td>\n<\/tr>\n<tr>\n<td colspan=\"2\" width=\"775\">Ugra\u0111eni periferni ure\u0111aji<\/td>\n<\/tr>\n<tr>\n<td width=\"382\">LED<\/td>\n<td width=\"393\">2 dvoboje: crvena i plava, crvena i zelena<\/td>\n<\/tr>\n<tr>\n<td width=\"382\">Zujalica<\/td>\n<td width=\"393\">Monotona<\/td>\n<\/tr>\n<tr>\n<td colspan=\"2\" width=\"775\">Ostale karakteristike<\/td>\n<\/tr>\n<tr>\n<td width=\"382\">Nadogradnja firmvera<\/td>\n<td width=\"393\">Podr\u017eano<\/td>\n<\/tr>\n<tr>\n<td colspan=\"2\" width=\"775\">Certifikati\/uskla\u0111enost<\/td>\n<\/tr>\n<tr>\n<td rowspan=\"9\" width=\"382\">Certifikati\/uskla\u0111enost<\/td>\n<td>EN 60950\/IEC 60950<\/td>\n<\/tr>\n<tr>\n<td>ISO 14443<\/td>\n<\/tr>\n<tr>\n<td>USB puna brzina<\/td>\n<\/tr>\n<tr>\n<td>Bluetooth\u00ae<\/td>\n<\/tr>\n<tr>\n<td>PC\/SC<\/td>\n<\/tr>\n<tr>\n<td>CCID<\/td>\n<\/tr>\n<tr>\n<td>RoHS2<\/td>\n<\/tr>\n<tr>\n<td>REACH<\/td>\n<\/tr>\n<tr>\n<td>Microsoft\u00ae WHQL<\/td>\n<\/tr>\n<tr>\n<td colspan=\"2\" width=\"775\">Podr\u0161ka za operativni sistem drajvera ure\u0111aja<\/td>\n<\/tr>\n<tr>\n<td rowspan=\"5\" width=\"382\">Podr\u0161ka za operativni sistem drajvera ure\u0111aja<\/td>\n<td width=\"393\">Windows\u00ae<\/td>\n<\/tr>\n<tr>\n<td width=\"393\">Linux\u00ae<\/td>\n<\/tr>\n<tr>\n<td width=\"393\">MAC OS\u00ae 10.7 i novije verzije<\/td>\n<\/tr>\n<tr>\n<td width=\"393\">Android\u2122 4.3 i novije verzije<\/td>\n<\/tr>\n<tr>\n<td width=\"393\">iOS 8.0 i noviji<\/td>\n<\/tr>\n<\/tbody>\n<\/table>\n<\/li>\n<\/ul>","protected":false},"excerpt":{"rendered":"<p>The ACR1311U-N2 is a versatile Bluetooth NFC Secure Reader , supporting RFID applications for access control and inventory management.<\/p>","protected":false},"featured_media":1507,"template":"","meta":[],"product_brand":[],"product_cat":[38,40],"product_tag":[],"class_list":{"0":"post-1511","1":"product","2":"type-product","3":"status-publish","4":"has-post-thumbnail","6":"product_cat-mobile-ble-nfc-reader","7":"product_cat-rfid-nfc-reader","9":"first","10":"instock","11":"shipping-taxable","12":"product-type-simple"},"_links":{"self":[{"href":"https:\/\/nfc-readers.com\/bs\/wp-json\/wp\/v2\/product\/1511","targetHints":{"allow":["GET"]}}],"collection":[{"href":"https:\/\/nfc-readers.com\/bs\/wp-json\/wp\/v2\/product"}],"about":[{"href":"https:\/\/nfc-readers.com\/bs\/wp-json\/wp\/v2\/types\/product"}],"wp:featuredmedia":[{"embeddable":true,"href":"https:\/\/nfc-readers.com\/bs\/wp-json\/wp\/v2\/media\/1507"}],"wp:attachment":[{"href":"https:\/\/nfc-readers.com\/bs\/wp-json\/wp\/v2\/media?parent=1511"}],"wp:term":[{"taxonomy":"product_brand","embeddable":true,"href":"https:\/\/nfc-readers.com\/bs\/wp-json\/wp\/v2\/product_brand?post=1511"},{"taxonomy":"product_cat","embeddable":true,"href":"https:\/\/nfc-readers.com\/bs\/wp-json\/wp\/v2\/product_cat?post=1511"},{"taxonomy":"product_tag","embeddable":true,"href":"https:\/\/nfc-readers.com\/bs\/wp-json\/wp\/v2\/product_tag?post=1511"}],"curies":[{"name":"wp","href":"https:\/\/api.w.org\/{rel}","templated":true}]}}