{"id":1512,"date":"2024-04-07T03:03:03","date_gmt":"2024-04-07T03:03:03","guid":{"rendered":"https:\/\/nfc-readers.com\/?post_type=product&#038;p=1512"},"modified":"2024-10-16T08:13:55","modified_gmt":"2024-10-16T08:13:55","slug":"acr35-nfc-mobilemate-card-reader","status":"publish","type":"product","link":"https:\/\/nfc-readers.com\/bs\/ic-reader\/acr35-nfc-mobilemate-card-reader\/","title":{"rendered":"ACR35 NFC MobileMate \u010dita\u010d kartica"},"content":{"rendered":"<h1>ACR35 NFC MobileMate \u010dita\u010d kartica<\/h1>\n<p>ACR35 NFC MobileMate \u010dita\u010d kartica je kompaktan, moderan i prenosiv NFC \u010dita\u010d koji nudi bezbedno, korisni\u010dko iskustvo. Njegove napredne karakteristike enkripcije i pogodnost punjivog napajanja \u010dine ga vrijednom imovinom za sigurne mobilne transakcije, utjelovljuju\u0107i savr\u0161en spoj funkcionalnosti i prenosivosti za aktivne korisnike.<\/p>\n<p>&nbsp;<\/p>\n<p>3,5 mm audio priklju\u010dak<br \/>\nNapaja se litijum-jonskom baterijom (punjivo preko PC-povezanog na\u010dina rada)<br \/>\n\u010cita\u010d pametnih kartica:<br \/>\nUgra\u0111ena antena za beskontaktni pristup tagovima, sa udaljenosti \u010ditanja do 50 mm (u zavisnosti od tipa oznake)<br \/>\nPodr\u017eava ISO 14443 Part 4 kartice tipa A i B<br \/>\nPodr\u017eava MIFARE<br \/>\nPodr\u017eava FeliCa<br \/>\nPodr\u017eava ISO 18092 oznake (NFC oznake)*<br \/>\nUgra\u0111ena funkcija protiv sudara<br \/>\nNFC podr\u0161ka:<br \/>\nRe\u017eim \u010dita\u010da\/pisanja kartica<br \/>\n\u010cita\u010d kartica sa magnetnom trakom:<br \/>\n\u010cita do dva staza podataka o kartici (Track 1 \/ Track 2)<br \/>\nMogu\u0107nost dvosmjernog \u010ditanja<br \/>\nPodr\u017eava AES128 algoritam \u0161ifriranja<br \/>\nPodr\u017eava DUKPT sistem upravljanja klju\u010devima<br \/>\nPodr\u017eava ISO 7810 \/ 7811 magnetne kartice<br \/>\nPodr\u017eava magnetne kartice visoke i niske koercitivnosti<br \/>\nPodr\u017eava JIS1 i JIS2<\/p>\n<table width=\"769\">\n<tbody>\n<tr>\n<td colspan=\"2\" width=\"769\">Fizi\u010dke karakteristike<\/td>\n<\/tr>\n<tr>\n<td width=\"376\">Dimenzije (mm)<\/td>\n<td width=\"393\">60,0 mm (D) x 45,0 mm (\u0160) x 13,3 mm (V)<\/td>\n<\/tr>\n<tr>\n<td width=\"376\">Te\u017eina (g)<\/td>\n<td width=\"393\">29,0 g (sa baterijom)<\/td>\n<\/tr>\n<tr>\n<td colspan=\"2\" width=\"769\">Audio Jack komunikacijski interfejs<\/td>\n<\/tr>\n<tr>\n<td width=\"376\">Protokol<\/td>\n<td width=\"393\">Dvosmjerni audio priklju\u010dak<\/td>\n<\/tr>\n<tr>\n<td width=\"376\">Tip konektora<\/td>\n<td width=\"393\">3,5 mm 4-polni audio priklju\u010dak<\/td>\n<\/tr>\n<tr>\n<td width=\"376\">Izvor napajanja<\/td>\n<td width=\"393\">Napaja se baterijama<\/td>\n<\/tr>\n<tr>\n<td colspan=\"2\" width=\"769\">USB interfejs<\/td>\n<\/tr>\n<tr>\n<td width=\"376\">Tip konektora<\/td>\n<td width=\"393\">Micro-USB<\/td>\n<\/tr>\n<tr>\n<td width=\"376\">Izvor napajanja<\/td>\n<td width=\"393\">Sa USB porta<\/td>\n<\/tr>\n<tr>\n<td width=\"376\">Du\u017eina kabla<\/td>\n<td width=\"393\">1 m, odvojiva<\/td>\n<\/tr>\n<tr>\n<td colspan=\"2\" width=\"769\">Interfejs beskontaktne pametne kartice<\/td>\n<\/tr>\n<tr>\n<td width=\"376\">Standard<\/td>\n<td width=\"393\">ISO\/IEC 18092 NFC, ISO 14443 Tip A &amp; B, MIFARE, FeliCa<\/td>\n<\/tr>\n<tr>\n<td rowspan=\"4\" width=\"376\">Protokol<\/td>\n<td width=\"393\">Kartica uskla\u0111ena sa ISO 14443-4, T=CL<\/td>\n<\/tr>\n<tr>\n<td width=\"393\">MIFARE Classic Card, T=CL<\/td>\n<\/tr>\n<tr>\n<td width=\"393\">ISO 18092, NFC oznake<\/td>\n<\/tr>\n<tr>\n<td width=\"393\">FeliCa<\/td>\n<\/tr>\n<tr>\n<td colspan=\"2\" width=\"769\">Interfejs magnetne kartice<\/td>\n<\/tr>\n<tr>\n<td rowspan=\"2\" width=\"376\">Standard<\/td>\n<td width=\"393\">ISO 7810\/7811 Hi-Co i Low-Co magnetne kartice<\/td>\n<\/tr>\n<tr>\n<td width=\"393\">JIS 1 i JIS 2<\/td>\n<\/tr>\n<tr>\n<td colspan=\"2\" width=\"769\">Ostale karakteristike<\/td>\n<\/tr>\n<tr>\n<td rowspan=\"2\" width=\"376\">Enkripcija<\/td>\n<td width=\"393\">Algoritam AES enkripcije unutar ure\u0111aja<\/td>\n<\/tr>\n<tr>\n<td width=\"393\">DUKPT sistem upravljanja klju\u010devima<\/td>\n<\/tr>\n<tr>\n<td colspan=\"2\" width=\"769\">Certifikati\/uskla\u0111enost<\/td>\n<\/tr>\n<tr>\n<td rowspan=\"10\" width=\"376\">Certifikati\/uskla\u0111enost<\/td>\n<td>EN 60950\/IEC 60950<\/td>\n<\/tr>\n<tr>\n<td>ISO 7811<\/td>\n<\/tr>\n<tr>\n<td>ISO 18092<\/td>\n<\/tr>\n<tr>\n<td>ISO 14443<\/td>\n<\/tr>\n<tr>\n<td>VCCI (Japan)<\/td>\n<\/tr>\n<tr>\n<td>KC (Koreja)<\/td>\n<\/tr>\n<tr>\n<td>CE<\/td>\n<\/tr>\n<tr>\n<td>FCC<\/td>\n<\/tr>\n<tr>\n<td>RoHS 2<\/td>\n<\/tr>\n<tr>\n<td>REACH<\/td>\n<\/tr>\n<tr>\n<td colspan=\"2\" width=\"769\">Podr\u0161ka za operativni sistem drajvera ure\u0111aja<\/td>\n<\/tr>\n<tr>\n<td rowspan=\"2\" width=\"376\">Podr\u0161ka za operativni sistem drajvera ure\u0111aja<\/td>\n<td>Android\u2122 2.0 i novije verzije<\/td>\n<\/tr>\n<tr>\n<td>iOS 5.0 i novije verzije<\/td>\n<\/tr>\n<\/tbody>\n<\/table>","protected":false},"excerpt":{"rendered":"<p>The ACR35 NFC MobileMate Reader is a portable contactless Reader that enhances mobile devices, offering secure NFC transactions for users on the move.<\/p>","protected":false},"featured_media":1499,"template":"","meta":[],"product_brand":[],"product_cat":[38],"product_tag":[],"class_list":{"0":"post-1512","1":"product","2":"type-product","3":"status-publish","4":"has-post-thumbnail","6":"product_cat-mobile-ble-nfc-reader","8":"first","9":"instock","10":"shipping-taxable","11":"product-type-simple"},"_links":{"self":[{"href":"https:\/\/nfc-readers.com\/bs\/wp-json\/wp\/v2\/product\/1512","targetHints":{"allow":["GET"]}}],"collection":[{"href":"https:\/\/nfc-readers.com\/bs\/wp-json\/wp\/v2\/product"}],"about":[{"href":"https:\/\/nfc-readers.com\/bs\/wp-json\/wp\/v2\/types\/product"}],"wp:featuredmedia":[{"embeddable":true,"href":"https:\/\/nfc-readers.com\/bs\/wp-json\/wp\/v2\/media\/1499"}],"wp:attachment":[{"href":"https:\/\/nfc-readers.com\/bs\/wp-json\/wp\/v2\/media?parent=1512"}],"wp:term":[{"taxonomy":"product_brand","embeddable":true,"href":"https:\/\/nfc-readers.com\/bs\/wp-json\/wp\/v2\/product_brand?post=1512"},{"taxonomy":"product_cat","embeddable":true,"href":"https:\/\/nfc-readers.com\/bs\/wp-json\/wp\/v2\/product_cat?post=1512"},{"taxonomy":"product_tag","embeddable":true,"href":"https:\/\/nfc-readers.com\/bs\/wp-json\/wp\/v2\/product_tag?post=1512"}],"curies":[{"name":"wp","href":"https:\/\/api.w.org\/{rel}","templated":true}]}}