{"id":1527,"date":"2024-04-07T04:11:14","date_gmt":"2024-04-07T04:11:14","guid":{"rendered":"https:\/\/nfc-readers.com\/?post_type=product&#038;p=1527"},"modified":"2024-10-16T08:04:40","modified_gmt":"2024-10-16T08:04:40","slug":"acr39u-nf-pocketmate-ii-usb-type-c-smart-card-reader","status":"publish","type":"product","link":"https:\/\/nfc-readers.com\/bs\/ic-reader\/acr39u-nf-pocketmate-ii-usb-type-c-smart-card-reader\/","title":{"rendered":"ACR39U-NF PocketMate II (USB Type-C) \u010dita\u010d pametnih kartica"},"content":{"rendered":"<h1>ACR39U-NF PocketMate II (USB Type-C) \u010dita\u010d pametnih kartica<\/h1>\n<p>ACR39 PocketMate II predstavlja kompaktan, ali robustan prijenosni NFC \u010dita\u010d i rje\u0161enje \u010dita\u010da pametnih kartica koje pokriva \u0161irok spektar sigurnih aplikacija. Njegova najsavremenija USB Type C povezivost, \u0161iroka podr\u0161ka za kartice i multi-platformska integracija \u010dine ga nezamjenjivim alatom za sigurne i fleksibilne operacije na ra\u010dunarskim i mobilnim domenima.<\/p>\n<ul>\n<li>\n<h2>USB 2.0 interfejs pune brzine<\/h2>\n<\/li>\n<li>\n<h2>USB Type-C konektor<\/h2>\n<\/li>\n<li>\n<h2>Plug and Play \u2013 CCID podr\u0161ka donosi najve\u0107u mobilnost<\/h2>\n<\/li>\n<li>\n<h2>Dizajn okretnog pokreta<\/h2>\n<\/li>\n<li>\n<h2>\u010cita\u010d pametnih kartica:<\/h2>\n<ul>\n<li>\n<h3>Podr\u017eava kartice ISO 7816 klase A, B i C (5 V, 3 V, 1,8 V)<\/h3>\n<\/li>\n<li>\n<h3>Podr\u017eava CAC<\/h3>\n<\/li>\n<li>\n<h3>Podr\u017eava SIPRNET karticu<\/h3>\n<\/li>\n<li>\n<h3>Podr\u017eava J-LIS karticu<\/h3>\n<\/li>\n<li>\n<h3>Podr\u017eava Mykad karticu<\/h3>\n<\/li>\n<li>\n<h3>Podr\u017eava mikroprocesorske kartice sa T=0 ili T=1 protokolom<\/h3>\n<\/li>\n<li>\n<h3>Podr\u017eava memorijske kartice<\/h3>\n<\/li>\n<li>\n<h3>Podr\u017eava PPS (odabir protokola i parametara)<\/h3>\n<\/li>\n<li>\n<h3>Karakteristike za\u0161tite od kratkog spoja<\/h3>\n<\/li>\n<\/ul>\n<\/li>\n<li>\n<h2>Programski interfejs aplikacije:<\/h2>\n<ul>\n<li>\n<h3>Podr\u017eava PC\/SC<\/h3>\n<\/li>\n<li>\n<h3>Podr\u017eava CT-API CT-API (kroz omota\u010d na vrhu PC\/SC)<\/h3>\n<\/li>\n<\/ul>\n<\/li>\n<li>\n<h2>Podr\u017eava Android\u2122 3.1 i novije verzije<\/h2>\n<\/li>\n<li>\n<div>\n<table width=\"719\">\n<tbody>\n<tr>\n<td colspan=\"2\" width=\"719\">Fizi\u010dke karakteristike<\/td>\n<\/tr>\n<tr>\n<td width=\"326\">Dimenzije (mm)<\/td>\n<td width=\"393\">58,0 mm (D) x 20,0 mm (\u0160) x13,9 mm (V)<\/td>\n<\/tr>\n<tr>\n<td width=\"326\">Te\u017eina (g)<\/td>\n<td width=\"393\">10 g<\/td>\n<\/tr>\n<tr>\n<td colspan=\"2\" width=\"719\">USB interfejs<\/td>\n<\/tr>\n<tr>\n<td width=\"326\">Protokol<\/td>\n<td width=\"393\">USB CCID<\/td>\n<\/tr>\n<tr>\n<td width=\"326\">Tip konektora<\/td>\n<td width=\"393\">Standardni tip C<\/td>\n<\/tr>\n<tr>\n<td width=\"326\">Izvor napajanja<\/td>\n<td width=\"393\">Sa USB porta<\/td>\n<\/tr>\n<tr>\n<td width=\"326\">Brzina<\/td>\n<td width=\"393\">USB puna brzina (12 Mbps)<\/td>\n<\/tr>\n<tr>\n<td colspan=\"2\" width=\"719\">Kontaktirajte Smart Card Interface<\/td>\n<\/tr>\n<tr>\n<td width=\"326\">Broj slotova<\/td>\n<td width=\"393\">1 Utor za kartice pune veli\u010dine<\/td>\n<\/tr>\n<tr>\n<td width=\"326\">Standard<\/td>\n<td width=\"393\">ISO 7816 dijelovi 1-3, klasa A, B, C (5 V, 3 V, 1,8 V)<\/td>\n<\/tr>\n<tr>\n<td width=\"326\">Protokol<\/td>\n<td width=\"393\">T=0; T=1; Podr\u0161ka za memorijsku karticu<\/td>\n<\/tr>\n<tr>\n<td width=\"326\">Drugi<\/td>\n<td width=\"393\">CAC, PIV, SIPRNET, J-LIS Smart kartice<\/td>\n<\/tr>\n<tr>\n<td colspan=\"2\" width=\"719\">Certifikati\/uskla\u0111enost<\/td>\n<\/tr>\n<tr>\n<td rowspan=\"16\" width=\"326\">Certifikati\/uskla\u0111enost<\/td>\n<td>EN 60950\/IEC 60950<\/td>\n<\/tr>\n<tr>\n<td>ISO 7816<\/td>\n<\/tr>\n<tr>\n<td>USB puna brzina<\/td>\n<\/tr>\n<tr>\n<td>EMV\u2122 Nivo 1 (Kontakt)<\/td>\n<\/tr>\n<tr>\n<td>PC\/SC<\/td>\n<\/tr>\n<tr>\n<td>CCID<\/td>\n<\/tr>\n<tr>\n<td>TAA (SAD)<\/td>\n<\/tr>\n<tr>\n<td>VCCI (Japan)<\/td>\n<\/tr>\n<tr>\n<td>J-LIS (Japan)<\/td>\n<\/tr>\n<tr>\n<td>PBOC (Kina)<\/td>\n<\/tr>\n<tr>\n<td>CE<\/td>\n<\/tr>\n<tr>\n<td>FCC<\/td>\n<\/tr>\n<tr>\n<td>WEEE<\/td>\n<\/tr>\n<tr>\n<td>RoHS 2<\/td>\n<\/tr>\n<tr>\n<td>REACH<\/td>\n<\/tr>\n<tr>\n<td>Microsoft\u00ae WHQL<\/td>\n<\/tr>\n<tr>\n<td colspan=\"2\" width=\"719\">Podr\u0161ka za operativni sistem drajvera ure\u0111aja<\/td>\n<\/tr>\n<tr>\n<td rowspan=\"5\" width=\"326\">Podr\u0161ka za operativni sistem drajvera ure\u0111aja<\/td>\n<td>Windows\u00ae<\/td>\n<\/tr>\n<tr>\n<td>Linux\u00ae<\/td>\n<\/tr>\n<tr>\n<td>MAC OS\u00ae<\/td>\n<\/tr>\n<tr>\n<td>Solaris<\/td>\n<\/tr>\n<tr>\n<td>Android\u2122 3.1 i novije verzije<\/td>\n<\/tr>\n<\/tbody>\n<\/table>\n<\/div>\n<\/li>\n<\/ul>","protected":false},"excerpt":{"rendered":"<p>The ACR39U PocketMate II is a compact USB Type C Secure Reader that offers high-speed performance for smart card applications, including digital signatures and secure banking.<\/p>","protected":false},"featured_media":1530,"template":"","meta":[],"product_brand":[],"product_cat":[39],"product_tag":[],"class_list":{"0":"post-1527","1":"product","2":"type-product","3":"status-publish","4":"has-post-thumbnail","6":"product_cat-usb-ic-smartcard-reader","8":"first","9":"instock","10":"shipping-taxable","11":"product-type-simple"},"_links":{"self":[{"href":"https:\/\/nfc-readers.com\/bs\/wp-json\/wp\/v2\/product\/1527","targetHints":{"allow":["GET"]}}],"collection":[{"href":"https:\/\/nfc-readers.com\/bs\/wp-json\/wp\/v2\/product"}],"about":[{"href":"https:\/\/nfc-readers.com\/bs\/wp-json\/wp\/v2\/types\/product"}],"wp:featuredmedia":[{"embeddable":true,"href":"https:\/\/nfc-readers.com\/bs\/wp-json\/wp\/v2\/media\/1530"}],"wp:attachment":[{"href":"https:\/\/nfc-readers.com\/bs\/wp-json\/wp\/v2\/media?parent=1527"}],"wp:term":[{"taxonomy":"product_brand","embeddable":true,"href":"https:\/\/nfc-readers.com\/bs\/wp-json\/wp\/v2\/product_brand?post=1527"},{"taxonomy":"product_cat","embeddable":true,"href":"https:\/\/nfc-readers.com\/bs\/wp-json\/wp\/v2\/product_cat?post=1527"},{"taxonomy":"product_tag","embeddable":true,"href":"https:\/\/nfc-readers.com\/bs\/wp-json\/wp\/v2\/product_tag?post=1527"}],"curies":[{"name":"wp","href":"https:\/\/api.w.org\/{rel}","templated":true}]}}