{"id":1542,"date":"2024-04-07T06:09:00","date_gmt":"2024-04-07T06:09:00","guid":{"rendered":"https:\/\/nfc-readers.com\/?post_type=product&#038;p=1542"},"modified":"2024-10-16T07:16:12","modified_gmt":"2024-10-16T07:16:12","slug":"acr122u-nfc-reader-writer","status":"publish","type":"product","link":"https:\/\/nfc-readers.com\/bs\/ic-reader\/acr122u-nfc-reader-writer\/","title":{"rendered":"ACR122U NFC \u010dita\u010d za pisanje"},"content":{"rendered":"<h1>ACR122U NFC \u010dita\u010d za pisanje<\/h1>\n<p><span style=\"color: #555555;\">ACR122U je vrhunski NFC \u010dita\u010d i pisa\u010d kartica, obilje\u017een svojom \u0161irokom kompatibilno\u0161\u0107u kartica, lako\u0107om integracije i brzim radnim brzinama. Slu\u017ei kao siguran, korisniku prilago\u0111en POS terminal sa mogu\u0107nostima NFC \u010dita\u010da. Oja\u010dan dodatnim karakteristikama kao \u0161to su SDK prilago\u0111en programerima, otporan oblik i robusna enkripcija, ACR122U predstavlja kompletno, pouzdano rje\u0161enje za svakoga kome je potrebna napredna i sigurna beskontaktna interakcija u svojoj operativnoj infrastrukturi.<\/span><\/p>\n<p><iframe loading=\"lazy\" title=\"ACR122U NFC \u010dita\u010d za pisanje\" width=\"1020\" height=\"574\" src=\"https:\/\/www.youtube.com\/embed\/uWYpJXXT7_Q?feature=oembed\" frameborder=\"0\" allow=\"accelerometer; autoplay; clipboard-write; encrypted-media; gyroscope; picture-in-picture; web-share\" referrerpolicy=\"strict-origin-when-cross-origin\" allowfullscreen><\/iframe><\/p>\n<ul>\n<li>\n<h2>USB interfejs pune brzine<\/h2>\n<\/li>\n<li>\n<h2>CCID uskla\u0111enost<\/h2>\n<\/li>\n<li>\n<h2>\u010cita\u010d pametnih kartica:<\/h2>\n<ul>\n<li>\n<h3>Beskontaktni interfejs:<\/h3>\n<ul>\n<li>\n<h4>Brzina \u010ditanja\/pisanja do 424 kbps<\/h4>\n<\/li>\n<li>\n<h4>Ugra\u0111ena antena za beskontaktni pristup tagovima, sa razmakom \u010ditanja kartice do 30 mm (u zavisnosti od tipa oznake)<\/h4>\n<\/li>\n<li>\n<h4>Podr\u017eava ISO 14443 tip A i B kartice, MIFARE\u00ae, FeliCa i sva 4 tipa NFC (ISO\/IEC 18092) oznaka<\/h4>\n<\/li>\n<li>\n<h4>Ugra\u0111ena funkcija protiv sudara (samo 1 tag se pristupa u bilo kojem trenutku)<\/h4>\n<\/li>\n<li>\n<h4>NFC podr\u0161ka<\/h4>\n<\/li>\n<li>\n<h4>Re\u017eim \u010dita\u010da\/pisa\u010da kartica<\/h4>\n<\/li>\n<\/ul>\n<\/li>\n<\/ul>\n<\/li>\n<li>\n<h2>Ugra\u0111eni periferni ure\u0111aji:<\/h2>\n<ul>\n<li>\n<h3>LED diode:<\/h3>\n<ul>\n<li>\n<h4>Dvobojna LED dioda koju kontrolira korisnik<\/h4>\n<\/li>\n<\/ul>\n<\/li>\n<\/ul>\n<\/li>\n<li>\n<h2>Programski interfejs aplikacije:<\/h2>\n<ul>\n<li>\n<h3>Podr\u017eava PC\/SC<\/h3>\n<\/li>\n<li>\n<h3>Podr\u017eava CT-API (kroz omota\u010d na vrhu PC\/SC)<\/h3>\n<\/li>\n<\/ul>\n<\/li>\n<li>\n<h2>Mogu\u0107nost nadogradnje USB firmvera<\/h2>\n<\/li>\n<li>\n<h2>Podr\u017eava Android\u2122 3.1 i novije verzije<\/h2>\n<\/li>\n<li>\n<div>\n<table width=\"854\">\n<tbody>\n<tr>\n<td colspan=\"3\" width=\"854\">Fizi\u010dke karakteristike<\/td>\n<\/tr>\n<tr>\n<td width=\"400\">Dimenzije (mm)<\/td>\n<td width=\"61\"><\/td>\n<td width=\"393\">98,0 mm (D) x 65,0 mm (\u0160) x 12,8 mm (V)<\/td>\n<\/tr>\n<tr>\n<td width=\"400\">Te\u017eina (g)<\/td>\n<td width=\"61\"><\/td>\n<td width=\"393\">70 g<\/td>\n<\/tr>\n<tr>\n<td colspan=\"3\" width=\"854\">USB interfejs<\/td>\n<\/tr>\n<tr>\n<td width=\"400\">Protokol<\/td>\n<td width=\"61\"><\/td>\n<td width=\"393\">USB CCID<\/td>\n<\/tr>\n<tr>\n<td width=\"400\">Izvor napajanja<\/td>\n<td width=\"61\"><\/td>\n<td width=\"393\">Sa USB porta<\/td>\n<\/tr>\n<tr>\n<td width=\"400\">Brzina<\/td>\n<td width=\"61\"><\/td>\n<td width=\"393\">USB puna brzina (12 Mbps)<\/td>\n<\/tr>\n<tr>\n<td width=\"400\">Du\u017eina kabla<\/td>\n<td width=\"61\"><\/td>\n<td width=\"393\">1,0 m, fiksno<\/td>\n<\/tr>\n<tr>\n<td colspan=\"3\" width=\"854\">Interfejs beskontaktne pametne kartice<\/td>\n<\/tr>\n<tr>\n<td width=\"400\">Standard<\/td>\n<td width=\"61\"><\/td>\n<td width=\"393\">ISO\/IEC 18092 NFC, ISO 14443 Tip A &amp; B, MIFARE\u00ae, FeliCa<\/td>\n<\/tr>\n<tr>\n<td rowspan=\"4\" width=\"400\">Protokol<\/td>\n<td width=\"61\"><\/td>\n<td width=\"393\">Kartica uskla\u0111ena sa ISO 14443-4, T=CL<\/td>\n<\/tr>\n<tr>\n<td width=\"61\"><\/td>\n<td width=\"393\">MIFARE\u00ae Classic Card, T=CL<\/td>\n<\/tr>\n<tr>\n<td width=\"61\"><\/td>\n<td width=\"393\">ISO18092, NFC oznake<\/td>\n<\/tr>\n<tr>\n<td width=\"61\"><\/td>\n<td width=\"393\">FeliCa<\/td>\n<\/tr>\n<tr>\n<td colspan=\"3\" width=\"854\">Ugra\u0111eni periferni ure\u0111aji<\/td>\n<\/tr>\n<tr>\n<td width=\"400\">LED<\/td>\n<td width=\"61\"><\/td>\n<td width=\"393\">1 dvobojna: crvena i zelena<\/td>\n<\/tr>\n<tr>\n<td width=\"400\">Zujalica<\/td>\n<td width=\"61\"><\/td>\n<td width=\"393\">Monotona<\/td>\n<\/tr>\n<tr>\n<td colspan=\"3\" width=\"854\">Certifikati\/uskla\u0111enost<\/td>\n<\/tr>\n<tr>\n<td rowspan=\"13\" width=\"400\">Certifikati\/uskla\u0111enost<\/td>\n<td width=\"61\"><\/td>\n<td width=\"393\">EN 60950\/IEC 60950<\/td>\n<\/tr>\n<tr>\n<td width=\"61\"><\/td>\n<td width=\"393\">ISO 18092<\/td>\n<\/tr>\n<tr>\n<td width=\"61\"><\/td>\n<td width=\"393\">ISO 14443<\/td>\n<\/tr>\n<tr>\n<td width=\"61\"><\/td>\n<td width=\"393\">USB puna brzina<\/td>\n<\/tr>\n<tr>\n<td width=\"61\"><\/td>\n<td width=\"393\">PC\/SC<\/td>\n<\/tr>\n<tr>\n<td width=\"61\"><\/td>\n<td width=\"393\">CCID<\/td>\n<\/tr>\n<tr>\n<td width=\"61\"><\/td>\n<td width=\"393\">VCCI (Japan)<\/td>\n<\/tr>\n<tr>\n<td width=\"61\"><\/td>\n<td width=\"393\">KC (Koreja)<\/td>\n<\/tr>\n<tr>\n<td width=\"61\"><\/td>\n<td width=\"393\">Microsoft\u00ae WHQL<\/td>\n<\/tr>\n<tr>\n<td width=\"61\"><\/td>\n<td width=\"393\">CE<\/td>\n<\/tr>\n<tr>\n<td width=\"61\"><\/td>\n<td width=\"393\">FCC<\/td>\n<\/tr>\n<tr>\n<td width=\"61\"><\/td>\n<td width=\"393\">RoHS 2<\/td>\n<\/tr>\n<tr>\n<td width=\"61\"><\/td>\n<td width=\"393\">REACH<\/td>\n<\/tr>\n<tr>\n<td colspan=\"3\" width=\"854\">Podr\u0161ka za operativni sistem drajvera ure\u0111aja<\/td>\n<\/tr>\n<tr>\n<td rowspan=\"6\" width=\"400\">Podr\u0161ka za operativni sistem drajvera ure\u0111aja<\/td>\n<td width=\"61\"><\/td>\n<td width=\"393\">Windows\u00ae CE<\/td>\n<\/tr>\n<tr>\n<td width=\"61\"><\/td>\n<td width=\"393\">Windows\u00ae<\/td>\n<\/tr>\n<tr>\n<td width=\"61\"><\/td>\n<td width=\"393\">Linux\u00ae<\/td>\n<\/tr>\n<tr>\n<td width=\"61\"><\/td>\n<td width=\"393\">MAC OS\u00ae<\/td>\n<\/tr>\n<tr>\n<td width=\"61\"><\/td>\n<td width=\"393\">Solaris<\/td>\n<\/tr>\n<tr>\n<td width=\"61\"><\/td>\n<td width=\"393\">Android\u2122<\/td>\n<\/tr>\n<\/tbody>\n<\/table>\n<\/div>\n<\/li>\n<\/ul>","protected":false},"excerpt":{"rendered":"<div class=\"auto-hide-last-sibling-br paragraph_4183d\">The ACR122U is a versatile USB NFC Reader that uses RFID technology, supporting CCID and PC\/SC standards for seamless contactless communication with smart cards.<\/div>\n<div class=\"auto-hide-last-sibling-br paragraph_4183d\"><\/div>","protected":false},"featured_media":1544,"template":"","meta":[],"product_brand":[],"product_cat":[45,40],"product_tag":[],"class_list":{"0":"post-1542","1":"product","2":"type-product","3":"status-publish","4":"has-post-thumbnail","6":"product_cat-contactless-nfc-reader","7":"product_cat-rfid-nfc-reader","9":"first","10":"instock","11":"shipping-taxable","12":"product-type-simple"},"_links":{"self":[{"href":"https:\/\/nfc-readers.com\/bs\/wp-json\/wp\/v2\/product\/1542","targetHints":{"allow":["GET"]}}],"collection":[{"href":"https:\/\/nfc-readers.com\/bs\/wp-json\/wp\/v2\/product"}],"about":[{"href":"https:\/\/nfc-readers.com\/bs\/wp-json\/wp\/v2\/types\/product"}],"wp:featuredmedia":[{"embeddable":true,"href":"https:\/\/nfc-readers.com\/bs\/wp-json\/wp\/v2\/media\/1544"}],"wp:attachment":[{"href":"https:\/\/nfc-readers.com\/bs\/wp-json\/wp\/v2\/media?parent=1542"}],"wp:term":[{"taxonomy":"product_brand","embeddable":true,"href":"https:\/\/nfc-readers.com\/bs\/wp-json\/wp\/v2\/product_brand?post=1542"},{"taxonomy":"product_cat","embeddable":true,"href":"https:\/\/nfc-readers.com\/bs\/wp-json\/wp\/v2\/product_cat?post=1542"},{"taxonomy":"product_tag","embeddable":true,"href":"https:\/\/nfc-readers.com\/bs\/wp-json\/wp\/v2\/product_tag?post=1542"}],"curies":[{"name":"wp","href":"https:\/\/api.w.org\/{rel}","templated":true}]}}