{"id":1564,"date":"2024-04-07T06:24:04","date_gmt":"2024-04-07T06:24:04","guid":{"rendered":"https:\/\/nfc-readers.com\/?post_type=product&#038;p=1564"},"modified":"2024-10-16T06:23:32","modified_gmt":"2024-10-16T06:23:32","slug":"acm1281u-c7-usb-contactless-reader-module-with-sam-slot","status":"publish","type":"product","link":"https:\/\/nfc-readers.com\/bs\/ic-reader\/acm1281u-c7-usb-contactless-reader-module-with-sam-slot\/","title":{"rendered":"ACM1281U-C7 USB beskontaktni \u010dita\u010d modul sa SAM utorom"},"content":{"rendered":"<h1>ACM1281U-C7 USB beskontaktni \u010dita\u010d modul sa SAM utorom<\/h1>\n<p>ACM1281U-C7 isti\u010de se kao sofisticirani \u010dita\u010d pametnih kartica dizajniran za besprijekornu integraciju u razli\u010dite ugra\u0111ene sisteme. Podr\u017eavaju\u0107i ISO 14443 A\/B za glavne tehnologije kartica i nude\u0107i detaljnu sigurnost kroz svoj kompatibilni SAM slot, zajedno sa fleksibilno\u0161\u0107u firmvera koji se mo\u017ee nadograditi na terenu, ovaj prijenosni NFC \u010dita\u010d je skrojen za okru\u017eenja u kojima su sigurnost i pouzdanost najva\u017eniji, kao \u0161to su sistemi pla\u0107anja i igara.<\/p>\n<ul>\n<li>\n<h2>USB 2.0 interfejs pune brzine<\/h2>\n<\/li>\n<li>\n<h2>CCID uskla\u0111enost<\/h2>\n<\/li>\n<li>\n<h2>Mogu\u0107nost nadogradnje USB firmvera<\/h2>\n<\/li>\n<li>\n<h2>\u010cita\u010d pametnih kartica:<\/h2>\n<ul>\n<li>\n<h3>Beskontaktni interfejs:<\/h3>\n<ul>\n<li>\n<h4>Brzina \u010ditanja\/pisanja do 848 kbps<\/h4>\n<\/li>\n<li>\n<h4>Ugra\u0111ena antena za beskontaktni pristup tagovima, sa razmakom \u010ditanja kartice do 50 mm (u zavisnosti od tipa oznake)<\/h4>\n<\/li>\n<li>\n<h4>Podr\u017eava ISO 14443 Part 4 kartice tipa A i B i MIFARE\u00ae Classic seriju<\/h4>\n<\/li>\n<li>\n<h4>Ugra\u0111ena funkcija protiv sudara (samo 1 tag se pristupa u bilo kojem trenutku)<\/h4>\n<\/li>\n<li>\n<h4>Podr\u017eava pro\u0161ireni APDU (maks. 64 kbajta)<\/h4>\n<\/li>\n<\/ul>\n<\/li>\n<li>\n<h3>SAM su\u010delje:<\/h3>\n<ul>\n<li>\n<h4>Utor za SAM u skladu sa ISO 7816, klasa A (5V)<\/h4>\n<\/li>\n<\/ul>\n<\/li>\n<\/ul>\n<\/li>\n<li>\n<h2>Programski interfejs aplikacije:<\/h2>\n<ul>\n<li>\n<h3>Podr\u017eava PC\/SC<\/h3>\n<\/li>\n<li>\n<h3>Podr\u017eava CT-API (kroz omota\u010d na vrhu PC\/SC)<\/h3>\n<\/li>\n<\/ul>\n<\/li>\n<li>\n<h2>periferne jedinice:<\/h2>\n<ul>\n<li>\n<h3>Dvobojna LED dioda kojom upravlja korisnik<\/h3>\n<\/li>\n<li>\n<h3>Zujalica kojom upravlja korisnik<\/h3>\n<\/li>\n<li>\n<div>\n<table width=\"558\">\n<tbody>\n<tr>\n<td colspan=\"2\" width=\"558\">Fizi\u010dke karakteristike<\/td>\n<\/tr>\n<tr>\n<td width=\"234\">Dimenzije (mm)<\/td>\n<td width=\"324\">106,6 mm (D) x 67,0 mm (\u0160) x 16,0 mm (V)<\/td>\n<\/tr>\n<tr>\n<td width=\"234\">Te\u017eina (g)<\/td>\n<td width=\"324\">20,8 g<\/td>\n<\/tr>\n<tr>\n<td colspan=\"2\" width=\"558\">USB interfejs<\/td>\n<\/tr>\n<tr>\n<td width=\"234\">Protokol<\/td>\n<td width=\"324\">USB CCID<\/td>\n<\/tr>\n<tr>\n<td width=\"234\">Tip konektora<\/td>\n<td width=\"324\">Standardni tip A<\/td>\n<\/tr>\n<tr>\n<td width=\"234\">Izvor napajanja<\/td>\n<td width=\"324\">Sa USB porta<\/td>\n<\/tr>\n<tr>\n<td width=\"234\">Brzina<\/td>\n<td width=\"324\">USB puna brzina (12 Mbps)<\/td>\n<\/tr>\n<tr>\n<td width=\"234\">Du\u017eina kabla<\/td>\n<td width=\"324\">1,0 m, odvojivi (opciono)<\/td>\n<\/tr>\n<tr>\n<td colspan=\"2\" width=\"558\">Interfejs beskontaktne pametne kartice<\/td>\n<\/tr>\n<tr>\n<td width=\"234\">Standard<\/td>\n<td width=\"324\">ISO 14443 A i B dijelovi 1-4<\/td>\n<\/tr>\n<tr>\n<td rowspan=\"2\" width=\"234\">Protokol<\/td>\n<td width=\"324\">ISO14443-4 kompatibilne kartice, T=CL<\/td>\n<\/tr>\n<tr>\n<td width=\"324\">MIFARE\u00ae Classic Card Protocol, T=CL<\/td>\n<\/tr>\n<tr>\n<td width=\"234\">Antena<\/td>\n<td width=\"324\">65 mm x 60 mm<\/td>\n<\/tr>\n<tr>\n<td colspan=\"2\" width=\"558\">Su\u010delje SAM kartice<\/td>\n<\/tr>\n<tr>\n<td width=\"234\">Broj slotova<\/td>\n<td width=\"324\">1<\/td>\n<\/tr>\n<tr>\n<td width=\"234\">Standard<\/td>\n<td width=\"324\">ISO 7816 dijelovi 1-3, klasa A (5 V)<\/td>\n<\/tr>\n<tr>\n<td width=\"234\">Protokol<\/td>\n<td width=\"324\">T=0; T=1<\/td>\n<\/tr>\n<tr>\n<td colspan=\"2\" width=\"558\">Ugra\u0111eni periferni ure\u0111aji<\/td>\n<\/tr>\n<tr>\n<td width=\"234\">LED<\/td>\n<td width=\"324\">2 jednobojne: crvena i zelena<\/td>\n<\/tr>\n<tr>\n<td width=\"234\">Zujalica<\/td>\n<td width=\"324\">Monotona<\/td>\n<\/tr>\n<tr>\n<td colspan=\"2\" width=\"558\">Ostale karakteristike<\/td>\n<\/tr>\n<tr>\n<td width=\"234\">Nadogradnja firmvera<\/td>\n<td width=\"324\">Podr\u017eano<\/td>\n<\/tr>\n<tr>\n<td colspan=\"2\" width=\"558\">Certifikati\/uskla\u0111enost<\/td>\n<\/tr>\n<tr>\n<td rowspan=\"10\" width=\"234\">Certifikati\/uskla\u0111enost<\/td>\n<td width=\"324\">ISO 7816 (SAM slot)<\/td>\n<\/tr>\n<tr>\n<td width=\"324\">ISO 14443<\/td>\n<\/tr>\n<tr>\n<td width=\"324\">USB puna brzina<\/td>\n<\/tr>\n<tr>\n<td width=\"324\">PC\/SC<\/td>\n<\/tr>\n<tr>\n<td width=\"324\">CCID<\/td>\n<\/tr>\n<tr>\n<td width=\"324\">CE<\/td>\n<\/tr>\n<tr>\n<td width=\"324\">FCC<\/td>\n<\/tr>\n<tr>\n<td width=\"324\">RoHS<\/td>\n<\/tr>\n<tr>\n<td width=\"324\">REACH<\/td>\n<\/tr>\n<tr>\n<td width=\"324\">Microsoft\u00ae WHQL<\/td>\n<\/tr>\n<tr>\n<td colspan=\"2\" width=\"558\">Podr\u0161ka za operativni sistem drajvera ure\u0111aja<\/td>\n<\/tr>\n<tr>\n<td rowspan=\"5\" width=\"234\">Podr\u0161ka za operativni sistem drajvera ure\u0111aja<\/td>\n<td width=\"324\">Windows\u00ae<\/td>\n<\/tr>\n<tr>\n<td width=\"324\">Linux\u00ae<\/td>\n<\/tr>\n<tr>\n<td width=\"324\">MAC OS\u00ae<\/td>\n<\/tr>\n<tr>\n<td width=\"324\">Solaris<\/td>\n<\/tr>\n<tr>\n<td width=\"324\">Android\u2122<\/td>\n<\/tr>\n<\/tbody>\n<\/table>\n<\/div>\n<\/li>\n<\/ul>\n<\/li>\n<\/ul>","protected":false},"excerpt":{"rendered":"<p>ACM1281U-C7 je svestrani USB beskontaktni \u010dita\u010d sa SAM-om, koji podr\u017eava CCID i PC\/SC, idealan za sigurne NFC aplikacije kao \u0161to je prodajno pla\u0107anje.<\/p>","protected":false},"featured_media":1565,"template":"","meta":[],"product_brand":[],"product_cat":[41],"product_tag":[],"class_list":{"0":"post-1564","1":"product","2":"type-product","3":"status-publish","4":"has-post-thumbnail","6":"product_cat-module-ic-reader","8":"first","9":"instock","10":"shipping-taxable","11":"product-type-simple"},"_links":{"self":[{"href":"https:\/\/nfc-readers.com\/bs\/wp-json\/wp\/v2\/product\/1564","targetHints":{"allow":["GET"]}}],"collection":[{"href":"https:\/\/nfc-readers.com\/bs\/wp-json\/wp\/v2\/product"}],"about":[{"href":"https:\/\/nfc-readers.com\/bs\/wp-json\/wp\/v2\/types\/product"}],"wp:featuredmedia":[{"embeddable":true,"href":"https:\/\/nfc-readers.com\/bs\/wp-json\/wp\/v2\/media\/1565"}],"wp:attachment":[{"href":"https:\/\/nfc-readers.com\/bs\/wp-json\/wp\/v2\/media?parent=1564"}],"wp:term":[{"taxonomy":"product_brand","embeddable":true,"href":"https:\/\/nfc-readers.com\/bs\/wp-json\/wp\/v2\/product_brand?post=1564"},{"taxonomy":"product_cat","embeddable":true,"href":"https:\/\/nfc-readers.com\/bs\/wp-json\/wp\/v2\/product_cat?post=1564"},{"taxonomy":"product_tag","embeddable":true,"href":"https:\/\/nfc-readers.com\/bs\/wp-json\/wp\/v2\/product_tag?post=1564"}],"curies":[{"name":"wp","href":"https:\/\/api.w.org\/{rel}","templated":true}]}}