{"id":1568,"date":"2024-04-07T06:30:24","date_gmt":"2024-04-07T06:30:24","guid":{"rendered":"https:\/\/nfc-readers.com\/?post_type=product&#038;p=1568"},"modified":"2024-10-16T06:16:19","modified_gmt":"2024-10-16T06:16:19","slug":"acm1252u-y3-usb-nfc-reader-module-with-detachable-antenna-board","status":"publish","type":"product","link":"https:\/\/nfc-readers.com\/bs\/ic-reader\/acm1252u-y3-usb-nfc-reader-module-with-detachable-antenna-board\/","title":{"rendered":"ACM1252U-Y3 USB NFC \u010dita\u010d modul sa odvojivom antenskom plo\u010dom"},"content":{"rendered":"<h1>ACM1252U-Y3 USB NFC \u010dita\u010d modul sa odvojivom antenskom plo\u010dom<\/h1>\n<p>ACM1252U-Y3 je vrhunski NFC modul USB \u010dita\u010da pametnih kartica, najbolji za raznovrsne aplikacije koje zahtijevaju ugra\u0111enu NFC tehnologiju. Sa svojim mogu\u0107nostima pro\u0161irenog dometa, velikom brzinom prenosa podataka i dodatnim karakteristikama koje promovi\u0161u prilagodljivost i jednostavnost za korisnika, ovaj modul je vrhunski izbor za omogu\u0107avanje NFC transakcija u aplikacijama integrisanog sistema.<\/p>\n<ul>\n<li>\n<h2>USB 2.0 interfejs pune brzine<\/h2>\n<\/li>\n<li>\n<h2>CCID uskla\u0111enost<\/h2>\n<\/li>\n<li>\n<h2>Mogu\u0107nost nadogradnje USB firmvera<\/h2>\n<\/li>\n<li>\n<h2>\u010cita\u010d pametnih kartica:<\/h2>\n<ul>\n<li>\n<h3>Beskontaktni interfejs:<\/h3>\n<ul>\n<li>\n<h4>Brzina \u010ditanja\/pisanja do 424 kbps<\/h4>\n<\/li>\n<li>\n<h4>Ugra\u0111ena antena za beskontaktni pristup tagovima, sa razmakom \u010ditanja kartice do 50 mm (u zavisnosti od tipa oznake)<\/h4>\n<\/li>\n<li>\n<h4>Podr\u017eava ISO 14443 tip A i B, MIFARE\u00ae i FeliCa kartice i sve 4 vrste NFC (ISO\/IEC 18092) oznaka<\/h4>\n<\/li>\n<li>\n<h4>Podr\u017eava MIFARE\u00ae 7-byte UID, MIFARE\u00ae Plus i MIFARE\u00ae DESfire<\/h4>\n<\/li>\n<li>\n<h4>Ugra\u0111ena funkcija protiv sudara (samo 1 tag se pristupa u bilo kojem trenutku)<\/h4>\n<\/li>\n<li>\n<h4>NFC podr\u0161ka:<\/h4>\n<ul>\n<li>NFC Re\u017eim \u010dita\u010da\/pisa\u010da<\/li>\n<li>Peer-to-Peer na\u010din rada<\/li>\n<li>Na\u010din emulacije kartice<\/li>\n<\/ul>\n<\/li>\n<\/ul>\n<\/li>\n<\/ul>\n<\/li>\n<li>\n<h2>Programski interfejs aplikacije:<\/h2>\n<ul>\n<li>\n<h3>Podr\u017eava PC\/SC<\/h3>\n<\/li>\n<li>\n<h3>Podr\u017eava CT-API (kroz omota\u010d na vrhu PC\/SC)<\/h3>\n<\/li>\n<\/ul>\n<\/li>\n<li>\n<h2>periferne jedinice:<\/h2>\n<ul>\n<li>\n<h3>Dvobojna LED dioda kojom upravlja korisnik<\/h3>\n<\/li>\n<li>\n<h3>Zujalica kojom upravlja korisnik<\/h3>\n<\/li>\n<li>\n<div>\n<table width=\"495\">\n<tbody>\n<tr>\n<td colspan=\"2\" width=\"495\">Fizi\u010dke karakteristike<\/td>\n<\/tr>\n<tr>\n<td rowspan=\"2\" width=\"187\">Dimenzije (mm)<\/td>\n<td width=\"308\">Glavna plo\u010da: 55,0 mm (D) x 45,0 mm (\u0160) x 5,1 mm (V)<\/td>\n<\/tr>\n<tr>\n<td width=\"308\">Antenska plo\u010da: 91,0 mm (D) x 49,5 mm (\u0160) x 5,1 mm (V)<\/td>\n<\/tr>\n<tr>\n<td width=\"187\">Te\u017eina (g)<\/td>\n<td width=\"308\">26,6 g<\/td>\n<\/tr>\n<tr>\n<td colspan=\"2\" width=\"495\">USB interfejs<\/td>\n<\/tr>\n<tr>\n<td width=\"187\">Protokol<\/td>\n<td width=\"308\">USB CCID<\/td>\n<\/tr>\n<tr>\n<td width=\"187\">Tip konektora<\/td>\n<td width=\"308\">Standardni tip A<\/td>\n<\/tr>\n<tr>\n<td width=\"187\">Izvor napajanja<\/td>\n<td width=\"308\">Sa USB porta<\/td>\n<\/tr>\n<tr>\n<td width=\"187\">Brzina<\/td>\n<td width=\"308\">USB puna brzina (12 Mbps)<\/td>\n<\/tr>\n<tr>\n<td width=\"187\">Du\u017eina kabla<\/td>\n<td width=\"308\">1,0 m, odvojivi (opciono)<\/td>\n<\/tr>\n<tr>\n<td colspan=\"2\" width=\"495\">Interfejs beskontaktne pametne kartice<\/td>\n<\/tr>\n<tr>\n<td width=\"187\">Standard<\/td>\n<td width=\"308\">ISO\/IEC 18092 NFC, ISO 14443 Tip A &amp; B, MIFARE\u00ae, FeliCa<\/td>\n<\/tr>\n<tr>\n<td rowspan=\"4\" width=\"187\">Protokol<\/td>\n<td width=\"308\">Kartica uskla\u0111ena sa ISO 14443-4, T=CL<\/td>\n<\/tr>\n<tr>\n<td width=\"308\">MIFARE\u00ae Classic Card, T=CL<\/td>\n<\/tr>\n<tr>\n<td width=\"308\">ISO18092, NFC oznake<\/td>\n<\/tr>\n<tr>\n<td width=\"308\">FeliCa<\/td>\n<\/tr>\n<tr>\n<td width=\"187\">Antena<\/td>\n<td width=\"308\">77 mm x 49,5 mm<\/td>\n<\/tr>\n<tr>\n<td colspan=\"2\" width=\"495\">Su\u010delje SAM kartice<\/td>\n<\/tr>\n<tr>\n<td width=\"187\">Broj slotova<\/td>\n<td width=\"308\">1 (opciono)<\/td>\n<\/tr>\n<tr>\n<td colspan=\"2\" width=\"495\">Ugra\u0111eni periferni ure\u0111aji<\/td>\n<\/tr>\n<tr>\n<td width=\"187\">LED<\/td>\n<td width=\"308\">1 dvobojna: crvena i zelena<\/td>\n<\/tr>\n<tr>\n<td width=\"187\">Zujalica<\/td>\n<td width=\"308\">Monotona<\/td>\n<\/tr>\n<tr>\n<td colspan=\"2\" width=\"495\">Ostale karakteristike<\/td>\n<\/tr>\n<tr>\n<td width=\"187\">Nadogradnja firmvera<\/td>\n<td width=\"308\">Podr\u017eano<\/td>\n<\/tr>\n<tr>\n<td colspan=\"2\" width=\"495\">Certifikati\/uskla\u0111enost<\/td>\n<\/tr>\n<tr>\n<td rowspan=\"13\" width=\"187\">Certifikati\/uskla\u0111enost<\/td>\n<td width=\"308\">EN 60950\/IEC 60950<\/td>\n<\/tr>\n<tr>\n<td width=\"308\">ISO 7816 (SAM slot)<\/td>\n<\/tr>\n<tr>\n<td width=\"308\">ISO 14443<\/td>\n<\/tr>\n<tr>\n<td width=\"308\">ISO 18092<\/td>\n<\/tr>\n<tr>\n<td width=\"308\">USB puna brzina<\/td>\n<\/tr>\n<tr>\n<td width=\"308\">PC\/SC<\/td>\n<\/tr>\n<tr>\n<td width=\"308\">CCID<\/td>\n<\/tr>\n<tr>\n<td width=\"308\">VCCI (Japan)<\/td>\n<\/tr>\n<tr>\n<td width=\"308\">CE<\/td>\n<\/tr>\n<tr>\n<td width=\"308\">FCC<\/td>\n<\/tr>\n<tr>\n<td width=\"308\">RoHS<\/td>\n<\/tr>\n<tr>\n<td width=\"308\">REACH<\/td>\n<\/tr>\n<tr>\n<td width=\"308\">Microsoft\u00ae WHQL<\/td>\n<\/tr>\n<tr>\n<td colspan=\"2\" width=\"495\">Podr\u0161ka za operativni sistem drajvera ure\u0111aja<\/td>\n<\/tr>\n<tr>\n<td rowspan=\"5\" width=\"187\">Podr\u0161ka za operativni sistem drajvera ure\u0111aja<\/td>\n<td width=\"308\">Windows\u00ae<\/td>\n<\/tr>\n<tr>\n<td width=\"308\">Linux\u00ae<\/td>\n<\/tr>\n<tr>\n<td width=\"308\">MAC OS\u00ae<\/td>\n<\/tr>\n<tr>\n<td width=\"308\">Solaris<\/td>\n<\/tr>\n<tr>\n<td width=\"308\">Android\u2122<\/td>\n<\/tr>\n<\/tbody>\n<\/table>\n<\/div>\n<\/li>\n<\/ul>\n<\/li>\n<\/ul>","protected":false},"excerpt":{"rendered":"<p>The ACM1252U-Y3 is a versatile NFC USB module using 13.56M technology, supporting high-speed data exchange and ideal for various embedded applications.<\/p>","protected":false},"featured_media":1570,"template":"","meta":[],"product_brand":[],"product_cat":[45,41,40],"product_tag":[],"class_list":{"0":"post-1568","1":"product","2":"type-product","3":"status-publish","4":"has-post-thumbnail","6":"product_cat-contactless-nfc-reader","7":"product_cat-module-ic-reader","8":"product_cat-rfid-nfc-reader","10":"first","11":"instock","12":"shipping-taxable","13":"product-type-simple"},"_links":{"self":[{"href":"https:\/\/nfc-readers.com\/bs\/wp-json\/wp\/v2\/product\/1568","targetHints":{"allow":["GET"]}}],"collection":[{"href":"https:\/\/nfc-readers.com\/bs\/wp-json\/wp\/v2\/product"}],"about":[{"href":"https:\/\/nfc-readers.com\/bs\/wp-json\/wp\/v2\/types\/product"}],"wp:featuredmedia":[{"embeddable":true,"href":"https:\/\/nfc-readers.com\/bs\/wp-json\/wp\/v2\/media\/1570"}],"wp:attachment":[{"href":"https:\/\/nfc-readers.com\/bs\/wp-json\/wp\/v2\/media?parent=1568"}],"wp:term":[{"taxonomy":"product_brand","embeddable":true,"href":"https:\/\/nfc-readers.com\/bs\/wp-json\/wp\/v2\/product_brand?post=1568"},{"taxonomy":"product_cat","embeddable":true,"href":"https:\/\/nfc-readers.com\/bs\/wp-json\/wp\/v2\/product_cat?post=1568"},{"taxonomy":"product_tag","embeddable":true,"href":"https:\/\/nfc-readers.com\/bs\/wp-json\/wp\/v2\/product_tag?post=1568"}],"curies":[{"name":"wp","href":"https:\/\/api.w.org\/{rel}","templated":true}]}}