{"id":1579,"date":"2024-04-07T06:47:40","date_gmt":"2024-04-07T06:47:40","guid":{"rendered":"https:\/\/nfc-readers.com\/?post_type=product&#038;p=1579"},"modified":"2024-10-16T03:17:58","modified_gmt":"2024-10-16T03:17:58","slug":"acm1252u-z6-small-nfc-reader-module","status":"publish","type":"product","link":"https:\/\/nfc-readers.com\/bs\/ic-reader\/acm1252u-z6-small-nfc-reader-module\/","title":{"rendered":"ACM1252U-Z6 Mali NFC modul \u010dita\u010da"},"content":{"rendered":"<h1>ACM1252U-Z6 Mali NFC modul \u010dita\u010da<\/h1>\n<p>ACM1252U-Z6 modul predstavlja kompaktnu i efikasnu tehnologiju \u010ditanja NFC kartica, pogodnu za besprijekornu integraciju u ugra\u0111ene sisteme, dok pru\u017ea sofisticirano rje\u0161enje za potrebe beskontaktne komunikacije. Osigurava kompatibilnost sa \u0161irokim spektrom NFC ure\u0111aja u kombinaciji s prakti\u010dno\u0161\u0107u i fleksibilno\u0161\u0107u koju zahtijevaju aplikacije osjetljive na prostor.<\/p>\n<ul>\n<li>\n<h2><span class=\"s1\">USB interfejs pune brzine preko 6-pinskog FFC konektora<\/span><\/h2>\n<\/li>\n<li>\n<h2><span class=\"s1\">CCID uskla\u0111enost<\/span><\/h2>\n<\/li>\n<li>\n<h2><span class=\"s1\">Mogu\u0107nost nadogradnje USB firmvera<\/span><\/h2>\n<\/li>\n<li>\n<h2><span class=\"s1\">\u010cita\u010d pametnih kartica:<\/span><\/h2>\n<ul>\n<li>\n<h3>Beskontaktni interfejs:<\/h3>\n<ul>\n<li>\n<h4>Brzina \u010ditanja\/pisanja do 424 kbps<\/h4>\n<\/li>\n<li>\n<h4>Ugra\u0111ena antena za beskontaktni pristup tagovima, sa razmakom \u010ditanja kartice do 30 mm (u zavisnosti od tipa oznake)<\/h4>\n<\/li>\n<li>\n<h4>Podr\u017eava ISO 14443 dio 4 tip A i B kartice, MIFARE\u00ae, FeliCa i sva \u010detiri tipa NFC (ISO 18092 oznake)<\/h4>\n<\/li>\n<li>\n<h4>Ugra\u0111ena funkcija protiv sudara (samo 1 tag se pristupa u bilo kojem trenutku)<\/h4>\n<\/li>\n<li>\n<h4>NFC podr\u0161ka:<\/h4>\n<ul>\n<li>\n<h5>Re\u017eim \u010dita\u010da\/pisa\u010da kartica<\/h5>\n<\/li>\n<li>\n<h5>Peer-to-Peer na\u010din rada<\/h5>\n<\/li>\n<li>\n<h5>Na\u010din emulacije kartice<\/h5>\n<\/li>\n<\/ul>\n<\/li>\n<\/ul>\n<\/li>\n<\/ul>\n<\/li>\n<li>\n<h2>Ugra\u0111eni periferni ure\u0111aji:<\/h2>\n<ul>\n<li>\n<h3><span class=\"s1\">Dvobojna LED dioda kojom upravlja korisnik<\/span><\/h3>\n<\/li>\n<\/ul>\n<\/li>\n<li>\n<h2>Programski interfejs aplikacije:<\/h2>\n<ul>\n<li>\n<h3><span class=\"s1\">Podr\u017eava PC\/SC<\/span><\/h3>\n<\/li>\n<li>\n<h3><span class=\"s1\">Podr\u017eava CT-API (kroz omota\u010d na vrhu PC\/SC)<\/span><\/h3>\n<\/li>\n<\/ul>\n<\/li>\n<li>\n<h2>Podr\u017eava Android\u2122 3.1 i novije verzije<\/h2>\n<\/li>\n<li>\n<div>\n<table width=\"536\">\n<tbody>\n<tr>\n<td colspan=\"2\" width=\"536\">Fizi\u010dke karakteristike<\/td>\n<\/tr>\n<tr>\n<td width=\"182\">Dimenzije (mm)<\/td>\n<td width=\"354\">52,0 mm (D) x 20,0 mm (\u0160) x 6,0 mm (V)<\/td>\n<\/tr>\n<tr>\n<td width=\"182\">Te\u017eina (g)<\/td>\n<td width=\"354\">3,45 g<\/td>\n<\/tr>\n<tr>\n<td colspan=\"2\" width=\"536\">USB interfejs<\/td>\n<\/tr>\n<tr>\n<td width=\"182\">Protokol<\/td>\n<td width=\"354\">USB CCID<\/td>\n<\/tr>\n<tr>\n<td width=\"182\">Tip konektora<\/td>\n<td width=\"354\">6-pinski FFC<\/td>\n<\/tr>\n<tr>\n<td width=\"182\">Izvor napajanja<\/td>\n<td width=\"354\">Iz FFC konektora<\/td>\n<\/tr>\n<tr>\n<td width=\"182\">Brzina<\/td>\n<td width=\"354\">USB puna brzina (12 Mbps)<\/td>\n<\/tr>\n<tr>\n<td colspan=\"2\" width=\"536\">Interfejs beskontaktne pametne kartice<\/td>\n<\/tr>\n<tr>\n<td width=\"182\">Standard<\/td>\n<td width=\"354\">ISO\/IEC 18092 NFC, ISO 14443 Tip A &amp; B, MIFARE\u00ae, FeliCa<\/td>\n<\/tr>\n<tr>\n<td rowspan=\"4\" width=\"182\">Protokol<\/td>\n<td width=\"354\">ISO14443-4 kompatibilne kartice, T=CL<\/td>\n<\/tr>\n<tr>\n<td width=\"354\">MIFARE\u00ae Classic Card Protocol, T=CL<\/td>\n<\/tr>\n<tr>\n<td width=\"354\">ISO 18092, NFC oznake<\/td>\n<\/tr>\n<tr>\n<td width=\"354\">FeliCa<\/td>\n<\/tr>\n<tr>\n<td width=\"182\">Antena<\/td>\n<td width=\"354\">20 mm x 22 mm<\/td>\n<\/tr>\n<tr>\n<td colspan=\"2\" width=\"536\">Ugra\u0111eni periferni ure\u0111aji<\/td>\n<\/tr>\n<tr>\n<td width=\"182\">LED<\/td>\n<td width=\"354\">1 dvobojna: crvena i zelena<\/td>\n<\/tr>\n<tr>\n<td colspan=\"2\" width=\"536\">Ostale karakteristike<\/td>\n<\/tr>\n<tr>\n<td width=\"182\">Nadogradnja firmvera<\/td>\n<td width=\"354\">Podr\u017eano<\/td>\n<\/tr>\n<tr>\n<td colspan=\"2\" width=\"536\">Certifikati\/uskla\u0111enost<\/td>\n<\/tr>\n<tr>\n<td rowspan=\"10\" width=\"182\">Certifikati\/uskla\u0111enost<\/td>\n<td width=\"354\">ISO 18092<\/td>\n<\/tr>\n<tr>\n<td width=\"354\">ISO 14443<\/td>\n<\/tr>\n<tr>\n<td width=\"354\">USB puna brzina<\/td>\n<\/tr>\n<tr>\n<td width=\"354\">PC\/SC<\/td>\n<\/tr>\n<tr>\n<td width=\"354\">CCID<\/td>\n<\/tr>\n<tr>\n<td width=\"354\">CE<\/td>\n<\/tr>\n<tr>\n<td width=\"354\">FCC<\/td>\n<\/tr>\n<tr>\n<td width=\"354\">RoHS<\/td>\n<\/tr>\n<tr>\n<td width=\"354\">REACH<\/td>\n<\/tr>\n<tr>\n<td width=\"354\">Microsoft\u00ae WHQL<\/td>\n<\/tr>\n<tr>\n<td colspan=\"2\" width=\"536\">Podr\u0161ka za operativni sistem drajvera ure\u0111aja<\/td>\n<\/tr>\n<tr>\n<td rowspan=\"5\" width=\"182\">Podr\u0161ka za operativni sistem drajvera ure\u0111aja<\/td>\n<td width=\"354\">Windows\u00ae<\/td>\n<\/tr>\n<tr>\n<td width=\"354\">Linux\u00ae<\/td>\n<\/tr>\n<tr>\n<td width=\"354\">MAC OS\u00ae<\/td>\n<\/tr>\n<tr>\n<td width=\"354\">Solaris<\/td>\n<\/tr>\n<tr>\n<td width=\"354\">Android\u2122<\/td>\n<\/tr>\n<\/tbody>\n<\/table>\n<\/div>\n<\/li>\n<\/ul>","protected":false},"excerpt":{"rendered":"<p>The ACM1252U-Z6 is a versatile NFC USB Reader and RFID module, compliant with CCID and PC\/SC, supporting ISO 14443 and 18092 for efficient smart card operations.<\/p>","protected":false},"featured_media":1580,"template":"","meta":[],"product_brand":[],"product_cat":[41,40],"product_tag":[],"class_list":{"0":"post-1579","1":"product","2":"type-product","3":"status-publish","4":"has-post-thumbnail","6":"product_cat-module-ic-reader","7":"product_cat-rfid-nfc-reader","9":"first","10":"instock","11":"shipping-taxable","12":"product-type-simple"},"_links":{"self":[{"href":"https:\/\/nfc-readers.com\/bs\/wp-json\/wp\/v2\/product\/1579","targetHints":{"allow":["GET"]}}],"collection":[{"href":"https:\/\/nfc-readers.com\/bs\/wp-json\/wp\/v2\/product"}],"about":[{"href":"https:\/\/nfc-readers.com\/bs\/wp-json\/wp\/v2\/types\/product"}],"wp:featuredmedia":[{"embeddable":true,"href":"https:\/\/nfc-readers.com\/bs\/wp-json\/wp\/v2\/media\/1580"}],"wp:attachment":[{"href":"https:\/\/nfc-readers.com\/bs\/wp-json\/wp\/v2\/media?parent=1579"}],"wp:term":[{"taxonomy":"product_brand","embeddable":true,"href":"https:\/\/nfc-readers.com\/bs\/wp-json\/wp\/v2\/product_brand?post=1579"},{"taxonomy":"product_cat","embeddable":true,"href":"https:\/\/nfc-readers.com\/bs\/wp-json\/wp\/v2\/product_cat?post=1579"},{"taxonomy":"product_tag","embeddable":true,"href":"https:\/\/nfc-readers.com\/bs\/wp-json\/wp\/v2\/product_tag?post=1579"}],"curies":[{"name":"wp","href":"https:\/\/api.w.org\/{rel}","templated":true}]}}