{"id":1613,"date":"2024-04-07T07:49:24","date_gmt":"2024-04-07T07:49:24","guid":{"rendered":"https:\/\/nfc-readers.com\/?post_type=product&#038;p=1613"},"modified":"2024-10-16T02:39:20","modified_gmt":"2024-10-16T02:39:20","slug":"acm1552u-y3-nfc-module-reader","status":"publish","type":"product","link":"https:\/\/nfc-readers.com\/bs\/ic-reader\/acm1552u-y3-nfc-module-reader\/","title":{"rendered":"ACM1552U-Y3 NFC MODUL \u010cITA\u010c"},"content":{"rendered":"<h1>ACM1552U-Y3 NFC MODUL \u010cITA\u010c<\/h1>\n<p>ACM1552U-Y3 predstavlja svestran i mo\u0107an modul NFC \u010dita\u010da, koji nudi naprednu brzinu i \u0161irok radni opseg. Njegova kompatibilnost sa vi\u0161e NFC i ISO protokola, u kombinaciji sa njegovim korisni\u010dkim re\u017eimima, pozicionira ga kao idealno re\u0161enje za implementaciju transakcija zasnovanih na NFC-u u razli\u010ditim oblastima aplikacija.<\/p>\n<ul>\n<li>\n<h2>USB 2.0 interfejs pune brzine<\/h2>\n<\/li>\n<li>\n<h2>CCID uskla\u0111enost<\/h2>\n<\/li>\n<li>\n<h2>Beskontaktni \u010dita\u010d pametnih kartica:<\/h2>\n<ul>\n<li>\n<h3>Brzina \u010ditanja\/pisanja do 848 kbps<\/h3>\n<\/li>\n<li>\n<h3>Ugra\u0111ena antena za beskontaktni pristup tagovima, sa razdaljinom \u010ditanja kartice do 70 mm (u zavisnosti od tipa oznake)<\/h3>\n<\/li>\n<li>\n<h3>Podr\u017eava ISO 14443 tip A i B kartice, ISO 15693 kartice i ISO18092 NFC<\/h3>\n<\/li>\n<li>\n<h3>Podr\u017eava MIFARE Classic\u00ae, MIFARE\u00ae Mini, MIFARE Ultralight\u00ae (T=CL), FeliCa i Topaz karticu<\/h3>\n<\/li>\n<li>\n<h3>Ugra\u0111ena funkcija protiv sudara<\/h3>\n<\/li>\n<li>\n<h3>Podr\u017eava pro\u0161ireni APDU (maks. 64 kbajta)<\/h3>\n<\/li>\n<li>\n<h3>Jedan SAM slot u skladu sa ISO7816 (Klasa A) (na zahtjev)<\/h3>\n<\/li>\n<\/ul>\n<\/li>\n<li>\n<h2>NFC podr\u0161ka<\/h2>\n<ul>\n<li>\n<h3>Re\u017eim \u010dita\u010da\/pisa\u010da pametnih kartica<\/h3>\n<\/li>\n<li>\n<h3>Na\u010din emulacije kartice<\/h3>\n<\/li>\n<li>\n<h3>Re\u017eim emulacije tastature<\/h3>\n<\/li>\n<\/ul>\n<\/li>\n<li>\n<h2>Programski interfejs aplikacije:<\/h2>\n<ul>\n<li>\n<h3>Podr\u017eava PC\/SC<\/h3>\n<\/li>\n<li>\n<h3>Podr\u017eava CT-API (kroz omota\u010d na vrhu PC\/SC)<\/h3>\n<\/li>\n<\/ul>\n<\/li>\n<li>\n<h2>periferne jedinice:<\/h2>\n<ul>\n<li>\n<h3>Dvobojna LED dioda koju kontrolira korisnik (plava i zelena)<\/h3>\n<\/li>\n<li>\n<h3>Zvu\u010dni signal kojim upravlja korisnik (monoton)<\/h3>\n<\/li>\n<li>\n<h3>Jedan SAM slot (na zahtjev)<\/h3>\n<\/li>\n<\/ul>\n<\/li>\n<li>\n<h2>Mogu\u0107nost nadogradnje USB firmvera<\/h2>\n<\/li>\n<li>\n<div>\n<table width=\"640\">\n<tbody>\n<tr>\n<td colspan=\"2\" width=\"640\">Fizi\u010dke karakteristike<\/td>\n<\/tr>\n<tr>\n<td rowspan=\"2\" width=\"257\">Dimenzije (mm)<\/td>\n<td width=\"383\">Glavna plo\u010da: 55,0 x 45,0 x 6,5<\/td>\n<\/tr>\n<tr>\n<td width=\"383\">Antenska plo\u010da: 91,0 x 49,5 x 5,0<\/td>\n<\/tr>\n<tr>\n<td width=\"257\">Te\u017eina (g)<\/td>\n<td width=\"383\">27.7<\/td>\n<\/tr>\n<tr>\n<td colspan=\"2\" width=\"640\">USB interfejs<\/td>\n<\/tr>\n<tr>\n<td width=\"257\">Protokol<\/td>\n<td width=\"383\">USB CCID<\/td>\n<\/tr>\n<tr>\n<td width=\"257\">Tip konektora<\/td>\n<td width=\"383\">USB tip-A<\/td>\n<\/tr>\n<tr>\n<td width=\"257\">Izvor napajanja<\/td>\n<td width=\"383\">Sa USB porta<\/td>\n<\/tr>\n<tr>\n<td width=\"257\">Brzina<\/td>\n<td width=\"383\">USB puna brzina (12 Mbps)<\/td>\n<\/tr>\n<tr>\n<td width=\"257\">Du\u017eina kabla<\/td>\n<td width=\"383\">1m, odvojivi (opciono)<\/td>\n<\/tr>\n<tr>\n<td colspan=\"2\" width=\"640\">Interfejs beskontaktne pametne kartice<\/td>\n<\/tr>\n<tr>\n<td width=\"257\">Standard<\/td>\n<td width=\"383\">ISO 18092 NFC, ISO 14443 Tip A &amp; B, ISO 15693, MIFARE\u00ae, FeliCa<\/td>\n<\/tr>\n<tr>\n<td rowspan=\"5\" width=\"257\">Protokol<\/td>\n<td width=\"383\">Kartica uskla\u0111ena sa ISO 14443-4, T=CL<\/td>\n<\/tr>\n<tr>\n<td width=\"383\">MIFARE\u00ae Classic Card, T=CL<\/td>\n<\/tr>\n<tr>\n<td width=\"383\">ISO 15693<\/td>\n<\/tr>\n<tr>\n<td width=\"383\">ISO 18092 NFC oznake<\/td>\n<\/tr>\n<tr>\n<td width=\"383\">FeliCa<\/td>\n<\/tr>\n<tr>\n<td colspan=\"2\" width=\"640\">Ugra\u0111eni periferni ure\u0111aji<\/td>\n<\/tr>\n<tr>\n<td width=\"257\">LED<\/td>\n<td width=\"383\">1 dvobojna: plava i zelena<\/td>\n<\/tr>\n<tr>\n<td width=\"257\">Zujalica<\/td>\n<td width=\"383\">Monotona<\/td>\n<\/tr>\n<tr>\n<td colspan=\"2\" width=\"640\">Ostale karakteristike<\/td>\n<\/tr>\n<tr>\n<td rowspan=\"4\" width=\"257\">Ostale karakteristike<\/td>\n<td width=\"383\">Podr\u017eane vrste kartica:<\/td>\n<\/tr>\n<tr>\n<td width=\"383\">ISO 14443 Tip A i B dijelovi 1-4, ISO 15693, ISO 18092 NFC, MIFARE Classic\u00ae, MIFARE\u00ae Mini, MIFARE Ultralight\u00ae (T=CL), FeliCa i Topaz kartica<\/td>\n<\/tr>\n<tr>\n<td width=\"383\">Ostale NFC karakteristike:<\/td>\n<\/tr>\n<tr>\n<td width=\"383\">\u010cita\u010d\/pisa\u010d pametnih kartica, emulacija tastature, emulacija kartice<\/td>\n<\/tr>\n<tr>\n<td width=\"257\">Nadogradnja firmvera<\/td>\n<td width=\"383\">Podr\u017eano<\/td>\n<\/tr>\n<tr>\n<td colspan=\"2\" width=\"640\">Certifikati\/uskla\u0111enost<\/td>\n<\/tr>\n<tr>\n<td rowspan=\"4\" width=\"257\">Certifikati\/uskla\u0111enost<\/td>\n<td width=\"383\">Certifikati:<\/td>\n<\/tr>\n<tr>\n<td width=\"383\">IEC\/EN 62368, CE, UKCA, FCC, VCCI, RoHS, REACH, WEEE, Microsoft\u00ae WHQL<\/td>\n<\/tr>\n<tr>\n<td width=\"383\">Uskla\u0111enost:<\/td>\n<\/tr>\n<tr>\n<td width=\"383\">USB CCID, PC\/SC<\/td>\n<\/tr>\n<tr>\n<td colspan=\"2\" width=\"640\">Podr\u0161ka za operativni sistem drajvera ure\u0111aja<\/td>\n<\/tr>\n<tr>\n<td width=\"257\">Podr\u0161ka za operativni sistem drajvera ure\u0111aja<\/td>\n<td width=\"383\">Windows\u00ae, Linux\u00ae, macOS, Android\u2122<\/td>\n<\/tr>\n<\/tbody>\n<\/table>\n<\/div>\n<\/li>\n<\/ul>","protected":false},"excerpt":{"rendered":"<p>The ACM1552U-Y3 is a high-speed USB NFC module supporting various technologies, including Card Emulation, ideal for diverse NFC applications.<\/p>","protected":false},"featured_media":1614,"template":"","meta":[],"product_brand":[],"product_cat":[41,40],"product_tag":[],"class_list":{"0":"post-1613","1":"product","2":"type-product","3":"status-publish","4":"has-post-thumbnail","6":"product_cat-module-ic-reader","7":"product_cat-rfid-nfc-reader","9":"first","10":"instock","11":"shipping-taxable","12":"product-type-simple"},"_links":{"self":[{"href":"https:\/\/nfc-readers.com\/bs\/wp-json\/wp\/v2\/product\/1613","targetHints":{"allow":["GET"]}}],"collection":[{"href":"https:\/\/nfc-readers.com\/bs\/wp-json\/wp\/v2\/product"}],"about":[{"href":"https:\/\/nfc-readers.com\/bs\/wp-json\/wp\/v2\/types\/product"}],"wp:featuredmedia":[{"embeddable":true,"href":"https:\/\/nfc-readers.com\/bs\/wp-json\/wp\/v2\/media\/1614"}],"wp:attachment":[{"href":"https:\/\/nfc-readers.com\/bs\/wp-json\/wp\/v2\/media?parent=1613"}],"wp:term":[{"taxonomy":"product_brand","embeddable":true,"href":"https:\/\/nfc-readers.com\/bs\/wp-json\/wp\/v2\/product_brand?post=1613"},{"taxonomy":"product_cat","embeddable":true,"href":"https:\/\/nfc-readers.com\/bs\/wp-json\/wp\/v2\/product_cat?post=1613"},{"taxonomy":"product_tag","embeddable":true,"href":"https:\/\/nfc-readers.com\/bs\/wp-json\/wp\/v2\/product_tag?post=1613"}],"curies":[{"name":"wp","href":"https:\/\/api.w.org\/{rel}","templated":true}]}}